{"id":145,"date":"2024-08-29T01:13:42","date_gmt":"2024-08-28T22:13:42","guid":{"rendered":"https:\/\/ort.fi\/oulunhiippakunta\/?page_id=145"},"modified":"2026-03-13T12:02:28","modified_gmt":"2026-03-13T10:02:28","slug":"hiippakunnan-papisto-ja-kanttorit","status":"publish","type":"page","link":"https:\/\/ort.fi\/oulunhiippakunta\/hiippakunnan-papisto-ja-kanttorit\/","title":{"rendered":"HIIPPAKUNNAN PAPISTO JA KANTTORIT"},"content":{"rendered":"\t\t<div data-elementor-type=\"wp-page\" data-elementor-id=\"145\" class=\"elementor elementor-145\" data-elementor-post-type=\"page\">\n\t\t\t\t<div class=\"elementor-element elementor-element-5725d1a e-flex e-con-boxed e-con e-parent\" data-id=\"5725d1a\" data-element_type=\"container\" data-e-type=\"container\">\n\t\t\t\t\t<div class=\"e-con-inner\">\n\t\t\t\t<div class=\"elementor-element elementor-element-dd14e01 elementor-widget elementor-widget-text-editor\" data-id=\"dd14e01\" data-element_type=\"widget\" data-e-type=\"widget\" data-widget_type=\"text-editor.default\">\n\t\t\t\t<div class=\"elementor-widget-container\">\n\t\t\t\t\t\t\t\t\t<p>\u00a0<\/p><p>Hiippakunnan piispa pit\u00e4\u00e4 kirkkoj\u00e4rjestyksen 69\u00a7, 70\u00a7 ja 71\u00a7 mukaan luetteloa hiippakuntansa papistosta ja kanttoreista.<\/p><h2>Oulun hiippakunnan papiston luettelo 13.3.2026<\/h2><p>Rovasti Pentti Hakkarainen (vihitty rovastiksi 1.10.1992), Kristuksen kirkastumisen kirkko, Kainuun kappeliseurakunta<\/p><p>Rovasti Heikki Honkam\u00e4ki (vihitty rovastiksi 21.4.2024), Pyh\u00e4n Aleksanteri Nevalaisen ja Pyh\u00e4n Nikolaoksen kirkko, Tampereen seurakunta<\/p><p>Rovasti Kauko Ivanoff (vihitty rovastiksi 9.11.2009), Pyhien Karjalan valistajien kirkko, Kainuun kappeliseurakunta<\/p><p>Rovasti Kauko Makkonen (vihitty rovastiksi 25.8.2007), Pyh\u00e4n Kolminaisuuden katedraali, Pohjois-Suomen seurakunta<\/p><p>Rovasti Reijo Marjomaa (vihitty rovastiksi 9.2.2025), Kristuksen kirkastumisen kirkko, Kainuun kappeliseurakunta<\/p><p>Rovasti Marko Patronen (vihitty rovastiksi 6.1.2020), Pyh\u00e4n Kolminaisuuden katedraali, Pohjois-Suomen seurakunta<\/p><p>Rovasti Simo R\u00f6nty (vihitty rovastiksi 24.3.2013), Kristuksen kirkastumisen kirkko, Kainuun kappeliseurakunta<\/p><p>Rovasti Aleksej Sj\u00f6berg (vihitty rovastiksi 23.11.2019), Pyh\u00e4n Aleksanteri Nevalaisen ja Pyh\u00e4n Nikolaoksen kirkko, Tampereen seurakunta<\/p><p>Rovasti Andrei S\u00f5t\u0161ov (vihitty rovastiksi 18.5.2025), Pyh\u00e4n Nikolaoksen kirkko, Vaasan kappeliseurakunta<\/p><p>Pastori Heikki Harvola (vihitty papiksi 10.1.2021), Pyh\u00e4n Nikolaoksen kirkko, Lapin kappeliseurakunta<\/p><p>Pastori Artturi Hirvonen (vihitty papiksi 8.12.2024), Kristuksen kirkastumisen kirkko, Kainuun kappeliseurakunta<\/p><p>Pastori Tuomas Kallonen (vihitty papiksi 30.10.2011), Pyh\u00e4n Aleksanteri Nevalaisen ja Pyh\u00e4n Nikolaoksen kirkko, Tampereen seurakunta<\/p><p>Pastori Osmo Kurola (vihitty papiksi 8.10.2023), Pyh\u00e4n Kolminaisuuden katedraali, Pohjois-Suomen seurakunta<\/p><p>Pastori Lassi Nuutinen (vihitty papiksi 30.3.2025), Pyh\u00e4n Aleksanteri Nevskin ja pyh\u00e4n Nikolaoksen kirkko, Tampereen seurakunta<\/p><p>Pastori Kari Paakkola (vihitty papiksi 28.5.2023), Pyh\u00e4n Kolminaisuuden katedraali, Pohjois-Suomen seurakunta<\/p><p>Pastori Johannes Pulkkanen (vihitty papiksi 24.3.2024), Pyhien Simeonin ja Hannan rukoushuone, Vaasan kappeliseurakunta<\/p><p>Pastori Tuukka Rantanen (vihitty papiksi 25.3.2014), Pyh\u00e4n Kolminaisuuden katedraali, Pohjois-Suomen seurakunta<\/p><p>Pastori Jaakko Vainio (vihitty papiksi 30.1.2014), Pyh\u00e4n apostoli Andreaksen kirkko, Lapin kappeliseurakunta<\/p><p>Ylidiakoni Jorma H\u00e4kkinen,\u00a0 Pyh\u00e4n Kolminaisuuden katedraali (vihitty ylidiakoniksi 6.8.2020), Pohjois-Suomen seurakunta<\/p><p>Ylidiakoni Tapani Menschakoff (vihitty ylidiakoniksi 1.1.1990), Pyh\u00e4n Kolminaisuuden katedraali, Pohjois-Suomen seurakunta<\/p><p>Diakoni Heikki Hattunen (vihitty diakoniksi 14.10.2018), Pyh\u00e4n Aleksanteri Nevalaisen ja Pyh\u00e4n Nikolaoksen kirkko, Tampereen seurakunta<\/p><p>Diakoni Harri Kahila (vihitty diakoniksi 9.2.1997), Pyh\u00e4n Aleksanteri Nevalaisen ja Pyh\u00e4n Nikolaoksen kirkko, Tampereen seurakunta<\/p><p>Diakoni Jarkko Luonila (vihitty diakoniksi 28.9.2014), Pyh\u00e4n apostoli Johannes Teologin kirkko, Tampereen seurakunta<\/p><p>Diakoni Ville Lyytinen (vihitty diakoniksi 8.6.2025), Pyh\u00e4n Johannes Kastajan syntym\u00e4n kirkko, Pohjois-Suomen seurakunta<\/p><p>Diakoni Juhana Sir\u00e9n (vihitty diakoniksi 12.10.2008), Pyh\u00e4n Aleksanteri Nevalaisen ja Pyh\u00e4n Nikolaoksen kirkko, Tampereen seurakunta<\/p><h3>Oulun hiippakunnan toimessa olevien kanttoreiden luettelo 1.11.2024<\/h3><p>Leena Lomu, Pohjois-Suomen seurakunta<\/p><p>Juhani Matsi, Pohjois-Suomen seurakunta (ma. 31.12.2025 saakka)<\/p><p>Kaisa Pahkala, Lapin kappeliseurakunta<\/p><p>Disa Piispa-Harvola (ma. 30.09.2026 saakka), Lapin kappeliseurakunta<\/p><p>Pia Koivurova (ma. 31.12.2025 saakka), Kainuun kappeliseurakunta<\/p><p>Lasarus Blomster (ma. 31.12.2025 saakka), Vaasan kappeliseurakunta<\/p><p>Markus H\u00e4nninen, Tampereen seurakunta<\/p><p>Sari Ahponen, Tampereen seurakunta<\/p>\t\t\t\t\t\t\t\t<\/div>\n\t\t\t\t<\/div>\n\t\t\t\t\t<\/div>\n\t\t\t\t<\/div>\n\t\t<div class=\"elementor-element elementor-element-4d3bc1f e-flex e-con-boxed e-con e-parent\" data-id=\"4d3bc1f\" data-element_type=\"container\" data-e-type=\"container\">\n\t\t\t\t\t<div class=\"e-con-inner\">\n\t\t\t\t\t<\/div>\n\t\t\t\t<\/div>\n\t\t\t\t<\/div>\n\t\t","protected":false},"excerpt":{"rendered":"<p>\u00a0 Hiippakunnan piispa pit\u00e4\u00e4 kirkkoj\u00e4rjestyksen 69\u00a7, 70\u00a7 ja 71\u00a7 mukaan luetteloa hiippakuntansa papistosta ja kanttoreista. Oulun hiippakunnan papiston luettelo 13.3.2026 Rovasti Pentti Hakkarainen (vihitty rovastiksi 1.10.1992), Kristuksen kirkastumisen kirkko, Kainuun kappeliseurakunta Rovasti Heikki Honkam\u00e4ki (vihitty rovastiksi 21.4.2024), Pyh\u00e4n Aleksanteri Nevalaisen ja Pyh\u00e4n Nikolaoksen kirkko, Tampereen seurakunta Rovasti Kauko Ivanoff (vihitty rovastiksi 9.11.2009), Pyhien Karjalan valistajien [&hellip;]<\/p>\n","protected":false},"author":1,"featured_media":0,"parent":0,"menu_order":0,"comment_status":"closed","ping_status":"closed","template":"","meta":{"footnotes":""},"class_list":["post-145","page","type-page","status-publish","hentry"],"_links":{"self":[{"href":"https:\/\/ort.fi\/oulunhiippakunta\/wp-json\/wp\/v2\/pages\/145","targetHints":{"allow":["GET"]}}],"collection":[{"href":"https:\/\/ort.fi\/oulunhiippakunta\/wp-json\/wp\/v2\/pages"}],"about":[{"href":"https:\/\/ort.fi\/oulunhiippakunta\/wp-json\/wp\/v2\/types\/page"}],"author":[{"embeddable":true,"href":"https:\/\/ort.fi\/oulunhiippakunta\/wp-json\/wp\/v2\/users\/1"}],"replies":[{"embeddable":true,"href":"https:\/\/ort.fi\/oulunhiippakunta\/wp-json\/wp\/v2\/comments?post=145"}],"version-history":[{"count":64,"href":"https:\/\/ort.fi\/oulunhiippakunta\/wp-json\/wp\/v2\/pages\/145\/revisions"}],"predecessor-version":[{"id":2655,"href":"https:\/\/ort.fi\/oulunhiippakunta\/wp-json\/wp\/v2\/pages\/145\/revisions\/2655"}],"wp:attachment":[{"href":"https:\/\/ort.fi\/oulunhiippakunta\/wp-json\/wp\/v2\/media?parent=145"}],"curies":[{"name":"wp","href":"https:\/\/api.w.org\/{rel}","templated":true}]}}