{"id":870,"date":"2022-03-01T12:58:15","date_gmt":"2022-03-01T10:58:15","guid":{"rendered":"https:\/\/ort.fi\/nurmes\/?page_id=870"},"modified":"2022-03-30T14:43:31","modified_gmt":"2022-03-30T11:43:31","slug":"taalanto-talkoolaiset","status":"publish","type":"page","link":"https:\/\/ort.fi\/nurmes\/toiminta\/taalanto-talkoolaiset\/","title":{"rendered":"Taalanto  Talkoolaiset"},"content":{"rendered":"\n<p>Talkootoiminnan tarkoituksena on tukea Rasim\u00e4en kyl\u00e4n toimijoiden ty\u00f6t\u00e4. Voit liitty\u00e4 mukaan, vaikka asuisit miss\u00e4 tahansa maailmassa; l\u00e4helt\u00e4mme l\u00f6yd\u00e4t majataloja, jos haluat ty\u00f6skennell\u00e4 monta p\u00e4iv\u00e4\u00e4.<\/p>\n\n\n\n<p>Pyh\u00e4kk\u00f6toimikunta kokoontuu tarpeen mukaan talkoiden, juhlien ja erilaisten tapahtumien puitteissa. T\u00e4rkein on vuosittainen Johannes Kastajan praasniekka 23.-24.6, jonka ymp\u00e4rille voimme kehitell\u00e4 toimintaa, n\u00e4yttelyit\u00e4, konsertteja ym. Kaikenlaisia osaajia tarvitaan. Voit ilmoittautua munkki Stefanokselle. HUOM! vain tekstiviestill\u00e4 040 531 5410.<\/p>\n\n\n\n<p>Mielenkiintoisia juttuja mm. talkooty\u00f6st\u00e4 l\u00f6yd\u00e4t osoitteesta: <a href=\"https:\/\/stefaniush9.blogspot.com\/\">https:\/\/stefaniush9.blogspot.com\/<\/a><\/p>\n\n\n\n<p>K\u00e4yh\u00e4n kurkkaamassa ja tykk\u00e4\u00e4m\u00e4ss\u00e4 my\u00f6s fb-sivuja: &nbsp;<a href=\"https:\/\/www.facebook.com\/groups\/907776199937172\/\">https:\/\/www.facebook.com\/groups\/907776199937172\/<\/a><\/p>\n\n\n\n<div class=\"wp-block-media-text alignwide is-stacked-on-mobile is-vertically-aligned-top\" style=\"grid-template-columns:30% auto\"><figure class=\"wp-block-media-text__media\"><img loading=\"lazy\" decoding=\"async\" width=\"150\" height=\"150\" src=\"https:\/\/ort.fi\/nurmes\/wp-content\/uploads\/2022\/03\/Johannes_kastajan_paa-150x150.jpg\" alt=\"\" class=\"wp-image-1085 size-thumbnail\"\/><\/figure><div class=\"wp-block-media-text__content\">\n<p>Elom\u00e4en pyh\u00e4n profeetan ja Herran edell\u00e4k\u00e4vij\u00e4n Johannes Kastajan tsasouna, Rasim\u00e4entie 631, Valtimon pit\u00e4j\u00e4<\/p>\n\n\n\n<p><strong>Pyh\u00e4n profeetan ja Herran edell\u00e4k\u00e4vij\u00e4n Johannes Kastajan kunniallisen p\u00e4\u00e4n kolmas l\u00f6yt\u00e4minen ja p\u00e4\u00e4si\u00e4isen p\u00e4\u00e4t\u00f6sp\u00e4iv\u00e4:<br>ke 25.5. klo 9 aamupalvelus ja liturgia <\/strong>sek\u00e4 p\u00e4\u00e4si\u00e4isajan kirkkokahvit<\/p>\n\n\n\n<p><strong>Nyt tarvitaan talkoolaisia:<\/strong> <br>ponomari <br>kellonsoittaja <br>tuohustenmyyj\u00e4 <br>kukkienlaittaja<br>Ota yhteytt\u00e4, jos voit tulla; l\u00e4het\u00e4 tekstiviesti: 0405315410 \/ Stefanos<\/p>\n<\/div><\/div>\n\n\n\n<div class=\"wp-block-media-text alignwide is-stacked-on-mobile\" style=\"grid-template-columns:30% auto\"><figure class=\"wp-block-media-text__media\"><img loading=\"lazy\" decoding=\"async\" width=\"1036\" height=\"1200\" src=\"https:\/\/ort.fi\/nurmes\/wp-content\/uploads\/2022\/03\/praasniekkaviikko.jpg\" alt=\"\" class=\"wp-image-1091 size-full\" srcset=\"https:\/\/ort.fi\/nurmes\/wp-content\/uploads\/2022\/03\/praasniekkaviikko.jpg 1036w, https:\/\/ort.fi\/nurmes\/wp-content\/uploads\/2022\/03\/praasniekkaviikko-259x300.jpg 259w, https:\/\/ort.fi\/nurmes\/wp-content\/uploads\/2022\/03\/praasniekkaviikko-884x1024.jpg 884w, https:\/\/ort.fi\/nurmes\/wp-content\/uploads\/2022\/03\/praasniekkaviikko-768x890.jpg 768w\" sizes=\"auto, (max-width: 1036px) 100vw, 1036px\" \/><\/figure><div class=\"wp-block-media-text__content\">\n<p>Elom\u00e4en pyh\u00e4n profeetan ja Herran edell\u00e4k\u00e4vij\u00e4n Johannes Kastajan Tsasounan<\/p>\n\n\n\n<p><strong>PRAASNIEKKAVIIKKO 20.6.-24.6.2022,<\/strong><\/p>\n\n\n\n<p>Rasim\u00e4entie 631 Valtimon pit\u00e4j\u00e4<\/p>\n<\/div><\/div>\n\n\n\n<div class=\"wp-block-columns is-layout-flex wp-container-core-columns-is-layout-9d6595d7 wp-block-columns-is-layout-flex\">\n<div class=\"wp-block-column is-layout-flow wp-block-column-is-layout-flow\" style=\"flex-basis:33.33%\">\n<p>Maanantai: <br><br><br><br><br>Tiistai: <br><br><br><br>Keskiviikko: <br><br><br>Torstai:<br><br><br>Perjantai:<\/p>\n<\/div>\n\n\n\n<div class=\"wp-block-column is-layout-flow wp-block-column-is-layout-flow\" style=\"flex-basis:66.66%\">\n<p><strong>klo 11-17 pihakahvila avoinna,<\/strong> <br><strong>klo 17 v\u00e4h\u00e4inen ehtoonj\u00e4lkeinen palvelus sis\u00e4lt\u00e4en rukouskanonin pyh\u00e4lle profeetalle ja Herran edell\u00e4k\u00e4vij\u00e4lle Johannes Kastajalle; iltatee<\/strong> <br><br><strong>klo 11-17 pihakahvila avoinna,<\/strong> <br><strong>klo 17 Akatistos pyh\u00e4lle profeetalle ja Herran edell\u00e4k\u00e4vij\u00e4lle Johannes Kastajalle; iltatee<\/strong> <br><br><strong>klo 11-17 pihakahvila avoinna,<\/strong> <br><strong>klo 17 ehtoopalvelus ja iltatee<\/strong> <br><br><strong>klo 11-17 pihakahvila avoinna,<\/strong> <br><strong>klo 17 praasniekkavigilia ja iltatee<\/strong> <br><br><strong>klo 9.30 praasniekkaliturgia, ristisaatto Tulehmon rantaan sek\u00e4 yhteinen lounas Tulehmolla<\/strong><\/p>\n<\/div>\n<\/div>\n\n\n\n<p>Kahvilan tuotto ja ruokailumaksut k\u00e4ytet\u00e4\u00e4n tsasounan hyv\u00e4ksi.<\/p>\n","protected":false},"excerpt":{"rendered":"<p>Talkootoiminnan tarkoituksena on tukea Rasim\u00e4en kyl\u00e4n toimijoiden ty\u00f6t\u00e4. Voit liitty\u00e4 mukaan, vaikka asuisit miss\u00e4 tahansa maailmassa; l\u00e4helt\u00e4mme l\u00f6yd\u00e4t majataloja, jos haluat ty\u00f6skennell\u00e4 monta p\u00e4iv\u00e4\u00e4. Pyh\u00e4kk\u00f6toimikunta kokoontuu tarpeen mukaan talkoiden, juhlien ja erilaisten tapahtumien puitteissa. T\u00e4rkein on vuosittainen Johannes Kastajan praasniekka 23.-24.6, jonka ymp\u00e4rille voimme kehitell\u00e4 toimintaa, n\u00e4yttelyit\u00e4, konsertteja ym. Kaikenlaisia osaajia tarvitaan. Voit ilmoittautua munkki &#8230; <a title=\"Taalanto  Talkoolaiset\" class=\"read-more\" href=\"https:\/\/ort.fi\/nurmes\/toiminta\/taalanto-talkoolaiset\/\" aria-label=\"Lue lis\u00e4\u00e4 aiheesta Taalanto  Talkoolaiset\">Lue lis\u00e4\u00e4<\/a><\/p>\n","protected":false},"author":7,"featured_media":0,"parent":108,"menu_order":0,"comment_status":"closed","ping_status":"closed","template":"","meta":{"footnotes":""},"class_list":["post-870","page","type-page","status-publish"],"_links":{"self":[{"href":"https:\/\/ort.fi\/nurmes\/wp-json\/wp\/v2\/pages\/870","targetHints":{"allow":["GET"]}}],"collection":[{"href":"https:\/\/ort.fi\/nurmes\/wp-json\/wp\/v2\/pages"}],"about":[{"href":"https:\/\/ort.fi\/nurmes\/wp-json\/wp\/v2\/types\/page"}],"author":[{"embeddable":true,"href":"https:\/\/ort.fi\/nurmes\/wp-json\/wp\/v2\/users\/7"}],"replies":[{"embeddable":true,"href":"https:\/\/ort.fi\/nurmes\/wp-json\/wp\/v2\/comments?post=870"}],"version-history":[{"count":3,"href":"https:\/\/ort.fi\/nurmes\/wp-json\/wp\/v2\/pages\/870\/revisions"}],"predecessor-version":[{"id":1095,"href":"https:\/\/ort.fi\/nurmes\/wp-json\/wp\/v2\/pages\/870\/revisions\/1095"}],"up":[{"embeddable":true,"href":"https:\/\/ort.fi\/nurmes\/wp-json\/wp\/v2\/pages\/108"}],"wp:attachment":[{"href":"https:\/\/ort.fi\/nurmes\/wp-json\/wp\/v2\/media?parent=870"}],"curies":[{"name":"wp","href":"https:\/\/api.w.org\/{rel}","templated":true}]}}