{"id":864,"date":"2022-03-01T12:55:32","date_gmt":"2022-03-01T10:55:32","guid":{"rendered":"https:\/\/ort.fi\/nurmes\/?page_id=864"},"modified":"2022-11-05T17:06:12","modified_gmt":"2022-11-05T15:06:12","slug":"kirkkolaulupiiri","status":"publish","type":"page","link":"https:\/\/ort.fi\/nurmes\/toiminta\/kirkkolaulupiiri\/","title":{"rendered":"Kirkkolaulupiiri"},"content":{"rendered":"\n<p><\/p>\n\n\n\n<div class=\"wp-block-media-text alignwide is-stacked-on-mobile is-vertically-aligned-top\"><figure class=\"wp-block-media-text__media\"><img loading=\"lazy\" decoding=\"async\" width=\"300\" height=\"225\" src=\"https:\/\/ort.fi\/nurmes\/wp-content\/uploads\/2022\/03\/kirkkolaulupiiri-300x225.jpeg\" alt=\"\" class=\"wp-image-944 size-medium\" srcset=\"https:\/\/ort.fi\/nurmes\/wp-content\/uploads\/2022\/03\/kirkkolaulupiiri-300x225.jpeg 300w, https:\/\/ort.fi\/nurmes\/wp-content\/uploads\/2022\/03\/kirkkolaulupiiri-1024x768.jpeg 1024w, https:\/\/ort.fi\/nurmes\/wp-content\/uploads\/2022\/03\/kirkkolaulupiiri-768x576.jpeg 768w, https:\/\/ort.fi\/nurmes\/wp-content\/uploads\/2022\/03\/kirkkolaulupiiri-1536x1152.jpeg 1536w, https:\/\/ort.fi\/nurmes\/wp-content\/uploads\/2022\/03\/kirkkolaulupiiri-2048x1536.jpeg 2048w\" sizes=\"auto, (max-width: 300px) 100vw, 300px\" \/><\/figure><div class=\"wp-block-media-text__content\">\n<p><strong>Kirkkolaulupiiri<\/strong> kokoontuu vuorokuukausina kussakin pyh\u00e4k\u00f6ss\u00e4. Kirkkolaulupiiriss\u00e4 lauletaan tuttuja kirkkoveisuja tai ortodoksisia hengellisi\u00e4 lauluja ja tutustutaan kirkkomusiikkiin tietoiskujen kautta. Laulupiiriss\u00e4 ei ole tavoitteena virheet\u00f6n laulaminen tai edes laulujen opettaminen, vaan yhteinen tekeminen musiikin ja erityisesti kirkkomusiikin kautta. Kirkkolaulupiiri on kaikille avoin!<\/p>\n\n\n\n<p>Lis\u00e4tietoja: 045 678 9423\/ Tiina-kanttori<\/p>\n<\/div><\/div>\n\n\n\n<p><\/p>\n","protected":false},"excerpt":{"rendered":"<p>Kirkkolaulupiiri kokoontuu vuorokuukausina kussakin pyh\u00e4k\u00f6ss\u00e4. Kirkkolaulupiiriss\u00e4 lauletaan tuttuja kirkkoveisuja tai ortodoksisia hengellisi\u00e4 lauluja ja tutustutaan kirkkomusiikkiin tietoiskujen kautta. Laulupiiriss\u00e4 ei ole tavoitteena virheet\u00f6n laulaminen tai edes laulujen opettaminen, vaan yhteinen tekeminen musiikin ja erityisesti kirkkomusiikin kautta. Kirkkolaulupiiri on kaikille avoin! Lis\u00e4tietoja: 045 678 9423\/ Tiina-kanttori<\/p>\n","protected":false},"author":4,"featured_media":0,"parent":108,"menu_order":0,"comment_status":"closed","ping_status":"closed","template":"","meta":{"footnotes":""},"class_list":["post-864","page","type-page","status-publish"],"_links":{"self":[{"href":"https:\/\/ort.fi\/nurmes\/wp-json\/wp\/v2\/pages\/864","targetHints":{"allow":["GET"]}}],"collection":[{"href":"https:\/\/ort.fi\/nurmes\/wp-json\/wp\/v2\/pages"}],"about":[{"href":"https:\/\/ort.fi\/nurmes\/wp-json\/wp\/v2\/types\/page"}],"author":[{"embeddable":true,"href":"https:\/\/ort.fi\/nurmes\/wp-json\/wp\/v2\/users\/4"}],"replies":[{"embeddable":true,"href":"https:\/\/ort.fi\/nurmes\/wp-json\/wp\/v2\/comments?post=864"}],"version-history":[{"count":5,"href":"https:\/\/ort.fi\/nurmes\/wp-json\/wp\/v2\/pages\/864\/revisions"}],"predecessor-version":[{"id":1475,"href":"https:\/\/ort.fi\/nurmes\/wp-json\/wp\/v2\/pages\/864\/revisions\/1475"}],"up":[{"embeddable":true,"href":"https:\/\/ort.fi\/nurmes\/wp-json\/wp\/v2\/pages\/108"}],"wp:attachment":[{"href":"https:\/\/ort.fi\/nurmes\/wp-json\/wp\/v2\/media?parent=864"}],"curies":[{"name":"wp","href":"https:\/\/api.w.org\/{rel}","templated":true}]}}