{"id":858,"date":"2022-03-01T12:49:34","date_gmt":"2022-03-01T10:49:34","guid":{"rendered":"https:\/\/ort.fi\/nurmes\/?page_id=858"},"modified":"2022-03-01T12:49:35","modified_gmt":"2022-03-01T10:49:35","slug":"karjalankielen-kerho","status":"publish","type":"page","link":"https:\/\/ort.fi\/nurmes\/toiminta\/karjalankielen-kerho\/","title":{"rendered":"Karjalankielen kerho"},"content":{"rendered":"\n<p><strong>Karjalankielen kerho<\/strong> kokoontuu maanantaisin kahden viikon v\u00e4lein klo 14 Nurmeksen seurakuntasalilla (Salmenkatu 5). Kerho j\u00e4rjestet\u00e4\u00e4n yhteisty\u00f6ss\u00e4 Valtimon Suoj\u00e4rvi-seuran kanssa. Lis\u00e4tietoja: Iiris Korkatsu p. 040\u00a0564 0274.<\/p>\n","protected":false},"excerpt":{"rendered":"<p>Karjalankielen kerho kokoontuu maanantaisin kahden viikon v\u00e4lein klo 14 Nurmeksen seurakuntasalilla (Salmenkatu 5). Kerho j\u00e4rjestet\u00e4\u00e4n yhteisty\u00f6ss\u00e4 Valtimon Suoj\u00e4rvi-seuran kanssa. Lis\u00e4tietoja: Iiris Korkatsu p. 040\u00a0564 0274.<\/p>\n","protected":false},"author":4,"featured_media":0,"parent":108,"menu_order":0,"comment_status":"closed","ping_status":"closed","template":"","meta":{"footnotes":""},"class_list":["post-858","page","type-page","status-publish"],"_links":{"self":[{"href":"https:\/\/ort.fi\/nurmes\/wp-json\/wp\/v2\/pages\/858","targetHints":{"allow":["GET"]}}],"collection":[{"href":"https:\/\/ort.fi\/nurmes\/wp-json\/wp\/v2\/pages"}],"about":[{"href":"https:\/\/ort.fi\/nurmes\/wp-json\/wp\/v2\/types\/page"}],"author":[{"embeddable":true,"href":"https:\/\/ort.fi\/nurmes\/wp-json\/wp\/v2\/users\/4"}],"replies":[{"embeddable":true,"href":"https:\/\/ort.fi\/nurmes\/wp-json\/wp\/v2\/comments?post=858"}],"version-history":[{"count":1,"href":"https:\/\/ort.fi\/nurmes\/wp-json\/wp\/v2\/pages\/858\/revisions"}],"predecessor-version":[{"id":860,"href":"https:\/\/ort.fi\/nurmes\/wp-json\/wp\/v2\/pages\/858\/revisions\/860"}],"up":[{"embeddable":true,"href":"https:\/\/ort.fi\/nurmes\/wp-json\/wp\/v2\/pages\/108"}],"wp:attachment":[{"href":"https:\/\/ort.fi\/nurmes\/wp-json\/wp\/v2\/media?parent=858"}],"curies":[{"name":"wp","href":"https:\/\/api.w.org\/{rel}","templated":true}]}}