{"id":854,"date":"2022-03-01T12:47:56","date_gmt":"2022-03-01T10:47:56","guid":{"rendered":"https:\/\/ort.fi\/nurmes\/?page_id=854"},"modified":"2022-07-29T14:50:18","modified_gmt":"2022-07-29T11:50:18","slug":"ikonimaalaus","status":"publish","type":"page","link":"https:\/\/ort.fi\/nurmes\/toiminta\/ikonimaalaus\/","title":{"rendered":"Ikonimaalaus"},"content":{"rendered":"\n<p><strong>Ikonimaalauskurssi<\/strong> yhteisty\u00f6ss\u00e4 Yl\u00e4-Karjalan kansalaisopiston kanssa Nurmeksen srk-salilla (Salmenkatu 5)  Lis\u00e4tietoja: Lea Jehkinen, p. 050\u00a0367 9912.<\/p>\n\n\n","protected":false},"excerpt":{"rendered":"<p>Ikonimaalauskurssi yhteisty\u00f6ss\u00e4 Yl\u00e4-Karjalan kansalaisopiston kanssa Nurmeksen srk-salilla (Salmenkatu 5) Lis\u00e4tietoja: Lea Jehkinen, p. 050\u00a0367 9912.<\/p>\n","protected":false},"author":4,"featured_media":0,"parent":108,"menu_order":0,"comment_status":"closed","ping_status":"closed","template":"","meta":{"footnotes":""},"class_list":["post-854","page","type-page","status-publish"],"_links":{"self":[{"href":"https:\/\/ort.fi\/nurmes\/wp-json\/wp\/v2\/pages\/854","targetHints":{"allow":["GET"]}}],"collection":[{"href":"https:\/\/ort.fi\/nurmes\/wp-json\/wp\/v2\/pages"}],"about":[{"href":"https:\/\/ort.fi\/nurmes\/wp-json\/wp\/v2\/types\/page"}],"author":[{"embeddable":true,"href":"https:\/\/ort.fi\/nurmes\/wp-json\/wp\/v2\/users\/4"}],"replies":[{"embeddable":true,"href":"https:\/\/ort.fi\/nurmes\/wp-json\/wp\/v2\/comments?post=854"}],"version-history":[{"count":3,"href":"https:\/\/ort.fi\/nurmes\/wp-json\/wp\/v2\/pages\/854\/revisions"}],"predecessor-version":[{"id":1307,"href":"https:\/\/ort.fi\/nurmes\/wp-json\/wp\/v2\/pages\/854\/revisions\/1307"}],"up":[{"embeddable":true,"href":"https:\/\/ort.fi\/nurmes\/wp-json\/wp\/v2\/pages\/108"}],"wp:attachment":[{"href":"https:\/\/ort.fi\/nurmes\/wp-json\/wp\/v2\/media?parent=854"}],"curies":[{"name":"wp","href":"https:\/\/api.w.org\/{rel}","templated":true}]}}