{"id":830,"date":"2022-03-01T12:32:08","date_gmt":"2022-03-01T10:32:08","guid":{"rendered":"https:\/\/ort.fi\/nurmes\/?page_id=830"},"modified":"2022-03-08T21:44:47","modified_gmt":"2022-03-08T19:44:47","slug":"kuorotoiminta","status":"publish","type":"page","link":"https:\/\/ort.fi\/nurmes\/toiminta\/kuorotoiminta\/","title":{"rendered":"Kuorotoiminta"},"content":{"rendered":"\n<p>Kuorotoiminnassa \u2013 molempia kuoroja koskien \u2013 on tavoitteena harjoitella ja hioa jumalanpalvelusveisuja sek\u00e4 harjoitella ohjelmistoa konsertteihin tai muihin esiintymisiin. Kuorolaisena laulajan tulee olla valmis sitoutumaan s\u00e4\u00e4nn\u00f6lliseen harjoitteluun ja jumalanpalveluksiin. Kuoroihin otetaan koko ajan laulajia koelaulun kautta. Laulu- ja kuorotoimintaa koskevat yhteydenotot: kanttori p. 045 678 9423 tai <a href=\"mailto:tiina.sormunen@ort.fi\">tiina.sormunen@ort.fi<\/a>.<\/p>\n\n\n\n<p><a href=\"https:\/\/ort.fi\/nurmes\/toiminta\/kuorotoiminta\/valtimon-naiskuoro\/\">Valtimon naiskuoro<\/a><\/p>\n\n\n\n<p><a href=\"https:\/\/ort.fi\/nurmes\/toiminta\/kuorotoiminta\/nurmeksen-kirkkokuoro\/\">Nurmeksen kirkkokuoro<\/a><\/p>\n","protected":false},"excerpt":{"rendered":"<p>Kuorotoiminnassa \u2013 molempia kuoroja koskien \u2013 on tavoitteena harjoitella ja hioa jumalanpalvelusveisuja sek\u00e4 harjoitella ohjelmistoa konsertteihin tai muihin esiintymisiin. Kuorolaisena laulajan tulee olla valmis sitoutumaan s\u00e4\u00e4nn\u00f6lliseen harjoitteluun ja jumalanpalveluksiin. Kuoroihin otetaan koko ajan laulajia koelaulun kautta. Laulu- ja kuorotoimintaa koskevat yhteydenotot: kanttori p. 045 678 9423 tai tiina.sormunen@ort.fi. Valtimon naiskuoro Nurmeksen kirkkokuoro<\/p>\n","protected":false},"author":4,"featured_media":0,"parent":108,"menu_order":1,"comment_status":"closed","ping_status":"closed","template":"","meta":{"footnotes":""},"class_list":["post-830","page","type-page","status-publish"],"_links":{"self":[{"href":"https:\/\/ort.fi\/nurmes\/wp-json\/wp\/v2\/pages\/830","targetHints":{"allow":["GET"]}}],"collection":[{"href":"https:\/\/ort.fi\/nurmes\/wp-json\/wp\/v2\/pages"}],"about":[{"href":"https:\/\/ort.fi\/nurmes\/wp-json\/wp\/v2\/types\/page"}],"author":[{"embeddable":true,"href":"https:\/\/ort.fi\/nurmes\/wp-json\/wp\/v2\/users\/4"}],"replies":[{"embeddable":true,"href":"https:\/\/ort.fi\/nurmes\/wp-json\/wp\/v2\/comments?post=830"}],"version-history":[{"count":4,"href":"https:\/\/ort.fi\/nurmes\/wp-json\/wp\/v2\/pages\/830\/revisions"}],"predecessor-version":[{"id":1035,"href":"https:\/\/ort.fi\/nurmes\/wp-json\/wp\/v2\/pages\/830\/revisions\/1035"}],"up":[{"embeddable":true,"href":"https:\/\/ort.fi\/nurmes\/wp-json\/wp\/v2\/pages\/108"}],"wp:attachment":[{"href":"https:\/\/ort.fi\/nurmes\/wp-json\/wp\/v2\/media?parent=830"}],"curies":[{"name":"wp","href":"https:\/\/api.w.org\/{rel}","templated":true}]}}