{"id":778,"date":"2022-02-28T12:10:06","date_gmt":"2022-02-28T10:10:06","guid":{"rendered":"https:\/\/ort.fi\/nurmes\/?page_id=778"},"modified":"2026-03-31T14:04:51","modified_gmt":"2026-03-31T11:04:51","slug":"poytakirjat","status":"publish","type":"page","link":"https:\/\/ort.fi\/nurmes\/paatoksenteko\/poytakirjat\/","title":{"rendered":"P\u00f6yt\u00e4kirjat"},"content":{"rendered":"\n<p><a href=\"https:\/\/drive.google.com\/file\/d\/1kY-_PoI4jUnSYIMiRVr6kUBOe_4VyUb4\/view?usp=sharing\" data-type=\"link\" data-id=\"https:\/\/drive.google.com\/file\/d\/1kY-_PoI4jUnSYIMiRVr6kUBOe_4VyUb4\/view?usp=sharing\" target=\"_blank\" rel=\"noreferrer noopener\">Taipale seurakunnanneuvoston 1\/2026 p\u00f6yt\u00e4kirja<\/a> <\/p>\n\n\n\n<p><a href=\"https:\/\/drive.google.com\/file\/d\/1vGqggdIBWUckjAlOGvgIwrfRfLiJOLq5\/view?usp=sharing\" data-type=\"link\" data-id=\"https:\/\/drive.google.com\/file\/d\/1vGqggdIBWUckjAlOGvgIwrfRfLiJOLq5\/view?usp=sharing\" target=\"_blank\" rel=\"noreferrer noopener\">Kappelineuvosto 22.2.2026 p\u00f6yt\u00e4kirja<\/a> <\/p>\n\n\n\n<p><a href=\"https:\/\/drive.google.com\/file\/d\/11pv8zBbMpZMs_NnWJNCi2irV-676z_fs\/view?usp=sharing\" target=\"_blank\" rel=\"noreferrer noopener\">Taipale seurakunnanneuvoston 7\/2025 p\u00f6yt\u00e4kirja<\/a><\/p>\n\n\n\n<p><a href=\"https:\/\/drive.google.com\/file\/d\/1-DVRUVbu3m7joRyty-RPJ8rhXOBnLfFX\/view?usp=sharing\" data-type=\"link\" data-id=\"https:\/\/drive.google.com\/file\/d\/1-DVRUVbu3m7joRyty-RPJ8rhXOBnLfFX\/view?usp=sharing\" target=\"_blank\" rel=\"noreferrer noopener\">Kappelineuvosto 14.12.2025 p\u00f6yt\u00e4kirja<\/a><\/p>\n\n\n\n<p><a href=\"https:\/\/drive.google.com\/file\/d\/1Pdd_bTlTyFfOO0IOpU9CiNim3dRtSxHJ\/view?usp=sharing\" data-type=\"link\" data-id=\"https:\/\/drive.google.com\/file\/d\/1Pdd_bTlTyFfOO0IOpU9CiNim3dRtSxHJ\/view?usp=sharing\" target=\"_blank\" rel=\"noreferrer noopener\">Kappelinevosto 24.8.2025 p\u00f6yt\u00e4kirja<\/a> <\/p>\n\n\n\n<p><a href=\"https:\/\/drive.google.com\/file\/d\/1FFYyCEHBubJ70fxZp-_XxvodnDjtUCtA\/view?usp=sharing\" data-type=\"link\" data-id=\"https:\/\/drive.google.com\/file\/d\/1FFYyCEHBubJ70fxZp-_XxvodnDjtUCtA\/view?usp=sharing\" target=\"_blank\" rel=\"noreferrer noopener\">Seurakunnanvaltuuston 3\/2025 13.11.2025 p\u00f6yt\u00e4kirja<\/a><\/p>\n\n\n\n<p><a href=\"https:\/\/drive.google.com\/file\/d\/1aWFHfusM9wJWT4EtO8910knIC7VS28ra\/view?usp=sharing\" data-type=\"link\" data-id=\"https:\/\/drive.google.com\/file\/d\/1aWFHfusM9wJWT4EtO8910knIC7VS28ra\/view?usp=sharing\" target=\"_blank\" rel=\"noreferrer noopener\">Taipale seurakunnanneuvoston 6\/2025 p\u00f6yt\u00e4kirja <\/a> <\/p>\n\n\n\n<p><a href=\"https:\/\/drive.google.com\/file\/d\/1j6Ds9p7DqKVJa9TwX--PoRMpZ_lmffDB\/view?usp=sharing\" target=\"_blank\" rel=\"noreferrer noopener\">Taipale seurakunnanneuvosto p\u00f6yt\u00e4kirja 5\/2025<\/a><\/p>\n\n\n\n<p><a href=\"https:\/\/drive.google.com\/file\/d\/11M4vKxQT29NHgaDekqQ1nOBhxk70Qnvj\/view?usp=sharing\" target=\"_blank\" rel=\"noreferrer noopener\">Kappelineuvoston 4.5.2025 p\u00f6yt\u00e4kirja<\/a> <\/p>\n\n\n\n<p><a href=\"https:\/\/drive.google.com\/file\/d\/1gnksBqFAwzuaI08_DxKOXDsordRI9gDj\/view?usp=sharing\" target=\"_blank\" rel=\"noreferrer noopener\">Taipale seurakunnan neuvosto p\u00f6yt\u00e4kirja 4\/2025<\/a><\/p>\n\n\n\n<p><a href=\"https:\/\/drive.google.com\/file\/d\/1vF_WcH4aO-X6J17UKO0oL9HxzSdoYrRI\/view?usp=sharing\" target=\"_blank\" rel=\"noreferrer noopener\">Seurakunnanvaltuuston 2\/2025 19.5.2025 p\u00f6yt\u00e4kirja<\/a><\/p>\n\n\n\n<p><a href=\"https:\/\/drive.google.com\/file\/d\/1LWrL_dFQ7d0MI-UNhPfSUS6ZuiI613Sm\/view?usp=sharing\" target=\"_blank\" rel=\"noreferrer noopener\">Taipale seurakunnan neuvosto p\u00f6yt\u00e4kirja 3\/2025<\/a> <\/p>\n\n\n\n<p><a href=\"https:\/\/drive.google.com\/file\/d\/1D5zH--57K9YzbCjhuh8M_NY5gwFUns9d\/view?usp=sharing\" target=\"_blank\" rel=\"noreferrer noopener\">Seurakunnanvaltuuston 1\/2025 7.4.2025 p\u00f6yt\u00e4kirja <\/a><\/p>\n\n\n\n<p><a href=\"https:\/\/drive.google.com\/file\/d\/1N-BAohza9MKtcdzEZ_2KdwxYziRvlpXG\/view?usp=sharing\" target=\"_blank\" rel=\"noreferrer noopener\">Seurakunnanneuvoston 2\/2025 27.3.2025 p\u00f6yt\u00e4kirja <\/a><\/p>\n\n\n\n<p><a href=\"https:\/\/drive.google.com\/file\/d\/1PCc1LpAzdyQUKvOCDPLgtZOL2bCReAcC\/view?usp=sharing\" target=\"_blank\" rel=\"noreferrer noopener\">Kappelineuvoston 1\/2025, 22.2.2025 p\u00f6yt\u00e4kirja <\/a><\/p>\n\n\n\n<p><a href=\"https:\/\/drive.google.com\/file\/d\/1PU8Oj07dJ_23Xjp-DbhPoPUAe7BjzQaO\/view?usp=sharing\" target=\"_blank\" rel=\"noreferrer noopener\">Taipale seurakunnan neuvosto p\u00f6yt\u00e4kirja 1\/2025<\/a><\/p>\n\n\n\n<p><a href=\"https:\/\/drive.google.com\/file\/d\/1vmQBk9yK7esbwZn8v9Ehv4hNehU-sKUu\/view?usp=sharing\">Taipale seurakunnan neuvosto p\u00f6yt\u00e4kirja 7\/2024<\/a> <\/p>\n\n\n\n<p><a href=\"https:\/\/drive.google.com\/file\/d\/1sJdM-Z-AtL_bPu3Fq93kl5-AhawHntn8\/view?usp=sharing\">Kappelineuvoston 1.12.2024 p\u00f6yt\u00e4kirja<\/a> <\/p>\n\n\n\n<p><a href=\"https:\/\/drive.google.com\/file\/d\/1HXEbwUX8IrD6snZnO3963CY11obxi5Rv\/view?usp=sharing\">Taipale seurakunnan neuvosto p\u00f6yt\u00e4kirja 5\/2024<\/a><\/p>\n\n\n\n<p><a href=\"https:\/\/drive.google.com\/file\/d\/1OlLrVxri89rQxvnkzr6_YT7I9MvYQemi\/view?usp=sharing\">Taipale neuvosto 1\/2024<\/a><\/p>\n\n\n\n<p><a href=\"https:\/\/drive.google.com\/file\/d\/1Ei9jyA6bk6yiMqgBhe494-zf1p2O1CS7\/view?usp=sharing\">Kappelineuvoston 28.4.2024 p\u00f6yt\u00e4kirja<\/a><\/p>\n\n\n\n<p><a href=\"https:\/\/drive.google.com\/file\/d\/1fXag3xLxMDXjgLeKE0lOKFdnQjiHGQYR\/view?usp=sharing\">PK kiinteist\u00f6lautakunta 1\/2024<\/a><\/p>\n\n\n\n<p><a href=\"https:\/\/drive.google.com\/file\/d\/1LudPG2XetiNfik5WDr1JrBog2Iu1PWse\/view?usp=sharing\">Kappelineuvoston 4.2.2024 p\u00f6yt\u00e4kirja <\/a><\/p>\n\n\n\n<p><a href=\"https:\/\/drive.google.com\/file\/d\/1DvZwHlQnAPCBDJ1KXUwZNtCdxDAVPrT9\/view?usp=sharing\" target=\"_blank\" rel=\"noreferrer noopener\">Kappelineuvoston 1.10.2022 p\u00f6yt\u00e4kirja<\/a><\/p>\n\n\n\n<p><a href=\"https:\/\/docs.google.com\/document\/d\/1pi9j2MKBMmYqaZK-gJP2p2-sxf2vhEfM\/edit?usp=sharing&amp;ouid=113895758696429978303&amp;rtpof=true&amp;sd=true\" target=\"_blank\" rel=\"noreferrer noopener\">Seurakunnanneuvoston 5.7.2022 p\u00f6yt\u00e4kirja<\/a><\/p>\n\n\n\n<p><a href=\"https:\/\/drive.google.com\/file\/d\/1vIFY2madfBvq71n10vmHKuO0m80Y8f6D\/view?usp=sharing\">Kappelineuvoston 7.5.2022 p\u00f6yt\u00e4kirja<\/a><\/p>\n\n\n\n<p><a rel=\"noreferrer noopener\" href=\"https:\/\/drive.google.com\/file\/d\/1JJhw1cs5S0GSy4NS40QGLKN8dMVQrP1w\/view?usp=sharing\" target=\"_blank\">Kappelineuvoston 9.2.2022 p\u00f6yt\u00e4kirja<\/a><\/p>\n\n\n\n<p><a href=\"https:\/\/drive.google.com\/file\/d\/1F_hT1R3y0h_gDmNafRd4NP1o7n6FPRCF\/view?usp=sharing\" target=\"_blank\" rel=\"noreferrer noopener\">Seurakunnanneuvoston 12.10.2022 p\u00f6yt\u00e4kirja<\/a><\/p>\n\n\n\n<p><a href=\"https:\/\/drive.google.com\/file\/d\/1K_M6Cz_iEtzyqGlWrZRF482sRTOAnsLU\/view?usp=sharing\" target=\"_blank\" rel=\"noreferrer noopener\">Seurakunnanneuvoston 6.9.2022 p\u00f6yt\u00e4kirja<\/a><\/p>\n\n\n\n<p><a rel=\"noreferrer noopener\" href=\"https:\/\/drive.google.com\/file\/d\/1EDoKUNDC46Kjg7uhRCGbG0jaHgxQI2Gy\/view?usp=sharing\" target=\"_blank\">Seurakunnanneuvoston 4.5.2022 p\u00f6yt\u00e4kirja<\/a><\/p>\n\n\n\n<p><a href=\"https:\/\/ort.fi\/taipale\/wp-content\/uploads\/2022\/07\/310522-PK-2-2022.pdf\">Seurakunnanvaltuuston 31.5.2022 p\u00f6yt\u00e4kirja<\/a><\/p>\n\n\n\n<p><a href=\"https:\/\/ort.fi\/taipale\/wp-content\/uploads\/2022\/04\/270422-PK-1-2022.pdf\">Seurakunnanvaltuuston 27.4.2022 p\u00f6yt\u00e4kirja<\/a><\/p>\n\n\n\n<p><a rel=\"noreferrer noopener\" href=\"https:\/\/ort.fi\/taipale\/paatoksenteko\/poytakirjat\/\" target=\"_blank\">Seurakunnanvaltuuston aikaisemmat p\u00f6yt\u00e4kirjat<\/a><\/p>\n\n\n\n<p><\/p>\n\n\n\n<h6 class=\"wp-block-heading\"><\/h6>\n\n\n\n<p><\/p>\n","protected":false},"excerpt":{"rendered":"<p>Taipale seurakunnanneuvoston 1\/2026 p\u00f6yt\u00e4kirja Kappelineuvosto 22.2.2026 p\u00f6yt\u00e4kirja Taipale seurakunnanneuvoston 7\/2025 p\u00f6yt\u00e4kirja Kappelineuvosto 14.12.2025 p\u00f6yt\u00e4kirja Kappelinevosto 24.8.2025 p\u00f6yt\u00e4kirja Seurakunnanvaltuuston 3\/2025 13.11.2025 p\u00f6yt\u00e4kirja Taipale seurakunnanneuvoston 6\/2025 p\u00f6yt\u00e4kirja Taipale seurakunnanneuvosto p\u00f6yt\u00e4kirja 5\/2025 Kappelineuvoston 4.5.2025 p\u00f6yt\u00e4kirja Taipale seurakunnan neuvosto p\u00f6yt\u00e4kirja 4\/2025 Seurakunnanvaltuuston 2\/2025 19.5.2025 p\u00f6yt\u00e4kirja Taipale seurakunnan neuvosto p\u00f6yt\u00e4kirja 3\/2025 Seurakunnanvaltuuston 1\/2025 7.4.2025 p\u00f6yt\u00e4kirja Seurakunnanneuvoston 2\/2025 27.3.2025 p\u00f6yt\u00e4kirja Kappelineuvoston &#8230; <a title=\"P\u00f6yt\u00e4kirjat\" class=\"read-more\" href=\"https:\/\/ort.fi\/nurmes\/paatoksenteko\/poytakirjat\/\" aria-label=\"Lue lis\u00e4\u00e4 aiheesta P\u00f6yt\u00e4kirjat\">Lue lis\u00e4\u00e4<\/a><\/p>\n","protected":false},"author":4,"featured_media":0,"parent":112,"menu_order":1,"comment_status":"closed","ping_status":"closed","template":"","meta":{"footnotes":""},"class_list":["post-778","page","type-page","status-publish"],"_links":{"self":[{"href":"https:\/\/ort.fi\/nurmes\/wp-json\/wp\/v2\/pages\/778","targetHints":{"allow":["GET"]}}],"collection":[{"href":"https:\/\/ort.fi\/nurmes\/wp-json\/wp\/v2\/pages"}],"about":[{"href":"https:\/\/ort.fi\/nurmes\/wp-json\/wp\/v2\/types\/page"}],"author":[{"embeddable":true,"href":"https:\/\/ort.fi\/nurmes\/wp-json\/wp\/v2\/users\/4"}],"replies":[{"embeddable":true,"href":"https:\/\/ort.fi\/nurmes\/wp-json\/wp\/v2\/comments?post=778"}],"version-history":[{"count":32,"href":"https:\/\/ort.fi\/nurmes\/wp-json\/wp\/v2\/pages\/778\/revisions"}],"predecessor-version":[{"id":2727,"href":"https:\/\/ort.fi\/nurmes\/wp-json\/wp\/v2\/pages\/778\/revisions\/2727"}],"up":[{"embeddable":true,"href":"https:\/\/ort.fi\/nurmes\/wp-json\/wp\/v2\/pages\/112"}],"wp:attachment":[{"href":"https:\/\/ort.fi\/nurmes\/wp-json\/wp\/v2\/media?parent=778"}],"curies":[{"name":"wp","href":"https:\/\/api.w.org\/{rel}","templated":true}]}}