{"id":770,"date":"2022-02-28T11:55:18","date_gmt":"2022-02-28T09:55:18","guid":{"rendered":"https:\/\/ort.fi\/nurmes\/?page_id=770"},"modified":"2024-08-25T12:50:41","modified_gmt":"2024-08-25T09:50:41","slug":"luottamushenkilot","status":"publish","type":"page","link":"https:\/\/ort.fi\/nurmes\/paatoksenteko\/luottamushenkilot\/","title":{"rendered":"Luottamushenkil\u00f6t"},"content":{"rendered":"\n<p><strong>Nurmeksen kappelineuvosto 2024-2027<\/strong><br>Juntunen Tapio, kappeliseurakunnan pappi, pj<br>H\u00e4m\u00e4l\u00e4inen Maija, Nurmes<br>Julkunen Markku, Nurmes<br>Koistinen Sakari, Nurmes<br>Konttinen Tarja, Juuka<br>Kuittinen Marjatta, p\u00e4\u00e4kirkon is\u00e4nn\u00f6itsij\u00e4, Nurmes<br>Liuha Annamari, Nurmes<br>Levy Maritta, Nurmes<br>Naakka Sulo, Juuka<\/p>\n\n\n\n<h4 class=\"wp-block-heading\">Kappeliseurakunnan edustajat yhteisiss\u00e4 p\u00e4\u00e4t\u00f6selimiss\u00e4<\/h4>\n\n\n\n<p><\/p>\n\n\n\n<p><strong>Seurakunnanvaltuusto 2024\u20132027, kappeliseurakunnan edustus<\/strong><br>J\u00e4rvelin Tuomas, kirkkoherra, pj<br>H\u00e4m\u00e4l\u00e4inen Pasi, Valtimo<br>Jehkinen Lea, Nurmes<br>Levy Maritta, Valtimo<br>Naakka Sulo, Juuka, vpj<br><br><strong>Seurakunnanneuvosto 2024-2027<\/strong><br>J\u00e4rvelin Tuomas, kirkkoherra, pj<br>Halonen Pirjo, Juuka<br>Koistinen Sakari, Nurmes<br><br><strong>Kiinteist\u00f6lautakunta 2024-2027<\/strong><br>J\u00e4rvelin Tuomas, kirkkoherra<br>H\u00e4m\u00e4l\u00e4inen Pasi, Valtimo<br>Konttinen Kalervo, Juuka<\/p>\n\n\n\n<p><\/p>\n\n\n\n<p><strong>Vaalilautakunta 2024-2027<\/strong><br>J\u00e4rvelin Tuomas, kirkkoherra, pj<br>H\u00e4m\u00e4l\u00e4inen Maija, Nurmes<br>Julkunen Markku, Nurmes<\/p>\n\n\n\n<p><br><strong>Diakoniaty\u00f6toimikunta 2024-2027<\/strong><br>Balcin Nemanja, II pappi<br>Konttinen Tarja, Juuka<br>Kotivuori Anja, Nurmes<br>Mahlavuori Liisa, Nurmes<br><br><strong>Nuorisoty\u00f6toimikunta 2024-2027<\/strong><br>Balcin Nemanja, II pappi<br>Koistinen Sakari, Nurmes<br>Sormunen Tiina, Nurmes<\/p>\n","protected":false},"excerpt":{"rendered":"<p>Nurmeksen kappelineuvosto 2024-2027Juntunen Tapio, kappeliseurakunnan pappi, pjH\u00e4m\u00e4l\u00e4inen Maija, NurmesJulkunen Markku, NurmesKoistinen Sakari, NurmesKonttinen Tarja, JuukaKuittinen Marjatta, p\u00e4\u00e4kirkon is\u00e4nn\u00f6itsij\u00e4, NurmesLiuha Annamari, NurmesLevy Maritta, NurmesNaakka Sulo, Juuka Kappeliseurakunnan edustajat yhteisiss\u00e4 p\u00e4\u00e4t\u00f6selimiss\u00e4 Seurakunnanvaltuusto 2024\u20132027, kappeliseurakunnan edustusJ\u00e4rvelin Tuomas, kirkkoherra, pjH\u00e4m\u00e4l\u00e4inen Pasi, ValtimoJehkinen Lea, NurmesLevy Maritta, ValtimoNaakka Sulo, Juuka, vpj Seurakunnanneuvosto 2024-2027J\u00e4rvelin Tuomas, kirkkoherra, pjHalonen Pirjo, JuukaKoistinen Sakari, Nurmes Kiinteist\u00f6lautakunta &#8230; <a title=\"Luottamushenkil\u00f6t\" class=\"read-more\" href=\"https:\/\/ort.fi\/nurmes\/paatoksenteko\/luottamushenkilot\/\" aria-label=\"Lue lis\u00e4\u00e4 aiheesta Luottamushenkil\u00f6t\">Lue lis\u00e4\u00e4<\/a><\/p>\n","protected":false},"author":4,"featured_media":0,"parent":112,"menu_order":1,"comment_status":"closed","ping_status":"closed","template":"","meta":{"footnotes":""},"class_list":["post-770","page","type-page","status-publish"],"_links":{"self":[{"href":"https:\/\/ort.fi\/nurmes\/wp-json\/wp\/v2\/pages\/770","targetHints":{"allow":["GET"]}}],"collection":[{"href":"https:\/\/ort.fi\/nurmes\/wp-json\/wp\/v2\/pages"}],"about":[{"href":"https:\/\/ort.fi\/nurmes\/wp-json\/wp\/v2\/types\/page"}],"author":[{"embeddable":true,"href":"https:\/\/ort.fi\/nurmes\/wp-json\/wp\/v2\/users\/4"}],"replies":[{"embeddable":true,"href":"https:\/\/ort.fi\/nurmes\/wp-json\/wp\/v2\/comments?post=770"}],"version-history":[{"count":7,"href":"https:\/\/ort.fi\/nurmes\/wp-json\/wp\/v2\/pages\/770\/revisions"}],"predecessor-version":[{"id":2137,"href":"https:\/\/ort.fi\/nurmes\/wp-json\/wp\/v2\/pages\/770\/revisions\/2137"}],"up":[{"embeddable":true,"href":"https:\/\/ort.fi\/nurmes\/wp-json\/wp\/v2\/pages\/112"}],"wp:attachment":[{"href":"https:\/\/ort.fi\/nurmes\/wp-json\/wp\/v2\/media?parent=770"}],"curies":[{"name":"wp","href":"https:\/\/api.w.org\/{rel}","templated":true}]}}