{"id":644,"date":"2022-02-19T14:35:18","date_gmt":"2022-02-19T12:35:18","guid":{"rendered":"https:\/\/ort.fi\/nurmes\/?page_id=644"},"modified":"2022-03-05T15:15:06","modified_gmt":"2022-03-05T13:15:06","slug":"tiedotus","status":"publish","type":"page","link":"https:\/\/ort.fi\/nurmes\/toiminta\/tiedotus\/","title":{"rendered":"Tiedotus"},"content":{"rendered":"\n<h2 class=\"has-medium-font-size wp-block-heading\"><strong>Kalenteri<\/strong><\/h2>\n\n\n\n<p><a href=\"https:\/\/calendar.google.com\/calendar\/embed?src=ikd6nprc0vlnn727pgpie45et8%40group.calendar.google.com&amp;ctz=Europe%2FHelsinki\" target=\"_blank\" rel=\"noreferrer noopener\">Katso t\u00e4st\u00e4 linkist\u00e4 seurakunnan kalenteri<\/a><\/p>\n\n\n\n<h2 class=\"has-medium-font-size wp-block-heading\"><strong>Tiedottaminen<\/strong><\/h2>\n\n\n\n<p><\/p>\n\n\n\n<p>Haluatko saada s\u00e4hk\u00f6postitse tiedot jumalanpalveluksista ja tapahtumista? Tiedote l\u00e4hetet\u00e4\u00e4n s\u00e4\u00e4nn\u00f6llisesti kuukausittain ja lis\u00e4ksi tarvittaessa, jos muutoksia tulee. Tiedotamme s\u00e4hk\u00f6postitse my\u00f6s retkist\u00e4 ja muusta toiminnasta. Mainoksia tai muiden sidosryhmien tiedotteita emme l\u00e4het\u00e4.<\/p>\n\n\n\n<p>Jos t\u00e4m\u00e4 vaivaton tapa pysy\u00e4 ajan tasalla kiinnostaa, liity s\u00e4hk\u00f6postilistalle: <br><em>ilmoita s\u00e4hk\u00f6postiosoitteesi p. 045 678 9423\/Tiina tai l\u00e4hett\u00e4m\u00e4ll\u00e4 s\u00e4hk\u00f6postia <a href=\"mailto:nurmes@ort.fi\">nurmes@ort.fi<\/a>.<\/em><\/p>\n\n\n\n<p><strong>Tiedotustoimikunta<br><\/strong>Kappeliseurakunnan tiedottamista pyrkii osaltaan ty\u00f6ntekij\u00f6iden apuna suunnittelemaan ja toteuttamaan kolmihenkinen tiedotustoimikunta, jonka puheenjohta-sihteerin\u00e4 toimii kanttori Tiina Sormunen. J\u00e4seni\u00e4 ovat Markku Julkunen ja Helena Mehtonen. Toimikunnan teht\u00e4v\u00e4nkuva muuttui radikaalisti, kun Aamun Koitto -lehden liitteest\u00e4 karsittiin k\u00e4yt\u00e4nn\u00f6ss\u00e4 kaikki seurakunnan tapahtumista kertovat jutut.<\/p>\n","protected":false},"excerpt":{"rendered":"<p>Kalenteri Katso t\u00e4st\u00e4 linkist\u00e4 seurakunnan kalenteri Tiedottaminen Haluatko saada s\u00e4hk\u00f6postitse tiedot jumalanpalveluksista ja tapahtumista? Tiedote l\u00e4hetet\u00e4\u00e4n s\u00e4\u00e4nn\u00f6llisesti kuukausittain ja lis\u00e4ksi tarvittaessa, jos muutoksia tulee. Tiedotamme s\u00e4hk\u00f6postitse my\u00f6s retkist\u00e4 ja muusta toiminnasta. Mainoksia tai muiden sidosryhmien tiedotteita emme l\u00e4het\u00e4. Jos t\u00e4m\u00e4 vaivaton tapa pysy\u00e4 ajan tasalla kiinnostaa, liity s\u00e4hk\u00f6postilistalle: ilmoita s\u00e4hk\u00f6postiosoitteesi p. 045 678 9423\/Tiina tai &#8230; <a title=\"Tiedotus\" class=\"read-more\" href=\"https:\/\/ort.fi\/nurmes\/toiminta\/tiedotus\/\" aria-label=\"Lue lis\u00e4\u00e4 aiheesta Tiedotus\">Lue lis\u00e4\u00e4<\/a><\/p>\n","protected":false},"author":4,"featured_media":0,"parent":108,"menu_order":0,"comment_status":"closed","ping_status":"closed","template":"","meta":{"footnotes":""},"class_list":["post-644","page","type-page","status-publish"],"_links":{"self":[{"href":"https:\/\/ort.fi\/nurmes\/wp-json\/wp\/v2\/pages\/644","targetHints":{"allow":["GET"]}}],"collection":[{"href":"https:\/\/ort.fi\/nurmes\/wp-json\/wp\/v2\/pages"}],"about":[{"href":"https:\/\/ort.fi\/nurmes\/wp-json\/wp\/v2\/types\/page"}],"author":[{"embeddable":true,"href":"https:\/\/ort.fi\/nurmes\/wp-json\/wp\/v2\/users\/4"}],"replies":[{"embeddable":true,"href":"https:\/\/ort.fi\/nurmes\/wp-json\/wp\/v2\/comments?post=644"}],"version-history":[{"count":11,"href":"https:\/\/ort.fi\/nurmes\/wp-json\/wp\/v2\/pages\/644\/revisions"}],"predecessor-version":[{"id":993,"href":"https:\/\/ort.fi\/nurmes\/wp-json\/wp\/v2\/pages\/644\/revisions\/993"}],"up":[{"embeddable":true,"href":"https:\/\/ort.fi\/nurmes\/wp-json\/wp\/v2\/pages\/108"}],"wp:attachment":[{"href":"https:\/\/ort.fi\/nurmes\/wp-json\/wp\/v2\/media?parent=644"}],"curies":[{"name":"wp","href":"https:\/\/api.w.org\/{rel}","templated":true}]}}