{"id":372,"date":"2021-01-13T12:47:26","date_gmt":"2021-01-13T10:47:26","guid":{"rendered":"https:\/\/ort.fi\/nurmes\/?page_id=372"},"modified":"2022-03-01T12:40:47","modified_gmt":"2022-03-01T10:40:47","slug":"juuan-kasityopiiri","status":"publish","type":"page","link":"https:\/\/ort.fi\/nurmes\/toiminta\/juuan-kasityopiiri\/","title":{"rendered":"Juuan k\u00e4sity\u00f6piiri"},"content":{"rendered":"\n<p><strong>Juuan k\u00e4sity\u00f6piiri<\/strong> kokoontuu maanantaisin klo 16-18 seurakuntasalilla (Laurilantie 9). Aiheena k\u00e4spaikat, ikoniliinat, helmi-ikonit, silkkikirjontaa ym.<\/p>\n\n\n\n<p>Tervetuloa vapaamuotoiseen ompelupiiriin! Lis\u00e4tietoja: Lea Saarimaa, p. 040&nbsp;758 6610.<\/p>\n","protected":false},"excerpt":{"rendered":"<p>Juuan k\u00e4sity\u00f6piiri kokoontuu maanantaisin klo 16-18 seurakuntasalilla (Laurilantie 9). Aiheena k\u00e4spaikat, ikoniliinat, helmi-ikonit, silkkikirjontaa ym. Tervetuloa vapaamuotoiseen ompelupiiriin! Lis\u00e4tietoja: Lea Saarimaa, p. 040&nbsp;758 6610.<\/p>\n","protected":false},"author":6,"featured_media":0,"parent":108,"menu_order":0,"comment_status":"closed","ping_status":"closed","template":"","meta":{"footnotes":""},"class_list":["post-372","page","type-page","status-publish"],"_links":{"self":[{"href":"https:\/\/ort.fi\/nurmes\/wp-json\/wp\/v2\/pages\/372","targetHints":{"allow":["GET"]}}],"collection":[{"href":"https:\/\/ort.fi\/nurmes\/wp-json\/wp\/v2\/pages"}],"about":[{"href":"https:\/\/ort.fi\/nurmes\/wp-json\/wp\/v2\/types\/page"}],"author":[{"embeddable":true,"href":"https:\/\/ort.fi\/nurmes\/wp-json\/wp\/v2\/users\/6"}],"replies":[{"embeddable":true,"href":"https:\/\/ort.fi\/nurmes\/wp-json\/wp\/v2\/comments?post=372"}],"version-history":[{"count":2,"href":"https:\/\/ort.fi\/nurmes\/wp-json\/wp\/v2\/pages\/372\/revisions"}],"predecessor-version":[{"id":834,"href":"https:\/\/ort.fi\/nurmes\/wp-json\/wp\/v2\/pages\/372\/revisions\/834"}],"up":[{"embeddable":true,"href":"https:\/\/ort.fi\/nurmes\/wp-json\/wp\/v2\/pages\/108"}],"wp:attachment":[{"href":"https:\/\/ort.fi\/nurmes\/wp-json\/wp\/v2\/media?parent=372"}],"curies":[{"name":"wp","href":"https:\/\/api.w.org\/{rel}","templated":true}]}}