{"id":366,"date":"2021-01-13T12:47:26","date_gmt":"2021-01-13T10:47:26","guid":{"rendered":"https:\/\/ort.fi\/nurmes\/?page_id=366"},"modified":"2023-08-31T13:41:36","modified_gmt":"2023-08-31T10:41:36","slug":"tiistaiseurat","status":"publish","type":"page","link":"https:\/\/ort.fi\/nurmes\/toiminta\/tiistaiseurat\/","title":{"rendered":"Tiistaiseurat"},"content":{"rendered":"\n<p>Tiistaiseurat ovat perinteinen osa Pyhien Sergein ja Hermanin Veljeskunnan toimintaa, ne eiv\u00e4t siis ole seurakunnan vastuulla olevaa toimintaa. Jokainen tiistaiseura toimii itsen\u00e4isesti ja oman ohjelmansa mukaan. Seurakunnan pappi ja kanttori vierailevat aika-ajoin tiistaiseurojen kokouksissa. Kappeliseurakunnan alueella toimivat seuraavat tiistaiseurat:   <\/p>\n\n\n\n<p><strong>Juuan Tiistaiseura<\/strong> kokoontuu p\u00e4\u00e4s\u00e4\u00e4nt\u00f6isesti joka toinen tiistai klo 12.00 Juuan seurakuntasalilla, Laurilantie 9. Lis\u00e4tietoja: 050 466 1552\/ Sisko tai <a href=\"mailto:sisko.kallinen@gmail.com\">sisko.kallinen@gmail.com<\/a>.<\/p>\n\n\n\n<p><strong><br>Vuokon Tiistaiseura<\/strong> kokoontuu kerran kuukaudessa. Tiedustelut: Ulla Maija Saarelainen, p. 050&nbsp;570 3499<br><br><strong>Yl\u00e4-Valtimon tiistaiseura<\/strong> on t\u00e4ll\u00e4 hetkell\u00e4 nukkuva tiistaiseura, jonka toiminta voidaan k\u00e4ynnist\u00e4\u00e4 tarpeen mukaan ja innokkaiden osallistujien toiveista. Yhteydenotot seurakuntaan <a href=\"mailto:nurmes@ort.fi\">nurmes@ort.fi<\/a> tai p. 045 678 9423<\/p>\n","protected":false},"excerpt":{"rendered":"<p>Tiistaiseurat ovat perinteinen osa Pyhien Sergein ja Hermanin Veljeskunnan toimintaa, ne eiv\u00e4t siis ole seurakunnan vastuulla olevaa toimintaa. Jokainen tiistaiseura toimii itsen\u00e4isesti ja oman ohjelmansa mukaan. Seurakunnan pappi ja kanttori vierailevat aika-ajoin tiistaiseurojen kokouksissa. Kappeliseurakunnan alueella toimivat seuraavat tiistaiseurat: Juuan Tiistaiseura kokoontuu p\u00e4\u00e4s\u00e4\u00e4nt\u00f6isesti joka toinen tiistai klo 12.00 Juuan seurakuntasalilla, Laurilantie 9. Lis\u00e4tietoja: 050 466 &#8230; <a title=\"Tiistaiseurat\" class=\"read-more\" href=\"https:\/\/ort.fi\/nurmes\/toiminta\/tiistaiseurat\/\" aria-label=\"Lue lis\u00e4\u00e4 aiheesta Tiistaiseurat\">Lue lis\u00e4\u00e4<\/a><\/p>\n","protected":false},"author":6,"featured_media":0,"parent":108,"menu_order":0,"comment_status":"closed","ping_status":"closed","template":"","meta":{"footnotes":""},"class_list":["post-366","page","type-page","status-publish"],"_links":{"self":[{"href":"https:\/\/ort.fi\/nurmes\/wp-json\/wp\/v2\/pages\/366","targetHints":{"allow":["GET"]}}],"collection":[{"href":"https:\/\/ort.fi\/nurmes\/wp-json\/wp\/v2\/pages"}],"about":[{"href":"https:\/\/ort.fi\/nurmes\/wp-json\/wp\/v2\/types\/page"}],"author":[{"embeddable":true,"href":"https:\/\/ort.fi\/nurmes\/wp-json\/wp\/v2\/users\/6"}],"replies":[{"embeddable":true,"href":"https:\/\/ort.fi\/nurmes\/wp-json\/wp\/v2\/comments?post=366"}],"version-history":[{"count":7,"href":"https:\/\/ort.fi\/nurmes\/wp-json\/wp\/v2\/pages\/366\/revisions"}],"predecessor-version":[{"id":1747,"href":"https:\/\/ort.fi\/nurmes\/wp-json\/wp\/v2\/pages\/366\/revisions\/1747"}],"up":[{"embeddable":true,"href":"https:\/\/ort.fi\/nurmes\/wp-json\/wp\/v2\/pages\/108"}],"wp:attachment":[{"href":"https:\/\/ort.fi\/nurmes\/wp-json\/wp\/v2\/media?parent=366"}],"curies":[{"name":"wp","href":"https:\/\/api.w.org\/{rel}","templated":true}]}}