{"id":358,"date":"2021-01-13T12:43:51","date_gmt":"2021-01-13T10:43:51","guid":{"rendered":"https:\/\/ort.fi\/nurmes\/?page_id=358"},"modified":"2022-03-01T13:07:23","modified_gmt":"2022-03-01T11:07:23","slug":"lapsi-ja-nuorisotyo","status":"publish","type":"page","link":"https:\/\/ort.fi\/nurmes\/toiminta\/lapsi-ja-nuorisotyo\/","title":{"rendered":"Lapsi- ja nuorisoty\u00f6"},"content":{"rendered":"\n<p>Koronan vuoksi s\u00e4\u00e4nn\u00f6llinen eli viikoittainen lasten kerhotoiminta j\u00e4i tauolle, eik\u00e4 sit\u00e4 ole toiveista ja jonkinlaisista yrityksist\u00e4 huolimatta saatu k\u00e4ynnistetty\u00e4 uudelleen. Niinp\u00e4 Nur\u00admeksen ortodoksinen kappeliseurakunta j\u00e4rjest\u00e4\u00e4 kev\u00e4\u00e4n aikana lasten ja perheiden yhtei\u00adsi\u00e4 tapahtumia.<\/p>\n\n\n\n<p>Sunnuntaina 27.2. kokoonnuttiin laskiaisen kunniaksi rukoushetkeen pyhien apostolien Pietarin ja Paavalin kirkkoon ja sen j\u00e4lkeen ohjelmassa oli m\u00e4enlaskua ja makkaranpaistoa Kotilanvaaran hiihtokeskuksessa.<\/p>\n\n\n\n<p>LAUANTAINA 9.4. klo 10 Lasaruksen lauantain liturgia * ja virpomavitsojen siunaaminen Valtimon Pyh\u00e4n Kolminaisuuden kirkossa (Lokkiharjuntie 40); klo 17 ehtoopalvelus ja vir\u00adpomavitsojen siunaaminen Nurmeksen pyhien apostolien Pietarin ja Paavalin kirkossa (Kirkkokatu 31) sek\u00e4 klo 17 vigilia ja virpomavitsojen siunaaminen Juuan pyh\u00e4n profeetta Elian tsasounassa (Laurilantie 7).<\/p>\n\n\n\n<p>Palveluksessa siunataan virpomavitsat pyhitetyll\u00e4 vedell\u00e4. Omat vitsat kannattaa sitoa yh\u00adteen; siunatut vitsat tulee h\u00e4vitt\u00e4\u00e4 polttamalla.<\/p>\n\n\n\n<p>MAANANTAINA 18.4. klo 10 liturgia * ja lasten p\u00e4\u00e4si\u00e4inen Juuassa. Liturgia toimitetaan pyh\u00e4n profeetta Elian tsasounassa (Laurilantie 7), jonka j\u00e4lkeen siirrymme kirkkokahveille seurakuntasalille tsasounan viereen. Kirkkokahvien ja herkuttelun ohessa j\u00e4rjest\u00e4mme lap\u00adsille mukavaa yhteist\u00e4 tekemist\u00e4. Kannattaa varata mukaan ulkoiluun soveltuvat vaatteet, sill\u00e4 tsasounan pihassa on mahdollista pelata sek\u00e4 leikki\u00e4 ja luvassa on my\u00f6s yll\u00e4tysohjel\u00admaa!<\/p>\n\n\n\n<p><strong>Kristinoppikoulu = kripari<\/strong><\/p>\n\n\n\n<p>Suomessa ortodoksiset seurakunnat j\u00e4rjest\u00e4v\u00e4t 15-vuotta t\u00e4ytt\u00e4ville kristinoppikoulun, eli tuttavallisemmin kriparin. Tavallisimmin kripari on leirimuotoinen 7-10 p\u00e4iv\u00e4inen. Kriparilla korostuu yhdess\u00e4 kokeminen ja tekeminen, ortodoksina el\u00e4minen. Ohjelmaan kuuluvat jumalanpalvelukset, oppitunnit, ryhm\u00e4toiminnat, illanvietot, vapaa-aika ja retket. Kriparilla solmitaan koko el\u00e4m\u00e4nkin kest\u00e4vi\u00e4 yst\u00e4vyyksi\u00e4, tutustutaan oman kirkon perinteeseen ja vahvistetaan ortodoksista identiteetti\u00e4. Kripari on vapaaehtoinen, mutta eritt\u00e4in t\u00e4rke\u00e4 osa nuoren el\u00e4m\u00e4\u00e4. <br><br><strong>Kes\u00e4n 2022 kripari<\/strong> S\u00e4ynelammella 10.-19.6.2022. Seurakunta tiedottaa tulevan kes\u00e4n kriparilaisia kirjeitse sek\u00e4 syys-lokakuussa koulujen kripari-infoissa.<\/p>\n","protected":false},"excerpt":{"rendered":"<p>Koronan vuoksi s\u00e4\u00e4nn\u00f6llinen eli viikoittainen lasten kerhotoiminta j\u00e4i tauolle, eik\u00e4 sit\u00e4 ole toiveista ja jonkinlaisista yrityksist\u00e4 huolimatta saatu k\u00e4ynnistetty\u00e4 uudelleen. Niinp\u00e4 Nur\u00admeksen ortodoksinen kappeliseurakunta j\u00e4rjest\u00e4\u00e4 kev\u00e4\u00e4n aikana lasten ja perheiden yhtei\u00adsi\u00e4 tapahtumia. Sunnuntaina 27.2. kokoonnuttiin laskiaisen kunniaksi rukoushetkeen pyhien apostolien Pietarin ja Paavalin kirkkoon ja sen j\u00e4lkeen ohjelmassa oli m\u00e4enlaskua ja makkaranpaistoa Kotilanvaaran hiihtokeskuksessa. LAUANTAINA &#8230; <a title=\"Lapsi- ja nuorisoty\u00f6\" class=\"read-more\" href=\"https:\/\/ort.fi\/nurmes\/toiminta\/lapsi-ja-nuorisotyo\/\" aria-label=\"Lue lis\u00e4\u00e4 aiheesta Lapsi- ja nuorisoty\u00f6\">Lue lis\u00e4\u00e4<\/a><\/p>\n","protected":false},"author":6,"featured_media":0,"parent":108,"menu_order":0,"comment_status":"closed","ping_status":"closed","template":"","meta":{"footnotes":""},"class_list":["post-358","page","type-page","status-publish"],"_links":{"self":[{"href":"https:\/\/ort.fi\/nurmes\/wp-json\/wp\/v2\/pages\/358","targetHints":{"allow":["GET"]}}],"collection":[{"href":"https:\/\/ort.fi\/nurmes\/wp-json\/wp\/v2\/pages"}],"about":[{"href":"https:\/\/ort.fi\/nurmes\/wp-json\/wp\/v2\/types\/page"}],"author":[{"embeddable":true,"href":"https:\/\/ort.fi\/nurmes\/wp-json\/wp\/v2\/users\/6"}],"replies":[{"embeddable":true,"href":"https:\/\/ort.fi\/nurmes\/wp-json\/wp\/v2\/comments?post=358"}],"version-history":[{"count":7,"href":"https:\/\/ort.fi\/nurmes\/wp-json\/wp\/v2\/pages\/358\/revisions"}],"predecessor-version":[{"id":874,"href":"https:\/\/ort.fi\/nurmes\/wp-json\/wp\/v2\/pages\/358\/revisions\/874"}],"up":[{"embeddable":true,"href":"https:\/\/ort.fi\/nurmes\/wp-json\/wp\/v2\/pages\/108"}],"wp:attachment":[{"href":"https:\/\/ort.fi\/nurmes\/wp-json\/wp\/v2\/media?parent=358"}],"curies":[{"name":"wp","href":"https:\/\/api.w.org\/{rel}","templated":true}]}}