{"id":340,"date":"2021-01-13T12:39:40","date_gmt":"2021-01-13T10:39:40","guid":{"rendered":"https:\/\/ort.fi\/nurmes\/?page_id=340"},"modified":"2022-03-01T12:43:10","modified_gmt":"2022-03-01T10:43:10","slug":"nurmeksen-kirkkokuoro","status":"publish","type":"page","link":"https:\/\/ort.fi\/nurmes\/toiminta\/kuorotoiminta\/nurmeksen-kirkkokuoro\/","title":{"rendered":"Nurmeksen kirkkokuoro"},"content":{"rendered":"\n<p><strong>Ortodoksinen kirkkokuoro<\/strong> kokoontuu keskiviikkoisin klo 17.45 Nurmeksessa pyhien apostolien Pietarin ja Paavalin kirkossa. Harjoituksia pidet\u00e4\u00e4n satunnaisesti my\u00f6s Juuassa erikseen sovittavina ajankohtina.<\/p>\n","protected":false},"excerpt":{"rendered":"<p>Ortodoksinen kirkkokuoro kokoontuu keskiviikkoisin klo 17.45 Nurmeksessa pyhien apostolien Pietarin ja Paavalin kirkossa. Harjoituksia pidet\u00e4\u00e4n satunnaisesti my\u00f6s Juuassa erikseen sovittavina ajankohtina.<\/p>\n","protected":false},"author":6,"featured_media":0,"parent":830,"menu_order":0,"comment_status":"closed","ping_status":"closed","template":"","meta":{"footnotes":""},"class_list":["post-340","page","type-page","status-publish"],"_links":{"self":[{"href":"https:\/\/ort.fi\/nurmes\/wp-json\/wp\/v2\/pages\/340","targetHints":{"allow":["GET"]}}],"collection":[{"href":"https:\/\/ort.fi\/nurmes\/wp-json\/wp\/v2\/pages"}],"about":[{"href":"https:\/\/ort.fi\/nurmes\/wp-json\/wp\/v2\/types\/page"}],"author":[{"embeddable":true,"href":"https:\/\/ort.fi\/nurmes\/wp-json\/wp\/v2\/users\/6"}],"replies":[{"embeddable":true,"href":"https:\/\/ort.fi\/nurmes\/wp-json\/wp\/v2\/comments?post=340"}],"version-history":[{"count":4,"href":"https:\/\/ort.fi\/nurmes\/wp-json\/wp\/v2\/pages\/340\/revisions"}],"predecessor-version":[{"id":848,"href":"https:\/\/ort.fi\/nurmes\/wp-json\/wp\/v2\/pages\/340\/revisions\/848"}],"up":[{"embeddable":true,"href":"https:\/\/ort.fi\/nurmes\/wp-json\/wp\/v2\/pages\/830"}],"wp:attachment":[{"href":"https:\/\/ort.fi\/nurmes\/wp-json\/wp\/v2\/media?parent=340"}],"curies":[{"name":"wp","href":"https:\/\/api.w.org\/{rel}","templated":true}]}}