{"id":322,"date":"2021-01-13T12:31:48","date_gmt":"2021-01-13T10:31:48","guid":{"rendered":"https:\/\/ort.fi\/nurmes\/?page_id=322"},"modified":"2024-09-26T18:48:37","modified_gmt":"2024-09-26T15:48:37","slug":"ortodoksisuus-tutuksi","status":"publish","type":"page","link":"https:\/\/ort.fi\/nurmes\/toiminta\/ortodoksisuus-tutuksi\/","title":{"rendered":"Ortodoksisuus tutuksi"},"content":{"rendered":"\n<div class=\"wp-block-media-text alignwide has-media-on-the-right is-stacked-on-mobile\" style=\"grid-template-columns:auto 16%\"><div class=\"wp-block-media-text__content\">\n<p>Tervetuloa tutustumaan ortodoksisuuteen, niin teologian<br>kuin perinteen ja k\u00e4yt\u00e4nn\u00f6n n\u00e4k\u00f6kulmista. <br><br>Opintopiiri kokoontuu seurakuntasalilla, Salmenkatu 5, joka toinen<br>torstai klo 17.30. <br><br>Opintopiiri\u00e4 vet\u00e4\u00e4 pastori Tapio Juntunen, p. 040 163 4430.<br><br>Alustuksen lis\u00e4ksi on aikaa keskustelulle. <br><br>Opintopiiriin ovat tervetulleita ihan kaikki, kirkon j\u00e4senet, j\u00e4senyydest\u00e4<br>kiinnostuneet ja hekin, joita aiheet ylip\u00e4\u00e4ns\u00e4 kiinnostavat!<\/p>\n<\/div><figure class=\"wp-block-media-text__media\"><img loading=\"lazy\" decoding=\"async\" width=\"187\" height=\"397\" src=\"https:\/\/ort.fi\/nurmes\/wp-content\/uploads\/2022\/09\/opintopiiri_2.png\" alt=\"\" class=\"wp-image-1409 size-full\" srcset=\"https:\/\/ort.fi\/nurmes\/wp-content\/uploads\/2022\/09\/opintopiiri_2.png 187w, https:\/\/ort.fi\/nurmes\/wp-content\/uploads\/2022\/09\/opintopiiri_2-141x300.png 141w\" sizes=\"auto, (max-width: 187px) 100vw, 187px\" \/><\/figure><\/div>\n\n\n\n<p><\/p>\n\n\n\n<p>Tervetuloa!&nbsp;<\/p>\n\n\n\n<p><a href=\"https:\/\/drive.google.com\/file\/d\/1ukau1BYgqQmAmUh_wXMxO8fBbwJ0J6O0\/view?usp=sharing\">Katso syksyn 2024 ohjelma t\u00e4st\u00e4 <\/a><\/p>\n\n\n\n<p><\/p>\n","protected":false},"excerpt":{"rendered":"<p>Tervetuloa tutustumaan ortodoksisuuteen, niin teologiankuin perinteen ja k\u00e4yt\u00e4nn\u00f6n n\u00e4k\u00f6kulmista. Opintopiiri kokoontuu seurakuntasalilla, Salmenkatu 5, joka toinentorstai klo 17.30. Opintopiiri\u00e4 vet\u00e4\u00e4 pastori Tapio Juntunen, p. 040 163 4430. Alustuksen lis\u00e4ksi on aikaa keskustelulle. Opintopiiriin ovat tervetulleita ihan kaikki, kirkon j\u00e4senet, j\u00e4senyydest\u00e4kiinnostuneet ja hekin, joita aiheet ylip\u00e4\u00e4ns\u00e4 kiinnostavat! Tervetuloa!&nbsp; Katso syksyn 2024 ohjelma t\u00e4st\u00e4<\/p>\n","protected":false},"author":7,"featured_media":0,"parent":108,"menu_order":1,"comment_status":"closed","ping_status":"closed","template":"","meta":{"footnotes":""},"class_list":["post-322","page","type-page","status-publish"],"_links":{"self":[{"href":"https:\/\/ort.fi\/nurmes\/wp-json\/wp\/v2\/pages\/322","targetHints":{"allow":["GET"]}}],"collection":[{"href":"https:\/\/ort.fi\/nurmes\/wp-json\/wp\/v2\/pages"}],"about":[{"href":"https:\/\/ort.fi\/nurmes\/wp-json\/wp\/v2\/types\/page"}],"author":[{"embeddable":true,"href":"https:\/\/ort.fi\/nurmes\/wp-json\/wp\/v2\/users\/7"}],"replies":[{"embeddable":true,"href":"https:\/\/ort.fi\/nurmes\/wp-json\/wp\/v2\/comments?post=322"}],"version-history":[{"count":26,"href":"https:\/\/ort.fi\/nurmes\/wp-json\/wp\/v2\/pages\/322\/revisions"}],"predecessor-version":[{"id":2177,"href":"https:\/\/ort.fi\/nurmes\/wp-json\/wp\/v2\/pages\/322\/revisions\/2177"}],"up":[{"embeddable":true,"href":"https:\/\/ort.fi\/nurmes\/wp-json\/wp\/v2\/pages\/108"}],"wp:attachment":[{"href":"https:\/\/ort.fi\/nurmes\/wp-json\/wp\/v2\/media?parent=322"}],"curies":[{"name":"wp","href":"https:\/\/api.w.org\/{rel}","templated":true}]}}