{"id":32,"date":"2020-12-14T17:05:14","date_gmt":"2020-12-14T15:05:14","guid":{"rendered":"https:\/\/ort.fi\/nurmes\/?page_id=32"},"modified":"2025-06-16T20:12:32","modified_gmt":"2025-06-16T17:12:32","slug":"yhteystiedot","status":"publish","type":"page","link":"https:\/\/ort.fi\/nurmes\/yhteystiedot\/","title":{"rendered":"Yhteystiedot"},"content":{"rendered":"\n<h2 class=\"wp-block-heading\">Kappeliseurakunnan kanslia<\/h2>\n\n\n\n<p>Salmenkatu 5, 75500 NURMES<br>puhelin 0400 608 601 (torstaisin 10:30-14:00)<br>s\u00e4hk\u00f6posti nurmes@ort.fi<\/p>\n\n\n\n<p>Kanslia on avoinna <strong>torstaisin klo 10:30 &#8211; 14:00<\/strong>.<br>Muina aikoina yhteys puhelimitse (kts alla). <\/p>\n\n\n\n<p>Kaikista kirkollisista toimituksista sovitaan aina papin tai kanttorin kanssa .<\/p>\n\n\n\n<p>Virkatodistukset tilataan ortodoksisen kirkon keskusrekisterist\u00e4 Kuopiosta puhelimitse 040 358 3625 tai s\u00e4hk\u00f6postilla keskusrekisteri@ort.fi<br>Keskusrekisteri on avoinna maanantaisin ja torstaisin klo 9 &#8211; 12.<\/p>\n\n\n\n<p><\/p>\n\n\n\n<p><\/p>\n\n\n\n<h2 class=\"wp-block-heading\">Kappeliseurakunnan pappi<\/h2>\n\n\n\n<div class=\"wp-block-media-text is-stacked-on-mobile\" style=\"grid-template-columns:18% auto\"><figure class=\"wp-block-media-text__media\"><img loading=\"lazy\" decoding=\"async\" width=\"275\" height=\"354\" src=\"https:\/\/ort.fi\/nurmes\/wp-content\/uploads\/2025\/06\/Valinta_999093.jpg\" alt=\"\" class=\"wp-image-2393 size-full\" srcset=\"https:\/\/ort.fi\/nurmes\/wp-content\/uploads\/2025\/06\/Valinta_999093.jpg 275w, https:\/\/ort.fi\/nurmes\/wp-content\/uploads\/2025\/06\/Valinta_999093-233x300.jpg 233w\" sizes=\"auto, (max-width: 275px) 100vw, 275px\" \/><\/figure><div class=\"wp-block-media-text__content\">\n<p class=\"has-text-align-left\">is\u00e4 <strong>Pentti Potkonen<\/strong><\/p>\n\n\n\n<p class=\"has-text-align-left\">puhelin 040 163 4430<br>s\u00e4hk\u00f6posti pentti.potkonen@ort.fi<br>vapaap\u00e4iv\u00e4t ma-ti<\/p>\n<\/div><\/div>\n\n\n\n<h2 class=\"wp-block-heading\">Kappeliseurakunnan kanttori <\/h2>\n\n\n<div class=\"wp-block-image\">\n<figure class=\"alignleft size-large is-resized\"><img loading=\"lazy\" decoding=\"async\" width=\"905\" height=\"1024\" src=\"https:\/\/ort.fi\/nurmes\/wp-content\/uploads\/2020\/12\/2019_Tiina_Sormunen-2-905x1024.jpg\" alt=\"\" class=\"wp-image-198\" style=\"width:152px;height:171px\" srcset=\"https:\/\/ort.fi\/nurmes\/wp-content\/uploads\/2020\/12\/2019_Tiina_Sormunen-2-905x1024.jpg 905w, https:\/\/ort.fi\/nurmes\/wp-content\/uploads\/2020\/12\/2019_Tiina_Sormunen-2-265x300.jpg 265w, https:\/\/ort.fi\/nurmes\/wp-content\/uploads\/2020\/12\/2019_Tiina_Sormunen-2-768x869.jpg 768w, https:\/\/ort.fi\/nurmes\/wp-content\/uploads\/2020\/12\/2019_Tiina_Sormunen-2-1357x1536.jpg 1357w, https:\/\/ort.fi\/nurmes\/wp-content\/uploads\/2020\/12\/2019_Tiina_Sormunen-2-1809x2048.jpg 1809w\" sizes=\"auto, (max-width: 905px) 100vw, 905px\" \/><\/figure>\n<\/div>\n\n\n<p><strong>Tiina Sormunen<br><\/strong>puhelin 045 678 9423<br>s\u00e4hk\u00f6posti <a href=\"mailto:tiina.sormunen@ort.fi\">tiina.sormunen@ort.fi<\/a><br>vapaap\u00e4iv\u00e4t ma-ti<\/p>\n\n\n\n<p><\/p>\n\n\n\n<p><\/p>\n\n\n\n<p>Muut vapaap\u00e4iv\u00e4t ja lomat on merkitty seurakunnan kalenteriin verkossa.<\/p>\n\n\n\n<p><br><\/p>\n\n\n\n<p><\/p>\n\n\n\n<p><\/p>\n\n\n\n<h2 class=\"wp-block-heading has-text-align-left\">Kirkkoherra<\/h2>\n\n\n\n<div class=\"wp-block-columns is-layout-flex wp-container-core-columns-is-layout-9d6595d7 wp-block-columns-is-layout-flex\">\n<div class=\"wp-block-column is-layout-flow wp-block-column-is-layout-flow\" style=\"flex-basis:100%\"><div class=\"wp-block-image\">\n<figure class=\"alignleft size-full is-resized\"><img loading=\"lazy\" decoding=\"async\" width=\"258\" height=\"300\" src=\"https:\/\/ort.fi\/nurmes\/wp-content\/uploads\/2023\/10\/Tuomas-Jarvelin-258x300-1.jpg\" alt=\"\" class=\"wp-image-1807\" style=\"width:138px;height:161px\"\/><\/figure>\n<\/div>\n\n\n<p class=\"has-text-align-left\">is\u00e4 Tuomas J\u00e4rvelin <br>puhelin 050 566 1700 <br>s\u00e4hk\u00f6posti <a href=\"mailto:paavo.ratilainen@ort.fi\">tuomas.jarvelin@ort.fi<\/a><br>Taipaleen ortodoksinen seurakunta<br>Viinij\u00e4rventie 7, 83400 VIINIJ\u00c4RVI<br>vapaap\u00e4iv\u00e4t to-pe<\/p>\n<\/div>\n<\/div>\n\n\n\n<p><\/p>\n\n\n\n<p><\/p>\n\n\n\n<h2 class=\"wp-block-heading\">Muu papisto ja kiireelliset asiat<\/h2>\n\n\n\n<p>Maanantaisin ja tiistaisin pyydet\u00e4\u00e4n ottamaan yhteytt\u00e4 seurakunnan kirkkoherraan, jos pappia kiireellisesti tarvitaan esimerkiksi kuolemanvaarassa olevaa tapaamaan.<\/p>\n\n\n\n<p>Ota yhteytt\u00e4 kotiseurakuntaasi, jos kaipaat keskustelu- tai diakonia-apua. Katumuksen mysteerioon voi tulla ajan papilta varaten, tai palvelusten yhteydess\u00e4 sopien. Katumus ja ehtoollinen voidaan toimittaa my\u00f6s hoitolaitoksessa tai kotona, tilanteen niin vaatiessa.<\/p>\n\n\n\n<p>Nurmeksen ortodoksisen kappeliseurakunnan ja kirkkokuoron sivut l\u00f6ytyv\u00e4t my\u00f6s Facebookista. K\u00e4y tykk\u00e4\u00e4m\u00e4ss\u00e4 ja katsomassa kuvia sek\u00e4 seuraa palveluksia.<\/p>\n","protected":false},"excerpt":{"rendered":"<p>Kappeliseurakunnan kanslia Salmenkatu 5, 75500 NURMESpuhelin 0400 608 601 (torstaisin 10:30-14:00)s\u00e4hk\u00f6posti nurmes@ort.fi Kanslia on avoinna torstaisin klo 10:30 &#8211; 14:00.Muina aikoina yhteys puhelimitse (kts alla). Kaikista kirkollisista toimituksista sovitaan aina papin tai kanttorin kanssa . Virkatodistukset tilataan ortodoksisen kirkon keskusrekisterist\u00e4 Kuopiosta puhelimitse 040 358 3625 tai s\u00e4hk\u00f6postilla keskusrekisteri@ort.fiKeskusrekisteri on avoinna maanantaisin ja torstaisin klo 9 &#8230; <a title=\"Yhteystiedot\" class=\"read-more\" href=\"https:\/\/ort.fi\/nurmes\/yhteystiedot\/\" aria-label=\"Lue lis\u00e4\u00e4 aiheesta Yhteystiedot\">Lue lis\u00e4\u00e4<\/a><\/p>\n","protected":false},"author":2,"featured_media":0,"parent":0,"menu_order":3,"comment_status":"closed","ping_status":"closed","template":"","meta":{"footnotes":""},"class_list":["post-32","page","type-page","status-publish"],"_links":{"self":[{"href":"https:\/\/ort.fi\/nurmes\/wp-json\/wp\/v2\/pages\/32","targetHints":{"allow":["GET"]}}],"collection":[{"href":"https:\/\/ort.fi\/nurmes\/wp-json\/wp\/v2\/pages"}],"about":[{"href":"https:\/\/ort.fi\/nurmes\/wp-json\/wp\/v2\/types\/page"}],"author":[{"embeddable":true,"href":"https:\/\/ort.fi\/nurmes\/wp-json\/wp\/v2\/users\/2"}],"replies":[{"embeddable":true,"href":"https:\/\/ort.fi\/nurmes\/wp-json\/wp\/v2\/comments?post=32"}],"version-history":[{"count":51,"href":"https:\/\/ort.fi\/nurmes\/wp-json\/wp\/v2\/pages\/32\/revisions"}],"predecessor-version":[{"id":2395,"href":"https:\/\/ort.fi\/nurmes\/wp-json\/wp\/v2\/pages\/32\/revisions\/2395"}],"wp:attachment":[{"href":"https:\/\/ort.fi\/nurmes\/wp-json\/wp\/v2\/media?parent=32"}],"curies":[{"name":"wp","href":"https:\/\/api.w.org\/{rel}","templated":true}]}}