{"id":308,"date":"2021-01-13T11:05:08","date_gmt":"2021-01-13T09:05:08","guid":{"rendered":"https:\/\/ort.fi\/nurmes\/?page_id=308"},"modified":"2023-08-31T13:40:06","modified_gmt":"2023-08-31T10:40:06","slug":"kirjakerho","status":"publish","type":"page","link":"https:\/\/ort.fi\/nurmes\/toiminta\/kirjakerho\/","title":{"rendered":"Kirjakerho"},"content":{"rendered":"\n<div class=\"wp-block-columns is-layout-flex wp-container-core-columns-is-layout-9d6595d7 wp-block-columns-is-layout-flex\">\n<div class=\"wp-block-column is-layout-flow wp-block-column-is-layout-flow\" style=\"flex-basis:100%\">\n<div class=\"wp-block-columns alignwide are-vertically-aligned-top is-layout-flex wp-container-core-columns-is-layout-9d6595d7 wp-block-columns-is-layout-flex\">\n<div class=\"wp-block-column is-layout-flow wp-block-column-is-layout-flow\" style=\"flex-basis:40%\"><\/div>\n\n\n\n<div class=\"wp-block-column is-layout-flow wp-block-column-is-layout-flow\" style=\"flex-basis:60%\">\n<p><\/p>\n<\/div>\n<\/div>\n\n\n\n<div class=\"wp-block-media-text alignwide is-stacked-on-mobile is-vertically-aligned-top\" style=\"grid-template-columns:77% auto\"><figure class=\"wp-block-media-text__media\"><img loading=\"lazy\" decoding=\"async\" width=\"1024\" height=\"755\" src=\"https:\/\/ort.fi\/nurmes\/wp-content\/uploads\/2022\/08\/kirjakerho_220830_1-2-1024x755.jpg\" alt=\"\" class=\"wp-image-1373 size-full\" srcset=\"https:\/\/ort.fi\/nurmes\/wp-content\/uploads\/2022\/08\/kirjakerho_220830_1-2-1024x755.jpg 1024w, https:\/\/ort.fi\/nurmes\/wp-content\/uploads\/2022\/08\/kirjakerho_220830_1-2-300x221.jpg 300w, https:\/\/ort.fi\/nurmes\/wp-content\/uploads\/2022\/08\/kirjakerho_220830_1-2-768x566.jpg 768w, https:\/\/ort.fi\/nurmes\/wp-content\/uploads\/2022\/08\/kirjakerho_220830_1-2-1536x1133.jpg 1536w, https:\/\/ort.fi\/nurmes\/wp-content\/uploads\/2022\/08\/kirjakerho_220830_1-2.jpg 1783w\" sizes=\"auto, (max-width: 1024px) 100vw, 1024px\" \/><\/figure><div class=\"wp-block-media-text__content\">\n<p>Nurmeksen ortodoksisen kappeliseurakunnan tiloissa kokoontuu kerran kuukaudessa vapaamuotoinen kirjakerho keskustelemaan kirjoista ja paljosta muusta, mik\u00e4 yhteisen illan aikana aiheeksi nousee.&nbsp;<\/p>\n\n\n\n<p>&nbsp;&nbsp;<\/p>\n<\/div><\/div>\n<\/div>\n<\/div>\n\n\n\n<p><br>Kerho kokoontuu syys-toukokuussa kuukauden viimeisen\u00e4 maanantaina klo 17 Nurmeksen seurakuntasalilla (Salmenkatu 5).<br><br>Tule mukaan! Kynnys on matala eik\u00e4 mit\u00e4\u00e4n vaatimuksia kirjallisen maun tai lukeneisuuden suhteen ole. Kuten J\u00f6rn Donner aikanaan Suurta suomalaista kirjakerhoa mainosti: \u201cLukeminen kannattaa aina.\u201d<\/p>\n\n\n<div class=\"wp-block-image\">\n<figure class=\"aligncenter size-large is-resized\"><img loading=\"lazy\" decoding=\"async\" src=\"https:\/\/ort.fi\/nurmes\/wp-content\/uploads\/2022\/08\/kirjakerho_220830_2-1-1024x788.jpg\" alt=\"\" class=\"wp-image-1375\" style=\"width:618px;height:476px\" width=\"618\" height=\"476\" srcset=\"https:\/\/ort.fi\/nurmes\/wp-content\/uploads\/2022\/08\/kirjakerho_220830_2-1-1024x788.jpg 1024w, https:\/\/ort.fi\/nurmes\/wp-content\/uploads\/2022\/08\/kirjakerho_220830_2-1-300x231.jpg 300w, https:\/\/ort.fi\/nurmes\/wp-content\/uploads\/2022\/08\/kirjakerho_220830_2-1-768x591.jpg 768w, https:\/\/ort.fi\/nurmes\/wp-content\/uploads\/2022\/08\/kirjakerho_220830_2-1-1536x1182.jpg 1536w, https:\/\/ort.fi\/nurmes\/wp-content\/uploads\/2022\/08\/kirjakerho_220830_2-1.jpg 1779w\" sizes=\"auto, (max-width: 618px) 100vw, 618px\" \/><\/figure>\n<\/div>\n\n\n<p>Kokoontumisista tiedotetaan sek\u00e4 WhatsApp-viestein ett\u00e4 s\u00e4hk\u00f6postitse. Ilmoittaudu listoille Helenan kautta: <a href=\"mailto:hem@softa.fi\">hem@softa.fi<\/a> ja\/tai WhatsApp- tai tekstiviestill\u00e4 040 546 3636.<\/p>\n","protected":false},"excerpt":{"rendered":"<p>Nurmeksen ortodoksisen kappeliseurakunnan tiloissa kokoontuu kerran kuukaudessa vapaamuotoinen kirjakerho keskustelemaan kirjoista ja paljosta muusta, mik\u00e4 yhteisen illan aikana aiheeksi nousee.&nbsp; &nbsp;&nbsp; Kerho kokoontuu syys-toukokuussa kuukauden viimeisen\u00e4 maanantaina klo 17 Nurmeksen seurakuntasalilla (Salmenkatu 5). Tule mukaan! Kynnys on matala eik\u00e4 mit\u00e4\u00e4n vaatimuksia kirjallisen maun tai lukeneisuuden suhteen ole. Kuten J\u00f6rn Donner aikanaan Suurta suomalaista kirjakerhoa mainosti: &#8230; <a title=\"Kirjakerho\" class=\"read-more\" href=\"https:\/\/ort.fi\/nurmes\/toiminta\/kirjakerho\/\" aria-label=\"Lue lis\u00e4\u00e4 aiheesta Kirjakerho\">Lue lis\u00e4\u00e4<\/a><\/p>\n","protected":false},"author":6,"featured_media":0,"parent":108,"menu_order":0,"comment_status":"closed","ping_status":"closed","template":"","meta":{"footnotes":""},"class_list":["post-308","page","type-page","status-publish"],"_links":{"self":[{"href":"https:\/\/ort.fi\/nurmes\/wp-json\/wp\/v2\/pages\/308","targetHints":{"allow":["GET"]}}],"collection":[{"href":"https:\/\/ort.fi\/nurmes\/wp-json\/wp\/v2\/pages"}],"about":[{"href":"https:\/\/ort.fi\/nurmes\/wp-json\/wp\/v2\/types\/page"}],"author":[{"embeddable":true,"href":"https:\/\/ort.fi\/nurmes\/wp-json\/wp\/v2\/users\/6"}],"replies":[{"embeddable":true,"href":"https:\/\/ort.fi\/nurmes\/wp-json\/wp\/v2\/comments?post=308"}],"version-history":[{"count":5,"href":"https:\/\/ort.fi\/nurmes\/wp-json\/wp\/v2\/pages\/308\/revisions"}],"predecessor-version":[{"id":1743,"href":"https:\/\/ort.fi\/nurmes\/wp-json\/wp\/v2\/pages\/308\/revisions\/1743"}],"up":[{"embeddable":true,"href":"https:\/\/ort.fi\/nurmes\/wp-json\/wp\/v2\/pages\/108"}],"wp:attachment":[{"href":"https:\/\/ort.fi\/nurmes\/wp-json\/wp\/v2\/media?parent=308"}],"curies":[{"name":"wp","href":"https:\/\/api.w.org\/{rel}","templated":true}]}}