{"id":2397,"date":"2025-06-16T20:24:50","date_gmt":"2025-06-16T17:24:50","guid":{"rendered":"https:\/\/ort.fi\/nurmes\/?page_id=2397"},"modified":"2025-07-04T14:20:18","modified_gmt":"2025-07-04T11:20:18","slug":"seurakunnan-tilojen-vuokrat","status":"publish","type":"page","link":"https:\/\/ort.fi\/nurmes\/yhteystiedot\/seurakunnan-tilojen-vuokrat\/","title":{"rendered":"Seurakunnan tilojen vuokraaminen"},"content":{"rendered":"\n<p>Taipaleen ortodoksinen seurakunta vuokraa tiloja muistotilaisuuksiin, muihin juhliin ja tilaisuuksiin sek\u00e4 ryhmien ja yhdistysten k\u00e4ytt\u00f6\u00f6n.<br>Kappeliseurakuntaan kastettavien kastejuhlista ei perit\u00e4 tilavuokraa.\u00a0<br>S\u00e4\u00e4nn\u00f6llisest\u00e4 k\u00e4yt\u00f6st\u00e4, kuten ryhmien harrastek\u00e4yt\u00f6st\u00e4 laaditaan erillinen vuokrasopimus, jolloin vuokran suuruus sovitaan tapauskohtaisesti. \u00a0<br><br>Tilavaraukset kappeliseurakunnan vuokrattavien tilojen osalta <br>puh 045 6789423 \/ Tiina,\u00a0puh 040 163 4430 \/\u00a0is\u00e4 Pentti tai s\u00e4hk\u00f6postitse <a href=\"mailto:nurmes@ort.fi\">nurmes@ort.fi<\/a>. <br>Tilavaraukset Taipaleen (Viinij\u00e4rvi, Outokumpu ja S\u00e4ynelampi) vuokrattavien tilojen osalta <br>puh. 050 471 8130, taipale@ort.fi. Outokumpu lis\u00e4ksi Arvo Naumanen, puh. 050 591 2790.<\/p>\n\n\n\n<p><strong>Nurmeksen ortodoksinen srk-sali, Salmenkatu 5\u00a0<\/strong><br>Vuokra 80 \u20ac\u00a0\/p\u00e4iv\u00e4.<br>Maksimihenkil\u00f6m\u00e4\u00e4r\u00e4 on 120, ruokailemaan mahtuu enint\u00e4\u00e4n 100 henkil\u00f6\u00e4.<br>Esteet\u00f6n p\u00e4\u00e4sy, inva-wc.<br>Varustelu : liesi-uuni, j\u00e4\u00e4kaappi sek\u00e4 erillinen kylmi\u00f6 ja astiastot.<br>K\u00e4ytett\u00e4viss\u00e4 on piano ja videotykki, jonka k\u00e4yt\u00f6st\u00e4 on sovittava erikseen. <br><br>Napauta kuvaa hiiren oikeanpuoleisella painikkeella n\u00e4hd\u00e4ksesi sen tarkempana.<\/p>\n\n\n\n<figure class=\"wp-block-gallery has-nested-images columns-default is-cropped wp-block-gallery-1 is-layout-flex wp-block-gallery-is-layout-flex\">\n<figure class=\"wp-block-image alignfull size-large\"><img loading=\"lazy\" decoding=\"async\" width=\"1024\" height=\"683\" data-id=\"2529\" src=\"https:\/\/ort.fi\/nurmes\/wp-content\/uploads\/2025\/07\/sali_1-2-1024x683.jpg\" alt=\"\" class=\"wp-image-2529\" srcset=\"https:\/\/ort.fi\/nurmes\/wp-content\/uploads\/2025\/07\/sali_1-2-1024x683.jpg 1024w, https:\/\/ort.fi\/nurmes\/wp-content\/uploads\/2025\/07\/sali_1-2-300x200.jpg 300w, https:\/\/ort.fi\/nurmes\/wp-content\/uploads\/2025\/07\/sali_1-2-768x512.jpg 768w, https:\/\/ort.fi\/nurmes\/wp-content\/uploads\/2025\/07\/sali_1-2-1536x1024.jpg 1536w, https:\/\/ort.fi\/nurmes\/wp-content\/uploads\/2025\/07\/sali_1-2-2048x1365.jpg 2048w\" sizes=\"auto, (max-width: 1024px) 100vw, 1024px\" \/><\/figure>\n\n\n\n<figure class=\"wp-block-image alignfull size-large\"><img loading=\"lazy\" decoding=\"async\" width=\"1024\" height=\"683\" data-id=\"2469\" src=\"https:\/\/ort.fi\/nurmes\/wp-content\/uploads\/2025\/07\/sali_2-1024x683.jpg\" alt=\"\" class=\"wp-image-2469\" srcset=\"https:\/\/ort.fi\/nurmes\/wp-content\/uploads\/2025\/07\/sali_2-1024x683.jpg 1024w, https:\/\/ort.fi\/nurmes\/wp-content\/uploads\/2025\/07\/sali_2-300x200.jpg 300w, https:\/\/ort.fi\/nurmes\/wp-content\/uploads\/2025\/07\/sali_2-768x512.jpg 768w, https:\/\/ort.fi\/nurmes\/wp-content\/uploads\/2025\/07\/sali_2-1536x1024.jpg 1536w, https:\/\/ort.fi\/nurmes\/wp-content\/uploads\/2025\/07\/sali_2-2048x1365.jpg 2048w\" sizes=\"auto, (max-width: 1024px) 100vw, 1024px\" \/><\/figure>\n\n\n\n<figure class=\"wp-block-image alignfull size-large\"><img loading=\"lazy\" decoding=\"async\" width=\"1024\" height=\"683\" data-id=\"2571\" src=\"https:\/\/ort.fi\/nurmes\/wp-content\/uploads\/2025\/07\/sali_3-3-1024x683.jpg\" alt=\"\" class=\"wp-image-2571\" srcset=\"https:\/\/ort.fi\/nurmes\/wp-content\/uploads\/2025\/07\/sali_3-3-1024x683.jpg 1024w, https:\/\/ort.fi\/nurmes\/wp-content\/uploads\/2025\/07\/sali_3-3-300x200.jpg 300w, https:\/\/ort.fi\/nurmes\/wp-content\/uploads\/2025\/07\/sali_3-3-768x512.jpg 768w, https:\/\/ort.fi\/nurmes\/wp-content\/uploads\/2025\/07\/sali_3-3-1536x1024.jpg 1536w, https:\/\/ort.fi\/nurmes\/wp-content\/uploads\/2025\/07\/sali_3-3-2048x1365.jpg 2048w\" sizes=\"auto, (max-width: 1024px) 100vw, 1024px\" \/><\/figure>\n\n\n\n<figure class=\"wp-block-image alignfull size-full\"><img loading=\"lazy\" decoding=\"async\" width=\"2560\" height=\"1707\" data-id=\"2473\" src=\"https:\/\/ort.fi\/nurmes\/wp-content\/uploads\/2025\/07\/eteinen_1-scaled.jpg\" alt=\"\" class=\"wp-image-2473\" srcset=\"https:\/\/ort.fi\/nurmes\/wp-content\/uploads\/2025\/07\/eteinen_1-scaled.jpg 2560w, https:\/\/ort.fi\/nurmes\/wp-content\/uploads\/2025\/07\/eteinen_1-300x200.jpg 300w, https:\/\/ort.fi\/nurmes\/wp-content\/uploads\/2025\/07\/eteinen_1-1024x683.jpg 1024w, https:\/\/ort.fi\/nurmes\/wp-content\/uploads\/2025\/07\/eteinen_1-768x512.jpg 768w, https:\/\/ort.fi\/nurmes\/wp-content\/uploads\/2025\/07\/eteinen_1-1536x1024.jpg 1536w, https:\/\/ort.fi\/nurmes\/wp-content\/uploads\/2025\/07\/eteinen_1-2048x1365.jpg 2048w\" sizes=\"auto, (max-width: 2560px) 100vw, 2560px\" \/><\/figure>\n\n\n\n<figure class=\"wp-block-image alignfull size-large\"><img loading=\"lazy\" decoding=\"async\" width=\"1024\" height=\"689\" data-id=\"2475\" src=\"https:\/\/ort.fi\/nurmes\/wp-content\/uploads\/2025\/07\/keittio_1-1024x689.jpg\" alt=\"\" class=\"wp-image-2475\" srcset=\"https:\/\/ort.fi\/nurmes\/wp-content\/uploads\/2025\/07\/keittio_1-1024x689.jpg 1024w, https:\/\/ort.fi\/nurmes\/wp-content\/uploads\/2025\/07\/keittio_1-300x202.jpg 300w, https:\/\/ort.fi\/nurmes\/wp-content\/uploads\/2025\/07\/keittio_1-768x517.jpg 768w, https:\/\/ort.fi\/nurmes\/wp-content\/uploads\/2025\/07\/keittio_1-1536x1034.jpg 1536w, https:\/\/ort.fi\/nurmes\/wp-content\/uploads\/2025\/07\/keittio_1-2048x1379.jpg 2048w\" sizes=\"auto, (max-width: 1024px) 100vw, 1024px\" \/><\/figure>\n\n\n\n<figure class=\"wp-block-image alignfull size-large\"><img loading=\"lazy\" decoding=\"async\" width=\"1024\" height=\"683\" data-id=\"2477\" src=\"https:\/\/ort.fi\/nurmes\/wp-content\/uploads\/2025\/07\/keittio_2-1024x683.jpg\" alt=\"\" class=\"wp-image-2477\" srcset=\"https:\/\/ort.fi\/nurmes\/wp-content\/uploads\/2025\/07\/keittio_2-1024x683.jpg 1024w, https:\/\/ort.fi\/nurmes\/wp-content\/uploads\/2025\/07\/keittio_2-300x200.jpg 300w, https:\/\/ort.fi\/nurmes\/wp-content\/uploads\/2025\/07\/keittio_2-768x512.jpg 768w, https:\/\/ort.fi\/nurmes\/wp-content\/uploads\/2025\/07\/keittio_2-1536x1024.jpg 1536w, https:\/\/ort.fi\/nurmes\/wp-content\/uploads\/2025\/07\/keittio_2-2048x1365.jpg 2048w\" sizes=\"auto, (max-width: 1024px) 100vw, 1024px\" \/><\/figure>\n<\/figure>\n\n\n\n<ul class=\"wp-block-list\">\n<li><\/li>\n<\/ul>\n\n\n\n<p><strong>Juuan ortodoksinen srk-sali, Laurilantie 9<\/strong><br>Vuokra 80 \u20ac \/p\u00e4iv\u00e4.<br>Varustelu: kaksi liett\u00e4 uuneineen, j\u00e4\u00e4kaappi-pakastin ja astiastot.&nbsp;<br>K\u00e4ytett\u00e4viss\u00e4 on piano.<\/p>\n\n\n\n<p><br><strong>Taipaleen ortodoksisen seurakunnan tilavuokrat<\/strong><br><br><strong>Viinij\u00e4rven Vanha pappila<\/strong>, Viinij\u00e4rventie 7, Viinij\u00e4rvi<br>&#8211; sali 80 \u20ac p\u00e4iv\u00e4<\/p>\n\n\n\n<p>Maksimihenkil\u00f6m\u00e4\u00e4r\u00e4 50, kiinte\u00e4 luiska py\u00f6r\u00e4tuolia varten.<br>Varustelu: liesi, uuni, kahvinkeitin, vedenkeitin, j\u00e4\u00e4kaappi ja tiskikone. K\u00e4ytett\u00e4viss\u00e4 on piano.<\/p>\n\n\n\n<p><strong>Outokummun kirkko<\/strong>, Kirkkopolku 3, Outokumpu<br>&#8211; alakerran sali 80 \u20ac p\u00e4iv\u00e4<\/p>\n\n\n\n<p>Maksimihenkil\u00f6m\u00e4\u00e4r\u00e4 40\u201350.<br>Varustelu: liesi, uuni, kahvinkeitin, vedenkeitin, j\u00e4\u00e4kaappi, pakastin ja Tiskikone. K\u00e4ytett\u00e4viss\u00e4 on piano.<\/p>\n\n\n\n<p><strong>S\u00e4ynelammen leirikeskus<\/strong>, Syv\u00e4lahdentie 7, Polvij\u00e4rvi<br>&#8211; enint\u00e4\u00e4n 10 henkil\u00f6\u00e4, oman seurakunnan j\u00e4sen 100 \u20ac vrk, muut 120 \u20ac vrk<br>&#8211; yli 10 henkil\u00f6\u00e4, oman seurakunnan j\u00e4sen 150 \u20ac vrk, muut 170 \u20ac vrk<\/p>\n\n\n\n<p>Leirikeskuksessa on puul\u00e4mmitteinen sauna, jossa kannettava vesi ja muuripata. P\u00e4\u00e4rakennuksessa majoitustilaa 10 hengelle. Vaatimaton keitti\u00f6 astioineen, ei tiskikonetta. L\u00e4mminvesivaraaja on, mutta ei kovin suuri. Keitti\u00f6ss\u00e4 on j\u00e4\u00e4kaappi ja kylmi\u00f6. Majoitukseen erillinen vaatimaton majoitusrakennus. Nuotiopaikka ja laituri sek\u00e4 soutuvene.<\/p>\n\n\n\n<p><strong>Yleist\u00e4:<\/strong><br>Tilan varaaminen edellytt\u00e4\u00e4 varaajan yhteystietojen luovuttamista.<br>Avain luovutetaan tilan vuokraajalle sek\u00e4 palautetaan seurakuntaan aina sovitun mukaisesti.<br>Tilan varaajan tulee aina lukita l\u00e4htiess\u00e4\u00e4n ulko-ovet sek\u00e4 huolehtia ikkunat kiinni.<br>Tilaan merkitty\u00e4 maksimihenkil\u00f6m\u00e4\u00e4r\u00e4\u00e4 ei saa ylitt\u00e4\u00e4.\u00a0<br>P\u00f6yt\u00e4liinojen k\u00e4ytt\u00f6 laskutetaan tilan vuokraajalta pesulaan l\u00e4htevien liinojen lukum\u00e4\u00e4r\u00e4n mukaan 6 \u20ac\/ pest\u00e4v\u00e4 liina .\u00a0<br><\/p>\n","protected":false},"excerpt":{"rendered":"<p>Taipaleen ortodoksinen seurakunta vuokraa tiloja muistotilaisuuksiin, muihin juhliin ja tilaisuuksiin sek\u00e4 ryhmien ja yhdistysten k\u00e4ytt\u00f6\u00f6n.Kappeliseurakuntaan kastettavien kastejuhlista ei perit\u00e4 tilavuokraa.\u00a0S\u00e4\u00e4nn\u00f6llisest\u00e4 k\u00e4yt\u00f6st\u00e4, kuten ryhmien harrastek\u00e4yt\u00f6st\u00e4 laaditaan erillinen vuokrasopimus, jolloin vuokran suuruus sovitaan tapauskohtaisesti. \u00a0 Tilavaraukset kappeliseurakunnan vuokrattavien tilojen osalta puh 045 6789423 \/ Tiina,\u00a0puh 040 163 4430 \/\u00a0is\u00e4 Pentti tai s\u00e4hk\u00f6postitse nurmes@ort.fi. Tilavaraukset Taipaleen (Viinij\u00e4rvi, Outokumpu &#8230; <a title=\"Seurakunnan tilojen vuokraaminen\" class=\"read-more\" href=\"https:\/\/ort.fi\/nurmes\/yhteystiedot\/seurakunnan-tilojen-vuokrat\/\" aria-label=\"Lue lis\u00e4\u00e4 aiheesta Seurakunnan tilojen vuokraaminen\">Lue lis\u00e4\u00e4<\/a><\/p>\n","protected":false},"author":7,"featured_media":0,"parent":32,"menu_order":0,"comment_status":"closed","ping_status":"closed","template":"","meta":{"footnotes":""},"class_list":["post-2397","page","type-page","status-publish"],"_links":{"self":[{"href":"https:\/\/ort.fi\/nurmes\/wp-json\/wp\/v2\/pages\/2397","targetHints":{"allow":["GET"]}}],"collection":[{"href":"https:\/\/ort.fi\/nurmes\/wp-json\/wp\/v2\/pages"}],"about":[{"href":"https:\/\/ort.fi\/nurmes\/wp-json\/wp\/v2\/types\/page"}],"author":[{"embeddable":true,"href":"https:\/\/ort.fi\/nurmes\/wp-json\/wp\/v2\/users\/7"}],"replies":[{"embeddable":true,"href":"https:\/\/ort.fi\/nurmes\/wp-json\/wp\/v2\/comments?post=2397"}],"version-history":[{"count":36,"href":"https:\/\/ort.fi\/nurmes\/wp-json\/wp\/v2\/pages\/2397\/revisions"}],"predecessor-version":[{"id":2573,"href":"https:\/\/ort.fi\/nurmes\/wp-json\/wp\/v2\/pages\/2397\/revisions\/2573"}],"up":[{"embeddable":true,"href":"https:\/\/ort.fi\/nurmes\/wp-json\/wp\/v2\/pages\/32"}],"wp:attachment":[{"href":"https:\/\/ort.fi\/nurmes\/wp-json\/wp\/v2\/media?parent=2397"}],"curies":[{"name":"wp","href":"https:\/\/api.w.org\/{rel}","templated":true}]}}