{"id":16,"date":"2020-12-14T16:46:05","date_gmt":"2020-12-14T14:46:05","guid":{"rendered":"https:\/\/ort.fi\/nurmes\/?page_id=16"},"modified":"2023-06-02T19:41:50","modified_gmt":"2023-06-02T16:41:50","slug":"etusivu","status":"publish","type":"page","link":"https:\/\/ort.fi\/nurmes\/","title":{"rendered":"Etusivu"},"content":{"rendered":"\n<p class=\"has-black-color has-text-color\"><\/p>\n\n\n\n<div class=\"wp-block-media-text alignwide is-stacked-on-mobile\"><figure class=\"wp-block-media-text__media\"><img loading=\"lazy\" decoding=\"async\" width=\"1024\" height=\"683\" src=\"https:\/\/ort.fi\/nurmes\/wp-content\/uploads\/2023\/06\/etusivu_Petrun_praasniekka_ristisaatto_web-1024x683.jpg\" alt=\"\" class=\"wp-image-1689 size-full\" srcset=\"https:\/\/ort.fi\/nurmes\/wp-content\/uploads\/2023\/06\/etusivu_Petrun_praasniekka_ristisaatto_web-1024x683.jpg 1024w, https:\/\/ort.fi\/nurmes\/wp-content\/uploads\/2023\/06\/etusivu_Petrun_praasniekka_ristisaatto_web-300x200.jpg 300w, https:\/\/ort.fi\/nurmes\/wp-content\/uploads\/2023\/06\/etusivu_Petrun_praasniekka_ristisaatto_web-768x512.jpg 768w, https:\/\/ort.fi\/nurmes\/wp-content\/uploads\/2023\/06\/etusivu_Petrun_praasniekka_ristisaatto_web.jpg 1200w\" sizes=\"auto, (max-width: 1024px) 100vw, 1024px\" \/><\/figure><div class=\"wp-block-media-text__content\">\n<p class=\"has-black-color has-text-color\">Tervetuloa Nurmeksen ortodoksisen kappeliseurakunnan kotisivuille.  Kappeliseurakunta jatkaa vuonna 1950 perustetun seurakunnan toimintaa Nurmeksen, Juuan ja Rautavaaran kuntien alueella, kuuluen Taipaleen ortodoksiseen seurakuntaan.<\/p>\n\n\n\n<p class=\"has-black-color has-text-color\"><\/p>\n<\/div><\/div>\n\n\n\n<p class=\"has-black-color has-text-color\">Kappeliseurakunnalla on kirkot Nurmeksessa ja Valtimolla sek\u00e4 tsasounat Bomballa, Juuassa, Py\u00f6tik\u00f6ss\u00e4 ja Rasim\u00e4ell\u00e4. Kappeliseurakunnan alueella on lis\u00e4ksi lukuisia yksityisi\u00e4 tsasounia. Jumalanpalveluksia ja muuta toimintaa on s\u00e4\u00e4nn\u00f6llisesti Nurmeksessa, Juuassa ja Valtimolla.<\/p>\n\n\n\n<p class=\"has-black-color has-text-color\">Tule mukaan jumalanpalveluksiin ja muuhun toimintaan!<\/p>\n\n\n\n<p class=\"has-black-color has-text-color\">Verkkosivuja p\u00e4ivitet\u00e4\u00e4n, kun sivujen yll\u00e4pit\u00e4j\u00e4 on saanut tiedon uusista tapahtumista tai muutoksista tapahtumiin. Sivujen sis\u00e4ll\u00f6n tuottavat seurakunnan ty\u00f6ntekij\u00e4t.<\/p>\n\n\n\n<p class=\"has-black-color has-text-color\">Nopein tiedotuskanava on Facebook, josta seurakunnan sivut ovat luettavissa ja mm. verkkoon l\u00e4hetett\u00e4v\u00e4t palvelukset ovat katsottavissa my\u00f6s ilman Facebook-k\u00e4ytt\u00e4j\u00e4tili\u00e4.<\/p>\n\n\n\n<p>Youtube-kanavakin p\u00e4ivittyy, kannattaa k\u00e4yd\u00e4 tutustumassa. <\/p>\n\n\n\n<p><\/p>\n","protected":false},"excerpt":{"rendered":"<p>Tervetuloa Nurmeksen ortodoksisen kappeliseurakunnan kotisivuille. Kappeliseurakunta jatkaa vuonna 1950 perustetun seurakunnan toimintaa Nurmeksen, Juuan ja Rautavaaran kuntien alueella, kuuluen Taipaleen ortodoksiseen seurakuntaan. Kappeliseurakunnalla on kirkot Nurmeksessa ja Valtimolla sek\u00e4 tsasounat Bomballa, Juuassa, Py\u00f6tik\u00f6ss\u00e4 ja Rasim\u00e4ell\u00e4. Kappeliseurakunnan alueella on lis\u00e4ksi lukuisia yksityisi\u00e4 tsasounia. Jumalanpalveluksia ja muuta toimintaa on s\u00e4\u00e4nn\u00f6llisesti Nurmeksessa, Juuassa ja Valtimolla. Tule mukaan jumalanpalveluksiin &#8230; <a title=\"Etusivu\" class=\"read-more\" href=\"https:\/\/ort.fi\/nurmes\/\" aria-label=\"Lue lis\u00e4\u00e4 aiheesta Etusivu\">Lue lis\u00e4\u00e4<\/a><\/p>\n","protected":false},"author":6,"featured_media":0,"parent":0,"menu_order":1,"comment_status":"closed","ping_status":"closed","template":"","meta":{"footnotes":""},"class_list":["post-16","page","type-page","status-publish"],"_links":{"self":[{"href":"https:\/\/ort.fi\/nurmes\/wp-json\/wp\/v2\/pages\/16","targetHints":{"allow":["GET"]}}],"collection":[{"href":"https:\/\/ort.fi\/nurmes\/wp-json\/wp\/v2\/pages"}],"about":[{"href":"https:\/\/ort.fi\/nurmes\/wp-json\/wp\/v2\/types\/page"}],"author":[{"embeddable":true,"href":"https:\/\/ort.fi\/nurmes\/wp-json\/wp\/v2\/users\/6"}],"replies":[{"embeddable":true,"href":"https:\/\/ort.fi\/nurmes\/wp-json\/wp\/v2\/comments?post=16"}],"version-history":[{"count":12,"href":"https:\/\/ort.fi\/nurmes\/wp-json\/wp\/v2\/pages\/16\/revisions"}],"predecessor-version":[{"id":1691,"href":"https:\/\/ort.fi\/nurmes\/wp-json\/wp\/v2\/pages\/16\/revisions\/1691"}],"wp:attachment":[{"href":"https:\/\/ort.fi\/nurmes\/wp-json\/wp\/v2\/media?parent=16"}],"curies":[{"name":"wp","href":"https:\/\/api.w.org\/{rel}","templated":true}]}}