{"id":112,"date":"2020-12-18T15:27:01","date_gmt":"2020-12-18T13:27:01","guid":{"rendered":"https:\/\/ort.fi\/nurmes\/?page_id=112"},"modified":"2022-05-17T13:26:54","modified_gmt":"2022-05-17T10:26:54","slug":"paatoksenteko","status":"publish","type":"page","link":"https:\/\/ort.fi\/nurmes\/paatoksenteko\/","title":{"rendered":"P\u00e4\u00e4t\u00f6ksenteko"},"content":{"rendered":"\n<p><a href=\"https:\/\/ort.fi\/nurmes\/paatoksenteko\/luottamushenkilot\">Luottamushenkil\u00f6t<\/a><\/p>\n\n\n\n<p><a href=\"http:\/\/Kokouskutsut ja esityslistat\" target=\"_blank\" rel=\"noreferrer noopener\">Kokouskutsut ja esityslistat<\/a><\/p>\n\n\n\n<p><a href=\"https:\/\/ort.fi\/nurmes\/paatoksenteko\/poytakirjat\">P\u00f6yt\u00e4kirjat<\/a><\/p>\n\n\n\n<p><a href=\"https:\/\/ort.fi\/taipale\/paatoksenteko\/\" target=\"_blank\" rel=\"noreferrer noopener\">Seurakunnan yhteinen p\u00e4\u00e4t\u00f6ksenteko<\/a><\/p>\n","protected":false},"excerpt":{"rendered":"<p>Luottamushenkil\u00f6t Kokouskutsut ja esityslistat P\u00f6yt\u00e4kirjat Seurakunnan yhteinen p\u00e4\u00e4t\u00f6ksenteko<\/p>\n","protected":false},"author":6,"featured_media":0,"parent":0,"menu_order":7,"comment_status":"closed","ping_status":"closed","template":"","meta":{"footnotes":""},"class_list":["post-112","page","type-page","status-publish"],"_links":{"self":[{"href":"https:\/\/ort.fi\/nurmes\/wp-json\/wp\/v2\/pages\/112","targetHints":{"allow":["GET"]}}],"collection":[{"href":"https:\/\/ort.fi\/nurmes\/wp-json\/wp\/v2\/pages"}],"about":[{"href":"https:\/\/ort.fi\/nurmes\/wp-json\/wp\/v2\/types\/page"}],"author":[{"embeddable":true,"href":"https:\/\/ort.fi\/nurmes\/wp-json\/wp\/v2\/users\/6"}],"replies":[{"embeddable":true,"href":"https:\/\/ort.fi\/nurmes\/wp-json\/wp\/v2\/comments?post=112"}],"version-history":[{"count":12,"href":"https:\/\/ort.fi\/nurmes\/wp-json\/wp\/v2\/pages\/112\/revisions"}],"predecessor-version":[{"id":1225,"href":"https:\/\/ort.fi\/nurmes\/wp-json\/wp\/v2\/pages\/112\/revisions\/1225"}],"wp:attachment":[{"href":"https:\/\/ort.fi\/nurmes\/wp-json\/wp\/v2\/media?parent=112"}],"curies":[{"name":"wp","href":"https:\/\/api.w.org\/{rel}","templated":true}]}}