{"id":108,"date":"2020-12-18T15:11:03","date_gmt":"2020-12-18T13:11:03","guid":{"rendered":"https:\/\/ort.fi\/nurmes\/?page_id=108"},"modified":"2022-03-01T12:57:07","modified_gmt":"2022-03-01T10:57:07","slug":"toiminta","status":"publish","type":"page","link":"https:\/\/ort.fi\/nurmes\/toiminta\/","title":{"rendered":"Toiminta"},"content":{"rendered":"\n<p>Toimintapiirien kokoontumisten ajankohdat ovat n\u00e4ht\u00e4vill\u00e4 seurakunnan verkkokalenterissa <a href=\"http:\/\/www.ort.fi\/nurmes\">www.ort.fi\/nurmes<\/a>. Niist\u00e4 tiedotetaan my\u00f6s s\u00e4hk\u00f6postitse, pyh\u00e4kk\u00f6jen ja seurakuntasalien ilmoitustauluilla olevissa ja pyh\u00e4k\u00f6iss\u00e4 jaettavissa kuukausiohjelmissa, paikallislehdiss\u00e4 sek\u00e4 Facebookissa seurakunnan sivulla.<\/p>\n","protected":false},"excerpt":{"rendered":"<p>Toimintapiirien kokoontumisten ajankohdat ovat n\u00e4ht\u00e4vill\u00e4 seurakunnan verkkokalenterissa www.ort.fi\/nurmes. Niist\u00e4 tiedotetaan my\u00f6s s\u00e4hk\u00f6postitse, pyh\u00e4kk\u00f6jen ja seurakuntasalien ilmoitustauluilla olevissa ja pyh\u00e4k\u00f6iss\u00e4 jaettavissa kuukausiohjelmissa, paikallislehdiss\u00e4 sek\u00e4 Facebookissa seurakunnan sivulla.<\/p>\n","protected":false},"author":6,"featured_media":0,"parent":0,"menu_order":6,"comment_status":"closed","ping_status":"closed","template":"","meta":{"footnotes":""},"class_list":["post-108","page","type-page","status-publish"],"_links":{"self":[{"href":"https:\/\/ort.fi\/nurmes\/wp-json\/wp\/v2\/pages\/108","targetHints":{"allow":["GET"]}}],"collection":[{"href":"https:\/\/ort.fi\/nurmes\/wp-json\/wp\/v2\/pages"}],"about":[{"href":"https:\/\/ort.fi\/nurmes\/wp-json\/wp\/v2\/types\/page"}],"author":[{"embeddable":true,"href":"https:\/\/ort.fi\/nurmes\/wp-json\/wp\/v2\/users\/6"}],"replies":[{"embeddable":true,"href":"https:\/\/ort.fi\/nurmes\/wp-json\/wp\/v2\/comments?post=108"}],"version-history":[{"count":3,"href":"https:\/\/ort.fi\/nurmes\/wp-json\/wp\/v2\/pages\/108\/revisions"}],"predecessor-version":[{"id":868,"href":"https:\/\/ort.fi\/nurmes\/wp-json\/wp\/v2\/pages\/108\/revisions\/868"}],"wp:attachment":[{"href":"https:\/\/ort.fi\/nurmes\/wp-json\/wp\/v2\/media?parent=108"}],"curies":[{"name":"wp","href":"https:\/\/api.w.org\/{rel}","templated":true}]}}