{"id":104,"date":"2020-12-18T15:09:39","date_gmt":"2020-12-18T13:09:39","guid":{"rendered":"https:\/\/ort.fi\/nurmes\/?page_id=104"},"modified":"2025-08-26T15:46:17","modified_gmt":"2025-08-26T12:46:17","slug":"pyhakot","status":"publish","type":"page","link":"https:\/\/ort.fi\/nurmes\/pyhakot\/","title":{"rendered":"Pyh\u00e4k\u00f6t"},"content":{"rendered":"\n<p class=\"has-text-align-left\">Nurmeksen kappeliseurakunnalla on kaksi kirkkoa ja kolme tsasounaa, lis\u00e4ksi toiminta-alueella on lukuisia yksityisi\u00e4 tsasounia sek\u00e4 erakkola.<\/p>\n\n\n\n<p>Pyh\u00e4kk\u00f6jen kes\u00e4n 2025 aukioloajat<\/p>\n\n\n\n<ul class=\"wp-block-list\">\n<li>Bomban p. Sergein ja Herman Valamolaisen tsasouna, Suoj\u00e4rvenkatu 1, on avoinna keskiviikosta sunnuntaihin 25.6.-3.8. klo 11-14 ja 14.30-17.30. Opas paikalla, aukiolop\u00e4ivin\u00e4 toimitetaan lyhyt rukoushetki klo 17.&nbsp;<\/li>\n\n\n\n<li>Vuokon Kristuksen kirkastumisen tsasouna, Keski-Vuokontie, on avoinna k\u00e4vij\u00f6ille vuoden ymp\u00e4ri.<\/li>\n\n\n\n<li>Py\u00f6tik\u00f6n Ristin ylent\u00e4misen tsasouna, Kojonniementie 310 A, on avoinna k\u00e4vij\u00f6ille kes\u00e4kuukausina (touko-syyskuu).<\/li>\n\n\n\n<li>Rasim\u00e4en p. Johannes Kastajan tsasouna, Rasim\u00e4entie 631, avoinna ma 7.7. ja ti 8.7. klo 12-16.30, klo 16 rukoushetki sek\u00e4 su 13.7. klo 12-16.&nbsp;<\/li>\n\n\n\n<li>Erakkolan ikonin\u00e4yttely, Rasim\u00e4entie 521: Merja Linnan maalaamia ikoneita &nbsp;7.-13.7. klo 11-17, avajaiset ma 7.7. klo 17. N\u00e4yttelyn yhteydess\u00e4 toimii kes\u00e4kahvila, jossa tarjolla p\u00e4ivitt\u00e4in my\u00f6s keittolounas. Maksuv\u00e4linein\u00e4 k\u00e4teinen ja MobilePay. <br><a href=\"https:\/\/www.facebook.com\/share\/p\/1BVibLU5j2\/?mibextid=wwXIfr\">https:\/\/www.facebook.com\/share\/p\/1BVibLU5j2\/?mibextid=wwXIfr<\/a><\/li>\n\n\n\n<li>Nurmeksen p. apt. Pietarin ja Paavalin kirkko, Kirkkokatu 31 a, avoinna la 9.8. klo 10-17, opas esittelee kirkkoa halukkaille; klo 15 kanttori Tiina Sormunen ja Valtimon naiskuoro esitt\u00e4v\u00e4t sanoin ja s\u00e4velin suomenkielist\u00e4 kirkkomusiikkia. Toteutetaan osana Nurmeksen Vanhan Kauppalan avoimet ovet -tapahtumaa.&nbsp;<\/li>\n\n\n\n<li>Valtimon Pyh\u00e4n kolminaisuuden kirkko on avoinna la 12.7. klo 15-18, klo 17 karjalankielinen ehtoopalvelus sek\u00e4 su 13.7. klo 9.30-12.30, klo 10 osin karjalankielinen liturgia.<\/li>\n<\/ul>\n\n\n\n<p class=\"has-text-align-left\"><strong>Nurmes<\/strong>   <\/p>\n\n\n\n<h3 class=\"wp-block-heading\">Nurmeksen pyhien apostolien Pietarin ja Paavalin kirkko<\/h3>\n\n\n\n<h3 class=\"wp-block-heading has-medium-font-size\"><strong>Osoite:<\/strong>&nbsp;Kirkkokatu 31, 75500 Nurmes<br><strong>Temppelijuhla:<\/strong>&nbsp;29.6.,pyhien apostolien Pietarin ja Paavalin muisto<br><strong>Is\u00e4nn\u00f6itsij\u00e4:<\/strong> Marjatta Kuittinen, p. 050 5436 285<\/h3>\n\n\n\n<figure class=\"wp-block-image size-large is-resized\"><img loading=\"lazy\" decoding=\"async\" width=\"683\" height=\"1024\" src=\"https:\/\/ort.fi\/nurmes\/wp-content\/uploads\/2021\/01\/107462090_2665397993560158_52633867762462991_o-683x1024.jpg\" alt=\"\" class=\"wp-image-392\" style=\"width:288px;height:432px\" srcset=\"https:\/\/ort.fi\/nurmes\/wp-content\/uploads\/2021\/01\/107462090_2665397993560158_52633867762462991_o-683x1024.jpg 683w, https:\/\/ort.fi\/nurmes\/wp-content\/uploads\/2021\/01\/107462090_2665397993560158_52633867762462991_o-200x300.jpg 200w, https:\/\/ort.fi\/nurmes\/wp-content\/uploads\/2021\/01\/107462090_2665397993560158_52633867762462991_o-768x1152.jpg 768w, https:\/\/ort.fi\/nurmes\/wp-content\/uploads\/2021\/01\/107462090_2665397993560158_52633867762462991_o-1024x1536.jpg 1024w, https:\/\/ort.fi\/nurmes\/wp-content\/uploads\/2021\/01\/107462090_2665397993560158_52633867762462991_o.jpg 1296w\" sizes=\"auto, (max-width: 683px) 100vw, 683px\" \/><\/figure>\n\n\n\n<p>Valmistunut 1959<br>Piirt\u00e4nyt Ilmari Ahonen<br>Ikonostaasi: Voitto Marttinen<br>Tornin korkeus on 25 metri\u00e4.<\/p>\n\n\n\n<p><strong>Bomban karjalaiskyl\u00e4<\/strong><strong><\/strong><\/p>\n\n\n\n<h3 class=\"wp-block-heading\">Bomban pyhitt\u00e4j\u00e4isien Sergei ja Herman Valamolaisen tsasouna<\/h3>\n\n\n\n<p><strong>Osoite:<\/strong>\u00a0Suoj\u00e4rvenkatu 1, 75500 Nurmes<br><strong>Temppelijuhla:<\/strong>\u00a028.6. pyhitt\u00e4j\u00e4isien Sergein ja Hermanin muisto<br><strong>Is\u00e4nn\u00f6itsij\u00e4:<\/strong> Sakari Koistinen, puh. 040 555 9575<\/p>\n\n\n\n<figure class=\"wp-block-image size-large is-resized\"><img loading=\"lazy\" decoding=\"async\" width=\"640\" height=\"960\" src=\"https:\/\/ort.fi\/nurmes\/wp-content\/uploads\/2021\/01\/105940079_2631828450250446_1856370907005048541_n-1.jpg\" alt=\"\" class=\"wp-image-406\" style=\"width:211px;height:317px\" srcset=\"https:\/\/ort.fi\/nurmes\/wp-content\/uploads\/2021\/01\/105940079_2631828450250446_1856370907005048541_n-1.jpg 640w, https:\/\/ort.fi\/nurmes\/wp-content\/uploads\/2021\/01\/105940079_2631828450250446_1856370907005048541_n-1-200x300.jpg 200w\" sizes=\"auto, (max-width: 640px) 100vw, 640px\" \/><\/figure>\n\n\n\n<p>Valmistunut 1980<br>Piirt\u00e4nyt Erkki Helasvuo<br>P\u00e4\u00e4ikonit: Margit Lintu<\/p>\n\n\n\n<p><strong>Valtimo<\/strong><strong><\/strong><\/p>\n\n\n\n<h3 class=\"wp-block-heading\">Valtimon Pyh\u00e4n Kolminaisuuden kirkko<\/h3>\n\n\n\n<p><strong>Osoite:<\/strong>&nbsp;Lokkiharjuntie 40, 75700 Valtimo<br><strong>Temppelijuhla:<\/strong>&nbsp;helluntaina, Pyh\u00e4n Kolminaisuuden p\u00e4iv\u00e4n\u00e4<br><strong>Is\u00e4nn\u00f6itsij\u00e4:<\/strong> Maija ja Pasi H\u00e4m\u00e4l\u00e4inen, p. 050&nbsp;343 0060\/Pasi; 050&nbsp;400 5629\/Maija<\/p>\n\n\n\n<figure class=\"wp-block-image size-large is-resized\"><img loading=\"lazy\" decoding=\"async\" width=\"578\" height=\"589\" src=\"https:\/\/ort.fi\/nurmes\/wp-content\/uploads\/2021\/01\/86175343_2333213013445326_1969978907423670272_n-2.jpg\" alt=\"\" class=\"wp-image-432\" style=\"width:301px;height:327px\" srcset=\"https:\/\/ort.fi\/nurmes\/wp-content\/uploads\/2021\/01\/86175343_2333213013445326_1969978907423670272_n-2.jpg 578w, https:\/\/ort.fi\/nurmes\/wp-content\/uploads\/2021\/01\/86175343_2333213013445326_1969978907423670272_n-2-294x300.jpg 294w\" sizes=\"auto, (max-width: 578px) 100vw, 578px\" \/><\/figure>\n\n\n\n<p>Valmistunut tsasounaksi 1960, vihitty muutost\u00f6iden j\u00e4lkeen kirkoksi 2005<br>Piirt\u00e4nyt Ilmari Ahonen<br>Tsasounan p\u00e4\u00e4ikonit: Martta Nieglic-Platonoff<br>Kirkon ikonostaasit ja isot ikonit: munkki Stefanos<\/p>\n\n\n\n<p><strong>Rasim\u00e4ki<\/strong><strong><\/strong><\/p>\n\n\n\n<h3 class=\"wp-block-heading\">Rasim\u00e4en pyh\u00e4n Johannes Kastajan tsasouna<\/h3>\n\n\n\n<p><strong>Osoite:<\/strong>&nbsp;Rasim\u00e4entie 631, 75790 Rumo<br><strong>Temppelijuhla:<\/strong>&nbsp;24.6. juhannuspraasniekka, pyh\u00e4n Johannes Kastajan syntym\u00e4juhla<br><strong>Is\u00e4nn\u00f6itsij\u00e4:<\/strong> Anita Kulmala, p. 044 9943 251<\/p>\n\n\n\n<figure class=\"wp-block-image size-large is-resized\"><img loading=\"lazy\" decoding=\"async\" width=\"439\" height=\"629\" src=\"https:\/\/ort.fi\/nurmes\/wp-content\/uploads\/2021\/01\/118600416_2805672269532729_1335805053587178956_n-2.jpg\" alt=\"\" class=\"wp-image-434\" style=\"width:231px;height:332px\" srcset=\"https:\/\/ort.fi\/nurmes\/wp-content\/uploads\/2021\/01\/118600416_2805672269532729_1335805053587178956_n-2.jpg 439w, https:\/\/ort.fi\/nurmes\/wp-content\/uploads\/2021\/01\/118600416_2805672269532729_1335805053587178956_n-2-209x300.jpg 209w\" sizes=\"auto, (max-width: 439px) 100vw, 439px\" \/><\/figure>\n\n\n\n<p><strong>Juuka<\/strong><strong><\/strong><\/p>\n\n\n\n<h2 class=\"wp-block-heading\">Juuan pyh\u00e4n profeetta Elian tsasouna<\/h2>\n\n\n\n<p class=\"has-medium-font-size\"><strong>Osoite:<\/strong>&nbsp;Laurilantie 7, 83900 Juuka<br><strong>Temppelijuhla:<\/strong> 20.7., pyh\u00e4n profeetta Elian muistop\u00e4iv\u00e4<br><strong>Is\u00e4nn\u00f6itsij\u00e4:<\/strong> rovasti Sulo Naakka, p. 050&nbsp;547 2977<\/p>\n\n\n\n<p>Valmistunut 1965<br>Piirt\u00e4nyt Johannes Kuhanen<\/p>\n\n\n\n<figure class=\"wp-block-image size-large is-resized\"><img loading=\"lazy\" decoding=\"async\" width=\"437\" height=\"488\" src=\"https:\/\/ort.fi\/nurmes\/wp-content\/uploads\/2021\/01\/120054164_2881196395313649_3330350632152336854_n-2.jpg\" alt=\"\" class=\"wp-image-428\" style=\"width:297px;height:332px\" srcset=\"https:\/\/ort.fi\/nurmes\/wp-content\/uploads\/2021\/01\/120054164_2881196395313649_3330350632152336854_n-2.jpg 437w, https:\/\/ort.fi\/nurmes\/wp-content\/uploads\/2021\/01\/120054164_2881196395313649_3330350632152336854_n-2-269x300.jpg 269w\" sizes=\"auto, (max-width: 437px) 100vw, 437px\" \/><\/figure>\n\n\n\n<p>Valmistunut 1956<br>Piirt\u00e4nyt Toivo Paatela<br>P\u00e4\u00e4ikonit: Martta Nieglic-Platonoff<\/p>\n\n\n\n<p><strong>Py\u00f6tikk\u00f6<\/strong><strong><\/strong><\/p>\n\n\n\n<h3 class=\"wp-block-heading\">Py\u00f6tik\u00f6n Ristin ylent\u00e4misen tsasouna<\/h3>\n\n\n\n<p><strong>Osoite:<\/strong>&nbsp;Kojonniementie 310 A, 83900 Juuka<br><strong>Temppelijuhla:<\/strong>&nbsp;1.8. Ristin esiintuomisen juhla<br><strong>Is\u00e4nn\u00f6itsij\u00e4:<\/strong> Ulla Maija Saarelainen, p. 050&nbsp;570 3499<br><\/p>\n\n\n\n<figure class=\"wp-block-image size-large is-resized\"><img loading=\"lazy\" decoding=\"async\" width=\"960\" height=\"720\" src=\"https:\/\/ort.fi\/nurmes\/wp-content\/uploads\/2021\/01\/109336159_2686374574795833_2666609060192433565_n.jpg\" alt=\"\" class=\"wp-image-408\" style=\"width:346px;height:260px\" srcset=\"https:\/\/ort.fi\/nurmes\/wp-content\/uploads\/2021\/01\/109336159_2686374574795833_2666609060192433565_n.jpg 960w, https:\/\/ort.fi\/nurmes\/wp-content\/uploads\/2021\/01\/109336159_2686374574795833_2666609060192433565_n-300x225.jpg 300w, https:\/\/ort.fi\/nurmes\/wp-content\/uploads\/2021\/01\/109336159_2686374574795833_2666609060192433565_n-768x576.jpg 768w\" sizes=\"auto, (max-width: 960px) 100vw, 960px\" \/><\/figure>\n\n\n\n<p>Valmistunut 1977<br>Piirt\u00e4nyt Santeri Juppi<br>P\u00e4\u00e4ikonit: Margit Lintu<br>Vanhuskoisten munkkiluostarin kalmisto grobuineen.<\/p>\n\n\n\n<p><strong>Rautavaaralla palvelukset toimitetaan ev.lut.seurakuntasalilla<\/strong><\/p>\n\n\n\n<p>Ev. lut. seurakuntasali<br>Tulim\u00e4entie 11, Rautavaara<\/p>\n\n\n\n<figure class=\"wp-block-image size-large is-resized\"><img loading=\"lazy\" decoding=\"async\" width=\"1024\" height=\"768\" src=\"https:\/\/ort.fi\/nurmes\/wp-content\/uploads\/2021\/01\/Rautavaaran-srk-talo-1024x768.jpg\" alt=\"\" class=\"wp-image-494\" style=\"width:276px;height:207px\" srcset=\"https:\/\/ort.fi\/nurmes\/wp-content\/uploads\/2021\/01\/Rautavaaran-srk-talo-1024x768.jpg 1024w, https:\/\/ort.fi\/nurmes\/wp-content\/uploads\/2021\/01\/Rautavaaran-srk-talo-300x225.jpg 300w, https:\/\/ort.fi\/nurmes\/wp-content\/uploads\/2021\/01\/Rautavaaran-srk-talo-768x576.jpg 768w, https:\/\/ort.fi\/nurmes\/wp-content\/uploads\/2021\/01\/Rautavaaran-srk-talo-1536x1152.jpg 1536w, https:\/\/ort.fi\/nurmes\/wp-content\/uploads\/2021\/01\/Rautavaaran-srk-talo-2048x1536.jpg 2048w\" sizes=\"auto, (max-width: 1024px) 100vw, 1024px\" \/><\/figure>\n\n\n\n<p><strong>Kappeliseurakunnan alueella olevat yksityiset tsasounat:<\/strong><br><strong><br>Erakkola<\/strong><\/p>\n\n\n\n<h3 class=\"wp-block-heading\">Erakkolan pyh\u00e4n Ristin ylent\u00e4misen ja pyh\u00e4n Johannes Krysostomoksen tsasouna<\/h3>\n\n\n\n<p><strong>Osoite:<\/strong>&nbsp;Rasim\u00e4entie 521, 75770 Puukari<br><strong>Temppelijuhla:<\/strong>&nbsp;1.9. Kirkkovuoden alkaessa luomakunnan p\u00e4iv\u00e4n\u00e4<br><strong>Omistaja: munkki Stefanos, p. 040&nbsp;531 5410<\/strong><\/p>\n\n\n\n<figure class=\"wp-block-image size-large is-resized\"><img loading=\"lazy\" decoding=\"async\" width=\"768\" height=\"1024\" src=\"https:\/\/ort.fi\/nurmes\/wp-content\/uploads\/2021\/01\/40449305_1508048899295079_8156319555698819072_o-768x1024.jpg\" alt=\"\" class=\"wp-image-438\" style=\"width:231px;height:308px\" srcset=\"https:\/\/ort.fi\/nurmes\/wp-content\/uploads\/2021\/01\/40449305_1508048899295079_8156319555698819072_o-768x1024.jpg 768w, https:\/\/ort.fi\/nurmes\/wp-content\/uploads\/2021\/01\/40449305_1508048899295079_8156319555698819072_o-225x300.jpg 225w, https:\/\/ort.fi\/nurmes\/wp-content\/uploads\/2021\/01\/40449305_1508048899295079_8156319555698819072_o-1152x1536.jpg 1152w, https:\/\/ort.fi\/nurmes\/wp-content\/uploads\/2021\/01\/40449305_1508048899295079_8156319555698819072_o.jpg 1536w\" sizes=\"auto, (max-width: 768px) 100vw, 768px\" \/><\/figure>\n\n\n\n<p><strong>Keski-Vuokko<\/strong><\/p>\n\n\n\n<h3 class=\"wp-block-heading\">Keski-Vuokon Kristuksen kirkastumisen tsasouna<\/h3>\n\n\n\n<p><strong>Osoite:<\/strong>&nbsp;Keski-Vuokontie, 83900 Juuka<br><strong>Temppelijuhla:<\/strong>&nbsp;6.8. Kristuksen kirkastumisen juhla<br><strong>Yhteyshenkil\u00f6: P\u00e4ivi Vauhkonen, p. 050 5882 555<\/strong><\/p>\n\n\n\n<figure class=\"wp-block-image size-large is-resized\"><img loading=\"lazy\" decoding=\"async\" width=\"720\" height=\"960\" src=\"https:\/\/ort.fi\/nurmes\/wp-content\/uploads\/2021\/01\/99279136_2547743098658982_6672158173085827072_n.jpg\" alt=\"\" class=\"wp-image-416\" style=\"width:289px;height:385px\" srcset=\"https:\/\/ort.fi\/nurmes\/wp-content\/uploads\/2021\/01\/99279136_2547743098658982_6672158173085827072_n.jpg 720w, https:\/\/ort.fi\/nurmes\/wp-content\/uploads\/2021\/01\/99279136_2547743098658982_6672158173085827072_n-225x300.jpg 225w\" sizes=\"auto, (max-width: 720px) 100vw, 720px\" \/><\/figure>\n\n\n\n<p>Valmistunut 2002<br>Piirt\u00e4nyt Jari Murto<br>P\u00e4\u00e4ikonit: Viljo M\u00e4kinen<\/p>\n\n\n\n<p><strong>M\u00e4ntyniemi<\/strong><br><\/p>\n\n\n\n<h3 class=\"wp-block-heading\">Herran \u00e4idin\u00e4idin Annan tsasouna<\/h3>\n\n\n\n<p><strong>praasniekka:<\/strong> 25.7. Jumalansynnytt\u00e4j\u00e4n \u00c4idin nukkuminen<br><strong>Osoite: <\/strong>Kuopiontie 260, Palom\u00e4ki<br><strong>Omistaja:<\/strong> <strong>Anja ja Jouko Kotivuori<\/strong><\/p>\n\n\n\n<figure class=\"wp-block-image size-large is-resized\"><img loading=\"lazy\" decoding=\"async\" width=\"768\" height=\"1024\" src=\"https:\/\/ort.fi\/nurmes\/wp-content\/uploads\/2021\/01\/Mantyniemi-768x1024.jpg\" alt=\"\" class=\"wp-image-452\" style=\"width:287px;height:383px\" srcset=\"https:\/\/ort.fi\/nurmes\/wp-content\/uploads\/2021\/01\/Mantyniemi-768x1024.jpg 768w, https:\/\/ort.fi\/nurmes\/wp-content\/uploads\/2021\/01\/Mantyniemi-225x300.jpg 225w, https:\/\/ort.fi\/nurmes\/wp-content\/uploads\/2021\/01\/Mantyniemi-1152x1536.jpg 1152w, https:\/\/ort.fi\/nurmes\/wp-content\/uploads\/2021\/01\/Mantyniemi.jpg 1200w\" sizes=\"auto, (max-width: 768px) 100vw, 768px\" \/><\/figure>\n\n\n\n<p><strong>Paalasmaa<\/strong><strong><\/strong><\/p>\n\n\n\n<h3 class=\"wp-block-heading\">Paalasmaan pyh\u00e4n Herman Alaskalaisen tsasouna<\/h3>\n\n\n\n<p><strong>Osoite:<\/strong>&nbsp;Arvinniementie 106, 83910 Paalasmaa<br><strong>Temppelijuhla:<\/strong>&nbsp;9.8. pyh\u00e4n Herman Alaskalainen muistop\u00e4iv\u00e4<br><strong>Omistaja: Leena ja Pentti Nevalainen, p. 040&nbsp;733 5302\/ Leena<\/strong><\/p>\n\n\n\n<figure class=\"wp-block-image size-medium\"><img loading=\"lazy\" decoding=\"async\" width=\"300\" height=\"200\" src=\"https:\/\/ort.fi\/nurmes\/wp-content\/uploads\/2022\/02\/Herman_Alaskalaisen_tsasouna_web-300x200.jpg\" alt=\"\" class=\"wp-image-668\" srcset=\"https:\/\/ort.fi\/nurmes\/wp-content\/uploads\/2022\/02\/Herman_Alaskalaisen_tsasouna_web-300x200.jpg 300w, https:\/\/ort.fi\/nurmes\/wp-content\/uploads\/2022\/02\/Herman_Alaskalaisen_tsasouna_web-1024x683.jpg 1024w, https:\/\/ort.fi\/nurmes\/wp-content\/uploads\/2022\/02\/Herman_Alaskalaisen_tsasouna_web-768x512.jpg 768w, https:\/\/ort.fi\/nurmes\/wp-content\/uploads\/2022\/02\/Herman_Alaskalaisen_tsasouna_web.jpg 1440w\" sizes=\"auto, (max-width: 300px) 100vw, 300px\" \/><\/figure>\n\n\n\n<p><strong>Tuopanjoki<\/strong><\/p>\n\n\n\n<h3 class=\"wp-block-heading\">Tuopanjoen Jumalansynnytt\u00e4j\u00e4n Tihvinil\u00e4isen ikonin tsasouna<\/h3>\n\n\n\n<p><strong>Osoite:<\/strong>&nbsp;Tuopanvaarantie 560, 83985 Tuopanjoki<br><strong>Temppelijuhla:<\/strong>&nbsp;26.6. Jumalansynnytt\u00e4j\u00e4n Tihvinil\u00e4isen ikonin muistop\u00e4iv\u00e4<br><strong>Omistaja: Paula Parppei, p. 040&nbsp;739 4404<\/strong><\/p>\n\n\n\n<figure class=\"wp-block-image size-medium\"><img loading=\"lazy\" decoding=\"async\" width=\"300\" height=\"225\" src=\"https:\/\/ort.fi\/nurmes\/wp-content\/uploads\/2022\/02\/tuopanjoki-300x225.jpg\" alt=\"\" class=\"wp-image-682\" srcset=\"https:\/\/ort.fi\/nurmes\/wp-content\/uploads\/2022\/02\/tuopanjoki-300x225.jpg 300w, https:\/\/ort.fi\/nurmes\/wp-content\/uploads\/2022\/02\/tuopanjoki-768x576.jpg 768w, https:\/\/ort.fi\/nurmes\/wp-content\/uploads\/2022\/02\/tuopanjoki.jpg 960w\" sizes=\"auto, (max-width: 300px) 100vw, 300px\" \/><\/figure>\n\n\n\n<p><strong>Vastimo<\/strong><\/p>\n\n\n\n<h3 class=\"wp-block-heading\">Vastimon Jumalansynnytt\u00e4j\u00e4n kuolonuneen nukkumisen tsasouna<\/h3>\n\n\n\n<p><strong>Osoite:<\/strong>&nbsp;Vastimontie 30, 75500 Nurmes<br><strong>Temppelijuhla:<\/strong>&nbsp;15.8. Jumalansynnytt\u00e4j\u00e4n kuolonuneen nukkumisen juhla<br><strong>Omistaja: Seija ja Aleksi Karhu, p. 040&nbsp;021 2570<\/strong><\/p>\n\n\n\n<figure class=\"wp-block-image size-medium\"><img loading=\"lazy\" decoding=\"async\" width=\"300\" height=\"225\" src=\"https:\/\/ort.fi\/nurmes\/wp-content\/uploads\/2022\/02\/vastimo-1-300x225.jpg\" alt=\"\" class=\"wp-image-678\" srcset=\"https:\/\/ort.fi\/nurmes\/wp-content\/uploads\/2022\/02\/vastimo-1-300x225.jpg 300w, https:\/\/ort.fi\/nurmes\/wp-content\/uploads\/2022\/02\/vastimo-1-768x576.jpg 768w, https:\/\/ort.fi\/nurmes\/wp-content\/uploads\/2022\/02\/vastimo-1.jpg 960w\" sizes=\"auto, (max-width: 300px) 100vw, 300px\" \/><\/figure>\n","protected":false},"excerpt":{"rendered":"<p>Nurmeksen kappeliseurakunnalla on kaksi kirkkoa ja kolme tsasounaa, lis\u00e4ksi toiminta-alueella on lukuisia yksityisi\u00e4 tsasounia sek\u00e4 erakkola. Pyh\u00e4kk\u00f6jen kes\u00e4n 2025 aukioloajat Nurmes Nurmeksen pyhien apostolien Pietarin ja Paavalin kirkko Osoite:&nbsp;Kirkkokatu 31, 75500 NurmesTemppelijuhla:&nbsp;29.6.,pyhien apostolien Pietarin ja Paavalin muistoIs\u00e4nn\u00f6itsij\u00e4: Marjatta Kuittinen, p. 050 5436 285 Valmistunut 1959Piirt\u00e4nyt Ilmari AhonenIkonostaasi: Voitto MarttinenTornin korkeus on 25 metri\u00e4. Bomban karjalaiskyl\u00e4 &#8230; <a title=\"Pyh\u00e4k\u00f6t\" class=\"read-more\" href=\"https:\/\/ort.fi\/nurmes\/pyhakot\/\" aria-label=\"Lue lis\u00e4\u00e4 aiheesta Pyh\u00e4k\u00f6t\">Lue lis\u00e4\u00e4<\/a><\/p>\n","protected":false},"author":6,"featured_media":0,"parent":0,"menu_order":5,"comment_status":"closed","ping_status":"closed","template":"","meta":{"footnotes":""},"class_list":["post-104","page","type-page","status-publish"],"_links":{"self":[{"href":"https:\/\/ort.fi\/nurmes\/wp-json\/wp\/v2\/pages\/104","targetHints":{"allow":["GET"]}}],"collection":[{"href":"https:\/\/ort.fi\/nurmes\/wp-json\/wp\/v2\/pages"}],"about":[{"href":"https:\/\/ort.fi\/nurmes\/wp-json\/wp\/v2\/types\/page"}],"author":[{"embeddable":true,"href":"https:\/\/ort.fi\/nurmes\/wp-json\/wp\/v2\/users\/6"}],"replies":[{"embeddable":true,"href":"https:\/\/ort.fi\/nurmes\/wp-json\/wp\/v2\/comments?post=104"}],"version-history":[{"count":44,"href":"https:\/\/ort.fi\/nurmes\/wp-json\/wp\/v2\/pages\/104\/revisions"}],"predecessor-version":[{"id":2607,"href":"https:\/\/ort.fi\/nurmes\/wp-json\/wp\/v2\/pages\/104\/revisions\/2607"}],"wp:attachment":[{"href":"https:\/\/ort.fi\/nurmes\/wp-json\/wp\/v2\/media?parent=104"}],"curies":[{"name":"wp","href":"https:\/\/api.w.org\/{rel}","templated":true}]}}