{"id":75,"date":"2024-12-26T15:56:26","date_gmt":"2024-12-26T13:56:26","guid":{"rendered":"https:\/\/ort.fi\/uusikuopionjakarjalanhiippakunta\/?page_id=75"},"modified":"2025-01-15T18:37:54","modified_gmt":"2025-01-15T16:37:54","slug":"taipale","status":"publish","type":"page","link":"https:\/\/ort.fi\/kuopionjakarjalanhiippakunta\/taipale\/","title":{"rendered":"Taipale"},"content":{"rendered":"\t\t<div data-elementor-type=\"wp-page\" data-elementor-id=\"75\" class=\"elementor elementor-75\" data-elementor-post-type=\"page\">\n\t\t\t\t<div class=\"elementor-element elementor-element-13df425 e-flex e-con-boxed e-con e-parent\" data-id=\"13df425\" data-element_type=\"container\" data-e-type=\"container\">\n\t\t\t\t\t<div class=\"e-con-inner\">\n\t\t\t\t<div class=\"elementor-element elementor-element-3b66e25 elementor-widget elementor-widget-heading\" data-id=\"3b66e25\" data-element_type=\"widget\" data-e-type=\"widget\" data-widget_type=\"heading.default\">\n\t\t\t\t<div class=\"elementor-widget-container\">\n\t\t\t\t\t<h1 class=\"elementor-heading-title elementor-size-default\">TAIPALE<\/h1>\t\t\t\t<\/div>\n\t\t\t\t<\/div>\n\t\t\t\t\t<\/div>\n\t\t\t\t<\/div>\n\t\t<div class=\"elementor-element elementor-element-805e29a e-flex e-con-boxed e-con e-parent\" data-id=\"805e29a\" data-element_type=\"container\" data-e-type=\"container\">\n\t\t\t\t\t<div class=\"e-con-inner\">\n\t\t\t\t<div class=\"elementor-element elementor-element-ab69e1c elementor-grid-3 elementor-grid-tablet-2 elementor-grid-mobile-1 elementor-posts--thumbnail-top elementor-card-shadow-yes elementor-posts__hover-gradient elementor-widget elementor-widget-posts\" data-id=\"ab69e1c\" data-element_type=\"widget\" data-e-type=\"widget\" data-settings=\"{&quot;pagination_type&quot;:&quot;numbers_and_prev_next&quot;,&quot;cards_columns&quot;:&quot;3&quot;,&quot;cards_columns_tablet&quot;:&quot;2&quot;,&quot;cards_columns_mobile&quot;:&quot;1&quot;,&quot;cards_row_gap&quot;:{&quot;unit&quot;:&quot;px&quot;,&quot;size&quot;:35,&quot;sizes&quot;:[]},&quot;cards_row_gap_tablet&quot;:{&quot;unit&quot;:&quot;px&quot;,&quot;size&quot;:&quot;&quot;,&quot;sizes&quot;:[]},&quot;cards_row_gap_mobile&quot;:{&quot;unit&quot;:&quot;px&quot;,&quot;size&quot;:&quot;&quot;,&quot;sizes&quot;:[]}}\" data-widget_type=\"posts.cards\">\n\t\t\t\t<div class=\"elementor-widget-container\">\n\t\t\t\t\t\t\t<div class=\"elementor-posts-container elementor-posts elementor-posts--skin-cards elementor-grid\" role=\"list\">\n\t\t\t\t<article class=\"elementor-post elementor-grid-item post-14027 post type-post status-publish format-standard has-post-thumbnail hentry category-taipale\" role=\"listitem\">\n\t\t\t<div class=\"elementor-post__card\">\n\t\t\t\t<a class=\"elementor-post__thumbnail__link\" href=\"https:\/\/ort.fi\/kuopionjakarjalanhiippakunta\/2026\/02\/22\/paastosunnuntai-polvijarvella\/\" tabindex=\"-1\" ><div class=\"elementor-post__thumbnail\"><img fetchpriority=\"high\" decoding=\"async\" width=\"2560\" height=\"2560\" src=\"https:\/\/ort.fi\/kuopionjakarjalanhiippakunta\/wp-content\/uploads\/2026\/02\/Paastosunnuntai-Polvijarvella_A2-scaled.jpg\" class=\"attachment-full size-full wp-image-14029\" alt=\"\" srcset=\"https:\/\/ort.fi\/kuopionjakarjalanhiippakunta\/wp-content\/uploads\/2026\/02\/Paastosunnuntai-Polvijarvella_A2-scaled.jpg 2560w, https:\/\/ort.fi\/kuopionjakarjalanhiippakunta\/wp-content\/uploads\/2026\/02\/Paastosunnuntai-Polvijarvella_A2-300x300.jpg 300w, https:\/\/ort.fi\/kuopionjakarjalanhiippakunta\/wp-content\/uploads\/2026\/02\/Paastosunnuntai-Polvijarvella_A2-1024x1024.jpg 1024w, https:\/\/ort.fi\/kuopionjakarjalanhiippakunta\/wp-content\/uploads\/2026\/02\/Paastosunnuntai-Polvijarvella_A2-150x150.jpg 150w, https:\/\/ort.fi\/kuopionjakarjalanhiippakunta\/wp-content\/uploads\/2026\/02\/Paastosunnuntai-Polvijarvella_A2-768x768.jpg 768w, https:\/\/ort.fi\/kuopionjakarjalanhiippakunta\/wp-content\/uploads\/2026\/02\/Paastosunnuntai-Polvijarvella_A2-1536x1536.jpg 1536w, https:\/\/ort.fi\/kuopionjakarjalanhiippakunta\/wp-content\/uploads\/2026\/02\/Paastosunnuntai-Polvijarvella_A2-2048x2048.jpg 2048w\" sizes=\"(max-width: 2560px) 100vw, 2560px\" \/><\/div><\/a>\n\t\t\t\t<div class=\"elementor-post__text\">\n\t\t\t\t<h3 class=\"elementor-post__title\">\n\t\t\t<a href=\"https:\/\/ort.fi\/kuopionjakarjalanhiippakunta\/2026\/02\/22\/paastosunnuntai-polvijarvella\/\" >\n\t\t\t\tPaastosunnuntai Polvij\u00e4rvell\u00e4\t\t\t<\/a>\n\t\t<\/h3>\n\t\t\t\t<div class=\"elementor-post__excerpt\">\n\t\t\t<p>Kuopion ja Karjalan metropoliitta Arseni toimitti vuoden 2026 ortodoksisuuden sunnuntain liturgian 22. helmikuuta Pyh\u00e4n Johannes Kastajan kirkossa Polvij\u00e4rvell\u00e4. Ennen ortodoksisuuden sunnuntain liturgiaa metropoliitta Arseni vihki<\/p>\n\t\t<\/div>\n\t\t\n\t\t<a class=\"elementor-post__read-more\" href=\"https:\/\/ort.fi\/kuopionjakarjalanhiippakunta\/2026\/02\/22\/paastosunnuntai-polvijarvella\/\" aria-label=\"Read more about Paastosunnuntai Polvij\u00e4rvell\u00e4\" tabindex=\"-1\" >\n\t\t\tLue lis\u00e4\u00e4 \u00bb\t\t<\/a>\n\n\t\t\t\t<\/div>\n\t\t\t\t\t<\/div>\n\t\t<\/article>\n\t\t\t\t<article class=\"elementor-post elementor-grid-item post-11123 post type-post status-publish format-standard has-post-thumbnail hentry category-taipale\" role=\"listitem\">\n\t\t\t<div class=\"elementor-post__card\">\n\t\t\t\t<a class=\"elementor-post__thumbnail__link\" href=\"https:\/\/ort.fi\/kuopionjakarjalanhiippakunta\/2025\/03\/22\/ristinkumartamisen-sunnuntai\/\" tabindex=\"-1\" ><div class=\"elementor-post__thumbnail\"><img decoding=\"async\" width=\"1631\" height=\"2560\" src=\"https:\/\/ort.fi\/kuopionjakarjalanhiippakunta\/wp-content\/uploads\/2025\/03\/Ristinkumartamisen-sunnuntai-_3_23.3.2025-scaled.jpg\" class=\"attachment-full size-full wp-image-11135\" alt=\"\" srcset=\"https:\/\/ort.fi\/kuopionjakarjalanhiippakunta\/wp-content\/uploads\/2025\/03\/Ristinkumartamisen-sunnuntai-_3_23.3.2025-scaled.jpg 1631w, https:\/\/ort.fi\/kuopionjakarjalanhiippakunta\/wp-content\/uploads\/2025\/03\/Ristinkumartamisen-sunnuntai-_3_23.3.2025-191x300.jpg 191w, https:\/\/ort.fi\/kuopionjakarjalanhiippakunta\/wp-content\/uploads\/2025\/03\/Ristinkumartamisen-sunnuntai-_3_23.3.2025-652x1024.jpg 652w, https:\/\/ort.fi\/kuopionjakarjalanhiippakunta\/wp-content\/uploads\/2025\/03\/Ristinkumartamisen-sunnuntai-_3_23.3.2025-768x1206.jpg 768w, https:\/\/ort.fi\/kuopionjakarjalanhiippakunta\/wp-content\/uploads\/2025\/03\/Ristinkumartamisen-sunnuntai-_3_23.3.2025-978x1536.jpg 978w, https:\/\/ort.fi\/kuopionjakarjalanhiippakunta\/wp-content\/uploads\/2025\/03\/Ristinkumartamisen-sunnuntai-_3_23.3.2025-1305x2048.jpg 1305w\" sizes=\"(max-width: 1631px) 100vw, 1631px\" \/><\/div><\/a>\n\t\t\t\t<div class=\"elementor-post__text\">\n\t\t\t\t<h3 class=\"elementor-post__title\">\n\t\t\t<a href=\"https:\/\/ort.fi\/kuopionjakarjalanhiippakunta\/2025\/03\/22\/ristinkumartamisen-sunnuntai\/\" >\n\t\t\t\tRistinkumartamisen sunnuntai\t\t\t<\/a>\n\t\t<\/h3>\n\t\t\t\t<div class=\"elementor-post__excerpt\">\n\t\t\t<p>Kuopion ja Karjalan metropoliitta Arseni toimitti vuoden 2025 ristinkumartamisen sunnuntain jumalanpalvelukset Taipaleen seurakunnassa. Sunnuntaiaaton vigilian, ristin esiinkantamisen ja kumartamisen metropoliitta toimitti 22. maaliskuuta Pyh\u00e4n profeetta<\/p>\n\t\t<\/div>\n\t\t\n\t\t<a class=\"elementor-post__read-more\" href=\"https:\/\/ort.fi\/kuopionjakarjalanhiippakunta\/2025\/03\/22\/ristinkumartamisen-sunnuntai\/\" aria-label=\"Read more about Ristinkumartamisen sunnuntai\" tabindex=\"-1\" >\n\t\t\tLue lis\u00e4\u00e4 \u00bb\t\t<\/a>\n\n\t\t\t\t<\/div>\n\t\t\t\t\t<\/div>\n\t\t<\/article>\n\t\t\t\t<article class=\"elementor-post elementor-grid-item post-5487 post type-post status-publish format-standard has-post-thumbnail hentry category-taipale\" role=\"listitem\">\n\t\t\t<div class=\"elementor-post__card\">\n\t\t\t\t<a class=\"elementor-post__thumbnail__link\" href=\"https:\/\/ort.fi\/kuopionjakarjalanhiippakunta\/2025\/01\/04\/uusi-diakoni-taipaleen-seurakuntaan\/\" tabindex=\"-1\" ><div class=\"elementor-post__thumbnail\"><img decoding=\"async\" width=\"1900\" height=\"1425\" src=\"https:\/\/ort.fi\/kuopionjakarjalanhiippakunta\/wp-content\/uploads\/2025\/01\/\u0397-\u0395\u03bf\u03c1\u03c4\u03ae-\u03c3\u03c4\u03b7\u03bd-\u03b5\u03bd\u03bf\u03c1\u03af\u03b1-\u03c4\u03bf\u03c5-\u03a4\u03ac\u03b9\u03c0\u03b1\u03bb\u03b5-Risto-Aikonen-VIII.jpg\" class=\"attachment-full size-full wp-image-5489\" alt=\"\" srcset=\"https:\/\/ort.fi\/kuopionjakarjalanhiippakunta\/wp-content\/uploads\/2025\/01\/\u0397-\u0395\u03bf\u03c1\u03c4\u03ae-\u03c3\u03c4\u03b7\u03bd-\u03b5\u03bd\u03bf\u03c1\u03af\u03b1-\u03c4\u03bf\u03c5-\u03a4\u03ac\u03b9\u03c0\u03b1\u03bb\u03b5-Risto-Aikonen-VIII.jpg 1900w, https:\/\/ort.fi\/kuopionjakarjalanhiippakunta\/wp-content\/uploads\/2025\/01\/\u0397-\u0395\u03bf\u03c1\u03c4\u03ae-\u03c3\u03c4\u03b7\u03bd-\u03b5\u03bd\u03bf\u03c1\u03af\u03b1-\u03c4\u03bf\u03c5-\u03a4\u03ac\u03b9\u03c0\u03b1\u03bb\u03b5-Risto-Aikonen-VIII-300x225.jpg 300w, https:\/\/ort.fi\/kuopionjakarjalanhiippakunta\/wp-content\/uploads\/2025\/01\/\u0397-\u0395\u03bf\u03c1\u03c4\u03ae-\u03c3\u03c4\u03b7\u03bd-\u03b5\u03bd\u03bf\u03c1\u03af\u03b1-\u03c4\u03bf\u03c5-\u03a4\u03ac\u03b9\u03c0\u03b1\u03bb\u03b5-Risto-Aikonen-VIII-1024x768.jpg 1024w, https:\/\/ort.fi\/kuopionjakarjalanhiippakunta\/wp-content\/uploads\/2025\/01\/\u0397-\u0395\u03bf\u03c1\u03c4\u03ae-\u03c3\u03c4\u03b7\u03bd-\u03b5\u03bd\u03bf\u03c1\u03af\u03b1-\u03c4\u03bf\u03c5-\u03a4\u03ac\u03b9\u03c0\u03b1\u03bb\u03b5-Risto-Aikonen-VIII-768x576.jpg 768w, https:\/\/ort.fi\/kuopionjakarjalanhiippakunta\/wp-content\/uploads\/2025\/01\/\u0397-\u0395\u03bf\u03c1\u03c4\u03ae-\u03c3\u03c4\u03b7\u03bd-\u03b5\u03bd\u03bf\u03c1\u03af\u03b1-\u03c4\u03bf\u03c5-\u03a4\u03ac\u03b9\u03c0\u03b1\u03bb\u03b5-Risto-Aikonen-VIII-1536x1152.jpg 1536w\" sizes=\"(max-width: 1900px) 100vw, 1900px\" \/><\/div><\/a>\n\t\t\t\t<div class=\"elementor-post__text\">\n\t\t\t\t<h3 class=\"elementor-post__title\">\n\t\t\t<a href=\"https:\/\/ort.fi\/kuopionjakarjalanhiippakunta\/2025\/01\/04\/uusi-diakoni-taipaleen-seurakuntaan\/\" >\n\t\t\t\tUusi diakoni Taipaleen seurakuntaan\t\t\t<\/a>\n\t\t<\/h3>\n\t\t\t\t<div class=\"elementor-post__excerpt\">\n\t\t\t<p>KP. Kuopion ja Karjalan metropoliitta Arseni toimitti 25. ja 26. kes\u00e4kuuta Taipaleen seurakunnan Jumalansynnytt\u00e4j\u00e4n Tihvin\u00e4l\u00e4isen ikonin kirkon temppelijuhlan jumalanpalvelukset yhdess\u00e4 paikallisen papiston kanssa. Juhlap\u00e4iv\u00e4n liturgiassa<\/p>\n\t\t<\/div>\n\t\t\n\t\t<a class=\"elementor-post__read-more\" href=\"https:\/\/ort.fi\/kuopionjakarjalanhiippakunta\/2025\/01\/04\/uusi-diakoni-taipaleen-seurakuntaan\/\" aria-label=\"Read more about Uusi diakoni Taipaleen seurakuntaan\" tabindex=\"-1\" >\n\t\t\tLue lis\u00e4\u00e4 \u00bb\t\t<\/a>\n\n\t\t\t\t<\/div>\n\t\t\t\t\t<\/div>\n\t\t<\/article>\n\t\t\t\t<article class=\"elementor-post elementor-grid-item post-5069 post type-post status-publish format-standard has-post-thumbnail hentry category-taipale\" role=\"listitem\">\n\t\t\t<div class=\"elementor-post__card\">\n\t\t\t\t<a class=\"elementor-post__thumbnail__link\" href=\"https:\/\/ort.fi\/kuopionjakarjalanhiippakunta\/2025\/01\/04\/isa-paavo-elakkeelle\/\" tabindex=\"-1\" ><div class=\"elementor-post__thumbnail\"><img loading=\"lazy\" decoding=\"async\" width=\"1267\" height=\"1900\" src=\"https:\/\/ort.fi\/kuopionjakarjalanhiippakunta\/wp-content\/uploads\/2025\/01\/Isa-Paavon-laksiaisjuhla-Risto-Aikonen-IV.jpg\" class=\"attachment-full size-full wp-image-5071\" alt=\"\" srcset=\"https:\/\/ort.fi\/kuopionjakarjalanhiippakunta\/wp-content\/uploads\/2025\/01\/Isa-Paavon-laksiaisjuhla-Risto-Aikonen-IV.jpg 1267w, https:\/\/ort.fi\/kuopionjakarjalanhiippakunta\/wp-content\/uploads\/2025\/01\/Isa-Paavon-laksiaisjuhla-Risto-Aikonen-IV-200x300.jpg 200w, https:\/\/ort.fi\/kuopionjakarjalanhiippakunta\/wp-content\/uploads\/2025\/01\/Isa-Paavon-laksiaisjuhla-Risto-Aikonen-IV-683x1024.jpg 683w, https:\/\/ort.fi\/kuopionjakarjalanhiippakunta\/wp-content\/uploads\/2025\/01\/Isa-Paavon-laksiaisjuhla-Risto-Aikonen-IV-768x1152.jpg 768w, https:\/\/ort.fi\/kuopionjakarjalanhiippakunta\/wp-content\/uploads\/2025\/01\/Isa-Paavon-laksiaisjuhla-Risto-Aikonen-IV-1024x1536.jpg 1024w\" sizes=\"(max-width: 1267px) 100vw, 1267px\" \/><\/div><\/a>\n\t\t\t\t<div class=\"elementor-post__text\">\n\t\t\t\t<h3 class=\"elementor-post__title\">\n\t\t\t<a href=\"https:\/\/ort.fi\/kuopionjakarjalanhiippakunta\/2025\/01\/04\/isa-paavo-elakkeelle\/\" >\n\t\t\t\tIs\u00e4 Paavo el\u00e4kkeelle\t\t\t<\/a>\n\t\t<\/h3>\n\t\t\t\t<div class=\"elementor-post__excerpt\">\n\t\t\t<p>Is\u00e4 Paavo el\u00e4kkeelleRovasti Paavo Ratilainen j\u00e4i kuluvan kuukauden alusta el\u00e4kkeelle Taipaleen seurakunnan kirkkoherran toimesta. Is\u00e4 Paavo aloitti ty\u00f6ns\u00e4 kirkkoherrana vuoden 1997 elokuun alussa. Ty\u00f6vuosia kertyi<\/p>\n\t\t<\/div>\n\t\t\n\t\t<a class=\"elementor-post__read-more\" href=\"https:\/\/ort.fi\/kuopionjakarjalanhiippakunta\/2025\/01\/04\/isa-paavo-elakkeelle\/\" aria-label=\"Read more about Is\u00e4 Paavo el\u00e4kkeelle\" tabindex=\"-1\" >\n\t\t\tLue lis\u00e4\u00e4 \u00bb\t\t<\/a>\n\n\t\t\t\t<\/div>\n\t\t\t\t\t<\/div>\n\t\t<\/article>\n\t\t\t\t<article class=\"elementor-post elementor-grid-item post-4669 post type-post status-publish format-standard has-post-thumbnail hentry category-taipale\" role=\"listitem\">\n\t\t\t<div class=\"elementor-post__card\">\n\t\t\t\t<a class=\"elementor-post__thumbnail__link\" href=\"https:\/\/ort.fi\/kuopionjakarjalanhiippakunta\/2025\/01\/03\/piispa-kristinoppileirilla\/\" tabindex=\"-1\" ><div class=\"elementor-post__thumbnail\"><img loading=\"lazy\" decoding=\"async\" width=\"1900\" height=\"1425\" src=\"https:\/\/ort.fi\/kuopionjakarjalanhiippakunta\/wp-content\/uploads\/2025\/01\/Taipaleen-seurakunnan-nuorten-leiri-yhteiskuva-Nemanja-Balcin-2023-.jpg\" class=\"attachment-full size-full wp-image-4671\" alt=\"\" srcset=\"https:\/\/ort.fi\/kuopionjakarjalanhiippakunta\/wp-content\/uploads\/2025\/01\/Taipaleen-seurakunnan-nuorten-leiri-yhteiskuva-Nemanja-Balcin-2023-.jpg 1900w, https:\/\/ort.fi\/kuopionjakarjalanhiippakunta\/wp-content\/uploads\/2025\/01\/Taipaleen-seurakunnan-nuorten-leiri-yhteiskuva-Nemanja-Balcin-2023--300x225.jpg 300w, https:\/\/ort.fi\/kuopionjakarjalanhiippakunta\/wp-content\/uploads\/2025\/01\/Taipaleen-seurakunnan-nuorten-leiri-yhteiskuva-Nemanja-Balcin-2023--1024x768.jpg 1024w, https:\/\/ort.fi\/kuopionjakarjalanhiippakunta\/wp-content\/uploads\/2025\/01\/Taipaleen-seurakunnan-nuorten-leiri-yhteiskuva-Nemanja-Balcin-2023--768x576.jpg 768w, https:\/\/ort.fi\/kuopionjakarjalanhiippakunta\/wp-content\/uploads\/2025\/01\/Taipaleen-seurakunnan-nuorten-leiri-yhteiskuva-Nemanja-Balcin-2023--1536x1152.jpg 1536w\" sizes=\"(max-width: 1900px) 100vw, 1900px\" \/><\/div><\/a>\n\t\t\t\t<div class=\"elementor-post__text\">\n\t\t\t\t<h3 class=\"elementor-post__title\">\n\t\t\t<a href=\"https:\/\/ort.fi\/kuopionjakarjalanhiippakunta\/2025\/01\/03\/piispa-kristinoppileirilla\/\" >\n\t\t\t\tPiispa kristinoppileirill\u00e4\t\t\t<\/a>\n\t\t<\/h3>\n\t\t\t\t<div class=\"elementor-post__excerpt\">\n\t\t\t<p>Metropoliitta Arseni vieraili 16. kes\u00e4kuuta Taipaleen seurakunnan kristinoppileirill\u00e4 Polvij\u00e4rven Syv\u00e4lahdessa. Leirille osallistui kaikkiaan 24 nuorta sek\u00e4 Taipaleen ett\u00e4 Nurmeksen kappeliseurakunnan alueelta. Leirin opetuksesta ja ohjauksesta<\/p>\n\t\t<\/div>\n\t\t\n\t\t<a class=\"elementor-post__read-more\" href=\"https:\/\/ort.fi\/kuopionjakarjalanhiippakunta\/2025\/01\/03\/piispa-kristinoppileirilla\/\" aria-label=\"Read more about Piispa kristinoppileirill\u00e4\" tabindex=\"-1\" >\n\t\t\tLue lis\u00e4\u00e4 \u00bb\t\t<\/a>\n\n\t\t\t\t<\/div>\n\t\t\t\t\t<\/div>\n\t\t<\/article>\n\t\t\t\t<article class=\"elementor-post elementor-grid-item post-4049 post type-post status-publish format-standard has-post-thumbnail hentry category-taipale\" role=\"listitem\">\n\t\t\t<div class=\"elementor-post__card\">\n\t\t\t\t<a class=\"elementor-post__thumbnail__link\" href=\"https:\/\/ort.fi\/kuopionjakarjalanhiippakunta\/2025\/01\/01\/taipaleen-seurakunta-tarkastettiin\/\" tabindex=\"-1\" ><div class=\"elementor-post__thumbnail\"><img loading=\"lazy\" decoding=\"async\" width=\"1900\" height=\"1425\" src=\"https:\/\/ort.fi\/kuopionjakarjalanhiippakunta\/wp-content\/uploads\/2025\/01\/Taipaleen-seurakunnan-tarkastus-I-2022-186.jpg\" class=\"attachment-full size-full wp-image-4051\" alt=\"\" srcset=\"https:\/\/ort.fi\/kuopionjakarjalanhiippakunta\/wp-content\/uploads\/2025\/01\/Taipaleen-seurakunnan-tarkastus-I-2022-186.jpg 1900w, https:\/\/ort.fi\/kuopionjakarjalanhiippakunta\/wp-content\/uploads\/2025\/01\/Taipaleen-seurakunnan-tarkastus-I-2022-186-300x225.jpg 300w, https:\/\/ort.fi\/kuopionjakarjalanhiippakunta\/wp-content\/uploads\/2025\/01\/Taipaleen-seurakunnan-tarkastus-I-2022-186-1024x768.jpg 1024w, https:\/\/ort.fi\/kuopionjakarjalanhiippakunta\/wp-content\/uploads\/2025\/01\/Taipaleen-seurakunnan-tarkastus-I-2022-186-768x576.jpg 768w, https:\/\/ort.fi\/kuopionjakarjalanhiippakunta\/wp-content\/uploads\/2025\/01\/Taipaleen-seurakunnan-tarkastus-I-2022-186-1536x1152.jpg 1536w\" sizes=\"(max-width: 1900px) 100vw, 1900px\" \/><\/div><\/a>\n\t\t\t\t<div class=\"elementor-post__text\">\n\t\t\t\t<h3 class=\"elementor-post__title\">\n\t\t\t<a href=\"https:\/\/ort.fi\/kuopionjakarjalanhiippakunta\/2025\/01\/01\/taipaleen-seurakunta-tarkastettiin\/\" >\n\t\t\t\tTaipaleen seurakunta tarkastettiin\t\t\t<\/a>\n\t\t<\/h3>\n\t\t\t\t<div class=\"elementor-post__excerpt\">\n\t\t\t<p>Kuopion ja Karjalan metropoliitta Arseni suoritti 13.\u201318. syyskuuta Taipaleen seurakunnan tarkastuksen. Vuoden 2021 alusta Nurmeksen seurakunta liittyi Taipaleen seurakuntaan, joten tarkastus j\u00e4rjestettiin kestoltaan tavanomaista pidemp\u00e4n\u00e4<\/p>\n\t\t<\/div>\n\t\t\n\t\t<a class=\"elementor-post__read-more\" href=\"https:\/\/ort.fi\/kuopionjakarjalanhiippakunta\/2025\/01\/01\/taipaleen-seurakunta-tarkastettiin\/\" aria-label=\"Read more about Taipaleen seurakunta tarkastettiin\" tabindex=\"-1\" >\n\t\t\tLue lis\u00e4\u00e4 \u00bb\t\t<\/a>\n\n\t\t\t\t<\/div>\n\t\t\t\t\t<\/div>\n\t\t<\/article>\n\t\t\t\t<article class=\"elementor-post elementor-grid-item post-3693 post type-post status-publish format-standard has-post-thumbnail hentry category-taipale\" role=\"listitem\">\n\t\t\t<div class=\"elementor-post__card\">\n\t\t\t\t<a class=\"elementor-post__thumbnail__link\" href=\"https:\/\/ort.fi\/kuopionjakarjalanhiippakunta\/2025\/01\/01\/juhlapaiva-viinijarvella\/\" tabindex=\"-1\" ><div class=\"elementor-post__thumbnail\"><img loading=\"lazy\" decoding=\"async\" width=\"1110\" height=\"727\" src=\"https:\/\/ort.fi\/kuopionjakarjalanhiippakunta\/wp-content\/uploads\/2025\/01\/Risto-Aikosen-kuvat-Taipale-IV-2022.jpg\" class=\"attachment-full size-full wp-image-3695\" alt=\"\" srcset=\"https:\/\/ort.fi\/kuopionjakarjalanhiippakunta\/wp-content\/uploads\/2025\/01\/Risto-Aikosen-kuvat-Taipale-IV-2022.jpg 1110w, https:\/\/ort.fi\/kuopionjakarjalanhiippakunta\/wp-content\/uploads\/2025\/01\/Risto-Aikosen-kuvat-Taipale-IV-2022-300x196.jpg 300w, https:\/\/ort.fi\/kuopionjakarjalanhiippakunta\/wp-content\/uploads\/2025\/01\/Risto-Aikosen-kuvat-Taipale-IV-2022-1024x671.jpg 1024w, https:\/\/ort.fi\/kuopionjakarjalanhiippakunta\/wp-content\/uploads\/2025\/01\/Risto-Aikosen-kuvat-Taipale-IV-2022-768x503.jpg 768w\" sizes=\"(max-width: 1110px) 100vw, 1110px\" \/><\/div><\/a>\n\t\t\t\t<div class=\"elementor-post__text\">\n\t\t\t\t<h3 class=\"elementor-post__title\">\n\t\t\t<a href=\"https:\/\/ort.fi\/kuopionjakarjalanhiippakunta\/2025\/01\/01\/juhlapaiva-viinijarvella\/\" >\n\t\t\t\tJuhlap\u00e4iv\u00e4 Viinij\u00e4rvell\u00e4\t\t\t<\/a>\n\t\t<\/h3>\n\t\t\t\t<div class=\"elementor-post__excerpt\">\n\t\t\t<p>Taipaleen seurakunnan Jumalansynnytt\u00e4j\u00e4n Tihvin\u00e4l\u00e4iselle ikonille pyhitetyn p\u00e4\u00e4kirkon juhlaa vietettiin kauniissa kes\u00e4s\u00e4\u00e4ss\u00e4 sunnuntaina 26. kes\u00e4kuuta. Juhlap\u00e4iv\u00e4n liturgian historiallisessa pyh\u00e4k\u00f6ss\u00e4 ja vedenpyhityksen Taipalejoen rannassa toimitti KP. metropoliitta<\/p>\n\t\t<\/div>\n\t\t\n\t\t<a class=\"elementor-post__read-more\" href=\"https:\/\/ort.fi\/kuopionjakarjalanhiippakunta\/2025\/01\/01\/juhlapaiva-viinijarvella\/\" aria-label=\"Read more about Juhlap\u00e4iv\u00e4 Viinij\u00e4rvell\u00e4\" tabindex=\"-1\" >\n\t\t\tLue lis\u00e4\u00e4 \u00bb\t\t<\/a>\n\n\t\t\t\t<\/div>\n\t\t\t\t\t<\/div>\n\t\t<\/article>\n\t\t\t\t<article class=\"elementor-post elementor-grid-item post-3215 post type-post status-publish format-standard has-post-thumbnail hentry category-taipale\" role=\"listitem\">\n\t\t\t<div class=\"elementor-post__card\">\n\t\t\t\t<a class=\"elementor-post__thumbnail__link\" href=\"https:\/\/ort.fi\/kuopionjakarjalanhiippakunta\/2024\/12\/31\/pappisvihkimys-viinijarvella\/\" tabindex=\"-1\" ><div class=\"elementor-post__thumbnail\"><img loading=\"lazy\" decoding=\"async\" width=\"1269\" height=\"1900\" src=\"https:\/\/ort.fi\/kuopionjakarjalanhiippakunta\/wp-content\/uploads\/2024\/12\/DSC4112.jpg\" class=\"attachment-full size-full wp-image-3217\" alt=\"\" srcset=\"https:\/\/ort.fi\/kuopionjakarjalanhiippakunta\/wp-content\/uploads\/2024\/12\/DSC4112.jpg 1269w, https:\/\/ort.fi\/kuopionjakarjalanhiippakunta\/wp-content\/uploads\/2024\/12\/DSC4112-200x300.jpg 200w, https:\/\/ort.fi\/kuopionjakarjalanhiippakunta\/wp-content\/uploads\/2024\/12\/DSC4112-684x1024.jpg 684w, https:\/\/ort.fi\/kuopionjakarjalanhiippakunta\/wp-content\/uploads\/2024\/12\/DSC4112-768x1150.jpg 768w, https:\/\/ort.fi\/kuopionjakarjalanhiippakunta\/wp-content\/uploads\/2024\/12\/DSC4112-1026x1536.jpg 1026w\" sizes=\"(max-width: 1269px) 100vw, 1269px\" \/><\/div><\/a>\n\t\t\t\t<div class=\"elementor-post__text\">\n\t\t\t\t<h3 class=\"elementor-post__title\">\n\t\t\t<a href=\"https:\/\/ort.fi\/kuopionjakarjalanhiippakunta\/2024\/12\/31\/pappisvihkimys-viinijarvella\/\" >\n\t\t\t\tPappisvihkimys Viinij\u00e4rvell\u00e4\t\t\t<\/a>\n\t\t<\/h3>\n\t\t\t\t<div class=\"elementor-post__excerpt\">\n\t\t\t<p>Kuopion ja Karjalan metropoliitta vihki 24. tammikuuta Jumalan\u00e4idin tihvin\u00e4l\u00e4isen ikonin kirkossa arkkimandriitta Sergein ja diakoni Mauri Mutasen kanssa toimittamassaan liturgiassa diakoni Nemanja Balcinin papiksi. Palveluksessa<\/p>\n\t\t<\/div>\n\t\t\n\t\t<a class=\"elementor-post__read-more\" href=\"https:\/\/ort.fi\/kuopionjakarjalanhiippakunta\/2024\/12\/31\/pappisvihkimys-viinijarvella\/\" aria-label=\"Read more about Pappisvihkimys Viinij\u00e4rvell\u00e4\" tabindex=\"-1\" >\n\t\t\tLue lis\u00e4\u00e4 \u00bb\t\t<\/a>\n\n\t\t\t\t<\/div>\n\t\t\t\t\t<\/div>\n\t\t<\/article>\n\t\t\t\t<article class=\"elementor-post elementor-grid-item post-2799 post type-post status-publish format-standard has-post-thumbnail hentry category-taipale\" role=\"listitem\">\n\t\t\t<div class=\"elementor-post__card\">\n\t\t\t\t<a class=\"elementor-post__thumbnail__link\" href=\"https:\/\/ort.fi\/kuopionjakarjalanhiippakunta\/2024\/12\/30\/diakoniksi-vihkimys-outokummussa\/\" tabindex=\"-1\" ><div class=\"elementor-post__thumbnail\"><img loading=\"lazy\" decoding=\"async\" width=\"1900\" height=\"1425\" src=\"https:\/\/ort.fi\/kuopionjakarjalanhiippakunta\/wp-content\/uploads\/2024\/12\/Kuvat-diakoniksi-vihkimisesta-I-Aleksander-Roszczenko.jpg\" class=\"attachment-full size-full wp-image-2801\" alt=\"\" srcset=\"https:\/\/ort.fi\/kuopionjakarjalanhiippakunta\/wp-content\/uploads\/2024\/12\/Kuvat-diakoniksi-vihkimisesta-I-Aleksander-Roszczenko.jpg 1900w, https:\/\/ort.fi\/kuopionjakarjalanhiippakunta\/wp-content\/uploads\/2024\/12\/Kuvat-diakoniksi-vihkimisesta-I-Aleksander-Roszczenko-300x225.jpg 300w, https:\/\/ort.fi\/kuopionjakarjalanhiippakunta\/wp-content\/uploads\/2024\/12\/Kuvat-diakoniksi-vihkimisesta-I-Aleksander-Roszczenko-1024x768.jpg 1024w, https:\/\/ort.fi\/kuopionjakarjalanhiippakunta\/wp-content\/uploads\/2024\/12\/Kuvat-diakoniksi-vihkimisesta-I-Aleksander-Roszczenko-768x576.jpg 768w, https:\/\/ort.fi\/kuopionjakarjalanhiippakunta\/wp-content\/uploads\/2024\/12\/Kuvat-diakoniksi-vihkimisesta-I-Aleksander-Roszczenko-1536x1152.jpg 1536w\" sizes=\"(max-width: 1900px) 100vw, 1900px\" \/><\/div><\/a>\n\t\t\t\t<div class=\"elementor-post__text\">\n\t\t\t\t<h3 class=\"elementor-post__title\">\n\t\t\t<a href=\"https:\/\/ort.fi\/kuopionjakarjalanhiippakunta\/2024\/12\/30\/diakoniksi-vihkimys-outokummussa\/\" >\n\t\t\t\tDiakoniksi vihkimys Outokummussa\t\t\t<\/a>\n\t\t<\/h3>\n\t\t\t\t<div class=\"elementor-post__excerpt\">\n\t\t\t<p>KP metropoliitta Arseni vihki lukija Nemanja Balcinin ipodiakoniksi ja diakoniksi 17. tammikuuta Outokummussa toimittamassaan liturgiassa. Palveluksessa avustivat esipaimenta rovastit Markku Toivanen ja Raimo Sissonen, pastori<\/p>\n\t\t<\/div>\n\t\t\n\t\t<a class=\"elementor-post__read-more\" href=\"https:\/\/ort.fi\/kuopionjakarjalanhiippakunta\/2024\/12\/30\/diakoniksi-vihkimys-outokummussa\/\" aria-label=\"Read more about Diakoniksi vihkimys Outokummussa\" tabindex=\"-1\" >\n\t\t\tLue lis\u00e4\u00e4 \u00bb\t\t<\/a>\n\n\t\t\t\t<\/div>\n\t\t\t\t\t<\/div>\n\t\t<\/article>\n\t\t\t\t<\/div>\n\t\t\n\t\t\t\t<div class=\"e-load-more-anchor\" data-page=\"1\" data-max-page=\"2\" data-next-page=\"https:\/\/ort.fi\/kuopionjakarjalanhiippakunta\/wp-json\/wp\/v2\/pages\/75\/page\/2\/\"><\/div>\n\t\t\t\t<nav class=\"elementor-pagination\" aria-label=\"Pagination\">\n\t\t\t<span class=\"page-numbers prev\">&laquo; Edellinen sivu<\/span>\n<span aria-current=\"page\" class=\"page-numbers current\"><span class=\"elementor-screen-only\">Page<\/span>1<\/span>\n<a class=\"page-numbers\" href=\"https:\/\/ort.fi\/kuopionjakarjalanhiippakunta\/wp-json\/wp\/v2\/pages\/75\/page\/2\/\"><span class=\"elementor-screen-only\">Page<\/span>2<\/a>\n<a class=\"page-numbers next\" href=\"https:\/\/ort.fi\/kuopionjakarjalanhiippakunta\/wp-json\/wp\/v2\/pages\/75\/page\/2\/\">Seuraava sivu &raquo;<\/a>\t\t<\/nav>\n\t\t\t\t\t\t<\/div>\n\t\t\t\t<\/div>\n\t\t\t\t\t<\/div>\n\t\t\t\t<\/div>\n\t\t\t\t<\/div>\n\t\t","protected":false},"excerpt":{"rendered":"<p>TAIPALE<\/p>\n","protected":false},"author":1,"featured_media":0,"parent":0,"menu_order":0,"comment_status":"closed","ping_status":"closed","template":"","meta":{"_eb_attr":"","footnotes":""},"class_list":["post-75","page","type-page","status-publish","hentry"],"_links":{"self":[{"href":"https:\/\/ort.fi\/kuopionjakarjalanhiippakunta\/wp-json\/wp\/v2\/pages\/75","targetHints":{"allow":["GET"]}}],"collection":[{"href":"https:\/\/ort.fi\/kuopionjakarjalanhiippakunta\/wp-json\/wp\/v2\/pages"}],"about":[{"href":"https:\/\/ort.fi\/kuopionjakarjalanhiippakunta\/wp-json\/wp\/v2\/types\/page"}],"author":[{"embeddable":true,"href":"https:\/\/ort.fi\/kuopionjakarjalanhiippakunta\/wp-json\/wp\/v2\/users\/1"}],"replies":[{"embeddable":true,"href":"https:\/\/ort.fi\/kuopionjakarjalanhiippakunta\/wp-json\/wp\/v2\/comments?post=75"}],"version-history":[{"count":19,"href":"https:\/\/ort.fi\/kuopionjakarjalanhiippakunta\/wp-json\/wp\/v2\/pages\/75\/revisions"}],"predecessor-version":[{"id":9955,"href":"https:\/\/ort.fi\/kuopionjakarjalanhiippakunta\/wp-json\/wp\/v2\/pages\/75\/revisions\/9955"}],"wp:attachment":[{"href":"https:\/\/ort.fi\/kuopionjakarjalanhiippakunta\/wp-json\/wp\/v2\/media?parent=75"}],"curies":[{"name":"wp","href":"https:\/\/api.w.org\/{rel}","templated":true}]}}