{"id":67,"date":"2024-12-26T15:54:59","date_gmt":"2024-12-26T13:54:59","guid":{"rendered":"https:\/\/ort.fi\/uusikuopionjakarjalanhiippakunta\/?page_id=67"},"modified":"2025-01-15T18:34:38","modified_gmt":"2025-01-15T16:34:38","slug":"nurmes","status":"publish","type":"page","link":"https:\/\/ort.fi\/kuopionjakarjalanhiippakunta\/nurmes\/","title":{"rendered":"Nurmes"},"content":{"rendered":"\t\t<div data-elementor-type=\"wp-page\" data-elementor-id=\"67\" class=\"elementor elementor-67\" data-elementor-post-type=\"page\">\n\t\t\t\t<div class=\"elementor-element elementor-element-3206ddf e-flex e-con-boxed e-con e-parent\" data-id=\"3206ddf\" data-element_type=\"container\" data-e-type=\"container\">\n\t\t\t\t\t<div class=\"e-con-inner\">\n\t\t\t\t<div class=\"elementor-element elementor-element-5b919c0 elementor-widget elementor-widget-heading\" data-id=\"5b919c0\" data-element_type=\"widget\" data-e-type=\"widget\" data-widget_type=\"heading.default\">\n\t\t\t\t<div class=\"elementor-widget-container\">\n\t\t\t\t\t<h1 class=\"elementor-heading-title elementor-size-default\">NURMES<\/h1>\t\t\t\t<\/div>\n\t\t\t\t<\/div>\n\t\t\t\t\t<\/div>\n\t\t\t\t<\/div>\n\t\t<div class=\"elementor-element elementor-element-4d6924e e-flex e-con-boxed e-con e-parent\" data-id=\"4d6924e\" data-element_type=\"container\" data-e-type=\"container\">\n\t\t\t\t\t<div class=\"e-con-inner\">\n\t\t\t\t<div class=\"elementor-element elementor-element-8cc1175 elementor-grid-3 elementor-grid-tablet-2 elementor-grid-mobile-1 elementor-posts--thumbnail-top elementor-card-shadow-yes elementor-posts__hover-gradient elementor-widget elementor-widget-posts\" data-id=\"8cc1175\" data-element_type=\"widget\" data-e-type=\"widget\" data-settings=\"{&quot;pagination_type&quot;:&quot;numbers_and_prev_next&quot;,&quot;cards_columns&quot;:&quot;3&quot;,&quot;cards_columns_tablet&quot;:&quot;2&quot;,&quot;cards_columns_mobile&quot;:&quot;1&quot;,&quot;cards_row_gap&quot;:{&quot;unit&quot;:&quot;px&quot;,&quot;size&quot;:35,&quot;sizes&quot;:[]},&quot;cards_row_gap_tablet&quot;:{&quot;unit&quot;:&quot;px&quot;,&quot;size&quot;:&quot;&quot;,&quot;sizes&quot;:[]},&quot;cards_row_gap_mobile&quot;:{&quot;unit&quot;:&quot;px&quot;,&quot;size&quot;:&quot;&quot;,&quot;sizes&quot;:[]}}\" data-widget_type=\"posts.cards\">\n\t\t\t\t<div class=\"elementor-widget-container\">\n\t\t\t\t\t\t\t<div class=\"elementor-posts-container elementor-posts elementor-posts--skin-cards elementor-grid\" role=\"list\">\n\t\t\t\t<article class=\"elementor-post elementor-grid-item post-11897 post type-post status-publish format-standard has-post-thumbnail hentry category-nurmes\" role=\"listitem\">\n\t\t\t<div class=\"elementor-post__card\">\n\t\t\t\t<a class=\"elementor-post__thumbnail__link\" href=\"https:\/\/ort.fi\/kuopionjakarjalanhiippakunta\/2025\/05\/29\/helatorstai-ja-kheirotonia\/\" tabindex=\"-1\" ><div class=\"elementor-post__thumbnail\"><img fetchpriority=\"high\" decoding=\"async\" width=\"2560\" height=\"1920\" src=\"https:\/\/ort.fi\/kuopionjakarjalanhiippakunta\/wp-content\/uploads\/2025\/05\/DSC00194-scaled.jpg\" class=\"attachment-full size-full wp-image-11899\" alt=\"\" srcset=\"https:\/\/ort.fi\/kuopionjakarjalanhiippakunta\/wp-content\/uploads\/2025\/05\/DSC00194-scaled.jpg 2560w, https:\/\/ort.fi\/kuopionjakarjalanhiippakunta\/wp-content\/uploads\/2025\/05\/DSC00194-300x225.jpg 300w, https:\/\/ort.fi\/kuopionjakarjalanhiippakunta\/wp-content\/uploads\/2025\/05\/DSC00194-1024x768.jpg 1024w, https:\/\/ort.fi\/kuopionjakarjalanhiippakunta\/wp-content\/uploads\/2025\/05\/DSC00194-768x576.jpg 768w, https:\/\/ort.fi\/kuopionjakarjalanhiippakunta\/wp-content\/uploads\/2025\/05\/DSC00194-1536x1152.jpg 1536w, https:\/\/ort.fi\/kuopionjakarjalanhiippakunta\/wp-content\/uploads\/2025\/05\/DSC00194-2048x1536.jpg 2048w\" sizes=\"(max-width: 2560px) 100vw, 2560px\" \/><\/div><\/a>\n\t\t\t\t<div class=\"elementor-post__text\">\n\t\t\t\t<h3 class=\"elementor-post__title\">\n\t\t\t<a href=\"https:\/\/ort.fi\/kuopionjakarjalanhiippakunta\/2025\/05\/29\/helatorstai-ja-kheirotonia\/\" >\n\t\t\t\tHelatorstai ja kheirotonia\t\t\t<\/a>\n\t\t<\/h3>\n\t\t\t\t<div class=\"elementor-post__excerpt\">\n\t\t\t<p>Kuopion ja Karjalan metropoliitta Arseni toimitti Kristuksen taivaaseenastumisen juhlan vigilian ja liturgian 28.\u201329. toukokuuta Pyhien Apostolien Pietarin ja Paavalin kirkossa Nurmeksessa. Helatorstain liturgiassa toimitettiin k\u00e4ttenp\u00e4\u00e4llepanemisen<\/p>\n\t\t<\/div>\n\t\t\n\t\t<a class=\"elementor-post__read-more\" href=\"https:\/\/ort.fi\/kuopionjakarjalanhiippakunta\/2025\/05\/29\/helatorstai-ja-kheirotonia\/\" aria-label=\"Read more about Helatorstai ja kheirotonia\" tabindex=\"-1\" >\n\t\t\tLue lis\u00e4\u00e4 \u00bb\t\t<\/a>\n\n\t\t\t\t<\/div>\n\t\t\t\t\t<\/div>\n\t\t<\/article>\n\t\t\t\t<article class=\"elementor-post elementor-grid-item post-10635 post type-post status-publish format-standard has-post-thumbnail hentry category-nurmes\" role=\"listitem\">\n\t\t\t<div class=\"elementor-post__card\">\n\t\t\t\t<a class=\"elementor-post__thumbnail__link\" href=\"https:\/\/ort.fi\/kuopionjakarjalanhiippakunta\/2025\/02\/18\/papin-toimi-avoinna\/\" tabindex=\"-1\" ><div class=\"elementor-post__thumbnail\"><img decoding=\"async\" width=\"2560\" height=\"1920\" src=\"https:\/\/ort.fi\/kuopionjakarjalanhiippakunta\/wp-content\/uploads\/2025\/02\/IMG_5443-scaled.jpg\" class=\"attachment-full size-full wp-image-10637\" alt=\"\" srcset=\"https:\/\/ort.fi\/kuopionjakarjalanhiippakunta\/wp-content\/uploads\/2025\/02\/IMG_5443-scaled.jpg 2560w, https:\/\/ort.fi\/kuopionjakarjalanhiippakunta\/wp-content\/uploads\/2025\/02\/IMG_5443-300x225.jpg 300w, https:\/\/ort.fi\/kuopionjakarjalanhiippakunta\/wp-content\/uploads\/2025\/02\/IMG_5443-1024x768.jpg 1024w, https:\/\/ort.fi\/kuopionjakarjalanhiippakunta\/wp-content\/uploads\/2025\/02\/IMG_5443-768x576.jpg 768w, https:\/\/ort.fi\/kuopionjakarjalanhiippakunta\/wp-content\/uploads\/2025\/02\/IMG_5443-1536x1152.jpg 1536w, https:\/\/ort.fi\/kuopionjakarjalanhiippakunta\/wp-content\/uploads\/2025\/02\/IMG_5443-2048x1536.jpg 2048w\" sizes=\"(max-width: 2560px) 100vw, 2560px\" \/><\/div><\/a>\n\t\t\t\t<div class=\"elementor-post__text\">\n\t\t\t\t<h3 class=\"elementor-post__title\">\n\t\t\t<a href=\"https:\/\/ort.fi\/kuopionjakarjalanhiippakunta\/2025\/02\/18\/papin-toimi-avoinna\/\" >\n\t\t\t\tPapin toimi avoinna\t\t\t<\/a>\n\t\t<\/h3>\n\t\t\t\t<div class=\"elementor-post__excerpt\">\n\t\t\t<p>Taipaleen ortodoksisessa seurakunnassa on haettavana Nurmeksen kappeliseurakunnan papin ty\u00f6sopimussuhteinen toimi. Hakijan tulee toimeen valituksi tullakseen t\u00e4ytt\u00e4\u00e4 ortodoksisen kirkon kirkkoj\u00e4rjestyksen 132 \u00a7:n mukaiset kelpoisuusehdot. Aiempi kokemus<\/p>\n\t\t<\/div>\n\t\t\n\t\t<a class=\"elementor-post__read-more\" href=\"https:\/\/ort.fi\/kuopionjakarjalanhiippakunta\/2025\/02\/18\/papin-toimi-avoinna\/\" aria-label=\"Read more about Papin toimi avoinna\" tabindex=\"-1\" >\n\t\t\tLue lis\u00e4\u00e4 \u00bb\t\t<\/a>\n\n\t\t\t\t<\/div>\n\t\t\t\t\t<\/div>\n\t\t<\/article>\n\t\t\t\t<article class=\"elementor-post elementor-grid-item post-3281 post type-post status-publish format-standard has-post-thumbnail hentry category-nurmes\" role=\"listitem\">\n\t\t\t<div class=\"elementor-post__card\">\n\t\t\t\t<a class=\"elementor-post__thumbnail__link\" href=\"https:\/\/ort.fi\/kuopionjakarjalanhiippakunta\/2024\/12\/31\/uusi-diakoni-nurmeksen-kappeliseurakuntaan\/\" tabindex=\"-1\" ><div class=\"elementor-post__thumbnail\"><img decoding=\"async\" width=\"1900\" height=\"1425\" src=\"https:\/\/ort.fi\/kuopionjakarjalanhiippakunta\/wp-content\/uploads\/2024\/12\/DSC00099.jpg\" class=\"attachment-full size-full wp-image-3283\" alt=\"\" srcset=\"https:\/\/ort.fi\/kuopionjakarjalanhiippakunta\/wp-content\/uploads\/2024\/12\/DSC00099.jpg 1900w, https:\/\/ort.fi\/kuopionjakarjalanhiippakunta\/wp-content\/uploads\/2024\/12\/DSC00099-300x225.jpg 300w, https:\/\/ort.fi\/kuopionjakarjalanhiippakunta\/wp-content\/uploads\/2024\/12\/DSC00099-1024x768.jpg 1024w, https:\/\/ort.fi\/kuopionjakarjalanhiippakunta\/wp-content\/uploads\/2024\/12\/DSC00099-768x576.jpg 768w, https:\/\/ort.fi\/kuopionjakarjalanhiippakunta\/wp-content\/uploads\/2024\/12\/DSC00099-1536x1152.jpg 1536w\" sizes=\"(max-width: 1900px) 100vw, 1900px\" \/><\/div><\/a>\n\t\t\t\t<div class=\"elementor-post__text\">\n\t\t\t\t<h3 class=\"elementor-post__title\">\n\t\t\t<a href=\"https:\/\/ort.fi\/kuopionjakarjalanhiippakunta\/2024\/12\/31\/uusi-diakoni-nurmeksen-kappeliseurakuntaan\/\" >\n\t\t\t\tUusi diakoni Nurmeksen seurakuntaan\t\t\t<\/a>\n\t\t<\/h3>\n\t\t\t\t<div class=\"elementor-post__excerpt\">\n\t\t\t<p>KP. metropoliitta Arseni vihki 10. marraskuuta pyhien apostolien Pietarin ja Paavalin kirkossa toimittamassaan liturgiassa valtimolaisen koneistaja, ipodiakoni Pasi H\u00e4m\u00e4l\u00e4isen diakoniksi Nurmeksen kappeliseurakunnan Pyh\u00e4n Kolminaisuuden kirkkoon.<\/p>\n\t\t<\/div>\n\t\t\n\t\t<a class=\"elementor-post__read-more\" href=\"https:\/\/ort.fi\/kuopionjakarjalanhiippakunta\/2024\/12\/31\/uusi-diakoni-nurmeksen-kappeliseurakuntaan\/\" aria-label=\"Read more about Uusi diakoni Nurmeksen seurakuntaan\" tabindex=\"-1\" >\n\t\t\tLue lis\u00e4\u00e4 \u00bb\t\t<\/a>\n\n\t\t\t\t<\/div>\n\t\t\t\t\t<\/div>\n\t\t<\/article>\n\t\t\t\t<article class=\"elementor-post elementor-grid-item post-2893 post type-post status-publish format-standard has-post-thumbnail hentry category-nurmes\" role=\"listitem\">\n\t\t\t<div class=\"elementor-post__card\">\n\t\t\t\t<a class=\"elementor-post__thumbnail__link\" href=\"https:\/\/ort.fi\/kuopionjakarjalanhiippakunta\/2024\/12\/30\/pyhien-apostolien-juhla-nurmeksessa\/\" tabindex=\"-1\" ><div class=\"elementor-post__thumbnail\"><img loading=\"lazy\" decoding=\"async\" width=\"1900\" height=\"1267\" src=\"https:\/\/ort.fi\/kuopionjakarjalanhiippakunta\/wp-content\/uploads\/2024\/12\/Nurmes-I-2023-Markku-Julkunen.jpg\" class=\"attachment-full size-full wp-image-2895\" alt=\"\" srcset=\"https:\/\/ort.fi\/kuopionjakarjalanhiippakunta\/wp-content\/uploads\/2024\/12\/Nurmes-I-2023-Markku-Julkunen.jpg 1900w, https:\/\/ort.fi\/kuopionjakarjalanhiippakunta\/wp-content\/uploads\/2024\/12\/Nurmes-I-2023-Markku-Julkunen-300x200.jpg 300w, https:\/\/ort.fi\/kuopionjakarjalanhiippakunta\/wp-content\/uploads\/2024\/12\/Nurmes-I-2023-Markku-Julkunen-1024x683.jpg 1024w, https:\/\/ort.fi\/kuopionjakarjalanhiippakunta\/wp-content\/uploads\/2024\/12\/Nurmes-I-2023-Markku-Julkunen-768x512.jpg 768w, https:\/\/ort.fi\/kuopionjakarjalanhiippakunta\/wp-content\/uploads\/2024\/12\/Nurmes-I-2023-Markku-Julkunen-1536x1024.jpg 1536w\" sizes=\"(max-width: 1900px) 100vw, 1900px\" \/><\/div><\/a>\n\t\t\t\t<div class=\"elementor-post__text\">\n\t\t\t\t<h3 class=\"elementor-post__title\">\n\t\t\t<a href=\"https:\/\/ort.fi\/kuopionjakarjalanhiippakunta\/2024\/12\/30\/pyhien-apostolien-juhla-nurmeksessa\/\" >\n\t\t\t\tPyhien apostolien juhla Nurmeksessa\t\t\t<\/a>\n\t\t<\/h3>\n\t\t\t\t<div class=\"elementor-post__excerpt\">\n\t\t\t<p>KP metropoliitta Arseni toimitti pyhien apostolien Pietarin ja Paavalin juhlan palvelukset Nurmeksessa, miss\u00e4 vietettiin p\u00e4\u00e4kirkon temppelijuhlaa. Palveluksissa esipaimenta avustivat kappeliseurakunnan pappi Tapio Juntunen ja rovasti<\/p>\n\t\t<\/div>\n\t\t\n\t\t<a class=\"elementor-post__read-more\" href=\"https:\/\/ort.fi\/kuopionjakarjalanhiippakunta\/2024\/12\/30\/pyhien-apostolien-juhla-nurmeksessa\/\" aria-label=\"Read more about Pyhien apostolien juhla Nurmeksessa\" tabindex=\"-1\" >\n\t\t\tLue lis\u00e4\u00e4 \u00bb\t\t<\/a>\n\n\t\t\t\t<\/div>\n\t\t\t\t\t<\/div>\n\t\t<\/article>\n\t\t\t\t<article class=\"elementor-post elementor-grid-item post-2423 post type-post status-publish format-standard has-post-thumbnail hentry category-nurmes\" role=\"listitem\">\n\t\t\t<div class=\"elementor-post__card\">\n\t\t\t\t<a class=\"elementor-post__thumbnail__link\" href=\"https:\/\/ort.fi\/kuopionjakarjalanhiippakunta\/2024\/12\/30\/juhannus-rasimaella\/\" tabindex=\"-1\" ><div class=\"elementor-post__thumbnail\"><img loading=\"lazy\" decoding=\"async\" width=\"1264\" height=\"948\" src=\"https:\/\/ort.fi\/kuopionjakarjalanhiippakunta\/wp-content\/uploads\/2024\/12\/Rasimaki-2023-Markku-Julkunen-V.jpg\" class=\"attachment-full size-full wp-image-2425\" alt=\"\" srcset=\"https:\/\/ort.fi\/kuopionjakarjalanhiippakunta\/wp-content\/uploads\/2024\/12\/Rasimaki-2023-Markku-Julkunen-V.jpg 1264w, https:\/\/ort.fi\/kuopionjakarjalanhiippakunta\/wp-content\/uploads\/2024\/12\/Rasimaki-2023-Markku-Julkunen-V-300x225.jpg 300w, https:\/\/ort.fi\/kuopionjakarjalanhiippakunta\/wp-content\/uploads\/2024\/12\/Rasimaki-2023-Markku-Julkunen-V-1024x768.jpg 1024w, https:\/\/ort.fi\/kuopionjakarjalanhiippakunta\/wp-content\/uploads\/2024\/12\/Rasimaki-2023-Markku-Julkunen-V-768x576.jpg 768w\" sizes=\"(max-width: 1264px) 100vw, 1264px\" \/><\/div><\/a>\n\t\t\t\t<div class=\"elementor-post__text\">\n\t\t\t\t<h3 class=\"elementor-post__title\">\n\t\t\t<a href=\"https:\/\/ort.fi\/kuopionjakarjalanhiippakunta\/2024\/12\/30\/juhannus-rasimaella\/\" >\n\t\t\t\tJuhannus Rasim\u00e4ell\u00e4\t\t\t<\/a>\n\t\t<\/h3>\n\t\t\t\t<div class=\"elementor-post__excerpt\">\n\t\t\t<p>KP. metropoliitta Arseni toimitti Herran edell\u00e4k\u00e4vij\u00e4 Johannes Kastajan syntym\u00e4juhlan palvelukset Valtimon Elom\u00e4en tsasounassa yhdess\u00e4 pastori Tapio Juntusen kanssa. Kuoroa johti kanttori Tiina Sormunen. Liturgiassa pit\u00e4m\u00e4ss\u00e4\u00e4n<\/p>\n\t\t<\/div>\n\t\t\n\t\t<a class=\"elementor-post__read-more\" href=\"https:\/\/ort.fi\/kuopionjakarjalanhiippakunta\/2024\/12\/30\/juhannus-rasimaella\/\" aria-label=\"Read more about Juhannus Rasim\u00e4ell\u00e4\" tabindex=\"-1\" >\n\t\t\tLue lis\u00e4\u00e4 \u00bb\t\t<\/a>\n\n\t\t\t\t<\/div>\n\t\t\t\t\t<\/div>\n\t\t<\/article>\n\t\t\t\t<article class=\"elementor-post elementor-grid-item post-1975 post type-post status-publish format-standard has-post-thumbnail hentry category-nurmes\" role=\"listitem\">\n\t\t\t<div class=\"elementor-post__card\">\n\t\t\t\t<a class=\"elementor-post__thumbnail__link\" href=\"https:\/\/ort.fi\/kuopionjakarjalanhiippakunta\/2024\/12\/29\/pappisvihkimys-nurmeksessa\/\" tabindex=\"-1\" ><div class=\"elementor-post__thumbnail\"><img loading=\"lazy\" decoding=\"async\" width=\"1900\" height=\"1425\" src=\"https:\/\/ort.fi\/kuopionjakarjalanhiippakunta\/wp-content\/uploads\/2024\/12\/Tapio-Juntusen-papiksi-vihkiminen-Nurmes-2023-297.jpg\" class=\"attachment-full size-full wp-image-1977\" alt=\"\" srcset=\"https:\/\/ort.fi\/kuopionjakarjalanhiippakunta\/wp-content\/uploads\/2024\/12\/Tapio-Juntusen-papiksi-vihkiminen-Nurmes-2023-297.jpg 1900w, https:\/\/ort.fi\/kuopionjakarjalanhiippakunta\/wp-content\/uploads\/2024\/12\/Tapio-Juntusen-papiksi-vihkiminen-Nurmes-2023-297-300x225.jpg 300w, https:\/\/ort.fi\/kuopionjakarjalanhiippakunta\/wp-content\/uploads\/2024\/12\/Tapio-Juntusen-papiksi-vihkiminen-Nurmes-2023-297-1024x768.jpg 1024w, https:\/\/ort.fi\/kuopionjakarjalanhiippakunta\/wp-content\/uploads\/2024\/12\/Tapio-Juntusen-papiksi-vihkiminen-Nurmes-2023-297-768x576.jpg 768w, https:\/\/ort.fi\/kuopionjakarjalanhiippakunta\/wp-content\/uploads\/2024\/12\/Tapio-Juntusen-papiksi-vihkiminen-Nurmes-2023-297-1536x1152.jpg 1536w\" sizes=\"(max-width: 1900px) 100vw, 1900px\" \/><\/div><\/a>\n\t\t\t\t<div class=\"elementor-post__text\">\n\t\t\t\t<h3 class=\"elementor-post__title\">\n\t\t\t<a href=\"https:\/\/ort.fi\/kuopionjakarjalanhiippakunta\/2024\/12\/29\/pappisvihkimys-nurmeksessa\/\" >\n\t\t\t\tPappisvihkimys Nurmeksessa\t\t\t<\/a>\n\t\t<\/h3>\n\t\t\t\t<div class=\"elementor-post__excerpt\">\n\t\t\t<p>KP. Kuopion ja Karjalan metropoliitta vihki diakoni Tapio Juntusen papiksi Nurmeksen pyhien apostolien Pietarin ja Paavalin kirkossa 8. tammikuuta toimittamassaan liturgiassa. Palveluksessa esipaimenta avustivat rovasti<\/p>\n\t\t<\/div>\n\t\t\n\t\t<a class=\"elementor-post__read-more\" href=\"https:\/\/ort.fi\/kuopionjakarjalanhiippakunta\/2024\/12\/29\/pappisvihkimys-nurmeksessa\/\" aria-label=\"Read more about Pappisvihkimys Nurmeksessa\" tabindex=\"-1\" >\n\t\t\tLue lis\u00e4\u00e4 \u00bb\t\t<\/a>\n\n\t\t\t\t<\/div>\n\t\t\t\t\t<\/div>\n\t\t<\/article>\n\t\t\t\t<article class=\"elementor-post elementor-grid-item post-1419 post type-post status-publish format-standard has-post-thumbnail hentry category-nurmes\" role=\"listitem\">\n\t\t\t<div class=\"elementor-post__card\">\n\t\t\t\t<a class=\"elementor-post__thumbnail__link\" href=\"https:\/\/ort.fi\/kuopionjakarjalanhiippakunta\/2024\/12\/28\/isa-simo-haudattiin\/\" tabindex=\"-1\" ><div class=\"elementor-post__thumbnail\"><img loading=\"lazy\" decoding=\"async\" width=\"1900\" height=\"1425\" src=\"https:\/\/ort.fi\/kuopionjakarjalanhiippakunta\/wp-content\/uploads\/2024\/12\/Isa-Simon-hautajaiset-Nurmes-2022-162.jpg\" class=\"attachment-full size-full wp-image-1421\" alt=\"\" srcset=\"https:\/\/ort.fi\/kuopionjakarjalanhiippakunta\/wp-content\/uploads\/2024\/12\/Isa-Simon-hautajaiset-Nurmes-2022-162.jpg 1900w, https:\/\/ort.fi\/kuopionjakarjalanhiippakunta\/wp-content\/uploads\/2024\/12\/Isa-Simon-hautajaiset-Nurmes-2022-162-300x225.jpg 300w, https:\/\/ort.fi\/kuopionjakarjalanhiippakunta\/wp-content\/uploads\/2024\/12\/Isa-Simon-hautajaiset-Nurmes-2022-162-1024x768.jpg 1024w, https:\/\/ort.fi\/kuopionjakarjalanhiippakunta\/wp-content\/uploads\/2024\/12\/Isa-Simon-hautajaiset-Nurmes-2022-162-768x576.jpg 768w, https:\/\/ort.fi\/kuopionjakarjalanhiippakunta\/wp-content\/uploads\/2024\/12\/Isa-Simon-hautajaiset-Nurmes-2022-162-1536x1152.jpg 1536w\" sizes=\"(max-width: 1900px) 100vw, 1900px\" \/><\/div><\/a>\n\t\t\t\t<div class=\"elementor-post__text\">\n\t\t\t\t<h3 class=\"elementor-post__title\">\n\t\t\t<a href=\"https:\/\/ort.fi\/kuopionjakarjalanhiippakunta\/2024\/12\/28\/isa-simo-haudattiin\/\" >\n\t\t\t\tIs\u00e4 Simo haudattiin\t\t\t<\/a>\n\t\t<\/h3>\n\t\t\t\t<div class=\"elementor-post__excerpt\">\n\t\t\t<p>Nurmeksen kappeliseurakunnan papin, pastori Simo Haaviston hautauspalvelus toimitettiin lauantaina 19. marraskuuta. Nurmeksen pyhien apostolien Pietarin ja Paavalin kirkossa toimitetussa palveluksessa KP. metropoliitta Arsenia avustivat rovastit<\/p>\n\t\t<\/div>\n\t\t\n\t\t<a class=\"elementor-post__read-more\" href=\"https:\/\/ort.fi\/kuopionjakarjalanhiippakunta\/2024\/12\/28\/isa-simo-haudattiin\/\" aria-label=\"Read more about Is\u00e4 Simo haudattiin\" tabindex=\"-1\" >\n\t\t\tLue lis\u00e4\u00e4 \u00bb\t\t<\/a>\n\n\t\t\t\t<\/div>\n\t\t\t\t\t<\/div>\n\t\t<\/article>\n\t\t\t\t<article class=\"elementor-post elementor-grid-item post-915 post type-post status-publish format-standard has-post-thumbnail hentry category-nurmes\" role=\"listitem\">\n\t\t\t<div class=\"elementor-post__card\">\n\t\t\t\t<a class=\"elementor-post__thumbnail__link\" href=\"https:\/\/ort.fi\/kuopionjakarjalanhiippakunta\/2024\/12\/27\/isa-simo-haavisto-1977-2022\/\" tabindex=\"-1\" ><div class=\"elementor-post__thumbnail\"><img loading=\"lazy\" decoding=\"async\" width=\"828\" height=\"1792\" src=\"https:\/\/ort.fi\/kuopionjakarjalanhiippakunta\/wp-content\/uploads\/2024\/12\/\u039f-\u03a0\u03b1\u03c4\u03ae\u03c1-\u03a3\u03af\u03bc\u03bf-\u03c6\u03c9\u03c4\u03bf\u03b3\u03c1\u03b1\u03c6\u03af\u03b1-Aleksander-Roszczenko.jpg\" class=\"attachment-full size-full wp-image-917\" alt=\"\" srcset=\"https:\/\/ort.fi\/kuopionjakarjalanhiippakunta\/wp-content\/uploads\/2024\/12\/\u039f-\u03a0\u03b1\u03c4\u03ae\u03c1-\u03a3\u03af\u03bc\u03bf-\u03c6\u03c9\u03c4\u03bf\u03b3\u03c1\u03b1\u03c6\u03af\u03b1-Aleksander-Roszczenko.jpg 828w, https:\/\/ort.fi\/kuopionjakarjalanhiippakunta\/wp-content\/uploads\/2024\/12\/\u039f-\u03a0\u03b1\u03c4\u03ae\u03c1-\u03a3\u03af\u03bc\u03bf-\u03c6\u03c9\u03c4\u03bf\u03b3\u03c1\u03b1\u03c6\u03af\u03b1-Aleksander-Roszczenko-139x300.jpg 139w, https:\/\/ort.fi\/kuopionjakarjalanhiippakunta\/wp-content\/uploads\/2024\/12\/\u039f-\u03a0\u03b1\u03c4\u03ae\u03c1-\u03a3\u03af\u03bc\u03bf-\u03c6\u03c9\u03c4\u03bf\u03b3\u03c1\u03b1\u03c6\u03af\u03b1-Aleksander-Roszczenko-473x1024.jpg 473w, https:\/\/ort.fi\/kuopionjakarjalanhiippakunta\/wp-content\/uploads\/2024\/12\/\u039f-\u03a0\u03b1\u03c4\u03ae\u03c1-\u03a3\u03af\u03bc\u03bf-\u03c6\u03c9\u03c4\u03bf\u03b3\u03c1\u03b1\u03c6\u03af\u03b1-Aleksander-Roszczenko-768x1662.jpg 768w, https:\/\/ort.fi\/kuopionjakarjalanhiippakunta\/wp-content\/uploads\/2024\/12\/\u039f-\u03a0\u03b1\u03c4\u03ae\u03c1-\u03a3\u03af\u03bc\u03bf-\u03c6\u03c9\u03c4\u03bf\u03b3\u03c1\u03b1\u03c6\u03af\u03b1-Aleksander-Roszczenko-710x1536.jpg 710w\" sizes=\"(max-width: 828px) 100vw, 828px\" \/><\/div><\/a>\n\t\t\t\t<div class=\"elementor-post__text\">\n\t\t\t\t<h3 class=\"elementor-post__title\">\n\t\t\t<a href=\"https:\/\/ort.fi\/kuopionjakarjalanhiippakunta\/2024\/12\/27\/isa-simo-haavisto-1977-2022\/\" >\n\t\t\t\tIs\u00e4 Simo Haavisto 1977-2022\t\t\t<\/a>\n\t\t<\/h3>\n\t\t\t\t<div class=\"elementor-post__excerpt\">\n\t\t\t<p>Nurmeksen ortodoksisen seurakunnan pappi, pastori Simo Haavisto menehtyi sairaskohtaukseen kotonaan lokakuun viimeisen\u00e4 p\u00e4iv\u00e4n\u00e4. Menetys on odottamaton ja ylivoimaisen suuri sek\u00e4 h\u00e4nen l\u00e4hipiirilleen ja seurakunnalleen ett\u00e4<\/p>\n\t\t<\/div>\n\t\t\n\t\t<a class=\"elementor-post__read-more\" href=\"https:\/\/ort.fi\/kuopionjakarjalanhiippakunta\/2024\/12\/27\/isa-simo-haavisto-1977-2022\/\" aria-label=\"Read more about Is\u00e4 Simo Haavisto 1977-2022\" tabindex=\"-1\" >\n\t\t\tLue lis\u00e4\u00e4 \u00bb\t\t<\/a>\n\n\t\t\t\t<\/div>\n\t\t\t\t\t<\/div>\n\t\t<\/article>\n\t\t\t\t<article class=\"elementor-post elementor-grid-item post-315 post type-post status-publish format-standard has-post-thumbnail hentry category-nurmes\" role=\"listitem\">\n\t\t\t<div class=\"elementor-post__card\">\n\t\t\t\t<a class=\"elementor-post__thumbnail__link\" href=\"https:\/\/ort.fi\/kuopionjakarjalanhiippakunta\/2024\/12\/26\/kenttakirkko-sotinpurolle\/\" tabindex=\"-1\" ><div class=\"elementor-post__thumbnail\"><img loading=\"lazy\" decoding=\"async\" width=\"1900\" height=\"1425\" src=\"https:\/\/ort.fi\/kuopionjakarjalanhiippakunta\/wp-content\/uploads\/2024\/12\/\u0398\u03c5\u03c1\u03b1\u03bd\u03bf\u03af\u03be\u03b9\u03b1-\u039d\u03b1\u03bf\u03cd-\u03c3\u03c4\u03bf-\u03c0\u03b5\u03b4\u03af\u03bf\u03bd-\u03c3\u03c4\u03c1\u03b1\u03c4\u03b9\u03c9\u03c4\u03b9\u03ba\u03ce\u03bd-\u03b1\u03c3\u03ba\u03ae\u03c3\u03b5\u03c9\u03bd-\u03c4\u03bf\u03c5-\u03a3\u03cc\u03c4\u03b9\u03bd\u03c0\u03bf\u03c5\u03c1\u03bf-134.jpg\" class=\"attachment-full size-full wp-image-317\" alt=\"\" srcset=\"https:\/\/ort.fi\/kuopionjakarjalanhiippakunta\/wp-content\/uploads\/2024\/12\/\u0398\u03c5\u03c1\u03b1\u03bd\u03bf\u03af\u03be\u03b9\u03b1-\u039d\u03b1\u03bf\u03cd-\u03c3\u03c4\u03bf-\u03c0\u03b5\u03b4\u03af\u03bf\u03bd-\u03c3\u03c4\u03c1\u03b1\u03c4\u03b9\u03c9\u03c4\u03b9\u03ba\u03ce\u03bd-\u03b1\u03c3\u03ba\u03ae\u03c3\u03b5\u03c9\u03bd-\u03c4\u03bf\u03c5-\u03a3\u03cc\u03c4\u03b9\u03bd\u03c0\u03bf\u03c5\u03c1\u03bf-134.jpg 1900w, https:\/\/ort.fi\/kuopionjakarjalanhiippakunta\/wp-content\/uploads\/2024\/12\/\u0398\u03c5\u03c1\u03b1\u03bd\u03bf\u03af\u03be\u03b9\u03b1-\u039d\u03b1\u03bf\u03cd-\u03c3\u03c4\u03bf-\u03c0\u03b5\u03b4\u03af\u03bf\u03bd-\u03c3\u03c4\u03c1\u03b1\u03c4\u03b9\u03c9\u03c4\u03b9\u03ba\u03ce\u03bd-\u03b1\u03c3\u03ba\u03ae\u03c3\u03b5\u03c9\u03bd-\u03c4\u03bf\u03c5-\u03a3\u03cc\u03c4\u03b9\u03bd\u03c0\u03bf\u03c5\u03c1\u03bf-134-300x225.jpg 300w, https:\/\/ort.fi\/kuopionjakarjalanhiippakunta\/wp-content\/uploads\/2024\/12\/\u0398\u03c5\u03c1\u03b1\u03bd\u03bf\u03af\u03be\u03b9\u03b1-\u039d\u03b1\u03bf\u03cd-\u03c3\u03c4\u03bf-\u03c0\u03b5\u03b4\u03af\u03bf\u03bd-\u03c3\u03c4\u03c1\u03b1\u03c4\u03b9\u03c9\u03c4\u03b9\u03ba\u03ce\u03bd-\u03b1\u03c3\u03ba\u03ae\u03c3\u03b5\u03c9\u03bd-\u03c4\u03bf\u03c5-\u03a3\u03cc\u03c4\u03b9\u03bd\u03c0\u03bf\u03c5\u03c1\u03bf-134-1024x768.jpg 1024w, https:\/\/ort.fi\/kuopionjakarjalanhiippakunta\/wp-content\/uploads\/2024\/12\/\u0398\u03c5\u03c1\u03b1\u03bd\u03bf\u03af\u03be\u03b9\u03b1-\u039d\u03b1\u03bf\u03cd-\u03c3\u03c4\u03bf-\u03c0\u03b5\u03b4\u03af\u03bf\u03bd-\u03c3\u03c4\u03c1\u03b1\u03c4\u03b9\u03c9\u03c4\u03b9\u03ba\u03ce\u03bd-\u03b1\u03c3\u03ba\u03ae\u03c3\u03b5\u03c9\u03bd-\u03c4\u03bf\u03c5-\u03a3\u03cc\u03c4\u03b9\u03bd\u03c0\u03bf\u03c5\u03c1\u03bf-134-768x576.jpg 768w, https:\/\/ort.fi\/kuopionjakarjalanhiippakunta\/wp-content\/uploads\/2024\/12\/\u0398\u03c5\u03c1\u03b1\u03bd\u03bf\u03af\u03be\u03b9\u03b1-\u039d\u03b1\u03bf\u03cd-\u03c3\u03c4\u03bf-\u03c0\u03b5\u03b4\u03af\u03bf\u03bd-\u03c3\u03c4\u03c1\u03b1\u03c4\u03b9\u03c9\u03c4\u03b9\u03ba\u03ce\u03bd-\u03b1\u03c3\u03ba\u03ae\u03c3\u03b5\u03c9\u03bd-\u03c4\u03bf\u03c5-\u03a3\u03cc\u03c4\u03b9\u03bd\u03c0\u03bf\u03c5\u03c1\u03bf-134-1536x1152.jpg 1536w\" sizes=\"(max-width: 1900px) 100vw, 1900px\" \/><\/div><\/a>\n\t\t\t\t<div class=\"elementor-post__text\">\n\t\t\t\t<h3 class=\"elementor-post__title\">\n\t\t\t<a href=\"https:\/\/ort.fi\/kuopionjakarjalanhiippakunta\/2024\/12\/26\/kenttakirkko-sotinpurolle\/\" >\n\t\t\t\tKentt\u00e4kirkko Sotinpurolle\t\t\t<\/a>\n\t\t<\/h3>\n\t\t\t\t<div class=\"elementor-post__excerpt\">\n\t\t\t<p>Mets\u00e4hallituksen omistamalle Nurmeksen Sotinpuron ampuma- ja harjoitusalueelle pystytetty kentt\u00e4kirkko vihittiin 24.9. ekumeenisin menoin. Palveluksen toimittivat Kuopion piispa Jari Jolkkonen yhdess\u00e4 Kuopion ja Karjalan metropoliitta Arsenin<\/p>\n\t\t<\/div>\n\t\t\n\t\t<a class=\"elementor-post__read-more\" href=\"https:\/\/ort.fi\/kuopionjakarjalanhiippakunta\/2024\/12\/26\/kenttakirkko-sotinpurolle\/\" aria-label=\"Read more about Kentt\u00e4kirkko Sotinpurolle\" tabindex=\"-1\" >\n\t\t\tLue lis\u00e4\u00e4 \u00bb\t\t<\/a>\n\n\t\t\t\t<\/div>\n\t\t\t\t\t<\/div>\n\t\t<\/article>\n\t\t\t\t<\/div>\n\t\t\n\t\t\t\t\t\t<\/div>\n\t\t\t\t<\/div>\n\t\t\t\t\t<\/div>\n\t\t\t\t<\/div>\n\t\t\t\t<\/div>\n\t\t","protected":false},"excerpt":{"rendered":"<p>NURMES<\/p>\n","protected":false},"author":1,"featured_media":0,"parent":0,"menu_order":0,"comment_status":"closed","ping_status":"closed","template":"","meta":{"_eb_attr":"","footnotes":""},"class_list":["post-67","page","type-page","status-publish","hentry"],"_links":{"self":[{"href":"https:\/\/ort.fi\/kuopionjakarjalanhiippakunta\/wp-json\/wp\/v2\/pages\/67","targetHints":{"allow":["GET"]}}],"collection":[{"href":"https:\/\/ort.fi\/kuopionjakarjalanhiippakunta\/wp-json\/wp\/v2\/pages"}],"about":[{"href":"https:\/\/ort.fi\/kuopionjakarjalanhiippakunta\/wp-json\/wp\/v2\/types\/page"}],"author":[{"embeddable":true,"href":"https:\/\/ort.fi\/kuopionjakarjalanhiippakunta\/wp-json\/wp\/v2\/users\/1"}],"replies":[{"embeddable":true,"href":"https:\/\/ort.fi\/kuopionjakarjalanhiippakunta\/wp-json\/wp\/v2\/comments?post=67"}],"version-history":[{"count":16,"href":"https:\/\/ort.fi\/kuopionjakarjalanhiippakunta\/wp-json\/wp\/v2\/pages\/67\/revisions"}],"predecessor-version":[{"id":9943,"href":"https:\/\/ort.fi\/kuopionjakarjalanhiippakunta\/wp-json\/wp\/v2\/pages\/67\/revisions\/9943"}],"wp:attachment":[{"href":"https:\/\/ort.fi\/kuopionjakarjalanhiippakunta\/wp-json\/wp\/v2\/media?parent=67"}],"curies":[{"name":"wp","href":"https:\/\/api.w.org\/{rel}","templated":true}]}}