{"id":63,"date":"2024-12-26T15:31:40","date_gmt":"2024-12-26T13:31:40","guid":{"rendered":"https:\/\/ort.fi\/uusikuopionjakarjalanhiippakunta\/?page_id=63"},"modified":"2025-01-15T18:33:20","modified_gmt":"2025-01-15T16:33:20","slug":"lintula","status":"publish","type":"page","link":"https:\/\/ort.fi\/kuopionjakarjalanhiippakunta\/lintula\/","title":{"rendered":"Lintula"},"content":{"rendered":"\t\t<div data-elementor-type=\"wp-page\" data-elementor-id=\"63\" class=\"elementor elementor-63\" data-elementor-post-type=\"page\">\n\t\t\t\t<div class=\"elementor-element elementor-element-6a88d75 e-flex e-con-boxed e-con e-parent\" data-id=\"6a88d75\" data-element_type=\"container\" data-e-type=\"container\">\n\t\t\t\t\t<div class=\"e-con-inner\">\n\t\t\t\t<div class=\"elementor-element elementor-element-fcda3ce elementor-widget elementor-widget-heading\" data-id=\"fcda3ce\" data-element_type=\"widget\" data-e-type=\"widget\" data-widget_type=\"heading.default\">\n\t\t\t\t<div class=\"elementor-widget-container\">\n\t\t\t\t\t<h1 class=\"elementor-heading-title elementor-size-default\">LINTULA<\/h1>\t\t\t\t<\/div>\n\t\t\t\t<\/div>\n\t\t\t\t\t<\/div>\n\t\t\t\t<\/div>\n\t\t<div class=\"elementor-element elementor-element-d63bb08 e-flex e-con-boxed e-con e-parent\" data-id=\"d63bb08\" data-element_type=\"container\" data-e-type=\"container\">\n\t\t\t\t\t<div class=\"e-con-inner\">\n\t\t\t\t<div class=\"elementor-element elementor-element-b88c532 elementor-grid-3 elementor-grid-tablet-2 elementor-grid-mobile-1 elementor-posts--thumbnail-top elementor-card-shadow-yes elementor-posts__hover-gradient elementor-widget elementor-widget-posts\" data-id=\"b88c532\" data-element_type=\"widget\" data-e-type=\"widget\" data-settings=\"{&quot;pagination_type&quot;:&quot;numbers_and_prev_next&quot;,&quot;cards_columns&quot;:&quot;3&quot;,&quot;cards_columns_tablet&quot;:&quot;2&quot;,&quot;cards_columns_mobile&quot;:&quot;1&quot;,&quot;cards_row_gap&quot;:{&quot;unit&quot;:&quot;px&quot;,&quot;size&quot;:35,&quot;sizes&quot;:[]},&quot;cards_row_gap_tablet&quot;:{&quot;unit&quot;:&quot;px&quot;,&quot;size&quot;:&quot;&quot;,&quot;sizes&quot;:[]},&quot;cards_row_gap_mobile&quot;:{&quot;unit&quot;:&quot;px&quot;,&quot;size&quot;:&quot;&quot;,&quot;sizes&quot;:[]}}\" data-widget_type=\"posts.cards\">\n\t\t\t\t<div class=\"elementor-widget-container\">\n\t\t\t\t\t\t\t<div class=\"elementor-posts-container elementor-posts elementor-posts--skin-cards elementor-grid\" role=\"list\">\n\t\t\t\t<article class=\"elementor-post elementor-grid-item post-14089 post type-post status-publish format-standard has-post-thumbnail hentry category-lintula\" role=\"listitem\">\n\t\t\t<div class=\"elementor-post__card\">\n\t\t\t\t<a class=\"elementor-post__thumbnail__link\" href=\"https:\/\/ort.fi\/kuopionjakarjalanhiippakunta\/2026\/02\/25\/luostarikeittion-peruskorjaus\/\" tabindex=\"-1\" ><div class=\"elementor-post__thumbnail\"><img fetchpriority=\"high\" decoding=\"async\" width=\"1783\" height=\"2560\" src=\"https:\/\/ort.fi\/kuopionjakarjalanhiippakunta\/wp-content\/uploads\/2026\/02\/Ilosanoman-juhla_3_25.3.2025-scaled.jpg\" class=\"attachment-full size-full wp-image-14091\" alt=\"\" srcset=\"https:\/\/ort.fi\/kuopionjakarjalanhiippakunta\/wp-content\/uploads\/2026\/02\/Ilosanoman-juhla_3_25.3.2025-scaled.jpg 1783w, https:\/\/ort.fi\/kuopionjakarjalanhiippakunta\/wp-content\/uploads\/2026\/02\/Ilosanoman-juhla_3_25.3.2025-209x300.jpg 209w, https:\/\/ort.fi\/kuopionjakarjalanhiippakunta\/wp-content\/uploads\/2026\/02\/Ilosanoman-juhla_3_25.3.2025-713x1024.jpg 713w, https:\/\/ort.fi\/kuopionjakarjalanhiippakunta\/wp-content\/uploads\/2026\/02\/Ilosanoman-juhla_3_25.3.2025-768x1103.jpg 768w, https:\/\/ort.fi\/kuopionjakarjalanhiippakunta\/wp-content\/uploads\/2026\/02\/Ilosanoman-juhla_3_25.3.2025-1070x1536.jpg 1070w, https:\/\/ort.fi\/kuopionjakarjalanhiippakunta\/wp-content\/uploads\/2026\/02\/Ilosanoman-juhla_3_25.3.2025-1426x2048.jpg 1426w\" sizes=\"(max-width: 1783px) 100vw, 1783px\" \/><\/div><\/a>\n\t\t\t\t<div class=\"elementor-post__text\">\n\t\t\t\t<h3 class=\"elementor-post__title\">\n\t\t\t<a href=\"https:\/\/ort.fi\/kuopionjakarjalanhiippakunta\/2026\/02\/25\/luostarikeittion-peruskorjaus\/\" >\n\t\t\t\tLuostarikeitti\u00f6n peruskorjaus\t\t\t<\/a>\n\t\t<\/h3>\n\t\t\t\t<div class=\"elementor-post__excerpt\">\n\t\t\t<p>Lintulan Luostarin Yst\u00e4v\u00e4t ry k\u00e4ynnist\u00e4\u00e4 ker\u00e4yksen luostarikeitti\u00f6n peruskorjausta varten. Lintulan sisaristoa, vieraita ja pyhiinvaeltajia palveleva keitti\u00f6 sijaitsee sisariston asuinrakennuksessa, joka on rakennettu vuonna 1966. Asuntolan<\/p>\n\t\t<\/div>\n\t\t\n\t\t<a class=\"elementor-post__read-more\" href=\"https:\/\/ort.fi\/kuopionjakarjalanhiippakunta\/2026\/02\/25\/luostarikeittion-peruskorjaus\/\" aria-label=\"Read more about Luostarikeitti\u00f6n peruskorjaus\" tabindex=\"-1\" >\n\t\t\tLue lis\u00e4\u00e4 \u00bb\t\t<\/a>\n\n\t\t\t\t<\/div>\n\t\t\t\t\t<\/div>\n\t\t<\/article>\n\t\t\t\t<article class=\"elementor-post elementor-grid-item post-13443 post type-post status-publish format-standard has-post-thumbnail hentry category-lintula\" role=\"listitem\">\n\t\t\t<div class=\"elementor-post__card\">\n\t\t\t\t<a class=\"elementor-post__thumbnail__link\" href=\"https:\/\/ort.fi\/kuopionjakarjalanhiippakunta\/2025\/12\/23\/vihkimyksia-luostareissa\/\" tabindex=\"-1\" ><div class=\"elementor-post__thumbnail\"><img decoding=\"async\" width=\"2560\" height=\"1920\" src=\"https:\/\/ort.fi\/kuopionjakarjalanhiippakunta\/wp-content\/uploads\/2025\/12\/Vihkimyksia-luostareissa_A-scaled.jpg\" class=\"attachment-full size-full wp-image-13445\" alt=\"\" srcset=\"https:\/\/ort.fi\/kuopionjakarjalanhiippakunta\/wp-content\/uploads\/2025\/12\/Vihkimyksia-luostareissa_A-scaled.jpg 2560w, https:\/\/ort.fi\/kuopionjakarjalanhiippakunta\/wp-content\/uploads\/2025\/12\/Vihkimyksia-luostareissa_A-300x225.jpg 300w, https:\/\/ort.fi\/kuopionjakarjalanhiippakunta\/wp-content\/uploads\/2025\/12\/Vihkimyksia-luostareissa_A-1024x768.jpg 1024w, https:\/\/ort.fi\/kuopionjakarjalanhiippakunta\/wp-content\/uploads\/2025\/12\/Vihkimyksia-luostareissa_A-768x576.jpg 768w, https:\/\/ort.fi\/kuopionjakarjalanhiippakunta\/wp-content\/uploads\/2025\/12\/Vihkimyksia-luostareissa_A-1536x1152.jpg 1536w, https:\/\/ort.fi\/kuopionjakarjalanhiippakunta\/wp-content\/uploads\/2025\/12\/Vihkimyksia-luostareissa_A-2048x1536.jpg 2048w\" sizes=\"(max-width: 2560px) 100vw, 2560px\" \/><\/div><\/a>\n\t\t\t\t<div class=\"elementor-post__text\">\n\t\t\t\t<h3 class=\"elementor-post__title\">\n\t\t\t<a href=\"https:\/\/ort.fi\/kuopionjakarjalanhiippakunta\/2025\/12\/23\/vihkimyksia-luostareissa\/\" >\n\t\t\t\tVihkimyksi\u00e4 luostareissa\t\t\t<\/a>\n\t\t<\/h3>\n\t\t\t\t<div class=\"elementor-post__excerpt\">\n\t\t\t<p>Lintulan Pyh\u00e4n Kolminaisuuden luostarin pappi ja rippi-is\u00e4 arkkimandriitta Andreas vihki lauantaina 20. joulukuuta kuuliaisuussisar Julian viitankantajanunnaksi. Valamon Kristuksen kirkastumisen luostarin johtaja arkkimandriitta Mikael vihki maananti-iltana<\/p>\n\t\t<\/div>\n\t\t\n\t\t<a class=\"elementor-post__read-more\" href=\"https:\/\/ort.fi\/kuopionjakarjalanhiippakunta\/2025\/12\/23\/vihkimyksia-luostareissa\/\" aria-label=\"Read more about Vihkimyksi\u00e4 luostareissa\" tabindex=\"-1\" >\n\t\t\tLue lis\u00e4\u00e4 \u00bb\t\t<\/a>\n\n\t\t\t\t<\/div>\n\t\t\t\t\t<\/div>\n\t\t<\/article>\n\t\t\t\t<article class=\"elementor-post elementor-grid-item post-12575 post type-post status-publish format-standard has-post-thumbnail hentry category-lintula\" role=\"listitem\">\n\t\t\t<div class=\"elementor-post__card\">\n\t\t\t\t<a class=\"elementor-post__thumbnail__link\" href=\"https:\/\/ort.fi\/kuopionjakarjalanhiippakunta\/2025\/09\/13\/ylennetty-risti\/\" tabindex=\"-1\" ><div class=\"elementor-post__thumbnail\"><img decoding=\"async\" width=\"2473\" height=\"1939\" src=\"https:\/\/ort.fi\/kuopionjakarjalanhiippakunta\/wp-content\/uploads\/2025\/09\/Ylennetty-risti-13.9.2025_A2-1.jpg\" class=\"attachment-full size-full wp-image-12615\" alt=\"\" srcset=\"https:\/\/ort.fi\/kuopionjakarjalanhiippakunta\/wp-content\/uploads\/2025\/09\/Ylennetty-risti-13.9.2025_A2-1.jpg 2473w, https:\/\/ort.fi\/kuopionjakarjalanhiippakunta\/wp-content\/uploads\/2025\/09\/Ylennetty-risti-13.9.2025_A2-1-300x235.jpg 300w, https:\/\/ort.fi\/kuopionjakarjalanhiippakunta\/wp-content\/uploads\/2025\/09\/Ylennetty-risti-13.9.2025_A2-1-1024x803.jpg 1024w, https:\/\/ort.fi\/kuopionjakarjalanhiippakunta\/wp-content\/uploads\/2025\/09\/Ylennetty-risti-13.9.2025_A2-1-768x602.jpg 768w, https:\/\/ort.fi\/kuopionjakarjalanhiippakunta\/wp-content\/uploads\/2025\/09\/Ylennetty-risti-13.9.2025_A2-1-1536x1204.jpg 1536w, https:\/\/ort.fi\/kuopionjakarjalanhiippakunta\/wp-content\/uploads\/2025\/09\/Ylennetty-risti-13.9.2025_A2-1-2048x1606.jpg 2048w\" sizes=\"(max-width: 2473px) 100vw, 2473px\" \/><\/div><\/a>\n\t\t\t\t<div class=\"elementor-post__text\">\n\t\t\t\t<h3 class=\"elementor-post__title\">\n\t\t\t<a href=\"https:\/\/ort.fi\/kuopionjakarjalanhiippakunta\/2025\/09\/13\/ylennetty-risti\/\" >\n\t\t\t\tYlennetty risti\t\t\t<\/a>\n\t\t<\/h3>\n\t\t\t\t<div class=\"elementor-post__excerpt\">\n\t\t\t<p>Yl\u00f6snousemuksen basilika Jerusalemissa vihittiin 13. syyskuuta vuonna 335. Vihkimist\u00e4 seuranneena p\u00e4iv\u00e4n\u00e4 kirkkoon tuotiin Kristuksen ristinpuu. Pyh\u00e4n haudan kirkon vihkimisen juhlap\u00e4iv\u00e4\u00e4 vietet\u00e4\u00e4n ortodoksisessa kalenterin mukaan 13.<\/p>\n\t\t<\/div>\n\t\t\n\t\t<a class=\"elementor-post__read-more\" href=\"https:\/\/ort.fi\/kuopionjakarjalanhiippakunta\/2025\/09\/13\/ylennetty-risti\/\" aria-label=\"Read more about Ylennetty risti\" tabindex=\"-1\" >\n\t\t\tLue lis\u00e4\u00e4 \u00bb\t\t<\/a>\n\n\t\t\t\t<\/div>\n\t\t\t\t\t<\/div>\n\t\t<\/article>\n\t\t\t\t<article class=\"elementor-post elementor-grid-item post-11891 post type-post status-publish format-standard has-post-thumbnail hentry category-lintula category-yleinen\" role=\"listitem\">\n\t\t\t<div class=\"elementor-post__card\">\n\t\t\t\t<a class=\"elementor-post__thumbnail__link\" href=\"https:\/\/ort.fi\/kuopionjakarjalanhiippakunta\/2025\/05\/29\/hiippakunnan-nuoret-talkoissa\/\" tabindex=\"-1\" ><div class=\"elementor-post__thumbnail\"><img loading=\"lazy\" decoding=\"async\" width=\"1907\" height=\"2560\" src=\"https:\/\/ort.fi\/kuopionjakarjalanhiippakunta\/wp-content\/uploads\/2025\/05\/20250324_175134-scaled.jpg\" class=\"attachment-full size-full wp-image-11893\" alt=\"\" srcset=\"https:\/\/ort.fi\/kuopionjakarjalanhiippakunta\/wp-content\/uploads\/2025\/05\/20250324_175134-scaled.jpg 1907w, https:\/\/ort.fi\/kuopionjakarjalanhiippakunta\/wp-content\/uploads\/2025\/05\/20250324_175134-224x300.jpg 224w, https:\/\/ort.fi\/kuopionjakarjalanhiippakunta\/wp-content\/uploads\/2025\/05\/20250324_175134-763x1024.jpg 763w, https:\/\/ort.fi\/kuopionjakarjalanhiippakunta\/wp-content\/uploads\/2025\/05\/20250324_175134-768x1031.jpg 768w, https:\/\/ort.fi\/kuopionjakarjalanhiippakunta\/wp-content\/uploads\/2025\/05\/20250324_175134-1144x1536.jpg 1144w, https:\/\/ort.fi\/kuopionjakarjalanhiippakunta\/wp-content\/uploads\/2025\/05\/20250324_175134-1526x2048.jpg 1526w\" sizes=\"(max-width: 1907px) 100vw, 1907px\" \/><\/div><\/a>\n\t\t\t\t<div class=\"elementor-post__text\">\n\t\t\t\t<h3 class=\"elementor-post__title\">\n\t\t\t<a href=\"https:\/\/ort.fi\/kuopionjakarjalanhiippakunta\/2025\/05\/29\/hiippakunnan-nuoret-talkoissa\/\" >\n\t\t\t\tHiippakunnan nuoret talkoissa\t\t\t<\/a>\n\t\t<\/h3>\n\t\t\t\t<div class=\"elementor-post__excerpt\">\n\t\t\t<p>Joukko Kuopion ja Karjalan hiippakunnan seurakuntien nuoria teki viikonloppuna 23.\u201325. toukokuuta talkoomatkan Lintulan Pyh\u00e4n Kolminaisuuden luostariin. Kaikista viidest\u00e4 seurakunnasta oli nuoria mukana talkoissa, joissa \u00f6ljyttiin<\/p>\n\t\t<\/div>\n\t\t\n\t\t<a class=\"elementor-post__read-more\" href=\"https:\/\/ort.fi\/kuopionjakarjalanhiippakunta\/2025\/05\/29\/hiippakunnan-nuoret-talkoissa\/\" aria-label=\"Read more about Hiippakunnan nuoret talkoissa\" tabindex=\"-1\" >\n\t\t\tLue lis\u00e4\u00e4 \u00bb\t\t<\/a>\n\n\t\t\t\t<\/div>\n\t\t\t\t\t<\/div>\n\t\t<\/article>\n\t\t\t\t<article class=\"elementor-post elementor-grid-item post-11189 post type-post status-publish format-standard has-post-thumbnail hentry category-lintula\" role=\"listitem\">\n\t\t\t<div class=\"elementor-post__card\">\n\t\t\t\t<a class=\"elementor-post__thumbnail__link\" href=\"https:\/\/ort.fi\/kuopionjakarjalanhiippakunta\/2025\/03\/24\/ilosanoman-juhla\/\" tabindex=\"-1\" ><div class=\"elementor-post__thumbnail\"><img loading=\"lazy\" decoding=\"async\" width=\"1920\" height=\"2560\" src=\"https:\/\/ort.fi\/kuopionjakarjalanhiippakunta\/wp-content\/uploads\/2025\/03\/Ilosanoman-juhla_7_25.3.2025-1-scaled.jpg\" class=\"attachment-full size-full wp-image-11307\" alt=\"\" srcset=\"https:\/\/ort.fi\/kuopionjakarjalanhiippakunta\/wp-content\/uploads\/2025\/03\/Ilosanoman-juhla_7_25.3.2025-1-scaled.jpg 1920w, https:\/\/ort.fi\/kuopionjakarjalanhiippakunta\/wp-content\/uploads\/2025\/03\/Ilosanoman-juhla_7_25.3.2025-1-225x300.jpg 225w, https:\/\/ort.fi\/kuopionjakarjalanhiippakunta\/wp-content\/uploads\/2025\/03\/Ilosanoman-juhla_7_25.3.2025-1-768x1024.jpg 768w, https:\/\/ort.fi\/kuopionjakarjalanhiippakunta\/wp-content\/uploads\/2025\/03\/Ilosanoman-juhla_7_25.3.2025-1-1152x1536.jpg 1152w, https:\/\/ort.fi\/kuopionjakarjalanhiippakunta\/wp-content\/uploads\/2025\/03\/Ilosanoman-juhla_7_25.3.2025-1-1536x2048.jpg 1536w\" sizes=\"(max-width: 1920px) 100vw, 1920px\" \/><\/div><\/a>\n\t\t\t\t<div class=\"elementor-post__text\">\n\t\t\t\t<h3 class=\"elementor-post__title\">\n\t\t\t<a href=\"https:\/\/ort.fi\/kuopionjakarjalanhiippakunta\/2025\/03\/24\/ilosanoman-juhla\/\" >\n\t\t\t\tIlosanoman juhla\t\t\t<\/a>\n\t\t<\/h3>\n\t\t\t\t<div class=\"elementor-post__excerpt\">\n\t\t\t<p>Kuopion ja Karjalan metropoliitta Arseni toimitti vuoden 2025 Jumalansynnytt\u00e4j\u00e4n ilmestysjuhlan jumalanpalvelukset 24.\u201325. maaliskuuta Pyh\u00e4n Kolminaisuuden luostarissa. Metropoliitta toimitti juhlan aattona suuren ehtoonj\u00e4lkeisen palveluksen ja aamupalveluksen.<\/p>\n\t\t<\/div>\n\t\t\n\t\t<a class=\"elementor-post__read-more\" href=\"https:\/\/ort.fi\/kuopionjakarjalanhiippakunta\/2025\/03\/24\/ilosanoman-juhla\/\" aria-label=\"Read more about Ilosanoman juhla\" tabindex=\"-1\" >\n\t\t\tLue lis\u00e4\u00e4 \u00bb\t\t<\/a>\n\n\t\t\t\t<\/div>\n\t\t\t\t\t<\/div>\n\t\t<\/article>\n\t\t\t\t<article class=\"elementor-post elementor-grid-item post-11111 post type-post status-publish format-standard has-post-thumbnail hentry category-lintula category-yleinen\" role=\"listitem\">\n\t\t\t<div class=\"elementor-post__card\">\n\t\t\t\t<a class=\"elementor-post__thumbnail__link\" href=\"https:\/\/ort.fi\/kuopionjakarjalanhiippakunta\/2025\/03\/20\/patriarkka-onnittelee-igumenia-mikaelaa\/\" tabindex=\"-1\" ><div class=\"elementor-post__thumbnail\"><img loading=\"lazy\" decoding=\"async\" width=\"2560\" height=\"1340\" src=\"https:\/\/ort.fi\/kuopionjakarjalanhiippakunta\/wp-content\/uploads\/2025\/03\/Patriarkka-onnittelee-igumenia-Mikaelaa_A_20.3.2025-scaled.jpg\" class=\"attachment-full size-full wp-image-11113\" alt=\"\" srcset=\"https:\/\/ort.fi\/kuopionjakarjalanhiippakunta\/wp-content\/uploads\/2025\/03\/Patriarkka-onnittelee-igumenia-Mikaelaa_A_20.3.2025-scaled.jpg 2560w, https:\/\/ort.fi\/kuopionjakarjalanhiippakunta\/wp-content\/uploads\/2025\/03\/Patriarkka-onnittelee-igumenia-Mikaelaa_A_20.3.2025-300x157.jpg 300w, https:\/\/ort.fi\/kuopionjakarjalanhiippakunta\/wp-content\/uploads\/2025\/03\/Patriarkka-onnittelee-igumenia-Mikaelaa_A_20.3.2025-1024x536.jpg 1024w, https:\/\/ort.fi\/kuopionjakarjalanhiippakunta\/wp-content\/uploads\/2025\/03\/Patriarkka-onnittelee-igumenia-Mikaelaa_A_20.3.2025-768x402.jpg 768w, https:\/\/ort.fi\/kuopionjakarjalanhiippakunta\/wp-content\/uploads\/2025\/03\/Patriarkka-onnittelee-igumenia-Mikaelaa_A_20.3.2025-1536x804.jpg 1536w, https:\/\/ort.fi\/kuopionjakarjalanhiippakunta\/wp-content\/uploads\/2025\/03\/Patriarkka-onnittelee-igumenia-Mikaelaa_A_20.3.2025-2048x1072.jpg 2048w\" sizes=\"(max-width: 2560px) 100vw, 2560px\" \/><\/div><\/a>\n\t\t\t\t<div class=\"elementor-post__text\">\n\t\t\t\t<h3 class=\"elementor-post__title\">\n\t\t\t<a href=\"https:\/\/ort.fi\/kuopionjakarjalanhiippakunta\/2025\/03\/20\/patriarkka-onnittelee-igumenia-mikaelaa\/\" >\n\t\t\t\tPatriarkka onnittelee igumenia Mikaelaa\t\t\t<\/a>\n\t\t<\/h3>\n\t\t\t\t<div class=\"elementor-post__excerpt\">\n\t\t\t<p>Lintulan Pyh\u00e4n Kolminaisuuden luostarin el\u00e4kkeell\u00e4 oleva johtaja igumenia Mikaela t\u00e4ytti 19. maaliskuuta 80-vuotta. Patriarkka Bartolomeos l\u00e4hetti \u00e4iti igumenialle syntym\u00e4p\u00e4iv\u00e4onnittelun. \u201dPyhimm\u00e4lle Lintulan Pyh\u00e4n Kolminaisuuden luostarin igumenia<\/p>\n\t\t<\/div>\n\t\t\n\t\t<a class=\"elementor-post__read-more\" href=\"https:\/\/ort.fi\/kuopionjakarjalanhiippakunta\/2025\/03\/20\/patriarkka-onnittelee-igumenia-mikaelaa\/\" aria-label=\"Read more about Patriarkka onnittelee igumenia Mikaelaa\" tabindex=\"-1\" >\n\t\t\tLue lis\u00e4\u00e4 \u00bb\t\t<\/a>\n\n\t\t\t\t<\/div>\n\t\t\t\t\t<\/div>\n\t\t<\/article>\n\t\t\t\t<article class=\"elementor-post elementor-grid-item post-11097 post type-post status-publish format-standard has-post-thumbnail hentry category-lintula category-yleinen\" role=\"listitem\">\n\t\t\t<div class=\"elementor-post__card\">\n\t\t\t\t<a class=\"elementor-post__thumbnail__link\" href=\"https:\/\/ort.fi\/kuopionjakarjalanhiippakunta\/2025\/03\/18\/nuorten-talkooviikonloppu-23-25-5-2025\/\" tabindex=\"-1\" ><div class=\"elementor-post__thumbnail\"><img loading=\"lazy\" decoding=\"async\" width=\"2304\" height=\"1963\" src=\"https:\/\/ort.fi\/kuopionjakarjalanhiippakunta\/wp-content\/uploads\/2025\/03\/IMG_6023.jpg\" class=\"attachment-full size-full wp-image-11099\" alt=\"\" srcset=\"https:\/\/ort.fi\/kuopionjakarjalanhiippakunta\/wp-content\/uploads\/2025\/03\/IMG_6023.jpg 2304w, https:\/\/ort.fi\/kuopionjakarjalanhiippakunta\/wp-content\/uploads\/2025\/03\/IMG_6023-300x256.jpg 300w, https:\/\/ort.fi\/kuopionjakarjalanhiippakunta\/wp-content\/uploads\/2025\/03\/IMG_6023-1024x872.jpg 1024w, https:\/\/ort.fi\/kuopionjakarjalanhiippakunta\/wp-content\/uploads\/2025\/03\/IMG_6023-768x654.jpg 768w, https:\/\/ort.fi\/kuopionjakarjalanhiippakunta\/wp-content\/uploads\/2025\/03\/IMG_6023-1536x1309.jpg 1536w, https:\/\/ort.fi\/kuopionjakarjalanhiippakunta\/wp-content\/uploads\/2025\/03\/IMG_6023-2048x1745.jpg 2048w\" sizes=\"(max-width: 2304px) 100vw, 2304px\" \/><\/div><\/a>\n\t\t\t\t<div class=\"elementor-post__text\">\n\t\t\t\t<h3 class=\"elementor-post__title\">\n\t\t\t<a href=\"https:\/\/ort.fi\/kuopionjakarjalanhiippakunta\/2025\/03\/18\/nuorten-talkooviikonloppu-23-25-5-2025\/\" >\n\t\t\t\tNuorten talkooviikonloppu\t\t\t<\/a>\n\t\t<\/h3>\n\t\t\t\t<div class=\"elementor-post__excerpt\">\n\t\t\t<p>Kuopion ja Karjalan hiippakunta j\u00e4rjest\u00e4\u00e4 23.\u201325. toukokuuta nuorten talkooviikonlopun Lintulan Pyh\u00e4n Kolminaisuuden luostarissa. Viikonlopun ohjelma sis\u00e4lt\u00e4\u00e4 askareita luostarin pihalla, puutarhassa ja vihannesmaalla. Talkooviikonlopun aikana tutustutaan<\/p>\n\t\t<\/div>\n\t\t\n\t\t<a class=\"elementor-post__read-more\" href=\"https:\/\/ort.fi\/kuopionjakarjalanhiippakunta\/2025\/03\/18\/nuorten-talkooviikonloppu-23-25-5-2025\/\" aria-label=\"Read more about Nuorten talkooviikonloppu\" tabindex=\"-1\" >\n\t\t\tLue lis\u00e4\u00e4 \u00bb\t\t<\/a>\n\n\t\t\t\t<\/div>\n\t\t\t\t\t<\/div>\n\t\t<\/article>\n\t\t\t\t<article class=\"elementor-post elementor-grid-item post-9701 post type-post status-publish format-standard has-post-thumbnail hentry category-lintula\" role=\"listitem\">\n\t\t\t<div class=\"elementor-post__card\">\n\t\t\t\t<a class=\"elementor-post__thumbnail__link\" href=\"https:\/\/ort.fi\/kuopionjakarjalanhiippakunta\/2025\/01\/14\/lintulaa-tuetaan\/\" tabindex=\"-1\" ><div class=\"elementor-post__thumbnail\"><img loading=\"lazy\" decoding=\"async\" width=\"1900\" height=\"1425\" src=\"https:\/\/ort.fi\/kuopionjakarjalanhiippakunta\/wp-content\/uploads\/2025\/01\/Tampere-7-8.12.2024_6.jpg\" class=\"attachment-full size-full wp-image-9705\" alt=\"\" srcset=\"https:\/\/ort.fi\/kuopionjakarjalanhiippakunta\/wp-content\/uploads\/2025\/01\/Tampere-7-8.12.2024_6.jpg 1900w, https:\/\/ort.fi\/kuopionjakarjalanhiippakunta\/wp-content\/uploads\/2025\/01\/Tampere-7-8.12.2024_6-300x225.jpg 300w, https:\/\/ort.fi\/kuopionjakarjalanhiippakunta\/wp-content\/uploads\/2025\/01\/Tampere-7-8.12.2024_6-1024x768.jpg 1024w, https:\/\/ort.fi\/kuopionjakarjalanhiippakunta\/wp-content\/uploads\/2025\/01\/Tampere-7-8.12.2024_6-768x576.jpg 768w, https:\/\/ort.fi\/kuopionjakarjalanhiippakunta\/wp-content\/uploads\/2025\/01\/Tampere-7-8.12.2024_6-1536x1152.jpg 1536w\" sizes=\"(max-width: 1900px) 100vw, 1900px\" \/><\/div><\/a>\n\t\t\t\t<div class=\"elementor-post__text\">\n\t\t\t\t<h3 class=\"elementor-post__title\">\n\t\t\t<a href=\"https:\/\/ort.fi\/kuopionjakarjalanhiippakunta\/2025\/01\/14\/lintulaa-tuetaan\/\" >\n\t\t\t\tLintulaa tuetaan\t\t\t<\/a>\n\t\t<\/h3>\n\t\t\t\t<div class=\"elementor-post__excerpt\">\n\t\t\t<p>Lintulan Luostari Yst\u00e4v\u00e4t ry:n syksyn tapahtumat pidettiin per\u00e4kk\u00e4isin\u00e4 viikonloppuina Nivalassa, Turussa ja viimeisin Tampereella 7.-8. joulukuuta. Tilaisuuksissa tehtiin Pyh\u00e4n Kolminaisuuden luostaria tunnetuksi seurakuntalaisille, koottiin yhdistykselle<\/p>\n\t\t<\/div>\n\t\t\n\t\t<a class=\"elementor-post__read-more\" href=\"https:\/\/ort.fi\/kuopionjakarjalanhiippakunta\/2025\/01\/14\/lintulaa-tuetaan\/\" aria-label=\"Read more about Lintulaa tuetaan\" tabindex=\"-1\" >\n\t\t\tLue lis\u00e4\u00e4 \u00bb\t\t<\/a>\n\n\t\t\t\t<\/div>\n\t\t\t\t\t<\/div>\n\t\t<\/article>\n\t\t\t\t<article class=\"elementor-post elementor-grid-item post-6755 post type-post status-publish format-standard has-post-thumbnail hentry category-lintula\" role=\"listitem\">\n\t\t\t<div class=\"elementor-post__card\">\n\t\t\t\t<a class=\"elementor-post__thumbnail__link\" href=\"https:\/\/ort.fi\/kuopionjakarjalanhiippakunta\/2025\/01\/06\/lintulan-hautausmaan-30-vuotisjuhla\/\" tabindex=\"-1\" ><div class=\"elementor-post__thumbnail\"><img loading=\"lazy\" decoding=\"async\" width=\"1900\" height=\"1425\" src=\"https:\/\/ort.fi\/kuopionjakarjalanhiippakunta\/wp-content\/uploads\/2025\/01\/Lintulan-hautausmaan-tsasounan-juhla-2024-Tarja-Lanu-III.jpg\" class=\"attachment-full size-full wp-image-6757\" alt=\"\" srcset=\"https:\/\/ort.fi\/kuopionjakarjalanhiippakunta\/wp-content\/uploads\/2025\/01\/Lintulan-hautausmaan-tsasounan-juhla-2024-Tarja-Lanu-III.jpg 1900w, https:\/\/ort.fi\/kuopionjakarjalanhiippakunta\/wp-content\/uploads\/2025\/01\/Lintulan-hautausmaan-tsasounan-juhla-2024-Tarja-Lanu-III-300x225.jpg 300w, https:\/\/ort.fi\/kuopionjakarjalanhiippakunta\/wp-content\/uploads\/2025\/01\/Lintulan-hautausmaan-tsasounan-juhla-2024-Tarja-Lanu-III-1024x768.jpg 1024w, https:\/\/ort.fi\/kuopionjakarjalanhiippakunta\/wp-content\/uploads\/2025\/01\/Lintulan-hautausmaan-tsasounan-juhla-2024-Tarja-Lanu-III-768x576.jpg 768w, https:\/\/ort.fi\/kuopionjakarjalanhiippakunta\/wp-content\/uploads\/2025\/01\/Lintulan-hautausmaan-tsasounan-juhla-2024-Tarja-Lanu-III-1536x1152.jpg 1536w\" sizes=\"(max-width: 1900px) 100vw, 1900px\" \/><\/div><\/a>\n\t\t\t\t<div class=\"elementor-post__text\">\n\t\t\t\t<h3 class=\"elementor-post__title\">\n\t\t\t<a href=\"https:\/\/ort.fi\/kuopionjakarjalanhiippakunta\/2025\/01\/06\/lintulan-hautausmaan-30-vuotisjuhla\/\" >\n\t\t\t\tLintulan hautausmaan 30-vuotisjuhla\t\t\t<\/a>\n\t\t<\/h3>\n\t\t\t\t<div class=\"elementor-post__excerpt\">\n\t\t\t<p>Lintulan Pyh\u00e4n Kolminaisuuden luostarin hautausmaan tsasounan temppelijuhlaa ja hautausmaan 30-vuotisjuhlaa vietettiin Palokissa 12. lokakuuta.&nbsp; Metropoliitta Arseni toimitti juhlap\u00e4iv\u00e4n\u00e4 8.30 alkaen munkkidiakoni Rafaelin avustamana vedenpyhityksen hautausmaan<\/p>\n\t\t<\/div>\n\t\t\n\t\t<a class=\"elementor-post__read-more\" href=\"https:\/\/ort.fi\/kuopionjakarjalanhiippakunta\/2025\/01\/06\/lintulan-hautausmaan-30-vuotisjuhla\/\" aria-label=\"Read more about Lintulan hautausmaan 30-vuotisjuhla\" tabindex=\"-1\" >\n\t\t\tLue lis\u00e4\u00e4 \u00bb\t\t<\/a>\n\n\t\t\t\t<\/div>\n\t\t\t\t\t<\/div>\n\t\t<\/article>\n\t\t\t\t<\/div>\n\t\t\n\t\t\t\t<div class=\"e-load-more-anchor\" data-page=\"1\" data-max-page=\"3\" data-next-page=\"https:\/\/ort.fi\/kuopionjakarjalanhiippakunta\/wp-json\/wp\/v2\/pages\/63\/page\/2\/\"><\/div>\n\t\t\t\t<nav class=\"elementor-pagination\" aria-label=\"Pagination\">\n\t\t\t<span class=\"page-numbers prev\">&laquo; Edellinen sivu<\/span>\n<span aria-current=\"page\" class=\"page-numbers current\"><span class=\"elementor-screen-only\">Page<\/span>1<\/span>\n<a class=\"page-numbers\" href=\"https:\/\/ort.fi\/kuopionjakarjalanhiippakunta\/wp-json\/wp\/v2\/pages\/63\/page\/2\/\"><span class=\"elementor-screen-only\">Page<\/span>2<\/a>\n<a class=\"page-numbers\" href=\"https:\/\/ort.fi\/kuopionjakarjalanhiippakunta\/wp-json\/wp\/v2\/pages\/63\/page\/3\/\"><span class=\"elementor-screen-only\">Page<\/span>3<\/a>\n<a class=\"page-numbers next\" href=\"https:\/\/ort.fi\/kuopionjakarjalanhiippakunta\/wp-json\/wp\/v2\/pages\/63\/page\/2\/\">Seuraava sivu &raquo;<\/a>\t\t<\/nav>\n\t\t\t\t\t\t<\/div>\n\t\t\t\t<\/div>\n\t\t\t\t\t<\/div>\n\t\t\t\t<\/div>\n\t\t\t\t<\/div>\n\t\t","protected":false},"excerpt":{"rendered":"<p>LINTULA<\/p>\n","protected":false},"author":1,"featured_media":0,"parent":0,"menu_order":0,"comment_status":"closed","ping_status":"closed","template":"","meta":{"_eb_attr":"","footnotes":""},"class_list":["post-63","page","type-page","status-publish","hentry"],"_links":{"self":[{"href":"https:\/\/ort.fi\/kuopionjakarjalanhiippakunta\/wp-json\/wp\/v2\/pages\/63","targetHints":{"allow":["GET"]}}],"collection":[{"href":"https:\/\/ort.fi\/kuopionjakarjalanhiippakunta\/wp-json\/wp\/v2\/pages"}],"about":[{"href":"https:\/\/ort.fi\/kuopionjakarjalanhiippakunta\/wp-json\/wp\/v2\/types\/page"}],"author":[{"embeddable":true,"href":"https:\/\/ort.fi\/kuopionjakarjalanhiippakunta\/wp-json\/wp\/v2\/users\/1"}],"replies":[{"embeddable":true,"href":"https:\/\/ort.fi\/kuopionjakarjalanhiippakunta\/wp-json\/wp\/v2\/comments?post=63"}],"version-history":[{"count":25,"href":"https:\/\/ort.fi\/kuopionjakarjalanhiippakunta\/wp-json\/wp\/v2\/pages\/63\/revisions"}],"predecessor-version":[{"id":9937,"href":"https:\/\/ort.fi\/kuopionjakarjalanhiippakunta\/wp-json\/wp\/v2\/pages\/63\/revisions\/9937"}],"wp:attachment":[{"href":"https:\/\/ort.fi\/kuopionjakarjalanhiippakunta\/wp-json\/wp\/v2\/media?parent=63"}],"curies":[{"name":"wp","href":"https:\/\/api.w.org\/{rel}","templated":true}]}}