{"id":55,"date":"2024-12-26T15:30:00","date_gmt":"2024-12-26T13:30:00","guid":{"rendered":"https:\/\/ort.fi\/uusikuopionjakarjalanhiippakunta\/?page_id=55"},"modified":"2025-01-15T18:30:15","modified_gmt":"2025-01-15T16:30:15","slug":"jyvaskyla","status":"publish","type":"page","link":"https:\/\/ort.fi\/kuopionjakarjalanhiippakunta\/jyvaskyla\/","title":{"rendered":"Jyv\u00e4skyl\u00e4"},"content":{"rendered":"\t\t<div data-elementor-type=\"wp-page\" data-elementor-id=\"55\" class=\"elementor elementor-55\" data-elementor-post-type=\"page\">\n\t\t\t\t<div class=\"elementor-element elementor-element-2777c44 e-flex e-con-boxed e-con e-parent\" data-id=\"2777c44\" data-element_type=\"container\" data-e-type=\"container\">\n\t\t\t\t\t<div class=\"e-con-inner\">\n\t\t\t\t<div class=\"elementor-element elementor-element-47ac0dc elementor-widget elementor-widget-heading\" data-id=\"47ac0dc\" data-element_type=\"widget\" data-e-type=\"widget\" data-widget_type=\"heading.default\">\n\t\t\t\t<div class=\"elementor-widget-container\">\n\t\t\t\t\t<h1 class=\"elementor-heading-title elementor-size-default\">JYV\u00c4SKYL\u00c4<\/h1>\t\t\t\t<\/div>\n\t\t\t\t<\/div>\n\t\t\t\t\t<\/div>\n\t\t\t\t<\/div>\n\t\t<div class=\"elementor-element elementor-element-1804615 e-flex e-con-boxed e-con e-parent\" data-id=\"1804615\" data-element_type=\"container\" data-e-type=\"container\">\n\t\t\t\t\t<div class=\"e-con-inner\">\n\t\t\t\t<div class=\"elementor-element elementor-element-de5e06a elementor-grid-3 elementor-grid-tablet-2 elementor-grid-mobile-1 elementor-posts--thumbnail-top elementor-card-shadow-yes elementor-posts__hover-gradient elementor-widget elementor-widget-posts\" data-id=\"de5e06a\" data-element_type=\"widget\" data-e-type=\"widget\" data-settings=\"{&quot;pagination_type&quot;:&quot;numbers_and_prev_next&quot;,&quot;cards_columns&quot;:&quot;3&quot;,&quot;cards_columns_tablet&quot;:&quot;2&quot;,&quot;cards_columns_mobile&quot;:&quot;1&quot;,&quot;cards_row_gap&quot;:{&quot;unit&quot;:&quot;px&quot;,&quot;size&quot;:35,&quot;sizes&quot;:[]},&quot;cards_row_gap_tablet&quot;:{&quot;unit&quot;:&quot;px&quot;,&quot;size&quot;:&quot;&quot;,&quot;sizes&quot;:[]},&quot;cards_row_gap_mobile&quot;:{&quot;unit&quot;:&quot;px&quot;,&quot;size&quot;:&quot;&quot;,&quot;sizes&quot;:[]}}\" data-widget_type=\"posts.cards\">\n\t\t\t\t<div class=\"elementor-widget-container\">\n\t\t\t\t\t\t\t<div class=\"elementor-posts-container elementor-posts elementor-posts--skin-cards elementor-grid\" role=\"list\">\n\t\t\t\t<article class=\"elementor-post elementor-grid-item post-13927 post type-post status-publish format-standard has-post-thumbnail hentry category-jyvaskyla\" role=\"listitem\">\n\t\t\t<div class=\"elementor-post__card\">\n\t\t\t\t<a class=\"elementor-post__thumbnail__link\" href=\"https:\/\/ort.fi\/kuopionjakarjalanhiippakunta\/2026\/02\/08\/seurakunnantarkastus\/\" tabindex=\"-1\" ><div class=\"elementor-post__thumbnail\"><img fetchpriority=\"high\" decoding=\"async\" width=\"2560\" height=\"2560\" src=\"https:\/\/ort.fi\/kuopionjakarjalanhiippakunta\/wp-content\/uploads\/2026\/02\/Seurakunnantarkastus_A-scaled.jpg\" class=\"attachment-full size-full wp-image-13929\" alt=\"\" srcset=\"https:\/\/ort.fi\/kuopionjakarjalanhiippakunta\/wp-content\/uploads\/2026\/02\/Seurakunnantarkastus_A-scaled.jpg 2560w, https:\/\/ort.fi\/kuopionjakarjalanhiippakunta\/wp-content\/uploads\/2026\/02\/Seurakunnantarkastus_A-300x300.jpg 300w, https:\/\/ort.fi\/kuopionjakarjalanhiippakunta\/wp-content\/uploads\/2026\/02\/Seurakunnantarkastus_A-1024x1024.jpg 1024w, https:\/\/ort.fi\/kuopionjakarjalanhiippakunta\/wp-content\/uploads\/2026\/02\/Seurakunnantarkastus_A-150x150.jpg 150w, https:\/\/ort.fi\/kuopionjakarjalanhiippakunta\/wp-content\/uploads\/2026\/02\/Seurakunnantarkastus_A-768x768.jpg 768w, https:\/\/ort.fi\/kuopionjakarjalanhiippakunta\/wp-content\/uploads\/2026\/02\/Seurakunnantarkastus_A-1536x1536.jpg 1536w, https:\/\/ort.fi\/kuopionjakarjalanhiippakunta\/wp-content\/uploads\/2026\/02\/Seurakunnantarkastus_A-2048x2048.jpg 2048w\" sizes=\"(max-width: 2560px) 100vw, 2560px\" \/><\/div><\/a>\n\t\t\t\t<div class=\"elementor-post__text\">\n\t\t\t\t<h3 class=\"elementor-post__title\">\n\t\t\t<a href=\"https:\/\/ort.fi\/kuopionjakarjalanhiippakunta\/2026\/02\/08\/seurakunnantarkastus\/\" >\n\t\t\t\tSeurakunnantarkastus\t\t\t<\/a>\n\t\t<\/h3>\n\t\t\t\t<div class=\"elementor-post__excerpt\">\n\t\t\t<p>Kuopion ja Karjalan metropoliitta Arseni tarkasti 5.\u20138. helmikuuta Jyv\u00e4skyl\u00e4n ortodoksisen seurakunnan. Edelliset piispantarkastukset Jyv\u00e4skyl\u00e4ss\u00e4 pidettiin 29.4.\u20131.5.2016 ja 14.\u201316.5.2021. Vuoden 2021 tarkastuksen j\u00e4lkeen Jyv\u00e4skyl\u00e4\u00e4n on valittu<\/p>\n\t\t<\/div>\n\t\t\n\t\t<a class=\"elementor-post__read-more\" href=\"https:\/\/ort.fi\/kuopionjakarjalanhiippakunta\/2026\/02\/08\/seurakunnantarkastus\/\" aria-label=\"Read more about Seurakunnantarkastus\" tabindex=\"-1\" >\n\t\t\tLue lis\u00e4\u00e4 \u00bb\t\t<\/a>\n\n\t\t\t\t<\/div>\n\t\t\t\t\t<\/div>\n\t\t<\/article>\n\t\t\t\t<article class=\"elementor-post elementor-grid-item post-12357 post type-post status-publish format-standard has-post-thumbnail hentry category-jyvaskyla\" role=\"listitem\">\n\t\t\t<div class=\"elementor-post__card\">\n\t\t\t\t<a class=\"elementor-post__thumbnail__link\" href=\"https:\/\/ort.fi\/kuopionjakarjalanhiippakunta\/2025\/08\/11\/kirje-saarijarvelaisille\/\" tabindex=\"-1\" ><div class=\"elementor-post__thumbnail\"><img decoding=\"async\" width=\"820\" height=\"615\" src=\"https:\/\/ort.fi\/kuopionjakarjalanhiippakunta\/wp-content\/uploads\/2025\/08\/DSC01029.jpg\" class=\"attachment-full size-full wp-image-12359\" alt=\"\" srcset=\"https:\/\/ort.fi\/kuopionjakarjalanhiippakunta\/wp-content\/uploads\/2025\/08\/DSC01029.jpg 820w, https:\/\/ort.fi\/kuopionjakarjalanhiippakunta\/wp-content\/uploads\/2025\/08\/DSC01029-300x225.jpg 300w, https:\/\/ort.fi\/kuopionjakarjalanhiippakunta\/wp-content\/uploads\/2025\/08\/DSC01029-768x576.jpg 768w\" sizes=\"(max-width: 820px) 100vw, 820px\" \/><\/div><\/a>\n\t\t\t\t<div class=\"elementor-post__text\">\n\t\t\t\t<h3 class=\"elementor-post__title\">\n\t\t\t<a href=\"https:\/\/ort.fi\/kuopionjakarjalanhiippakunta\/2025\/08\/11\/kirje-saarijarvelaisille\/\" >\n\t\t\t\tKirje saarij\u00e4rvel\u00e4isille\t\t\t<\/a>\n\t\t<\/h3>\n\t\t\t\t<div class=\"elementor-post__excerpt\">\n\t\t\t<p>Kristuksessa rakkaat Jyv\u00e4skyl\u00e4n seurakunnan j\u00e4senet! Lauantaina 9. elokuuta kantautui korviimme suruviestin Saarij\u00e4rven pyhitt\u00e4j\u00e4 Arseni Konevitsalaisen rukoushuoneen aamuy\u00f6ll\u00e4 syttyneest\u00e4 tulipalosta. Vuonna 1989 pitk\u00e4lti talkooty\u00f6n\u00e4 rakennettu py\u00f6r\u00f6hirsinen<\/p>\n\t\t<\/div>\n\t\t\n\t\t<a class=\"elementor-post__read-more\" href=\"https:\/\/ort.fi\/kuopionjakarjalanhiippakunta\/2025\/08\/11\/kirje-saarijarvelaisille\/\" aria-label=\"Read more about Kirje saarij\u00e4rvel\u00e4isille\" tabindex=\"-1\" >\n\t\t\tLue lis\u00e4\u00e4 \u00bb\t\t<\/a>\n\n\t\t\t\t<\/div>\n\t\t\t\t\t<\/div>\n\t\t<\/article>\n\t\t\t\t<article class=\"elementor-post elementor-grid-item post-4825 post type-post status-publish format-standard has-post-thumbnail hentry category-jyvaskyla\" role=\"listitem\">\n\t\t\t<div class=\"elementor-post__card\">\n\t\t\t\t<a class=\"elementor-post__thumbnail__link\" href=\"https:\/\/ort.fi\/kuopionjakarjalanhiippakunta\/2025\/01\/03\/jyvaskylassa-juhlittiin\/\" tabindex=\"-1\" ><div class=\"elementor-post__thumbnail\"><img decoding=\"async\" width=\"1425\" height=\"1900\" src=\"https:\/\/ort.fi\/kuopionjakarjalanhiippakunta\/wp-content\/uploads\/2025\/01\/Jyvaskylan-Kristuksen-ylosnousemuksen-kirkon-juhla-70-v.-2024-Henri-Paakkonen-II.jpg\" class=\"attachment-full size-full wp-image-4827\" alt=\"\" srcset=\"https:\/\/ort.fi\/kuopionjakarjalanhiippakunta\/wp-content\/uploads\/2025\/01\/Jyvaskylan-Kristuksen-ylosnousemuksen-kirkon-juhla-70-v.-2024-Henri-Paakkonen-II.jpg 1425w, https:\/\/ort.fi\/kuopionjakarjalanhiippakunta\/wp-content\/uploads\/2025\/01\/Jyvaskylan-Kristuksen-ylosnousemuksen-kirkon-juhla-70-v.-2024-Henri-Paakkonen-II-225x300.jpg 225w, https:\/\/ort.fi\/kuopionjakarjalanhiippakunta\/wp-content\/uploads\/2025\/01\/Jyvaskylan-Kristuksen-ylosnousemuksen-kirkon-juhla-70-v.-2024-Henri-Paakkonen-II-768x1024.jpg 768w, https:\/\/ort.fi\/kuopionjakarjalanhiippakunta\/wp-content\/uploads\/2025\/01\/Jyvaskylan-Kristuksen-ylosnousemuksen-kirkon-juhla-70-v.-2024-Henri-Paakkonen-II-1152x1536.jpg 1152w\" sizes=\"(max-width: 1425px) 100vw, 1425px\" \/><\/div><\/a>\n\t\t\t\t<div class=\"elementor-post__text\">\n\t\t\t\t<h3 class=\"elementor-post__title\">\n\t\t\t<a href=\"https:\/\/ort.fi\/kuopionjakarjalanhiippakunta\/2025\/01\/03\/jyvaskylassa-juhlittiin\/\" >\n\t\t\t\tJyv\u00e4skyl\u00e4ss\u00e4 juhlittiin\t\t\t<\/a>\n\t\t<\/h3>\n\t\t\t\t<div class=\"elementor-post__excerpt\">\n\t\t\t<p>Jyv\u00e4skyl\u00e4n Kristuksen yl\u00f6snousemuksen kirkon 70-vuotisjuhlaa viettiin 13. lokakuuta. Pyh\u00e4kk\u00f6 on ensimm\u00e4inen sotien j\u00e4lkeen ortodoksiseksi kirkoksi rakennettu ja vihitty j\u00e4lleenrakennuskauden uudisrakennus. Kirkon ikonostaasia koristavat K\u00e4kisalmesta evakuoidut<\/p>\n\t\t<\/div>\n\t\t\n\t\t<a class=\"elementor-post__read-more\" href=\"https:\/\/ort.fi\/kuopionjakarjalanhiippakunta\/2025\/01\/03\/jyvaskylassa-juhlittiin\/\" aria-label=\"Read more about Jyv\u00e4skyl\u00e4ss\u00e4 juhlittiin\" tabindex=\"-1\" >\n\t\t\tLue lis\u00e4\u00e4 \u00bb\t\t<\/a>\n\n\t\t\t\t<\/div>\n\t\t\t\t\t<\/div>\n\t\t<\/article>\n\t\t\t\t<article class=\"elementor-post elementor-grid-item post-4269 post type-post status-publish format-standard has-post-thumbnail hentry category-jyvaskyla\" role=\"listitem\">\n\t\t\t<div class=\"elementor-post__card\">\n\t\t\t\t<a class=\"elementor-post__thumbnail__link\" href=\"https:\/\/ort.fi\/kuopionjakarjalanhiippakunta\/2025\/01\/01\/kirkon-isannoitsijoita-koulutetaan\/\" tabindex=\"-1\" ><div class=\"elementor-post__thumbnail\"><img loading=\"lazy\" decoding=\"async\" width=\"1900\" height=\"1294\" src=\"https:\/\/ort.fi\/kuopionjakarjalanhiippakunta\/wp-content\/uploads\/2025\/01\/DSC_0831.jpg\" class=\"attachment-full size-full wp-image-4271\" alt=\"\" srcset=\"https:\/\/ort.fi\/kuopionjakarjalanhiippakunta\/wp-content\/uploads\/2025\/01\/DSC_0831.jpg 1900w, https:\/\/ort.fi\/kuopionjakarjalanhiippakunta\/wp-content\/uploads\/2025\/01\/DSC_0831-300x204.jpg 300w, https:\/\/ort.fi\/kuopionjakarjalanhiippakunta\/wp-content\/uploads\/2025\/01\/DSC_0831-1024x697.jpg 1024w, https:\/\/ort.fi\/kuopionjakarjalanhiippakunta\/wp-content\/uploads\/2025\/01\/DSC_0831-768x523.jpg 768w, https:\/\/ort.fi\/kuopionjakarjalanhiippakunta\/wp-content\/uploads\/2025\/01\/DSC_0831-1536x1046.jpg 1536w\" sizes=\"(max-width: 1900px) 100vw, 1900px\" \/><\/div><\/a>\n\t\t\t\t<div class=\"elementor-post__text\">\n\t\t\t\t<h3 class=\"elementor-post__title\">\n\t\t\t<a href=\"https:\/\/ort.fi\/kuopionjakarjalanhiippakunta\/2025\/01\/01\/kirkon-isannoitsijoita-koulutetaan\/\" >\n\t\t\t\tKirkon is\u00e4nn\u00f6itsij\u00f6it\u00e4 koulutetaan\t\t\t<\/a>\n\t\t<\/h3>\n\t\t\t\t<div class=\"elementor-post__excerpt\">\n\t\t\t<p>Kaikkia Kuopion ja Karjalan hiippakunnan seurakuntapyh\u00e4kk\u00f6jen kirkonis\u00e4nn\u00f6itsij\u00f6it\u00e4 koulutetaan kuluvan kev\u00e4\u00e4n aikana. Koulutukset j\u00e4rjestet\u00e4\u00e4n KP metropoliitta Arsenin johdolla ja paikallisen kirkkoherran sek\u00e4 asiantuntijoiden avustuksella. Ensimm\u00e4inen koulutus<\/p>\n\t\t<\/div>\n\t\t\n\t\t<a class=\"elementor-post__read-more\" href=\"https:\/\/ort.fi\/kuopionjakarjalanhiippakunta\/2025\/01\/01\/kirkon-isannoitsijoita-koulutetaan\/\" aria-label=\"Read more about Kirkon is\u00e4nn\u00f6itsij\u00f6it\u00e4 koulutetaan\" tabindex=\"-1\" >\n\t\t\tLue lis\u00e4\u00e4 \u00bb\t\t<\/a>\n\n\t\t\t\t<\/div>\n\t\t\t\t\t<\/div>\n\t\t<\/article>\n\t\t\t\t<article class=\"elementor-post elementor-grid-item post-3795 post type-post status-publish format-standard has-post-thumbnail hentry category-jyvaskyla\" role=\"listitem\">\n\t\t\t<div class=\"elementor-post__card\">\n\t\t\t\t<a class=\"elementor-post__thumbnail__link\" href=\"https:\/\/ort.fi\/kuopionjakarjalanhiippakunta\/2025\/01\/01\/rovasti-timo-makirinta-elakkeelle\/\" tabindex=\"-1\" ><div class=\"elementor-post__thumbnail\"><img loading=\"lazy\" decoding=\"async\" width=\"1266\" height=\"1900\" src=\"https:\/\/ort.fi\/kuopionjakarjalanhiippakunta\/wp-content\/uploads\/2025\/01\/Timo-Makirinnan-laksiaisjuhla-VI.jpg\" class=\"attachment-full size-full wp-image-3797\" alt=\"\" srcset=\"https:\/\/ort.fi\/kuopionjakarjalanhiippakunta\/wp-content\/uploads\/2025\/01\/Timo-Makirinnan-laksiaisjuhla-VI.jpg 1266w, https:\/\/ort.fi\/kuopionjakarjalanhiippakunta\/wp-content\/uploads\/2025\/01\/Timo-Makirinnan-laksiaisjuhla-VI-200x300.jpg 200w, https:\/\/ort.fi\/kuopionjakarjalanhiippakunta\/wp-content\/uploads\/2025\/01\/Timo-Makirinnan-laksiaisjuhla-VI-682x1024.jpg 682w, https:\/\/ort.fi\/kuopionjakarjalanhiippakunta\/wp-content\/uploads\/2025\/01\/Timo-Makirinnan-laksiaisjuhla-VI-768x1153.jpg 768w, https:\/\/ort.fi\/kuopionjakarjalanhiippakunta\/wp-content\/uploads\/2025\/01\/Timo-Makirinnan-laksiaisjuhla-VI-1023x1536.jpg 1023w\" sizes=\"(max-width: 1266px) 100vw, 1266px\" \/><\/div><\/a>\n\t\t\t\t<div class=\"elementor-post__text\">\n\t\t\t\t<h3 class=\"elementor-post__title\">\n\t\t\t<a href=\"https:\/\/ort.fi\/kuopionjakarjalanhiippakunta\/2025\/01\/01\/rovasti-timo-makirinta-elakkeelle\/\" >\n\t\t\t\tRovasti Timo M\u00e4kirinta el\u00e4kkeelle\t\t\t<\/a>\n\t\t<\/h3>\n\t\t\t\t<div class=\"elementor-post__excerpt\">\n\t\t\t<p>Jyv\u00e4skyl\u00e4ss\u00e4 vietettiin 31. lokakuuta kirkkoherran t\u00f6ist\u00e4 el\u00e4k\u00f6ityneen rovasti Timo M\u00e4kirinnan palkallisen ty\u00f6uran p\u00e4\u00e4t\u00f6st\u00e4. Kyseess\u00e4 ei ollut l\u00e4ksi\u00e4iset, sill\u00e4 is\u00e4 Timo j\u00e4\u00e4 asumaan Jyv\u00e4skyl\u00e4\u00e4n ja tulee<\/p>\n\t\t<\/div>\n\t\t\n\t\t<a class=\"elementor-post__read-more\" href=\"https:\/\/ort.fi\/kuopionjakarjalanhiippakunta\/2025\/01\/01\/rovasti-timo-makirinta-elakkeelle\/\" aria-label=\"Read more about Rovasti Timo M\u00e4kirinta el\u00e4kkeelle\" tabindex=\"-1\" >\n\t\t\tLue lis\u00e4\u00e4 \u00bb\t\t<\/a>\n\n\t\t\t\t<\/div>\n\t\t\t\t\t<\/div>\n\t\t<\/article>\n\t\t\t\t<article class=\"elementor-post elementor-grid-item post-3409 post type-post status-publish format-standard has-post-thumbnail hentry category-jyvaskyla\" role=\"listitem\">\n\t\t\t<div class=\"elementor-post__card\">\n\t\t\t\t<a class=\"elementor-post__thumbnail__link\" href=\"https:\/\/ort.fi\/kuopionjakarjalanhiippakunta\/2024\/12\/31\/jyvaskylan-seurakunta-tarkastettiin\/\" tabindex=\"-1\" ><div class=\"elementor-post__thumbnail\"><img loading=\"lazy\" decoding=\"async\" width=\"1900\" height=\"1425\" src=\"https:\/\/ort.fi\/kuopionjakarjalanhiippakunta\/wp-content\/uploads\/2024\/12\/Jyvaskylan-seurakunnan-tarkastus-2021-330.jpg\" class=\"attachment-full size-full wp-image-3411\" alt=\"\" srcset=\"https:\/\/ort.fi\/kuopionjakarjalanhiippakunta\/wp-content\/uploads\/2024\/12\/Jyvaskylan-seurakunnan-tarkastus-2021-330.jpg 1900w, https:\/\/ort.fi\/kuopionjakarjalanhiippakunta\/wp-content\/uploads\/2024\/12\/Jyvaskylan-seurakunnan-tarkastus-2021-330-300x225.jpg 300w, https:\/\/ort.fi\/kuopionjakarjalanhiippakunta\/wp-content\/uploads\/2024\/12\/Jyvaskylan-seurakunnan-tarkastus-2021-330-1024x768.jpg 1024w, https:\/\/ort.fi\/kuopionjakarjalanhiippakunta\/wp-content\/uploads\/2024\/12\/Jyvaskylan-seurakunnan-tarkastus-2021-330-768x576.jpg 768w, https:\/\/ort.fi\/kuopionjakarjalanhiippakunta\/wp-content\/uploads\/2024\/12\/Jyvaskylan-seurakunnan-tarkastus-2021-330-1536x1152.jpg 1536w\" sizes=\"(max-width: 1900px) 100vw, 1900px\" \/><\/div><\/a>\n\t\t\t\t<div class=\"elementor-post__text\">\n\t\t\t\t<h3 class=\"elementor-post__title\">\n\t\t\t<a href=\"https:\/\/ort.fi\/kuopionjakarjalanhiippakunta\/2024\/12\/31\/jyvaskylan-seurakunta-tarkastettiin\/\" >\n\t\t\t\tJyv\u00e4skyl\u00e4n seurakunta tarkastettiin\t\t\t<\/a>\n\t\t<\/h3>\n\t\t\t\t<div class=\"elementor-post__excerpt\">\n\t\t\t<p>KP. metropoliitta Arseni suoritti yhdess\u00e4 hiippakuntasihteeri Kaj Appelbergin kanssa 14.\u201316. toukokuuta Jyv\u00e4skyl\u00e4n seurakunnan tarkastuksen. Seurakunnan asiakirjahallinnon tarkastuksen suoritti 10.5.2021 tiedonhallinnan asiantuntija, rekisterinhoitaja Sari Hirvonen. Kiinteist\u00f6toimen<\/p>\n\t\t<\/div>\n\t\t\n\t\t<a class=\"elementor-post__read-more\" href=\"https:\/\/ort.fi\/kuopionjakarjalanhiippakunta\/2024\/12\/31\/jyvaskylan-seurakunta-tarkastettiin\/\" aria-label=\"Read more about Jyv\u00e4skyl\u00e4n seurakunta tarkastettiin\" tabindex=\"-1\" >\n\t\t\tLue lis\u00e4\u00e4 \u00bb\t\t<\/a>\n\n\t\t\t\t<\/div>\n\t\t\t\t\t<\/div>\n\t\t<\/article>\n\t\t\t\t<article class=\"elementor-post elementor-grid-item post-2973 post type-post status-publish format-standard has-post-thumbnail hentry category-jyvaskyla\" role=\"listitem\">\n\t\t\t<div class=\"elementor-post__card\">\n\t\t\t\t<a class=\"elementor-post__thumbnail__link\" href=\"https:\/\/ort.fi\/kuopionjakarjalanhiippakunta\/2024\/12\/30\/jyvaskyla-sai-uuden-diakonin\/\" tabindex=\"-1\" ><div class=\"elementor-post__thumbnail\"><img loading=\"lazy\" decoding=\"async\" width=\"1900\" height=\"1267\" src=\"https:\/\/ort.fi\/kuopionjakarjalanhiippakunta\/wp-content\/uploads\/2024\/12\/Diakoniksi-vihkiminen-Jyvaskylassa-2021-Ilja-Balabin-V.jpg\" class=\"attachment-full size-full wp-image-2975\" alt=\"\" srcset=\"https:\/\/ort.fi\/kuopionjakarjalanhiippakunta\/wp-content\/uploads\/2024\/12\/Diakoniksi-vihkiminen-Jyvaskylassa-2021-Ilja-Balabin-V.jpg 1900w, https:\/\/ort.fi\/kuopionjakarjalanhiippakunta\/wp-content\/uploads\/2024\/12\/Diakoniksi-vihkiminen-Jyvaskylassa-2021-Ilja-Balabin-V-300x200.jpg 300w, https:\/\/ort.fi\/kuopionjakarjalanhiippakunta\/wp-content\/uploads\/2024\/12\/Diakoniksi-vihkiminen-Jyvaskylassa-2021-Ilja-Balabin-V-1024x683.jpg 1024w, https:\/\/ort.fi\/kuopionjakarjalanhiippakunta\/wp-content\/uploads\/2024\/12\/Diakoniksi-vihkiminen-Jyvaskylassa-2021-Ilja-Balabin-V-768x512.jpg 768w, https:\/\/ort.fi\/kuopionjakarjalanhiippakunta\/wp-content\/uploads\/2024\/12\/Diakoniksi-vihkiminen-Jyvaskylassa-2021-Ilja-Balabin-V-1536x1024.jpg 1536w\" sizes=\"(max-width: 1900px) 100vw, 1900px\" \/><\/div><\/a>\n\t\t\t\t<div class=\"elementor-post__text\">\n\t\t\t\t<h3 class=\"elementor-post__title\">\n\t\t\t<a href=\"https:\/\/ort.fi\/kuopionjakarjalanhiippakunta\/2024\/12\/30\/jyvaskyla-sai-uuden-diakonin\/\" >\n\t\t\t\tJyv\u00e4skyl\u00e4 sai uuden diakonin\t\t\t<\/a>\n\t\t<\/h3>\n\t\t\t\t<div class=\"elementor-post__excerpt\">\n\t\t\t<p>KP. metropoliitta Arseni vihki sunnuntaina 2. toukokuuta Jyv\u00e4skyl\u00e4n Kristuksen yl\u00f6snousemuksen kirkossa johtamassaan liturgiassa keuruulaisen lukija Ville Maahisen ipodiakoniksi ja diakoniksi. Palveluksessa avustivat esipaimenta kirkkoherra rovasti<\/p>\n\t\t<\/div>\n\t\t\n\t\t<a class=\"elementor-post__read-more\" href=\"https:\/\/ort.fi\/kuopionjakarjalanhiippakunta\/2024\/12\/30\/jyvaskyla-sai-uuden-diakonin\/\" aria-label=\"Read more about Jyv\u00e4skyl\u00e4 sai uuden diakonin\" tabindex=\"-1\" >\n\t\t\tLue lis\u00e4\u00e4 \u00bb\t\t<\/a>\n\n\t\t\t\t<\/div>\n\t\t\t\t\t<\/div>\n\t\t<\/article>\n\t\t\t\t<article class=\"elementor-post elementor-grid-item post-2487 post type-post status-publish format-standard has-post-thumbnail hentry category-jyvaskyla\" role=\"listitem\">\n\t\t\t<div class=\"elementor-post__card\">\n\t\t\t\t<a class=\"elementor-post__thumbnail__link\" href=\"https:\/\/ort.fi\/kuopionjakarjalanhiippakunta\/2024\/12\/30\/rovasti-unto-paivinen-haudan-lepoon\/\" tabindex=\"-1\" ><div class=\"elementor-post__thumbnail\"><img loading=\"lazy\" decoding=\"async\" width=\"1900\" height=\"1425\" src=\"https:\/\/ort.fi\/kuopionjakarjalanhiippakunta\/wp-content\/uploads\/2024\/12\/Rovasti-Unto-Paivisen-hautajaiset-2020-357.jpg\" class=\"attachment-full size-full wp-image-2489\" alt=\"\" srcset=\"https:\/\/ort.fi\/kuopionjakarjalanhiippakunta\/wp-content\/uploads\/2024\/12\/Rovasti-Unto-Paivisen-hautajaiset-2020-357.jpg 1900w, https:\/\/ort.fi\/kuopionjakarjalanhiippakunta\/wp-content\/uploads\/2024\/12\/Rovasti-Unto-Paivisen-hautajaiset-2020-357-300x225.jpg 300w, https:\/\/ort.fi\/kuopionjakarjalanhiippakunta\/wp-content\/uploads\/2024\/12\/Rovasti-Unto-Paivisen-hautajaiset-2020-357-1024x768.jpg 1024w, https:\/\/ort.fi\/kuopionjakarjalanhiippakunta\/wp-content\/uploads\/2024\/12\/Rovasti-Unto-Paivisen-hautajaiset-2020-357-768x576.jpg 768w, https:\/\/ort.fi\/kuopionjakarjalanhiippakunta\/wp-content\/uploads\/2024\/12\/Rovasti-Unto-Paivisen-hautajaiset-2020-357-1536x1152.jpg 1536w\" sizes=\"(max-width: 1900px) 100vw, 1900px\" \/><\/div><\/a>\n\t\t\t\t<div class=\"elementor-post__text\">\n\t\t\t\t<h3 class=\"elementor-post__title\">\n\t\t\t<a href=\"https:\/\/ort.fi\/kuopionjakarjalanhiippakunta\/2024\/12\/30\/rovasti-unto-paivinen-haudan-lepoon\/\" >\n\t\t\t\tRovasti Unto P\u00e4ivinen haudan lepoon\t\t\t<\/a>\n\t\t<\/h3>\n\t\t\t\t<div class=\"elementor-post__excerpt\">\n\t\t\t<p>KP metropoliitta Arseni toimitti papiston avustamana 10. tammikuuta Jyv\u00e4skyl\u00e4n Kristuksen yl\u00f6snousemisen kirkossa viime vuoden lopussa edesmenneen rovasti Unto P\u00e4ivisen hautauspalveluksen. Pit\u00e4m\u00e4ss\u00e4\u00e4n puheessa metropoliitta muistutti saattov\u00e4ke\u00e4,<\/p>\n\t\t<\/div>\n\t\t\n\t\t<a class=\"elementor-post__read-more\" href=\"https:\/\/ort.fi\/kuopionjakarjalanhiippakunta\/2024\/12\/30\/rovasti-unto-paivinen-haudan-lepoon\/\" aria-label=\"Read more about Rovasti Unto P\u00e4ivinen haudan lepoon\" tabindex=\"-1\" >\n\t\t\tLue lis\u00e4\u00e4 \u00bb\t\t<\/a>\n\n\t\t\t\t<\/div>\n\t\t\t\t\t<\/div>\n\t\t<\/article>\n\t\t\t\t<article class=\"elementor-post elementor-grid-item post-2167 post type-post status-publish format-standard has-post-thumbnail hentry category-jyvaskyla\" role=\"listitem\">\n\t\t\t<div class=\"elementor-post__card\">\n\t\t\t\t<a class=\"elementor-post__thumbnail__link\" href=\"https:\/\/ort.fi\/kuopionjakarjalanhiippakunta\/2024\/12\/29\/slaavilainen-viikonloppu-jyvaskylassa\/\" tabindex=\"-1\" ><div class=\"elementor-post__thumbnail\"><img loading=\"lazy\" decoding=\"async\" width=\"1069\" height=\"1900\" src=\"https:\/\/ort.fi\/kuopionjakarjalanhiippakunta\/wp-content\/uploads\/2024\/12\/IMG_20191117_132359.jpg\" class=\"attachment-full size-full wp-image-2169\" alt=\"\" srcset=\"https:\/\/ort.fi\/kuopionjakarjalanhiippakunta\/wp-content\/uploads\/2024\/12\/IMG_20191117_132359.jpg 1069w, https:\/\/ort.fi\/kuopionjakarjalanhiippakunta\/wp-content\/uploads\/2024\/12\/IMG_20191117_132359-169x300.jpg 169w, https:\/\/ort.fi\/kuopionjakarjalanhiippakunta\/wp-content\/uploads\/2024\/12\/IMG_20191117_132359-576x1024.jpg 576w, https:\/\/ort.fi\/kuopionjakarjalanhiippakunta\/wp-content\/uploads\/2024\/12\/IMG_20191117_132359-768x1365.jpg 768w, https:\/\/ort.fi\/kuopionjakarjalanhiippakunta\/wp-content\/uploads\/2024\/12\/IMG_20191117_132359-864x1536.jpg 864w\" sizes=\"(max-width: 1069px) 100vw, 1069px\" \/><\/div><\/a>\n\t\t\t\t<div class=\"elementor-post__text\">\n\t\t\t\t<h3 class=\"elementor-post__title\">\n\t\t\t<a href=\"https:\/\/ort.fi\/kuopionjakarjalanhiippakunta\/2024\/12\/29\/slaavilainen-viikonloppu-jyvaskylassa\/\" >\n\t\t\t\tSlaavilainen viikonloppu Jyv\u00e4skyl\u00e4ss\u00e4\t\t\t<\/a>\n\t\t<\/h3>\n\t\t\t\t<div class=\"elementor-post__excerpt\">\n\t\t\t<p>Metropoliitta Arseni ja Oulun metropoliitta Elia toimittivat yhdess\u00e4 papiston kanssa 16.-17. marraskuuta vigilian ja liturgian Kristuksen yl\u00f6snousemuksen kirkossa Jyv\u00e4skyl\u00e4ss\u00e4. Viikonlopun palvelukset olivat kaksikieliset. Sunnuntailiturgian j\u00e4lkeen<\/p>\n\t\t<\/div>\n\t\t\n\t\t<a class=\"elementor-post__read-more\" href=\"https:\/\/ort.fi\/kuopionjakarjalanhiippakunta\/2024\/12\/29\/slaavilainen-viikonloppu-jyvaskylassa\/\" aria-label=\"Read more about Slaavilainen viikonloppu Jyv\u00e4skyl\u00e4ss\u00e4\" tabindex=\"-1\" >\n\t\t\tLue lis\u00e4\u00e4 \u00bb\t\t<\/a>\n\n\t\t\t\t<\/div>\n\t\t\t\t\t<\/div>\n\t\t<\/article>\n\t\t\t\t<\/div>\n\t\t\n\t\t\t\t<div class=\"e-load-more-anchor\" data-page=\"1\" data-max-page=\"2\" data-next-page=\"https:\/\/ort.fi\/kuopionjakarjalanhiippakunta\/wp-json\/wp\/v2\/pages\/55\/page\/2\/\"><\/div>\n\t\t\t\t<nav class=\"elementor-pagination\" aria-label=\"Pagination\">\n\t\t\t<span class=\"page-numbers prev\">&laquo; Edellinen sivu<\/span>\n<span aria-current=\"page\" class=\"page-numbers current\"><span class=\"elementor-screen-only\">Page<\/span>1<\/span>\n<a class=\"page-numbers\" href=\"https:\/\/ort.fi\/kuopionjakarjalanhiippakunta\/wp-json\/wp\/v2\/pages\/55\/page\/2\/\"><span class=\"elementor-screen-only\">Page<\/span>2<\/a>\n<a class=\"page-numbers next\" href=\"https:\/\/ort.fi\/kuopionjakarjalanhiippakunta\/wp-json\/wp\/v2\/pages\/55\/page\/2\/\">Seuraava sivu &raquo;<\/a>\t\t<\/nav>\n\t\t\t\t\t\t<\/div>\n\t\t\t\t<\/div>\n\t\t\t\t\t<\/div>\n\t\t\t\t<\/div>\n\t\t\t\t<\/div>\n\t\t","protected":false},"excerpt":{"rendered":"<p>JYV\u00c4SKYL\u00c4<\/p>\n","protected":false},"author":1,"featured_media":0,"parent":0,"menu_order":0,"comment_status":"closed","ping_status":"closed","template":"","meta":{"_eb_attr":"","footnotes":""},"class_list":["post-55","page","type-page","status-publish","hentry"],"_links":{"self":[{"href":"https:\/\/ort.fi\/kuopionjakarjalanhiippakunta\/wp-json\/wp\/v2\/pages\/55","targetHints":{"allow":["GET"]}}],"collection":[{"href":"https:\/\/ort.fi\/kuopionjakarjalanhiippakunta\/wp-json\/wp\/v2\/pages"}],"about":[{"href":"https:\/\/ort.fi\/kuopionjakarjalanhiippakunta\/wp-json\/wp\/v2\/types\/page"}],"author":[{"embeddable":true,"href":"https:\/\/ort.fi\/kuopionjakarjalanhiippakunta\/wp-json\/wp\/v2\/users\/1"}],"replies":[{"embeddable":true,"href":"https:\/\/ort.fi\/kuopionjakarjalanhiippakunta\/wp-json\/wp\/v2\/comments?post=55"}],"version-history":[{"count":19,"href":"https:\/\/ort.fi\/kuopionjakarjalanhiippakunta\/wp-json\/wp\/v2\/pages\/55\/revisions"}],"predecessor-version":[{"id":9925,"href":"https:\/\/ort.fi\/kuopionjakarjalanhiippakunta\/wp-json\/wp\/v2\/pages\/55\/revisions\/9925"}],"wp:attachment":[{"href":"https:\/\/ort.fi\/kuopionjakarjalanhiippakunta\/wp-json\/wp\/v2\/media?parent=55"}],"curies":[{"name":"wp","href":"https:\/\/api.w.org\/{rel}","templated":true}]}}