{"id":51,"date":"2024-12-26T15:29:24","date_gmt":"2024-12-26T13:29:24","guid":{"rendered":"https:\/\/ort.fi\/uusikuopionjakarjalanhiippakunta\/?page_id=51"},"modified":"2025-04-20T16:27:58","modified_gmt":"2025-04-20T13:27:58","slug":"joensuu","status":"publish","type":"page","link":"https:\/\/ort.fi\/kuopionjakarjalanhiippakunta\/joensuu\/","title":{"rendered":"Joensuu"},"content":{"rendered":"\t\t<div data-elementor-type=\"wp-page\" data-elementor-id=\"51\" class=\"elementor elementor-51\" data-elementor-post-type=\"page\">\n\t\t\t\t<div class=\"elementor-element elementor-element-06beb19 e-flex e-con-boxed e-con e-parent\" data-id=\"06beb19\" data-element_type=\"container\" data-e-type=\"container\">\n\t\t\t\t\t<div class=\"e-con-inner\">\n\t\t\t\t<div class=\"elementor-element elementor-element-7e4c6df elementor-widget elementor-widget-heading\" data-id=\"7e4c6df\" data-element_type=\"widget\" data-e-type=\"widget\" data-widget_type=\"heading.default\">\n\t\t\t\t<div class=\"elementor-widget-container\">\n\t\t\t\t\t<h1 class=\"elementor-heading-title elementor-size-default\">JOENSUU<\/h1>\t\t\t\t<\/div>\n\t\t\t\t<\/div>\n\t\t\t\t\t<\/div>\n\t\t\t\t<\/div>\n\t\t<div class=\"elementor-element elementor-element-4679f28 e-flex e-con-boxed e-con e-parent\" data-id=\"4679f28\" data-element_type=\"container\" data-e-type=\"container\">\n\t\t\t\t\t<div class=\"e-con-inner\">\n\t\t\t\t<div class=\"elementor-element elementor-element-73067c0 elementor-grid-3 elementor-grid-tablet-2 elementor-grid-mobile-1 elementor-posts--thumbnail-top elementor-card-shadow-yes elementor-posts__hover-gradient elementor-widget elementor-widget-posts\" data-id=\"73067c0\" data-element_type=\"widget\" data-e-type=\"widget\" data-settings=\"{&quot;pagination_type&quot;:&quot;numbers_and_prev_next&quot;,&quot;cards_columns&quot;:&quot;3&quot;,&quot;cards_columns_tablet&quot;:&quot;2&quot;,&quot;cards_columns_mobile&quot;:&quot;1&quot;,&quot;cards_row_gap&quot;:{&quot;unit&quot;:&quot;px&quot;,&quot;size&quot;:35,&quot;sizes&quot;:[]},&quot;cards_row_gap_tablet&quot;:{&quot;unit&quot;:&quot;px&quot;,&quot;size&quot;:&quot;&quot;,&quot;sizes&quot;:[]},&quot;cards_row_gap_mobile&quot;:{&quot;unit&quot;:&quot;px&quot;,&quot;size&quot;:&quot;&quot;,&quot;sizes&quot;:[]}}\" data-widget_type=\"posts.cards\">\n\t\t\t\t<div class=\"elementor-widget-container\">\n\t\t\t\t\t\t\t<div class=\"elementor-posts-container elementor-posts elementor-posts--skin-cards elementor-grid\" role=\"list\">\n\t\t\t\t<article class=\"elementor-post elementor-grid-item post-13867 post type-post status-publish format-standard has-post-thumbnail hentry category-joensuu\" role=\"listitem\">\n\t\t\t<div class=\"elementor-post__card\">\n\t\t\t\t<a class=\"elementor-post__thumbnail__link\" href=\"https:\/\/ort.fi\/kuopionjakarjalanhiippakunta\/2026\/02\/02\/nunc-dimittis\/\" tabindex=\"-1\" ><div class=\"elementor-post__thumbnail\"><img fetchpriority=\"high\" decoding=\"async\" width=\"2560\" height=\"2223\" src=\"https:\/\/ort.fi\/kuopionjakarjalanhiippakunta\/wp-content\/uploads\/2026\/02\/Nunc-dimittis_A-scaled.jpg\" class=\"attachment-full size-full wp-image-13869\" alt=\"\" srcset=\"https:\/\/ort.fi\/kuopionjakarjalanhiippakunta\/wp-content\/uploads\/2026\/02\/Nunc-dimittis_A-scaled.jpg 2560w, https:\/\/ort.fi\/kuopionjakarjalanhiippakunta\/wp-content\/uploads\/2026\/02\/Nunc-dimittis_A-300x260.jpg 300w, https:\/\/ort.fi\/kuopionjakarjalanhiippakunta\/wp-content\/uploads\/2026\/02\/Nunc-dimittis_A-1024x889.jpg 1024w, https:\/\/ort.fi\/kuopionjakarjalanhiippakunta\/wp-content\/uploads\/2026\/02\/Nunc-dimittis_A-768x667.jpg 768w, https:\/\/ort.fi\/kuopionjakarjalanhiippakunta\/wp-content\/uploads\/2026\/02\/Nunc-dimittis_A-1536x1334.jpg 1536w, https:\/\/ort.fi\/kuopionjakarjalanhiippakunta\/wp-content\/uploads\/2026\/02\/Nunc-dimittis_A-2048x1778.jpg 2048w\" sizes=\"(max-width: 2560px) 100vw, 2560px\" \/><\/div><\/a>\n\t\t\t\t<div class=\"elementor-post__text\">\n\t\t\t\t<h3 class=\"elementor-post__title\">\n\t\t\t<a href=\"https:\/\/ort.fi\/kuopionjakarjalanhiippakunta\/2026\/02\/02\/nunc-dimittis\/\" >\n\t\t\t\tNunc dimittis\t\t\t<\/a>\n\t\t<\/h3>\n\t\t\t\t<div class=\"elementor-post__excerpt\">\n\t\t\t<p>Joensuun ortodoksisella seminaarilla vietettiin 1.\u20132. helmikuuta Kristuksen temppeliintuomisen juhlaa. Aaton vigilian ja juhlap\u00e4iv\u00e4n liturgian toimitti Kuopion ja Karjalan metropoliitta Arseni. Metropoliitta vihki ennen juhlan liturgiaa<\/p>\n\t\t<\/div>\n\t\t\n\t\t<a class=\"elementor-post__read-more\" href=\"https:\/\/ort.fi\/kuopionjakarjalanhiippakunta\/2026\/02\/02\/nunc-dimittis\/\" aria-label=\"Read more about Nunc dimittis\" tabindex=\"-1\" >\n\t\t\tLue lis\u00e4\u00e4 \u00bb\t\t<\/a>\n\n\t\t\t\t<\/div>\n\t\t\t\t\t<\/div>\n\t\t<\/article>\n\t\t\t\t<article class=\"elementor-post elementor-grid-item post-13247 post type-post status-publish format-standard has-post-thumbnail hentry category-joensuu\" role=\"listitem\">\n\t\t\t<div class=\"elementor-post__card\">\n\t\t\t\t<a class=\"elementor-post__thumbnail__link\" href=\"https:\/\/ort.fi\/kuopionjakarjalanhiippakunta\/2025\/12\/04\/nikolaoksen-juhla\/\" tabindex=\"-1\" ><div class=\"elementor-post__thumbnail\"><img decoding=\"async\" width=\"2560\" height=\"1729\" src=\"https:\/\/ort.fi\/kuopionjakarjalanhiippakunta\/wp-content\/uploads\/2025\/12\/Nikolaoksen-juhla_A4-scaled.jpg\" class=\"attachment-full size-full wp-image-13299\" alt=\"\" srcset=\"https:\/\/ort.fi\/kuopionjakarjalanhiippakunta\/wp-content\/uploads\/2025\/12\/Nikolaoksen-juhla_A4-scaled.jpg 2560w, https:\/\/ort.fi\/kuopionjakarjalanhiippakunta\/wp-content\/uploads\/2025\/12\/Nikolaoksen-juhla_A4-300x203.jpg 300w, https:\/\/ort.fi\/kuopionjakarjalanhiippakunta\/wp-content\/uploads\/2025\/12\/Nikolaoksen-juhla_A4-1024x692.jpg 1024w, https:\/\/ort.fi\/kuopionjakarjalanhiippakunta\/wp-content\/uploads\/2025\/12\/Nikolaoksen-juhla_A4-768x519.jpg 768w, https:\/\/ort.fi\/kuopionjakarjalanhiippakunta\/wp-content\/uploads\/2025\/12\/Nikolaoksen-juhla_A4-1536x1037.jpg 1536w, https:\/\/ort.fi\/kuopionjakarjalanhiippakunta\/wp-content\/uploads\/2025\/12\/Nikolaoksen-juhla_A4-2048x1383.jpg 2048w\" sizes=\"(max-width: 2560px) 100vw, 2560px\" \/><\/div><\/a>\n\t\t\t\t<div class=\"elementor-post__text\">\n\t\t\t\t<h3 class=\"elementor-post__title\">\n\t\t\t<a href=\"https:\/\/ort.fi\/kuopionjakarjalanhiippakunta\/2025\/12\/04\/nikolaoksen-juhla\/\" >\n\t\t\t\tNikolaoksen juhla\t\t\t<\/a>\n\t\t<\/h3>\n\t\t\t\t<div class=\"elementor-post__excerpt\">\n\t\t\t<p>Kuopion ja Karjalan metropoliitta Arseni toimitti 5.\u20136. joulukuuta vigilian, vedenpyhityksen ja liturgian temppelijuhlaa viett\u00e4v\u00e4ss\u00e4 Pyh\u00e4n Nikolaoksen kirkossa Joensuussa. Nikolaoksen kirkon vihki k\u00e4ytt\u00f6\u00f6n vuonna 1887 metropoliitta<\/p>\n\t\t<\/div>\n\t\t\n\t\t<a class=\"elementor-post__read-more\" href=\"https:\/\/ort.fi\/kuopionjakarjalanhiippakunta\/2025\/12\/04\/nikolaoksen-juhla\/\" aria-label=\"Read more about Nikolaoksen juhla\" tabindex=\"-1\" >\n\t\t\tLue lis\u00e4\u00e4 \u00bb\t\t<\/a>\n\n\t\t\t\t<\/div>\n\t\t\t\t\t<\/div>\n\t\t<\/article>\n\t\t\t\t<article class=\"elementor-post elementor-grid-item post-10973 post type-post status-publish format-standard has-post-thumbnail hentry category-joensuu\" role=\"listitem\">\n\t\t\t<div class=\"elementor-post__card\">\n\t\t\t\t<a class=\"elementor-post__thumbnail__link\" href=\"https:\/\/ort.fi\/kuopionjakarjalanhiippakunta\/2025\/03\/09\/ortodoksisuuden-sunnuntai\/\" tabindex=\"-1\" ><div class=\"elementor-post__thumbnail\"><img decoding=\"async\" width=\"2115\" height=\"2560\" src=\"https:\/\/ort.fi\/kuopionjakarjalanhiippakunta\/wp-content\/uploads\/2025\/03\/3245_1-scaled.jpg\" class=\"attachment-full size-full wp-image-10991\" alt=\"\" srcset=\"https:\/\/ort.fi\/kuopionjakarjalanhiippakunta\/wp-content\/uploads\/2025\/03\/3245_1-scaled.jpg 2115w, https:\/\/ort.fi\/kuopionjakarjalanhiippakunta\/wp-content\/uploads\/2025\/03\/3245_1-248x300.jpg 248w, https:\/\/ort.fi\/kuopionjakarjalanhiippakunta\/wp-content\/uploads\/2025\/03\/3245_1-846x1024.jpg 846w, https:\/\/ort.fi\/kuopionjakarjalanhiippakunta\/wp-content\/uploads\/2025\/03\/3245_1-768x930.jpg 768w, https:\/\/ort.fi\/kuopionjakarjalanhiippakunta\/wp-content\/uploads\/2025\/03\/3245_1-1269x1536.jpg 1269w, https:\/\/ort.fi\/kuopionjakarjalanhiippakunta\/wp-content\/uploads\/2025\/03\/3245_1-1692x2048.jpg 1692w\" sizes=\"(max-width: 2115px) 100vw, 2115px\" \/><\/div><\/a>\n\t\t\t\t<div class=\"elementor-post__text\">\n\t\t\t\t<h3 class=\"elementor-post__title\">\n\t\t\t<a href=\"https:\/\/ort.fi\/kuopionjakarjalanhiippakunta\/2025\/03\/09\/ortodoksisuuden-sunnuntai\/\" >\n\t\t\t\tOrtodoksisuuden sunnuntai\t\t\t<\/a>\n\t\t<\/h3>\n\t\t\t\t<div class=\"elementor-post__excerpt\">\n\t\t\t<p>Kuopion ja Karjalan metropoliitta Arseni toimitti vuoden 2025 ortodoksisuuden sunnuntain vigilian ja liturgian 8.\u20139. maaliskuuta Pyh\u00e4n Nikolaoksen kirkossa Joensuussa. Ennen ortodoksisuuden sunnuntain liturgiaa metropoliitta Arseni<\/p>\n\t\t<\/div>\n\t\t\n\t\t<a class=\"elementor-post__read-more\" href=\"https:\/\/ort.fi\/kuopionjakarjalanhiippakunta\/2025\/03\/09\/ortodoksisuuden-sunnuntai\/\" aria-label=\"Read more about Ortodoksisuuden sunnuntai\" tabindex=\"-1\" >\n\t\t\tLue lis\u00e4\u00e4 \u00bb\t\t<\/a>\n\n\t\t\t\t<\/div>\n\t\t\t\t\t<\/div>\n\t\t<\/article>\n\t\t\t\t<article class=\"elementor-post elementor-grid-item post-8329 post type-post status-publish format-standard has-post-thumbnail hentry category-joensuu\" role=\"listitem\">\n\t\t\t<div class=\"elementor-post__card\">\n\t\t\t\t<a class=\"elementor-post__thumbnail__link\" href=\"https:\/\/ort.fi\/kuopionjakarjalanhiippakunta\/2025\/01\/10\/vihkimyksia-seminaarilla\/\" tabindex=\"-1\" ><div class=\"elementor-post__thumbnail\"><img loading=\"lazy\" decoding=\"async\" width=\"1024\" height=\"768\" src=\"https:\/\/ort.fi\/kuopionjakarjalanhiippakunta\/wp-content\/uploads\/2025\/01\/Seminaari-VIII-Eija-Honkaselka-2024.jpeg\" class=\"attachment-full size-full wp-image-8331\" alt=\"\" srcset=\"https:\/\/ort.fi\/kuopionjakarjalanhiippakunta\/wp-content\/uploads\/2025\/01\/Seminaari-VIII-Eija-Honkaselka-2024.jpeg 1024w, https:\/\/ort.fi\/kuopionjakarjalanhiippakunta\/wp-content\/uploads\/2025\/01\/Seminaari-VIII-Eija-Honkaselka-2024-300x225.jpeg 300w, https:\/\/ort.fi\/kuopionjakarjalanhiippakunta\/wp-content\/uploads\/2025\/01\/Seminaari-VIII-Eija-Honkaselka-2024-768x576.jpeg 768w\" sizes=\"(max-width: 1024px) 100vw, 1024px\" \/><\/div><\/a>\n\t\t\t\t<div class=\"elementor-post__text\">\n\t\t\t\t<h3 class=\"elementor-post__title\">\n\t\t\t<a href=\"https:\/\/ort.fi\/kuopionjakarjalanhiippakunta\/2025\/01\/10\/vihkimyksia-seminaarilla\/\" >\n\t\t\t\tVihkimyksi\u00e4 seminaarilla\t\t\t<\/a>\n\t\t<\/h3>\n\t\t\t\t<div class=\"elementor-post__excerpt\">\n\t\t\t<p>Joensuun ortodoksisen seminaarin pyh\u00e4n apostoli Johannes Teologin kirkossa toimitettiin Herran temppeliintuomisen juhlan palvelukset piispallisesti. KP Kuopion ja Karjalan metropoliitta Arseni johti palveluksia avustajanaan vigiliassa is\u00e4<\/p>\n\t\t<\/div>\n\t\t\n\t\t<a class=\"elementor-post__read-more\" href=\"https:\/\/ort.fi\/kuopionjakarjalanhiippakunta\/2025\/01\/10\/vihkimyksia-seminaarilla\/\" aria-label=\"Read more about Vihkimyksi\u00e4 seminaarilla\" tabindex=\"-1\" >\n\t\t\tLue lis\u00e4\u00e4 \u00bb\t\t<\/a>\n\n\t\t\t\t<\/div>\n\t\t\t\t\t<\/div>\n\t\t<\/article>\n\t\t\t\t<article class=\"elementor-post elementor-grid-item post-6095 post type-post status-publish format-standard has-post-thumbnail hentry category-joensuu\" role=\"listitem\">\n\t\t\t<div class=\"elementor-post__card\">\n\t\t\t\t<a class=\"elementor-post__thumbnail__link\" href=\"https:\/\/ort.fi\/kuopionjakarjalanhiippakunta\/2025\/01\/05\/rajavartiolaitoksen-100-vuotisjuhlat\/\" tabindex=\"-1\" ><div class=\"elementor-post__thumbnail\"><img loading=\"lazy\" decoding=\"async\" width=\"1900\" height=\"1425\" src=\"https:\/\/ort.fi\/kuopionjakarjalanhiippakunta\/wp-content\/uploads\/2025\/01\/RVL-100-vuotta-Joensuu-056.jpg\" class=\"attachment-full size-full wp-image-6097\" alt=\"\" srcset=\"https:\/\/ort.fi\/kuopionjakarjalanhiippakunta\/wp-content\/uploads\/2025\/01\/RVL-100-vuotta-Joensuu-056.jpg 1900w, https:\/\/ort.fi\/kuopionjakarjalanhiippakunta\/wp-content\/uploads\/2025\/01\/RVL-100-vuotta-Joensuu-056-300x225.jpg 300w, https:\/\/ort.fi\/kuopionjakarjalanhiippakunta\/wp-content\/uploads\/2025\/01\/RVL-100-vuotta-Joensuu-056-1024x768.jpg 1024w, https:\/\/ort.fi\/kuopionjakarjalanhiippakunta\/wp-content\/uploads\/2025\/01\/RVL-100-vuotta-Joensuu-056-768x576.jpg 768w, https:\/\/ort.fi\/kuopionjakarjalanhiippakunta\/wp-content\/uploads\/2025\/01\/RVL-100-vuotta-Joensuu-056-1536x1152.jpg 1536w\" sizes=\"(max-width: 1900px) 100vw, 1900px\" \/><\/div><\/a>\n\t\t\t\t<div class=\"elementor-post__text\">\n\t\t\t\t<h3 class=\"elementor-post__title\">\n\t\t\t<a href=\"https:\/\/ort.fi\/kuopionjakarjalanhiippakunta\/2025\/01\/05\/rajavartiolaitoksen-100-vuotisjuhlat\/\" >\n\t\t\t\tRajavartiolaitoksen 100-vuotisjuhlat\t\t\t<\/a>\n\t\t<\/h3>\n\t\t\t\t<div class=\"elementor-post__excerpt\">\n\t\t\t<p>KP Metropoliitta Arseni osallistui perjantaina 22. maaliskuuta It\u00e4-Suomen yliopiston Carelia-salissa Joensuussa j\u00e4rjestettyyn Rajaturvallisuusseminaariin ja Rajavartiolaitoksen 100-vuotisjuhlaan. Ohjelmalliseen juhlaan liittyi rajavartiolaitoksen uuden lipun naulaaminen ja sen<\/p>\n\t\t<\/div>\n\t\t\n\t\t<a class=\"elementor-post__read-more\" href=\"https:\/\/ort.fi\/kuopionjakarjalanhiippakunta\/2025\/01\/05\/rajavartiolaitoksen-100-vuotisjuhlat\/\" aria-label=\"Read more about Rajavartiolaitoksen 100-vuotisjuhlat\" tabindex=\"-1\" >\n\t\t\tLue lis\u00e4\u00e4 \u00bb\t\t<\/a>\n\n\t\t\t\t<\/div>\n\t\t\t\t\t<\/div>\n\t\t<\/article>\n\t\t\t\t<article class=\"elementor-post elementor-grid-item post-5001 post type-post status-publish format-standard has-post-thumbnail hentry category-joensuu\" role=\"listitem\">\n\t\t\t<div class=\"elementor-post__card\">\n\t\t\t\t<a class=\"elementor-post__thumbnail__link\" href=\"https:\/\/ort.fi\/kuopionjakarjalanhiippakunta\/2025\/01\/03\/hiippakunnan-tyontekijoiden-koulutuspaiva\/\" tabindex=\"-1\" ><div class=\"elementor-post__thumbnail\"><img loading=\"lazy\" decoding=\"async\" width=\"1425\" height=\"1900\" src=\"https:\/\/ort.fi\/kuopionjakarjalanhiippakunta\/wp-content\/uploads\/2025\/01\/20190312_111611-Hiippakunnan-koulutuspaivat-Joensuussa-Harri-Peiponen-II.jpg\" class=\"attachment-full size-full wp-image-5003\" alt=\"\" srcset=\"https:\/\/ort.fi\/kuopionjakarjalanhiippakunta\/wp-content\/uploads\/2025\/01\/20190312_111611-Hiippakunnan-koulutuspaivat-Joensuussa-Harri-Peiponen-II.jpg 1425w, https:\/\/ort.fi\/kuopionjakarjalanhiippakunta\/wp-content\/uploads\/2025\/01\/20190312_111611-Hiippakunnan-koulutuspaivat-Joensuussa-Harri-Peiponen-II-225x300.jpg 225w, https:\/\/ort.fi\/kuopionjakarjalanhiippakunta\/wp-content\/uploads\/2025\/01\/20190312_111611-Hiippakunnan-koulutuspaivat-Joensuussa-Harri-Peiponen-II-768x1024.jpg 768w, https:\/\/ort.fi\/kuopionjakarjalanhiippakunta\/wp-content\/uploads\/2025\/01\/20190312_111611-Hiippakunnan-koulutuspaivat-Joensuussa-Harri-Peiponen-II-1152x1536.jpg 1152w\" sizes=\"(max-width: 1425px) 100vw, 1425px\" \/><\/div><\/a>\n\t\t\t\t<div class=\"elementor-post__text\">\n\t\t\t\t<h3 class=\"elementor-post__title\">\n\t\t\t<a href=\"https:\/\/ort.fi\/kuopionjakarjalanhiippakunta\/2025\/01\/03\/hiippakunnan-tyontekijoiden-koulutuspaiva\/\" >\n\t\t\t\tHiippakunnan ty\u00f6ntekij\u00f6iden koulutusp\u00e4iv\u00e4\t\t\t<\/a>\n\t\t<\/h3>\n\t\t\t\t<div class=\"elementor-post__excerpt\">\n\t\t\t<p>Kuopion ja Karjalan hiippakunnan seurakuntien ty\u00f6ntekij\u00e4t kokoontuivat 12. maaliskuuta Joensuun seurakuntasalissa pidettyyn koulutusp\u00e4iv\u00e4\u00e4n. Tilaisuuden avasi Joensuun seurakunnan kirkkoherra Tuomas J\u00e4rvelin. Esipaimen Arsenin puheenvuoron j\u00e4lkeen palvelukeskuksen<\/p>\n\t\t<\/div>\n\t\t\n\t\t<a class=\"elementor-post__read-more\" href=\"https:\/\/ort.fi\/kuopionjakarjalanhiippakunta\/2025\/01\/03\/hiippakunnan-tyontekijoiden-koulutuspaiva\/\" aria-label=\"Read more about Hiippakunnan ty\u00f6ntekij\u00f6iden koulutusp\u00e4iv\u00e4\" tabindex=\"-1\" >\n\t\t\tLue lis\u00e4\u00e4 \u00bb\t\t<\/a>\n\n\t\t\t\t<\/div>\n\t\t\t\t\t<\/div>\n\t\t<\/article>\n\t\t\t\t<article class=\"elementor-post elementor-grid-item post-4855 post type-post status-publish format-standard has-post-thumbnail hentry category-joensuu\" role=\"listitem\">\n\t\t\t<div class=\"elementor-post__card\">\n\t\t\t\t<a class=\"elementor-post__thumbnail__link\" href=\"https:\/\/ort.fi\/kuopionjakarjalanhiippakunta\/2025\/01\/03\/joensuun-kirkkoherra-asetettiin-toimeen\/\" tabindex=\"-1\" ><div class=\"elementor-post__thumbnail\"><img loading=\"lazy\" decoding=\"async\" width=\"1900\" height=\"1425\" src=\"https:\/\/ort.fi\/kuopionjakarjalanhiippakunta\/wp-content\/uploads\/2025\/01\/DSC07533.jpg\" class=\"attachment-full size-full wp-image-4857\" alt=\"\" srcset=\"https:\/\/ort.fi\/kuopionjakarjalanhiippakunta\/wp-content\/uploads\/2025\/01\/DSC07533.jpg 1900w, https:\/\/ort.fi\/kuopionjakarjalanhiippakunta\/wp-content\/uploads\/2025\/01\/DSC07533-300x225.jpg 300w, https:\/\/ort.fi\/kuopionjakarjalanhiippakunta\/wp-content\/uploads\/2025\/01\/DSC07533-1024x768.jpg 1024w, https:\/\/ort.fi\/kuopionjakarjalanhiippakunta\/wp-content\/uploads\/2025\/01\/DSC07533-768x576.jpg 768w, https:\/\/ort.fi\/kuopionjakarjalanhiippakunta\/wp-content\/uploads\/2025\/01\/DSC07533-1536x1152.jpg 1536w\" sizes=\"(max-width: 1900px) 100vw, 1900px\" \/><\/div><\/a>\n\t\t\t\t<div class=\"elementor-post__text\">\n\t\t\t\t<h3 class=\"elementor-post__title\">\n\t\t\t<a href=\"https:\/\/ort.fi\/kuopionjakarjalanhiippakunta\/2025\/01\/03\/joensuun-kirkkoherra-asetettiin-toimeen\/\" >\n\t\t\t\tKirkkoherra asetettiin toimeen\t\t\t<\/a>\n\t\t<\/h3>\n\t\t\t\t<div class=\"elementor-post__excerpt\">\n\t\t\t<p>KP. metropoliitta Arseni asetti pyh\u00e4n Nikolaoksen p\u00e4iv\u00e4n\u00e4 Joensuussa toimittamansa liturgian pieness\u00e4 saatossa seurakunnan kirkkoherraksi valitun pastori Aleksander Roszczenkon toimeensa lukemalla rukouksen: \u201dValtias Herra, meid\u00e4n Jumalamme,<\/p>\n\t\t<\/div>\n\t\t\n\t\t<a class=\"elementor-post__read-more\" href=\"https:\/\/ort.fi\/kuopionjakarjalanhiippakunta\/2025\/01\/03\/joensuun-kirkkoherra-asetettiin-toimeen\/\" aria-label=\"Read more about Kirkkoherra asetettiin toimeen\" tabindex=\"-1\" >\n\t\t\tLue lis\u00e4\u00e4 \u00bb\t\t<\/a>\n\n\t\t\t\t<\/div>\n\t\t\t\t\t<\/div>\n\t\t<\/article>\n\t\t\t\t<article class=\"elementor-post elementor-grid-item post-3835 post type-post status-publish format-standard has-post-thumbnail hentry category-joensuu\" role=\"listitem\">\n\t\t\t<div class=\"elementor-post__card\">\n\t\t\t\t<a class=\"elementor-post__thumbnail__link\" href=\"https:\/\/ort.fi\/kuopionjakarjalanhiippakunta\/2025\/01\/01\/joensuun-seurakunnan-merkkivuosi\/\" tabindex=\"-1\" ><div class=\"elementor-post__thumbnail\"><img loading=\"lazy\" decoding=\"async\" width=\"1900\" height=\"1077\" src=\"https:\/\/ort.fi\/kuopionjakarjalanhiippakunta\/wp-content\/uploads\/2025\/01\/Joensuun-srk-130v-I.jpg\" class=\"attachment-full size-full wp-image-3837\" alt=\"\" srcset=\"https:\/\/ort.fi\/kuopionjakarjalanhiippakunta\/wp-content\/uploads\/2025\/01\/Joensuun-srk-130v-I.jpg 1900w, https:\/\/ort.fi\/kuopionjakarjalanhiippakunta\/wp-content\/uploads\/2025\/01\/Joensuun-srk-130v-I-300x170.jpg 300w, https:\/\/ort.fi\/kuopionjakarjalanhiippakunta\/wp-content\/uploads\/2025\/01\/Joensuun-srk-130v-I-1024x580.jpg 1024w, https:\/\/ort.fi\/kuopionjakarjalanhiippakunta\/wp-content\/uploads\/2025\/01\/Joensuun-srk-130v-I-768x435.jpg 768w, https:\/\/ort.fi\/kuopionjakarjalanhiippakunta\/wp-content\/uploads\/2025\/01\/Joensuun-srk-130v-I-1536x871.jpg 1536w\" sizes=\"(max-width: 1900px) 100vw, 1900px\" \/><\/div><\/a>\n\t\t\t\t<div class=\"elementor-post__text\">\n\t\t\t\t<h3 class=\"elementor-post__title\">\n\t\t\t<a href=\"https:\/\/ort.fi\/kuopionjakarjalanhiippakunta\/2025\/01\/01\/joensuun-seurakunnan-merkkivuosi\/\" >\n\t\t\t\tJoensuun seurakunnan merkkivuosi\t\t\t<\/a>\n\t\t<\/h3>\n\t\t\t\t<div class=\"elementor-post__excerpt\">\n\t\t\t<p>Joensuun ortodoksinen seurakunta viett\u00e4\u00e4 itsen\u00e4isen toimintansa juhlavuotta. Taipaleen seurakunnasta omaksi seurakunnaksi 130 vuotta takaperin erotettu Joensuu on t\u00e4ll\u00e4 hetkell\u00e4 j\u00e4senm\u00e4\u00e4r\u00e4lt\u00e4\u00e4n Suomen toiseksi suurin seurakunta. Sen<\/p>\n\t\t<\/div>\n\t\t\n\t\t<a class=\"elementor-post__read-more\" href=\"https:\/\/ort.fi\/kuopionjakarjalanhiippakunta\/2025\/01\/01\/joensuun-seurakunnan-merkkivuosi\/\" aria-label=\"Read more about Joensuun seurakunnan merkkivuosi\" tabindex=\"-1\" >\n\t\t\tLue lis\u00e4\u00e4 \u00bb\t\t<\/a>\n\n\t\t\t\t<\/div>\n\t\t\t\t\t<\/div>\n\t\t<\/article>\n\t\t\t\t<article class=\"elementor-post elementor-grid-item post-3477 post type-post status-publish format-standard has-post-thumbnail hentry category-joensuu\" role=\"listitem\">\n\t\t\t<div class=\"elementor-post__card\">\n\t\t\t\t<a class=\"elementor-post__thumbnail__link\" href=\"https:\/\/ort.fi\/kuopionjakarjalanhiippakunta\/2024\/12\/31\/kuopion-ja-karjalan-metropoliitta-tarkasti-joensuun-seurakunnan\/\" tabindex=\"-1\" ><div class=\"elementor-post__thumbnail\"><img loading=\"lazy\" decoding=\"async\" width=\"1900\" height=\"1425\" src=\"https:\/\/ort.fi\/kuopionjakarjalanhiippakunta\/wp-content\/uploads\/2024\/12\/DSC02638.jpg\" class=\"attachment-full size-full wp-image-3479\" alt=\"\" srcset=\"https:\/\/ort.fi\/kuopionjakarjalanhiippakunta\/wp-content\/uploads\/2024\/12\/DSC02638.jpg 1900w, https:\/\/ort.fi\/kuopionjakarjalanhiippakunta\/wp-content\/uploads\/2024\/12\/DSC02638-300x225.jpg 300w, https:\/\/ort.fi\/kuopionjakarjalanhiippakunta\/wp-content\/uploads\/2024\/12\/DSC02638-1024x768.jpg 1024w, https:\/\/ort.fi\/kuopionjakarjalanhiippakunta\/wp-content\/uploads\/2024\/12\/DSC02638-768x576.jpg 768w, https:\/\/ort.fi\/kuopionjakarjalanhiippakunta\/wp-content\/uploads\/2024\/12\/DSC02638-1536x1152.jpg 1536w\" sizes=\"(max-width: 1900px) 100vw, 1900px\" \/><\/div><\/a>\n\t\t\t\t<div class=\"elementor-post__text\">\n\t\t\t\t<h3 class=\"elementor-post__title\">\n\t\t\t<a href=\"https:\/\/ort.fi\/kuopionjakarjalanhiippakunta\/2024\/12\/31\/kuopion-ja-karjalan-metropoliitta-tarkasti-joensuun-seurakunnan\/\" >\n\t\t\t\tMetropoliitta tarkasti Joensuun seurakunnan\t\t\t<\/a>\n\t\t<\/h3>\n\t\t\t\t<div class=\"elementor-post__excerpt\">\n\t\t\t<p>Metropoliitta Arseni suoritti 22.\u201327. toukokuuta Joensuun ortodoksisen seurakunnan lakim\u00e4\u00e4r\u00e4isen tarkastuksen, mik\u00e4 on teht\u00e4v\u00e4 viiden vuoden v\u00e4lein. Nykyinen Joensuun seurakunta k\u00e4sitt\u00e4\u00e4 perinteisen alueensa lis\u00e4ksi sek\u00e4 entisen<\/p>\n\t\t<\/div>\n\t\t\n\t\t<a class=\"elementor-post__read-more\" href=\"https:\/\/ort.fi\/kuopionjakarjalanhiippakunta\/2024\/12\/31\/kuopion-ja-karjalan-metropoliitta-tarkasti-joensuun-seurakunnan\/\" aria-label=\"Read more about Metropoliitta tarkasti Joensuun seurakunnan\" tabindex=\"-1\" >\n\t\t\tLue lis\u00e4\u00e4 \u00bb\t\t<\/a>\n\n\t\t\t\t<\/div>\n\t\t\t\t\t<\/div>\n\t\t<\/article>\n\t\t\t\t<\/div>\n\t\t\n\t\t\t\t<div class=\"e-load-more-anchor\" data-page=\"1\" data-max-page=\"2\" data-next-page=\"https:\/\/ort.fi\/kuopionjakarjalanhiippakunta\/wp-json\/wp\/v2\/pages\/51\/page\/2\/\"><\/div>\n\t\t\t\t<nav class=\"elementor-pagination\" aria-label=\"Pagination\">\n\t\t\t<span class=\"page-numbers prev\">&laquo; Edellinen sivu<\/span>\n<span aria-current=\"page\" class=\"page-numbers current\"><span class=\"elementor-screen-only\">Page<\/span>1<\/span>\n<a class=\"page-numbers\" href=\"https:\/\/ort.fi\/kuopionjakarjalanhiippakunta\/wp-json\/wp\/v2\/pages\/51\/page\/2\/\"><span class=\"elementor-screen-only\">Page<\/span>2<\/a>\n<a class=\"page-numbers next\" href=\"https:\/\/ort.fi\/kuopionjakarjalanhiippakunta\/wp-json\/wp\/v2\/pages\/51\/page\/2\/\">Seuraava sivu &raquo;<\/a>\t\t<\/nav>\n\t\t\t\t\t\t<\/div>\n\t\t\t\t<\/div>\n\t\t\t\t\t<\/div>\n\t\t\t\t<\/div>\n\t\t\t\t<\/div>\n\t\t","protected":false},"excerpt":{"rendered":"<p>JOENSUU<\/p>\n","protected":false},"author":1,"featured_media":0,"parent":0,"menu_order":0,"comment_status":"closed","ping_status":"closed","template":"","meta":{"_eb_attr":"","footnotes":""},"class_list":["post-51","page","type-page","status-publish","hentry"],"_links":{"self":[{"href":"https:\/\/ort.fi\/kuopionjakarjalanhiippakunta\/wp-json\/wp\/v2\/pages\/51","targetHints":{"allow":["GET"]}}],"collection":[{"href":"https:\/\/ort.fi\/kuopionjakarjalanhiippakunta\/wp-json\/wp\/v2\/pages"}],"about":[{"href":"https:\/\/ort.fi\/kuopionjakarjalanhiippakunta\/wp-json\/wp\/v2\/types\/page"}],"author":[{"embeddable":true,"href":"https:\/\/ort.fi\/kuopionjakarjalanhiippakunta\/wp-json\/wp\/v2\/users\/1"}],"replies":[{"embeddable":true,"href":"https:\/\/ort.fi\/kuopionjakarjalanhiippakunta\/wp-json\/wp\/v2\/comments?post=51"}],"version-history":[{"count":22,"href":"https:\/\/ort.fi\/kuopionjakarjalanhiippakunta\/wp-json\/wp\/v2\/pages\/51\/revisions"}],"predecessor-version":[{"id":11569,"href":"https:\/\/ort.fi\/kuopionjakarjalanhiippakunta\/wp-json\/wp\/v2\/pages\/51\/revisions\/11569"}],"wp:attachment":[{"href":"https:\/\/ort.fi\/kuopionjakarjalanhiippakunta\/wp-json\/wp\/v2\/media?parent=51"}],"curies":[{"name":"wp","href":"https:\/\/api.w.org\/{rel}","templated":true}]}}