{"id":47,"date":"2024-12-26T15:28:58","date_gmt":"2024-12-26T13:28:58","guid":{"rendered":"https:\/\/ort.fi\/uusikuopionjakarjalanhiippakunta\/?page_id=47"},"modified":"2025-01-15T18:26:30","modified_gmt":"2025-01-15T16:26:30","slug":"ilomantsi","status":"publish","type":"page","link":"https:\/\/ort.fi\/kuopionjakarjalanhiippakunta\/ilomantsi\/","title":{"rendered":"Ilomantsi"},"content":{"rendered":"\t\t<div data-elementor-type=\"wp-page\" data-elementor-id=\"47\" class=\"elementor elementor-47\" data-elementor-post-type=\"page\">\n\t\t\t\t<div class=\"elementor-element elementor-element-66e6f4b e-flex e-con-boxed e-con e-parent\" data-id=\"66e6f4b\" data-element_type=\"container\" data-e-type=\"container\">\n\t\t\t\t\t<div class=\"e-con-inner\">\n\t\t\t\t<div class=\"elementor-element elementor-element-c4e7e62 elementor-widget elementor-widget-heading\" data-id=\"c4e7e62\" data-element_type=\"widget\" data-e-type=\"widget\" data-widget_type=\"heading.default\">\n\t\t\t\t<div class=\"elementor-widget-container\">\n\t\t\t\t\t<h1 class=\"elementor-heading-title elementor-size-default\">ILOMANTSI<\/h1>\t\t\t\t<\/div>\n\t\t\t\t<\/div>\n\t\t\t\t\t<\/div>\n\t\t\t\t<\/div>\n\t\t<div class=\"elementor-element elementor-element-8c30b75 e-flex e-con-boxed e-con e-parent\" data-id=\"8c30b75\" data-element_type=\"container\" data-e-type=\"container\">\n\t\t\t\t\t<div class=\"e-con-inner\">\n\t\t\t\t<div class=\"elementor-element elementor-element-f52d0c5 elementor-grid-3 elementor-grid-tablet-2 elementor-grid-mobile-1 elementor-posts--thumbnail-top elementor-card-shadow-yes elementor-posts__hover-gradient elementor-widget elementor-widget-posts\" data-id=\"f52d0c5\" data-element_type=\"widget\" data-e-type=\"widget\" data-settings=\"{&quot;pagination_type&quot;:&quot;numbers_and_prev_next&quot;,&quot;cards_columns&quot;:&quot;3&quot;,&quot;cards_columns_tablet&quot;:&quot;2&quot;,&quot;cards_columns_mobile&quot;:&quot;1&quot;,&quot;cards_row_gap&quot;:{&quot;unit&quot;:&quot;px&quot;,&quot;size&quot;:35,&quot;sizes&quot;:[]},&quot;cards_row_gap_tablet&quot;:{&quot;unit&quot;:&quot;px&quot;,&quot;size&quot;:&quot;&quot;,&quot;sizes&quot;:[]},&quot;cards_row_gap_mobile&quot;:{&quot;unit&quot;:&quot;px&quot;,&quot;size&quot;:&quot;&quot;,&quot;sizes&quot;:[]}}\" data-widget_type=\"posts.cards\">\n\t\t\t\t<div class=\"elementor-widget-container\">\n\t\t\t\t\t\t\t<div class=\"elementor-posts-container elementor-posts elementor-posts--skin-cards elementor-grid\" role=\"list\">\n\t\t\t\t<article class=\"elementor-post elementor-grid-item post-14239 post type-post status-publish format-standard has-post-thumbnail hentry category-ilomantsi\" role=\"listitem\">\n\t\t\t<div class=\"elementor-post__card\">\n\t\t\t\t<a class=\"elementor-post__thumbnail__link\" href=\"https:\/\/ort.fi\/kuopionjakarjalanhiippakunta\/2026\/04\/09\/hae-kanttoriksi-ilomantsin-kappeliseurakuntaan\/\" tabindex=\"-1\" ><div class=\"elementor-post__thumbnail\"><img fetchpriority=\"high\" decoding=\"async\" width=\"1900\" height=\"1196\" src=\"https:\/\/ort.fi\/kuopionjakarjalanhiippakunta\/wp-content\/uploads\/2025\/01\/Avoinna-hiippakuntasihteerin-toimi-20.1.2025.jpg\" class=\"attachment-full size-full wp-image-10043\" alt=\"\" srcset=\"https:\/\/ort.fi\/kuopionjakarjalanhiippakunta\/wp-content\/uploads\/2025\/01\/Avoinna-hiippakuntasihteerin-toimi-20.1.2025.jpg 1900w, https:\/\/ort.fi\/kuopionjakarjalanhiippakunta\/wp-content\/uploads\/2025\/01\/Avoinna-hiippakuntasihteerin-toimi-20.1.2025-300x189.jpg 300w, https:\/\/ort.fi\/kuopionjakarjalanhiippakunta\/wp-content\/uploads\/2025\/01\/Avoinna-hiippakuntasihteerin-toimi-20.1.2025-1024x645.jpg 1024w, https:\/\/ort.fi\/kuopionjakarjalanhiippakunta\/wp-content\/uploads\/2025\/01\/Avoinna-hiippakuntasihteerin-toimi-20.1.2025-768x483.jpg 768w, https:\/\/ort.fi\/kuopionjakarjalanhiippakunta\/wp-content\/uploads\/2025\/01\/Avoinna-hiippakuntasihteerin-toimi-20.1.2025-1536x967.jpg 1536w\" sizes=\"(max-width: 1900px) 100vw, 1900px\" \/><\/div><\/a>\n\t\t\t\t<div class=\"elementor-post__text\">\n\t\t\t\t<h2 class=\"elementor-post__title\">\n\t\t\t<a href=\"https:\/\/ort.fi\/kuopionjakarjalanhiippakunta\/2026\/04\/09\/hae-kanttoriksi-ilomantsin-kappeliseurakuntaan\/\" >\n\t\t\t\tHae kanttoriksi Ilomantsin kappeliseurakuntaan\t\t\t<\/a>\n\t\t<\/h2>\n\t\t\t\t<div class=\"elementor-post__excerpt\">\n\t\t\t<p>Joensuun ortodoksisen seurakunnan Ilomantsin kappeliseurakunnassa on avoinna kanttorin toimi, jonka sijoituspaikka on Ilomantsi. Kanttorin teht\u00e4viin kuuluu kirkkomusiikkity\u00f6, jumalanpalvelusel\u00e4m\u00e4n toteuttaminen sek\u00e4 kappeliseurakunnan toiminnan kehitt\u00e4minen yhteisty\u00f6ss\u00e4 kappeliseurakunnan papin ja seurakuntalaisten kanssa. Ilomantsin<\/p>\n\t\t<\/div>\n\t\t\n\t\t<a class=\"elementor-post__read-more\" href=\"https:\/\/ort.fi\/kuopionjakarjalanhiippakunta\/2026\/04\/09\/hae-kanttoriksi-ilomantsin-kappeliseurakuntaan\/\" aria-label=\"Read more about Hae kanttoriksi Ilomantsin kappeliseurakuntaan\" tabindex=\"-1\" >\n\t\t\tLue lis\u00e4\u00e4 \u00bb\t\t<\/a>\n\n\t\t\t\t<\/div>\n\t\t\t\t\t<\/div>\n\t\t<\/article>\n\t\t\t\t<article class=\"elementor-post elementor-grid-item post-14179 post type-post status-publish format-standard has-post-thumbnail hentry category-ilomantsi\" role=\"listitem\">\n\t\t\t<div class=\"elementor-post__card\">\n\t\t\t\t<a class=\"elementor-post__thumbnail__link\" href=\"https:\/\/ort.fi\/kuopionjakarjalanhiippakunta\/2026\/03\/08\/ristinkumartamisen-sunnuntai-2\/\" tabindex=\"-1\" ><div class=\"elementor-post__thumbnail\"><img decoding=\"async\" width=\"2560\" height=\"2201\" src=\"https:\/\/ort.fi\/kuopionjakarjalanhiippakunta\/wp-content\/uploads\/2026\/03\/Ristinkumartamisen-sunnuntai_A-scaled.jpg\" class=\"attachment-full size-full wp-image-14181\" alt=\"\" srcset=\"https:\/\/ort.fi\/kuopionjakarjalanhiippakunta\/wp-content\/uploads\/2026\/03\/Ristinkumartamisen-sunnuntai_A-scaled.jpg 2560w, https:\/\/ort.fi\/kuopionjakarjalanhiippakunta\/wp-content\/uploads\/2026\/03\/Ristinkumartamisen-sunnuntai_A-300x258.jpg 300w, https:\/\/ort.fi\/kuopionjakarjalanhiippakunta\/wp-content\/uploads\/2026\/03\/Ristinkumartamisen-sunnuntai_A-1024x880.jpg 1024w, https:\/\/ort.fi\/kuopionjakarjalanhiippakunta\/wp-content\/uploads\/2026\/03\/Ristinkumartamisen-sunnuntai_A-768x660.jpg 768w, https:\/\/ort.fi\/kuopionjakarjalanhiippakunta\/wp-content\/uploads\/2026\/03\/Ristinkumartamisen-sunnuntai_A-1536x1320.jpg 1536w, https:\/\/ort.fi\/kuopionjakarjalanhiippakunta\/wp-content\/uploads\/2026\/03\/Ristinkumartamisen-sunnuntai_A-2048x1761.jpg 2048w\" sizes=\"(max-width: 2560px) 100vw, 2560px\" \/><\/div><\/a>\n\t\t\t\t<div class=\"elementor-post__text\">\n\t\t\t\t<h2 class=\"elementor-post__title\">\n\t\t\t<a href=\"https:\/\/ort.fi\/kuopionjakarjalanhiippakunta\/2026\/03\/08\/ristinkumartamisen-sunnuntai-2\/\" >\n\t\t\t\tRistinkumartamisen sunnuntai\t\t\t<\/a>\n\t\t<\/h2>\n\t\t\t\t<div class=\"elementor-post__excerpt\">\n\t\t\t<p>Suuren paaston kolmatta sunnuntaita vietettiin 7.\u20138. maaliskuuta Tuupovaaran Sonkajanrannassa kunniallisen ja el\u00e4v\u00e4ksitekev\u00e4n ristin ja tunnustajamarttyyri Johannes Sonkajanrantalaisen juhlana. Jumalanpalvelukset Pyh\u00e4n Profeetta Hannan kirkossa toimitti Kuopion ja Karjalan metropoliitta Arseni. Ristinkumartamisen<\/p>\n\t\t<\/div>\n\t\t\n\t\t<a class=\"elementor-post__read-more\" href=\"https:\/\/ort.fi\/kuopionjakarjalanhiippakunta\/2026\/03\/08\/ristinkumartamisen-sunnuntai-2\/\" aria-label=\"Read more about Ristinkumartamisen sunnuntai\" tabindex=\"-1\" >\n\t\t\tLue lis\u00e4\u00e4 \u00bb\t\t<\/a>\n\n\t\t\t\t<\/div>\n\t\t\t\t\t<\/div>\n\t\t<\/article>\n\t\t\t\t<article class=\"elementor-post elementor-grid-item post-12159 post type-post status-publish format-standard has-post-thumbnail hentry category-ilomantsi\" role=\"listitem\">\n\t\t\t<div class=\"elementor-post__card\">\n\t\t\t\t<a class=\"elementor-post__thumbnail__link\" href=\"https:\/\/ort.fi\/kuopionjakarjalanhiippakunta\/2025\/07\/13\/kanonisaation-vuosijuhla\/\" tabindex=\"-1\" ><div class=\"elementor-post__thumbnail\"><img decoding=\"async\" width=\"1920\" height=\"2560\" src=\"https:\/\/ort.fi\/kuopionjakarjalanhiippakunta\/wp-content\/uploads\/2025\/07\/20250713_113833-scaled.jpg\" class=\"attachment-full size-full wp-image-12161\" alt=\"\" srcset=\"https:\/\/ort.fi\/kuopionjakarjalanhiippakunta\/wp-content\/uploads\/2025\/07\/20250713_113833-scaled.jpg 1920w, https:\/\/ort.fi\/kuopionjakarjalanhiippakunta\/wp-content\/uploads\/2025\/07\/20250713_113833-225x300.jpg 225w, https:\/\/ort.fi\/kuopionjakarjalanhiippakunta\/wp-content\/uploads\/2025\/07\/20250713_113833-768x1024.jpg 768w, https:\/\/ort.fi\/kuopionjakarjalanhiippakunta\/wp-content\/uploads\/2025\/07\/20250713_113833-1152x1536.jpg 1152w, https:\/\/ort.fi\/kuopionjakarjalanhiippakunta\/wp-content\/uploads\/2025\/07\/20250713_113833-1536x2048.jpg 1536w\" sizes=\"(max-width: 1920px) 100vw, 1920px\" \/><\/div><\/a>\n\t\t\t\t<div class=\"elementor-post__text\">\n\t\t\t\t<h2 class=\"elementor-post__title\">\n\t\t\t<a href=\"https:\/\/ort.fi\/kuopionjakarjalanhiippakunta\/2025\/07\/13\/kanonisaation-vuosijuhla\/\" >\n\t\t\t\tKanonisaation vuosijuhla\t\t\t<\/a>\n\t\t<\/h2>\n\t\t\t\t<div class=\"elementor-post__excerpt\">\n\t\t\t<p>Pyh\u00e4n marttyyri ja tunnustaja Johannes Sonkajanrantalaisen kanonisaation vuosijuhlaa vietettiin 12.\u201313. hein\u00e4kuuta 2025. Kuopion ja Karjalan metropoliitta Arseni toimitti juhlan jumalanpalvelukset Johanneksen kotitalon paikalla ja Pyh\u00e4n Naisprofeetta Hannan kirkossa Sonkajanrannassa. Pyh\u00e4<\/p>\n\t\t<\/div>\n\t\t\n\t\t<a class=\"elementor-post__read-more\" href=\"https:\/\/ort.fi\/kuopionjakarjalanhiippakunta\/2025\/07\/13\/kanonisaation-vuosijuhla\/\" aria-label=\"Read more about Kanonisaation vuosijuhla\" tabindex=\"-1\" >\n\t\t\tLue lis\u00e4\u00e4 \u00bb\t\t<\/a>\n\n\t\t\t\t<\/div>\n\t\t\t\t\t<\/div>\n\t\t<\/article>\n\t\t\t\t<article class=\"elementor-post elementor-grid-item post-10941 post type-post status-publish format-standard has-post-thumbnail hentry category-ilomantsi\" role=\"listitem\">\n\t\t\t<div class=\"elementor-post__card\">\n\t\t\t\t<a class=\"elementor-post__thumbnail__link\" href=\"https:\/\/ort.fi\/kuopionjakarjalanhiippakunta\/2025\/03\/08\/johanneksen-ja-teodoroksen-juhla\/\" tabindex=\"-1\" ><div class=\"elementor-post__thumbnail\"><img loading=\"lazy\" decoding=\"async\" width=\"2383\" height=\"2058\" src=\"https:\/\/ort.fi\/kuopionjakarjalanhiippakunta\/wp-content\/uploads\/2025\/03\/Johanneksen-ja-Teodoroksen-juhla_A_8.3.2025.jpg\" class=\"attachment-full size-full wp-image-10943\" alt=\"\" srcset=\"https:\/\/ort.fi\/kuopionjakarjalanhiippakunta\/wp-content\/uploads\/2025\/03\/Johanneksen-ja-Teodoroksen-juhla_A_8.3.2025.jpg 2383w, https:\/\/ort.fi\/kuopionjakarjalanhiippakunta\/wp-content\/uploads\/2025\/03\/Johanneksen-ja-Teodoroksen-juhla_A_8.3.2025-300x259.jpg 300w, https:\/\/ort.fi\/kuopionjakarjalanhiippakunta\/wp-content\/uploads\/2025\/03\/Johanneksen-ja-Teodoroksen-juhla_A_8.3.2025-1024x884.jpg 1024w, https:\/\/ort.fi\/kuopionjakarjalanhiippakunta\/wp-content\/uploads\/2025\/03\/Johanneksen-ja-Teodoroksen-juhla_A_8.3.2025-768x663.jpg 768w, https:\/\/ort.fi\/kuopionjakarjalanhiippakunta\/wp-content\/uploads\/2025\/03\/Johanneksen-ja-Teodoroksen-juhla_A_8.3.2025-1536x1327.jpg 1536w, https:\/\/ort.fi\/kuopionjakarjalanhiippakunta\/wp-content\/uploads\/2025\/03\/Johanneksen-ja-Teodoroksen-juhla_A_8.3.2025-2048x1769.jpg 2048w\" sizes=\"(max-width: 2383px) 100vw, 2383px\" \/><\/div><\/a>\n\t\t\t\t<div class=\"elementor-post__text\">\n\t\t\t\t<h2 class=\"elementor-post__title\">\n\t\t\t<a href=\"https:\/\/ort.fi\/kuopionjakarjalanhiippakunta\/2025\/03\/08\/johanneksen-ja-teodoroksen-juhla\/\" >\n\t\t\t\tJohanneksen ja Teodoroksen juhla\t\t\t<\/a>\n\t\t<\/h2>\n\t\t\t\t<div class=\"elementor-post__excerpt\">\n\t\t\t<p>Vuonna 2025 suuren paaston ensimm\u00e4inen viikko p\u00e4\u00e4ttyy 8. maaliskuuta. P\u00e4iv\u00e4 on t\u00e4n\u00e4 vuonna kahden marttyyrin, Teodoros Teronin ja Johannes Sonkajanrantalaisen muistojuhla. Kuopion ja Karjalan metropoliitta Arseni toimitti juhlan jumalanpalvelukset Pyh\u00e4n<\/p>\n\t\t<\/div>\n\t\t\n\t\t<a class=\"elementor-post__read-more\" href=\"https:\/\/ort.fi\/kuopionjakarjalanhiippakunta\/2025\/03\/08\/johanneksen-ja-teodoroksen-juhla\/\" aria-label=\"Read more about Johanneksen ja Teodoroksen juhla\" tabindex=\"-1\" >\n\t\t\tLue lis\u00e4\u00e4 \u00bb\t\t<\/a>\n\n\t\t\t\t<\/div>\n\t\t\t\t\t<\/div>\n\t\t<\/article>\n\t\t\t\t<article class=\"elementor-post elementor-grid-item post-7045 post type-post status-publish format-standard has-post-thumbnail hentry category-ilomantsi\" role=\"listitem\">\n\t\t\t<div class=\"elementor-post__card\">\n\t\t\t\t<a class=\"elementor-post__thumbnail__link\" href=\"https:\/\/ort.fi\/kuopionjakarjalanhiippakunta\/2025\/01\/06\/johannes-karhapaa-liitetaan-pyhien-joukkoon\/\" tabindex=\"-1\" ><div class=\"elementor-post__thumbnail\"><img loading=\"lazy\" decoding=\"async\" width=\"401\" height=\"640\" src=\"https:\/\/ort.fi\/kuopionjakarjalanhiippakunta\/wp-content\/uploads\/2025\/01\/4-Johannes-Karhapaa-Sortavalassa.jpeg\" class=\"attachment-full size-full wp-image-7047\" alt=\"\" srcset=\"https:\/\/ort.fi\/kuopionjakarjalanhiippakunta\/wp-content\/uploads\/2025\/01\/4-Johannes-Karhapaa-Sortavalassa.jpeg 401w, https:\/\/ort.fi\/kuopionjakarjalanhiippakunta\/wp-content\/uploads\/2025\/01\/4-Johannes-Karhapaa-Sortavalassa-188x300.jpeg 188w\" sizes=\"(max-width: 401px) 100vw, 401px\" \/><\/div><\/a>\n\t\t\t\t<div class=\"elementor-post__text\">\n\t\t\t\t<h2 class=\"elementor-post__title\">\n\t\t\t<a href=\"https:\/\/ort.fi\/kuopionjakarjalanhiippakunta\/2025\/01\/06\/johannes-karhapaa-liitetaan-pyhien-joukkoon\/\" >\n\t\t\t\tJohannes Karhap\u00e4\u00e4 liitet\u00e4\u00e4n pyhien joukkoon\t\t\t<\/a>\n\t\t<\/h2>\n\t\t\t\t<div class=\"elementor-post__excerpt\">\n\t\t\t<p>Ekumeenisen patriarkaatin Pyh\u00e4 Synodi p\u00e4\u00e4tti 29. marraskuuta pit\u00e4m\u00e4ss\u00e4\u00e4n kokouksessa Suomen autonomisen kirkon piispainkokouksen esityksest\u00e4 liitt\u00e4\u00e4 Johannes Karhap\u00e4\u00e4n pyhien joukkoon. Pyhien joukkoon liitt\u00e4misen jumalanpalvelukset toimitetaan Sonkajanrannan Pyh\u00e4n profeetta Hannan kirkossa 12.-13<\/p>\n\t\t<\/div>\n\t\t\n\t\t<a class=\"elementor-post__read-more\" href=\"https:\/\/ort.fi\/kuopionjakarjalanhiippakunta\/2025\/01\/06\/johannes-karhapaa-liitetaan-pyhien-joukkoon\/\" aria-label=\"Read more about Johannes Karhap\u00e4\u00e4 liitet\u00e4\u00e4n pyhien joukkoon\" tabindex=\"-1\" >\n\t\t\tLue lis\u00e4\u00e4 \u00bb\t\t<\/a>\n\n\t\t\t\t<\/div>\n\t\t\t\t\t<\/div>\n\t\t<\/article>\n\t\t\t\t<article class=\"elementor-post elementor-grid-item post-5731 post type-post status-publish format-standard has-post-thumbnail hentry category-ilomantsi\" role=\"listitem\">\n\t\t\t<div class=\"elementor-post__card\">\n\t\t\t\t<a class=\"elementor-post__thumbnail__link\" href=\"https:\/\/ort.fi\/kuopionjakarjalanhiippakunta\/2025\/01\/05\/marttyyri-ja-tunnustaja-johanneksen-juhla\/\" tabindex=\"-1\" ><div class=\"elementor-post__thumbnail\"><img loading=\"lazy\" decoding=\"async\" width=\"1000\" height=\"800\" src=\"https:\/\/ort.fi\/kuopionjakarjalanhiippakunta\/wp-content\/uploads\/2025\/01\/Sonkajanrannan-juhla-2024-Vesa-Takala.jpg\" class=\"attachment-full size-full wp-image-5733\" alt=\"\" srcset=\"https:\/\/ort.fi\/kuopionjakarjalanhiippakunta\/wp-content\/uploads\/2025\/01\/Sonkajanrannan-juhla-2024-Vesa-Takala.jpg 1000w, https:\/\/ort.fi\/kuopionjakarjalanhiippakunta\/wp-content\/uploads\/2025\/01\/Sonkajanrannan-juhla-2024-Vesa-Takala-300x240.jpg 300w, https:\/\/ort.fi\/kuopionjakarjalanhiippakunta\/wp-content\/uploads\/2025\/01\/Sonkajanrannan-juhla-2024-Vesa-Takala-768x614.jpg 768w\" sizes=\"(max-width: 1000px) 100vw, 1000px\" \/><\/div><\/a>\n\t\t\t\t<div class=\"elementor-post__text\">\n\t\t\t\t<h2 class=\"elementor-post__title\">\n\t\t\t<a href=\"https:\/\/ort.fi\/kuopionjakarjalanhiippakunta\/2025\/01\/05\/marttyyri-ja-tunnustaja-johanneksen-juhla\/\" >\n\t\t\t\tMarttyyri ja tunnustaja Johanneksen juhla\t\t\t<\/a>\n\t\t<\/h2>\n\t\t\t\t<div class=\"elementor-post__excerpt\">\n\t\t\t<p>Sonkajanrannan pyh\u00e4n profeetta Hannan kirkossa vietettiin 8. maaliskuuta vuonna 1918 marttyyrikuoleman k\u00e4rsineen pyh\u00e4n Johannes Sonkajanrantalaisen juhlaa. KP. Kuopion ja Karjalan metropoliitta Arseni toimitti juhlap\u00e4iv\u00e4n\u00e4 kolmannen-, kuudennen- ja yhdeks\u00e4nnen hetken ja<\/p>\n\t\t<\/div>\n\t\t\n\t\t<a class=\"elementor-post__read-more\" href=\"https:\/\/ort.fi\/kuopionjakarjalanhiippakunta\/2025\/01\/05\/marttyyri-ja-tunnustaja-johanneksen-juhla\/\" aria-label=\"Read more about Marttyyri ja tunnustaja Johanneksen juhla\" tabindex=\"-1\" >\n\t\t\tLue lis\u00e4\u00e4 \u00bb\t\t<\/a>\n\n\t\t\t\t<\/div>\n\t\t\t\t\t<\/div>\n\t\t<\/article>\n\t\t\t\t<article class=\"elementor-post elementor-grid-item post-5321 post type-post status-publish format-standard has-post-thumbnail hentry category-ilomantsi\" role=\"listitem\">\n\t\t\t<div class=\"elementor-post__card\">\n\t\t\t\t<a class=\"elementor-post__thumbnail__link\" href=\"https:\/\/ort.fi\/kuopionjakarjalanhiippakunta\/2025\/01\/04\/vierailu-ilomantsiin\/\" tabindex=\"-1\" ><div class=\"elementor-post__thumbnail\"><img loading=\"lazy\" decoding=\"async\" width=\"1900\" height=\"1425\" src=\"https:\/\/ort.fi\/kuopionjakarjalanhiippakunta\/wp-content\/uploads\/2025\/01\/DSC07906.jpg\" class=\"attachment-full size-full wp-image-5323\" alt=\"\" srcset=\"https:\/\/ort.fi\/kuopionjakarjalanhiippakunta\/wp-content\/uploads\/2025\/01\/DSC07906.jpg 1900w, https:\/\/ort.fi\/kuopionjakarjalanhiippakunta\/wp-content\/uploads\/2025\/01\/DSC07906-300x225.jpg 300w, https:\/\/ort.fi\/kuopionjakarjalanhiippakunta\/wp-content\/uploads\/2025\/01\/DSC07906-1024x768.jpg 1024w, https:\/\/ort.fi\/kuopionjakarjalanhiippakunta\/wp-content\/uploads\/2025\/01\/DSC07906-768x576.jpg 768w, https:\/\/ort.fi\/kuopionjakarjalanhiippakunta\/wp-content\/uploads\/2025\/01\/DSC07906-1536x1152.jpg 1536w\" sizes=\"(max-width: 1900px) 100vw, 1900px\" \/><\/div><\/a>\n\t\t\t\t<div class=\"elementor-post__text\">\n\t\t\t\t<h2 class=\"elementor-post__title\">\n\t\t\t<a href=\"https:\/\/ort.fi\/kuopionjakarjalanhiippakunta\/2025\/01\/04\/vierailu-ilomantsiin\/\" >\n\t\t\t\tVierailu Ilomantsiin\t\t\t<\/a>\n\t\t<\/h2>\n\t\t\t\t<div class=\"elementor-post__excerpt\">\n\t\t\t<p>KP Kuopion ja Karjalan metropoliitta Arseni toimitti teofanian palvelukset Ilomantsin kappeliseurakunnan profeetta Elian kirkossa. Vigiliassa h\u00e4nen kanssaan palvelivat kappeliseurakunnan pappi Jaso P\u00f6ssi, pastori Janne Piiroinen ja ylidiakoni Juha P\u00f6ssi. Juhlap\u00e4iv\u00e4n<\/p>\n\t\t<\/div>\n\t\t\n\t\t<a class=\"elementor-post__read-more\" href=\"https:\/\/ort.fi\/kuopionjakarjalanhiippakunta\/2025\/01\/04\/vierailu-ilomantsiin\/\" aria-label=\"Read more about Vierailu Ilomantsiin\" tabindex=\"-1\" >\n\t\t\tLue lis\u00e4\u00e4 \u00bb\t\t<\/a>\n\n\t\t\t\t<\/div>\n\t\t\t\t\t<\/div>\n\t\t<\/article>\n\t\t\t\t<article class=\"elementor-post elementor-grid-item post-4917 post type-post status-publish format-standard has-post-thumbnail hentry category-ilomantsi\" role=\"listitem\">\n\t\t\t<div class=\"elementor-post__card\">\n\t\t\t\t<a class=\"elementor-post__thumbnail__link\" href=\"https:\/\/ort.fi\/kuopionjakarjalanhiippakunta\/2025\/01\/03\/pyhien-joukkoon-liittamisen-muisto\/\" tabindex=\"-1\" ><div class=\"elementor-post__thumbnail\"><img loading=\"lazy\" decoding=\"async\" width=\"1900\" height=\"1425\" src=\"https:\/\/ort.fi\/kuopionjakarjalanhiippakunta\/wp-content\/uploads\/2025\/01\/DSC04750.jpg\" class=\"attachment-full size-full wp-image-4919\" alt=\"\" srcset=\"https:\/\/ort.fi\/kuopionjakarjalanhiippakunta\/wp-content\/uploads\/2025\/01\/DSC04750.jpg 1900w, https:\/\/ort.fi\/kuopionjakarjalanhiippakunta\/wp-content\/uploads\/2025\/01\/DSC04750-300x225.jpg 300w, https:\/\/ort.fi\/kuopionjakarjalanhiippakunta\/wp-content\/uploads\/2025\/01\/DSC04750-1024x768.jpg 1024w, https:\/\/ort.fi\/kuopionjakarjalanhiippakunta\/wp-content\/uploads\/2025\/01\/DSC04750-768x576.jpg 768w, https:\/\/ort.fi\/kuopionjakarjalanhiippakunta\/wp-content\/uploads\/2025\/01\/DSC04750-1536x1152.jpg 1536w\" sizes=\"(max-width: 1900px) 100vw, 1900px\" \/><\/div><\/a>\n\t\t\t\t<div class=\"elementor-post__text\">\n\t\t\t\t<h2 class=\"elementor-post__title\">\n\t\t\t<a href=\"https:\/\/ort.fi\/kuopionjakarjalanhiippakunta\/2025\/01\/03\/pyhien-joukkoon-liittamisen-muisto\/\" >\n\t\t\t\tPyhien joukkoon liitt\u00e4misen muisto\t\t\t<\/a>\n\t\t<\/h2>\n\t\t\t\t<div class=\"elementor-post__excerpt\">\n\t\t\t<p>Kes\u00e4kuun kahdestoista alkoi Sonkajanrannan profeetta Hannan kirkosta metropoliitta Arsenin johtama ristisaatto pyh\u00e4n marttyyri ja tunnustaja Johanneksen kotitalon paikalle, jossa esipaimen toimitti vedenpyhityksen avustajinaan pastorit Janne Piiroinen ja Harri Linna. Ristisaaton<\/p>\n\t\t<\/div>\n\t\t\n\t\t<a class=\"elementor-post__read-more\" href=\"https:\/\/ort.fi\/kuopionjakarjalanhiippakunta\/2025\/01\/03\/pyhien-joukkoon-liittamisen-muisto\/\" aria-label=\"Read more about Pyhien joukkoon liitt\u00e4misen muisto\" tabindex=\"-1\" >\n\t\t\tLue lis\u00e4\u00e4 \u00bb\t\t<\/a>\n\n\t\t\t\t<\/div>\n\t\t\t\t\t<\/div>\n\t\t<\/article>\n\t\t\t\t<article class=\"elementor-post elementor-grid-item post-4443 post type-post status-publish format-standard has-post-thumbnail hentry category-ilomantsi\" role=\"listitem\">\n\t\t\t<div class=\"elementor-post__card\">\n\t\t\t\t<a class=\"elementor-post__thumbnail__link\" href=\"https:\/\/ort.fi\/kuopionjakarjalanhiippakunta\/2025\/01\/03\/ilomantsissa-juhlittiin-profeetta-eliaa\/\" tabindex=\"-1\" ><div class=\"elementor-post__thumbnail\"><img loading=\"lazy\" decoding=\"async\" width=\"1900\" height=\"1425\" src=\"https:\/\/ort.fi\/kuopionjakarjalanhiippakunta\/wp-content\/uploads\/2025\/01\/\u0397-\u0395\u03bf\u03c1\u03c4\u03ae-\u03c4\u03bf\u03c5-\u03a0\u03c1\u03bf\u03c6\u03ae\u03c4\u03bf\u03c5-\u0397\u03bb\u03af\u03bf\u03c5-\u03c3\u03c4\u03bf-\u0399\u03bb\u03bf\u03bc\u03ac\u03bd\u03c4\u03c3\u03b9-2021-300.jpg\" class=\"attachment-full size-full wp-image-4445\" alt=\"\" srcset=\"https:\/\/ort.fi\/kuopionjakarjalanhiippakunta\/wp-content\/uploads\/2025\/01\/\u0397-\u0395\u03bf\u03c1\u03c4\u03ae-\u03c4\u03bf\u03c5-\u03a0\u03c1\u03bf\u03c6\u03ae\u03c4\u03bf\u03c5-\u0397\u03bb\u03af\u03bf\u03c5-\u03c3\u03c4\u03bf-\u0399\u03bb\u03bf\u03bc\u03ac\u03bd\u03c4\u03c3\u03b9-2021-300.jpg 1900w, https:\/\/ort.fi\/kuopionjakarjalanhiippakunta\/wp-content\/uploads\/2025\/01\/\u0397-\u0395\u03bf\u03c1\u03c4\u03ae-\u03c4\u03bf\u03c5-\u03a0\u03c1\u03bf\u03c6\u03ae\u03c4\u03bf\u03c5-\u0397\u03bb\u03af\u03bf\u03c5-\u03c3\u03c4\u03bf-\u0399\u03bb\u03bf\u03bc\u03ac\u03bd\u03c4\u03c3\u03b9-2021-300-300x225.jpg 300w, https:\/\/ort.fi\/kuopionjakarjalanhiippakunta\/wp-content\/uploads\/2025\/01\/\u0397-\u0395\u03bf\u03c1\u03c4\u03ae-\u03c4\u03bf\u03c5-\u03a0\u03c1\u03bf\u03c6\u03ae\u03c4\u03bf\u03c5-\u0397\u03bb\u03af\u03bf\u03c5-\u03c3\u03c4\u03bf-\u0399\u03bb\u03bf\u03bc\u03ac\u03bd\u03c4\u03c3\u03b9-2021-300-1024x768.jpg 1024w, https:\/\/ort.fi\/kuopionjakarjalanhiippakunta\/wp-content\/uploads\/2025\/01\/\u0397-\u0395\u03bf\u03c1\u03c4\u03ae-\u03c4\u03bf\u03c5-\u03a0\u03c1\u03bf\u03c6\u03ae\u03c4\u03bf\u03c5-\u0397\u03bb\u03af\u03bf\u03c5-\u03c3\u03c4\u03bf-\u0399\u03bb\u03bf\u03bc\u03ac\u03bd\u03c4\u03c3\u03b9-2021-300-768x576.jpg 768w, https:\/\/ort.fi\/kuopionjakarjalanhiippakunta\/wp-content\/uploads\/2025\/01\/\u0397-\u0395\u03bf\u03c1\u03c4\u03ae-\u03c4\u03bf\u03c5-\u03a0\u03c1\u03bf\u03c6\u03ae\u03c4\u03bf\u03c5-\u0397\u03bb\u03af\u03bf\u03c5-\u03c3\u03c4\u03bf-\u0399\u03bb\u03bf\u03bc\u03ac\u03bd\u03c4\u03c3\u03b9-2021-300-1536x1152.jpg 1536w\" sizes=\"(max-width: 1900px) 100vw, 1900px\" \/><\/div><\/a>\n\t\t\t\t<div class=\"elementor-post__text\">\n\t\t\t\t<h2 class=\"elementor-post__title\">\n\t\t\t<a href=\"https:\/\/ort.fi\/kuopionjakarjalanhiippakunta\/2025\/01\/03\/ilomantsissa-juhlittiin-profeetta-eliaa\/\" >\n\t\t\t\tIlomantsissa juhlittiin profeetta Eliaa\t\t\t<\/a>\n\t\t<\/h2>\n\t\t\t\t<div class=\"elementor-post__excerpt\">\n\t\t\t<p>Jo toistamiseen Ilomantsin kirkon juhlaa vietettiin poikkeusoloissa. Juhla alkoi maanantaina ristisaatolla torilta profeetta Elian kirkolle, jossa toimitettiin ehtoopalvelus ja litania. Juhlap\u00e4iv\u00e4n piispallinen liturgia aloitettiin jo yhdeks\u00e4lt\u00e4 ja ambonintakaisen rukouksen j\u00e4lkeen<\/p>\n\t\t<\/div>\n\t\t\n\t\t<a class=\"elementor-post__read-more\" href=\"https:\/\/ort.fi\/kuopionjakarjalanhiippakunta\/2025\/01\/03\/ilomantsissa-juhlittiin-profeetta-eliaa\/\" aria-label=\"Read more about Ilomantsissa juhlittiin profeetta Eliaa\" tabindex=\"-1\" >\n\t\t\tLue lis\u00e4\u00e4 \u00bb\t\t<\/a>\n\n\t\t\t\t<\/div>\n\t\t\t\t\t<\/div>\n\t\t<\/article>\n\t\t\t\t<\/div>\n\t\t\n\t\t\t\t<div class=\"e-load-more-anchor\" data-page=\"1\" data-max-page=\"2\" data-next-page=\"https:\/\/ort.fi\/kuopionjakarjalanhiippakunta\/wp-json\/wp\/v2\/pages\/47\/page\/2\/\"><\/div>\n\t\t\t\t<nav class=\"elementor-pagination\" aria-label=\"Pagination\">\n\t\t\t<span class=\"page-numbers prev\">&laquo; Edellinen sivu<\/span>\n<span aria-current=\"page\" class=\"page-numbers current\"><span class=\"elementor-screen-only\">Page<\/span>1<\/span>\n<a class=\"page-numbers\" href=\"https:\/\/ort.fi\/kuopionjakarjalanhiippakunta\/wp-json\/wp\/v2\/pages\/47\/page\/2\/\"><span class=\"elementor-screen-only\">Page<\/span>2<\/a>\n<a class=\"page-numbers next\" href=\"https:\/\/ort.fi\/kuopionjakarjalanhiippakunta\/wp-json\/wp\/v2\/pages\/47\/page\/2\/\">Seuraava sivu &raquo;<\/a>\t\t<\/nav>\n\t\t\t\t\t\t<\/div>\n\t\t\t\t<\/div>\n\t\t\t\t\t<\/div>\n\t\t\t\t<\/div>\n\t\t\t\t<\/div>\n\t\t","protected":false},"excerpt":{"rendered":"<p>ILOMANTSI<\/p>\n","protected":false},"author":1,"featured_media":0,"parent":0,"menu_order":0,"comment_status":"closed","ping_status":"closed","template":"","meta":{"_eb_attr":"","footnotes":""},"class_list":["post-47","page","type-page","status-publish","hentry"],"_links":{"self":[{"href":"https:\/\/ort.fi\/kuopionjakarjalanhiippakunta\/wp-json\/wp\/v2\/pages\/47","targetHints":{"allow":["GET"]}}],"collection":[{"href":"https:\/\/ort.fi\/kuopionjakarjalanhiippakunta\/wp-json\/wp\/v2\/pages"}],"about":[{"href":"https:\/\/ort.fi\/kuopionjakarjalanhiippakunta\/wp-json\/wp\/v2\/types\/page"}],"author":[{"embeddable":true,"href":"https:\/\/ort.fi\/kuopionjakarjalanhiippakunta\/wp-json\/wp\/v2\/users\/1"}],"replies":[{"embeddable":true,"href":"https:\/\/ort.fi\/kuopionjakarjalanhiippakunta\/wp-json\/wp\/v2\/comments?post=47"}],"version-history":[{"count":55,"href":"https:\/\/ort.fi\/kuopionjakarjalanhiippakunta\/wp-json\/wp\/v2\/pages\/47\/revisions"}],"predecessor-version":[{"id":9913,"href":"https:\/\/ort.fi\/kuopionjakarjalanhiippakunta\/wp-json\/wp\/v2\/pages\/47\/revisions\/9913"}],"wp:attachment":[{"href":"https:\/\/ort.fi\/kuopionjakarjalanhiippakunta\/wp-json\/wp\/v2\/media?parent=47"}],"curies":[{"name":"wp","href":"https:\/\/api.w.org\/{rel}","templated":true}]}}