{"id":43,"date":"2024-12-26T15:28:18","date_gmt":"2024-12-26T13:28:18","guid":{"rendered":"https:\/\/ort.fi\/uusikuopionjakarjalanhiippakunta\/?page_id=43"},"modified":"2025-01-15T18:20:50","modified_gmt":"2025-01-15T16:20:50","slug":"piispa","status":"publish","type":"page","link":"https:\/\/ort.fi\/kuopionjakarjalanhiippakunta\/piispa\/","title":{"rendered":"Piispa"},"content":{"rendered":"\t\t<div data-elementor-type=\"wp-page\" data-elementor-id=\"43\" class=\"elementor elementor-43\" data-elementor-post-type=\"page\">\n\t\t\t\t<div class=\"elementor-element elementor-element-5f64021 e-flex e-con-boxed e-con e-parent\" data-id=\"5f64021\" data-element_type=\"container\" data-e-type=\"container\">\n\t\t\t\t\t<div class=\"e-con-inner\">\n\t\t\t\t<div class=\"elementor-element elementor-element-13fec46 elementor-widget elementor-widget-heading\" data-id=\"13fec46\" data-element_type=\"widget\" data-e-type=\"widget\" data-widget_type=\"heading.default\">\n\t\t\t\t<div class=\"elementor-widget-container\">\n\t\t\t\t\t<h1 class=\"elementor-heading-title elementor-size-default\">PIISPA<\/h1>\t\t\t\t<\/div>\n\t\t\t\t<\/div>\n\t\t\t\t\t<\/div>\n\t\t\t\t<\/div>\n\t\t<div class=\"elementor-element elementor-element-8b11bc9 e-flex e-con-boxed e-con e-parent\" data-id=\"8b11bc9\" data-element_type=\"container\" data-e-type=\"container\">\n\t\t\t\t\t<div class=\"e-con-inner\">\n\t\t\t\t<div class=\"elementor-element elementor-element-1dce970 elementor-grid-3 elementor-grid-tablet-2 elementor-grid-mobile-1 elementor-posts--thumbnail-top elementor-card-shadow-yes elementor-posts__hover-gradient elementor-widget elementor-widget-posts\" data-id=\"1dce970\" data-element_type=\"widget\" data-e-type=\"widget\" data-settings=\"{&quot;pagination_type&quot;:&quot;numbers_and_prev_next&quot;,&quot;cards_columns&quot;:&quot;3&quot;,&quot;cards_columns_tablet&quot;:&quot;2&quot;,&quot;cards_columns_mobile&quot;:&quot;1&quot;,&quot;cards_row_gap&quot;:{&quot;unit&quot;:&quot;px&quot;,&quot;size&quot;:35,&quot;sizes&quot;:[]},&quot;cards_row_gap_tablet&quot;:{&quot;unit&quot;:&quot;px&quot;,&quot;size&quot;:&quot;&quot;,&quot;sizes&quot;:[]},&quot;cards_row_gap_mobile&quot;:{&quot;unit&quot;:&quot;px&quot;,&quot;size&quot;:&quot;&quot;,&quot;sizes&quot;:[]}}\" data-widget_type=\"posts.cards\">\n\t\t\t\t<div class=\"elementor-widget-container\">\n\t\t\t\t\t\t\t<div class=\"elementor-posts-container elementor-posts elementor-posts--skin-cards elementor-grid\" role=\"list\">\n\t\t\t\t<article class=\"elementor-post elementor-grid-item post-14095 post type-post status-publish format-standard has-post-thumbnail hentry category-piispa\" role=\"listitem\">\n\t\t\t<div class=\"elementor-post__card\">\n\t\t\t\t<a class=\"elementor-post__thumbnail__link\" href=\"https:\/\/ort.fi\/kuopionjakarjalanhiippakunta\/2026\/02\/25\/metropoliittojen-merkkipaiva\/\" tabindex=\"-1\" ><div class=\"elementor-post__thumbnail\"><img fetchpriority=\"high\" decoding=\"async\" width=\"1920\" height=\"2326\" src=\"https:\/\/ort.fi\/kuopionjakarjalanhiippakunta\/wp-content\/uploads\/2026\/02\/Metropoliittojen-merkkipaiva_A.jpg\" class=\"attachment-full size-full wp-image-14097\" alt=\"\" srcset=\"https:\/\/ort.fi\/kuopionjakarjalanhiippakunta\/wp-content\/uploads\/2026\/02\/Metropoliittojen-merkkipaiva_A.jpg 1920w, https:\/\/ort.fi\/kuopionjakarjalanhiippakunta\/wp-content\/uploads\/2026\/02\/Metropoliittojen-merkkipaiva_A-248x300.jpg 248w, https:\/\/ort.fi\/kuopionjakarjalanhiippakunta\/wp-content\/uploads\/2026\/02\/Metropoliittojen-merkkipaiva_A-845x1024.jpg 845w, https:\/\/ort.fi\/kuopionjakarjalanhiippakunta\/wp-content\/uploads\/2026\/02\/Metropoliittojen-merkkipaiva_A-768x930.jpg 768w, https:\/\/ort.fi\/kuopionjakarjalanhiippakunta\/wp-content\/uploads\/2026\/02\/Metropoliittojen-merkkipaiva_A-1268x1536.jpg 1268w, https:\/\/ort.fi\/kuopionjakarjalanhiippakunta\/wp-content\/uploads\/2026\/02\/Metropoliittojen-merkkipaiva_A-1691x2048.jpg 1691w\" sizes=\"(max-width: 1920px) 100vw, 1920px\" \/><\/div><\/a>\n\t\t\t\t<div class=\"elementor-post__text\">\n\t\t\t\t<h3 class=\"elementor-post__title\">\n\t\t\t<a href=\"https:\/\/ort.fi\/kuopionjakarjalanhiippakunta\/2026\/02\/25\/metropoliittojen-merkkipaiva\/\" >\n\t\t\t\tMetropoliittojen merkkip\u00e4iv\u00e4\t\t\t<\/a>\n\t\t<\/h3>\n\t\t\t\t<div class=\"elementor-post__excerpt\">\n\t\t\t<p>Suuren paaston toisen viikon keskiviikkona ja pyh\u00e4n Tarasios Konstantinopolilaisen muistop\u00e4iv\u00e4n\u00e4 25. helmikuuta Kuopiossa muistettiin metropoliittoja Arsenia ja Panteleimonia. Metropoliitta Panteleimonin munkiksivihkimyksest\u00e4 tuli kuluneeksi 49 vuotta<\/p>\n\t\t<\/div>\n\t\t\n\t\t<a class=\"elementor-post__read-more\" href=\"https:\/\/ort.fi\/kuopionjakarjalanhiippakunta\/2026\/02\/25\/metropoliittojen-merkkipaiva\/\" aria-label=\"Read more about Metropoliittojen merkkip\u00e4iv\u00e4\" tabindex=\"-1\" >\n\t\t\tLue lis\u00e4\u00e4 \u00bb\t\t<\/a>\n\n\t\t\t\t<\/div>\n\t\t\t\t\t<\/div>\n\t\t<\/article>\n\t\t\t\t<article class=\"elementor-post elementor-grid-item post-13437 post type-post status-publish format-standard has-post-thumbnail hentry category-piispa\" role=\"listitem\">\n\t\t\t<div class=\"elementor-post__card\">\n\t\t\t\t<a class=\"elementor-post__thumbnail__link\" href=\"https:\/\/ort.fi\/kuopionjakarjalanhiippakunta\/2025\/12\/23\/ilosanoma-kristuksen-syntymasta\/\" tabindex=\"-1\" ><div class=\"elementor-post__thumbnail\"><img decoding=\"async\" width=\"2172\" height=\"2556\" src=\"https:\/\/ort.fi\/kuopionjakarjalanhiippakunta\/wp-content\/uploads\/2025\/12\/Piispojen-joulutervehdys-2025.jpg\" class=\"attachment-full size-full wp-image-13439\" alt=\"\" srcset=\"https:\/\/ort.fi\/kuopionjakarjalanhiippakunta\/wp-content\/uploads\/2025\/12\/Piispojen-joulutervehdys-2025.jpg 2172w, https:\/\/ort.fi\/kuopionjakarjalanhiippakunta\/wp-content\/uploads\/2025\/12\/Piispojen-joulutervehdys-2025-255x300.jpg 255w, https:\/\/ort.fi\/kuopionjakarjalanhiippakunta\/wp-content\/uploads\/2025\/12\/Piispojen-joulutervehdys-2025-870x1024.jpg 870w, https:\/\/ort.fi\/kuopionjakarjalanhiippakunta\/wp-content\/uploads\/2025\/12\/Piispojen-joulutervehdys-2025-768x904.jpg 768w, https:\/\/ort.fi\/kuopionjakarjalanhiippakunta\/wp-content\/uploads\/2025\/12\/Piispojen-joulutervehdys-2025-1305x1536.jpg 1305w, https:\/\/ort.fi\/kuopionjakarjalanhiippakunta\/wp-content\/uploads\/2025\/12\/Piispojen-joulutervehdys-2025-1740x2048.jpg 1740w\" sizes=\"(max-width: 2172px) 100vw, 2172px\" \/><\/div><\/a>\n\t\t\t\t<div class=\"elementor-post__text\">\n\t\t\t\t<h3 class=\"elementor-post__title\">\n\t\t\t<a href=\"https:\/\/ort.fi\/kuopionjakarjalanhiippakunta\/2025\/12\/23\/ilosanoma-kristuksen-syntymasta\/\" >\n\t\t\t\tIlosanoma Kristuksen syntym\u00e4st\u00e4\t\t\t<\/a>\n\t\t<\/h3>\n\t\t\t\t<div class=\"elementor-post__excerpt\">\n\t\t\t<p>\u201dT\u00e4n\u00e4\u00e4n on korkeudesta luoksemme tullut Vapahtaja, kirkas Koint\u00e4hti, ja me pimeydess\u00e4 ja varjossa olleet olemme l\u00f6yt\u00e4neet totuuden, sill\u00e4 Herra on syntynyt Neitseest\u00e4\u201d (Joulun aamupalveluksen eksapostilario).<\/p>\n\t\t<\/div>\n\t\t\n\t\t<a class=\"elementor-post__read-more\" href=\"https:\/\/ort.fi\/kuopionjakarjalanhiippakunta\/2025\/12\/23\/ilosanoma-kristuksen-syntymasta\/\" aria-label=\"Read more about Ilosanoma Kristuksen syntym\u00e4st\u00e4\" tabindex=\"-1\" >\n\t\t\tLue lis\u00e4\u00e4 \u00bb\t\t<\/a>\n\n\t\t\t\t<\/div>\n\t\t\t\t\t<\/div>\n\t\t<\/article>\n\t\t\t\t<article class=\"elementor-post elementor-grid-item post-13385 post type-post status-publish format-standard has-post-thumbnail hentry category-piispa\" role=\"listitem\">\n\t\t\t<div class=\"elementor-post__card\">\n\t\t\t\t<a class=\"elementor-post__thumbnail__link\" href=\"https:\/\/ort.fi\/kuopionjakarjalanhiippakunta\/2025\/12\/18\/kuusiretki\/\" tabindex=\"-1\" ><div class=\"elementor-post__thumbnail\"><img decoding=\"async\" width=\"1920\" height=\"1043\" src=\"https:\/\/ort.fi\/kuopionjakarjalanhiippakunta\/wp-content\/uploads\/2025\/12\/2025-piispojen-kuusen-haku-Toivala_A.jpg\" class=\"attachment-full size-full wp-image-13387\" alt=\"\" srcset=\"https:\/\/ort.fi\/kuopionjakarjalanhiippakunta\/wp-content\/uploads\/2025\/12\/2025-piispojen-kuusen-haku-Toivala_A.jpg 1920w, https:\/\/ort.fi\/kuopionjakarjalanhiippakunta\/wp-content\/uploads\/2025\/12\/2025-piispojen-kuusen-haku-Toivala_A-300x163.jpg 300w, https:\/\/ort.fi\/kuopionjakarjalanhiippakunta\/wp-content\/uploads\/2025\/12\/2025-piispojen-kuusen-haku-Toivala_A-1024x556.jpg 1024w, https:\/\/ort.fi\/kuopionjakarjalanhiippakunta\/wp-content\/uploads\/2025\/12\/2025-piispojen-kuusen-haku-Toivala_A-768x417.jpg 768w, https:\/\/ort.fi\/kuopionjakarjalanhiippakunta\/wp-content\/uploads\/2025\/12\/2025-piispojen-kuusen-haku-Toivala_A-1536x834.jpg 1536w\" sizes=\"(max-width: 1920px) 100vw, 1920px\" \/><\/div><\/a>\n\t\t\t\t<div class=\"elementor-post__text\">\n\t\t\t\t<h3 class=\"elementor-post__title\">\n\t\t\t<a href=\"https:\/\/ort.fi\/kuopionjakarjalanhiippakunta\/2025\/12\/18\/kuusiretki\/\" >\n\t\t\t\tKuusiretki\t\t\t<\/a>\n\t\t<\/h3>\n\t\t\t\t<div class=\"elementor-post__excerpt\">\n\t\t\t<p>Metropoliitta Arseni ja piispa Jari Jolkkonen tekiv\u00e4t 17. joulukuuta perinteisen kuusiretken Savon ammattiopistoon Kuopion Toivalaan. Toivalan mets\u00e4nhoitokoulun perinteen\u00e4 oli vuodesta 1946 l\u00e4htien lahjoittaa jouluaattona joulukuusi<\/p>\n\t\t<\/div>\n\t\t\n\t\t<a class=\"elementor-post__read-more\" href=\"https:\/\/ort.fi\/kuopionjakarjalanhiippakunta\/2025\/12\/18\/kuusiretki\/\" aria-label=\"Read more about Kuusiretki\" tabindex=\"-1\" >\n\t\t\tLue lis\u00e4\u00e4 \u00bb\t\t<\/a>\n\n\t\t\t\t<\/div>\n\t\t\t\t\t<\/div>\n\t\t<\/article>\n\t\t\t\t<article class=\"elementor-post elementor-grid-item post-13095 post type-post status-publish format-standard has-post-thumbnail hentry category-piispa\" role=\"listitem\">\n\t\t\t<div class=\"elementor-post__card\">\n\t\t\t\t<a class=\"elementor-post__thumbnail__link\" href=\"https:\/\/ort.fi\/kuopionjakarjalanhiippakunta\/2025\/11\/19\/joulumyyjaiset-kirkkomuseossa\/\" tabindex=\"-1\" ><div class=\"elementor-post__thumbnail\"><img loading=\"lazy\" decoding=\"async\" width=\"2239\" height=\"2404\" src=\"https:\/\/ort.fi\/kuopionjakarjalanhiippakunta\/wp-content\/uploads\/2025\/11\/Joulumyyjaiset-kirkkomuseossa_A.jpg\" class=\"attachment-full size-full wp-image-13097\" alt=\"\" srcset=\"https:\/\/ort.fi\/kuopionjakarjalanhiippakunta\/wp-content\/uploads\/2025\/11\/Joulumyyjaiset-kirkkomuseossa_A.jpg 2239w, https:\/\/ort.fi\/kuopionjakarjalanhiippakunta\/wp-content\/uploads\/2025\/11\/Joulumyyjaiset-kirkkomuseossa_A-279x300.jpg 279w, https:\/\/ort.fi\/kuopionjakarjalanhiippakunta\/wp-content\/uploads\/2025\/11\/Joulumyyjaiset-kirkkomuseossa_A-954x1024.jpg 954w, https:\/\/ort.fi\/kuopionjakarjalanhiippakunta\/wp-content\/uploads\/2025\/11\/Joulumyyjaiset-kirkkomuseossa_A-768x825.jpg 768w, https:\/\/ort.fi\/kuopionjakarjalanhiippakunta\/wp-content\/uploads\/2025\/11\/Joulumyyjaiset-kirkkomuseossa_A-1431x1536.jpg 1431w, https:\/\/ort.fi\/kuopionjakarjalanhiippakunta\/wp-content\/uploads\/2025\/11\/Joulumyyjaiset-kirkkomuseossa_A-1907x2048.jpg 1907w\" sizes=\"(max-width: 2239px) 100vw, 2239px\" \/><\/div><\/a>\n\t\t\t\t<div class=\"elementor-post__text\">\n\t\t\t\t<h3 class=\"elementor-post__title\">\n\t\t\t<a href=\"https:\/\/ort.fi\/kuopionjakarjalanhiippakunta\/2025\/11\/19\/joulumyyjaiset-kirkkomuseossa\/\" >\n\t\t\t\tJoulumyyj\u00e4iset kirkkomuseossa\t\t\t<\/a>\n\t\t<\/h3>\n\t\t\t\t<div class=\"elementor-post__excerpt\">\n\t\t\t<p>Suomen ortodoksinen kirkkomuseo Riisa ja kirkkomuseon yst\u00e4v\u00e4t ry j\u00e4rjest\u00e4v\u00e4t lauantaina 29. marraskuuta Kuopiossa joulumyyj\u00e4iset. Kirkkomuseon yst\u00e4v\u00e4t ry pit\u00e4\u00e4 myyj\u00e4isten yhteydess\u00e4 arpajaiset. Voittoina on muun muassa<\/p>\n\t\t<\/div>\n\t\t\n\t\t<a class=\"elementor-post__read-more\" href=\"https:\/\/ort.fi\/kuopionjakarjalanhiippakunta\/2025\/11\/19\/joulumyyjaiset-kirkkomuseossa\/\" aria-label=\"Read more about Joulumyyj\u00e4iset kirkkomuseossa\" tabindex=\"-1\" >\n\t\t\tLue lis\u00e4\u00e4 \u00bb\t\t<\/a>\n\n\t\t\t\t<\/div>\n\t\t\t\t\t<\/div>\n\t\t<\/article>\n\t\t\t\t<article class=\"elementor-post elementor-grid-item post-11543 post type-post status-publish format-standard has-post-thumbnail hentry category-piispa\" role=\"listitem\">\n\t\t\t<div class=\"elementor-post__card\">\n\t\t\t\t<a class=\"elementor-post__thumbnail__link\" href=\"https:\/\/ort.fi\/kuopionjakarjalanhiippakunta\/2025\/04\/20\/metropoliitta-palkitsi-papistoa\/\" tabindex=\"-1\" ><div class=\"elementor-post__thumbnail\"><img loading=\"lazy\" decoding=\"async\" width=\"968\" height=\"1700\" src=\"https:\/\/ort.fi\/kuopionjakarjalanhiippakunta\/wp-content\/uploads\/2025\/04\/2526_1.jpg\" class=\"attachment-full size-full wp-image-11545\" alt=\"\" srcset=\"https:\/\/ort.fi\/kuopionjakarjalanhiippakunta\/wp-content\/uploads\/2025\/04\/2526_1.jpg 968w, https:\/\/ort.fi\/kuopionjakarjalanhiippakunta\/wp-content\/uploads\/2025\/04\/2526_1-171x300.jpg 171w, https:\/\/ort.fi\/kuopionjakarjalanhiippakunta\/wp-content\/uploads\/2025\/04\/2526_1-583x1024.jpg 583w, https:\/\/ort.fi\/kuopionjakarjalanhiippakunta\/wp-content\/uploads\/2025\/04\/2526_1-768x1349.jpg 768w, https:\/\/ort.fi\/kuopionjakarjalanhiippakunta\/wp-content\/uploads\/2025\/04\/2526_1-875x1536.jpg 875w\" sizes=\"(max-width: 968px) 100vw, 968px\" \/><\/div><\/a>\n\t\t\t\t<div class=\"elementor-post__text\">\n\t\t\t\t<h3 class=\"elementor-post__title\">\n\t\t\t<a href=\"https:\/\/ort.fi\/kuopionjakarjalanhiippakunta\/2025\/04\/20\/metropoliitta-palkitsi-papistoa\/\" >\n\t\t\t\tMetropoliitta palkitsi papistoa\t\t\t<\/a>\n\t\t<\/h3>\n\t\t\t\t<div class=\"elementor-post__excerpt\">\n\t\t\t<p>Kuopion ja Karjalan metropoliitta Arseni on my\u00f6nt\u00e4nyt p\u00e4\u00e4si\u00e4isen\u00e4 2025 huomionosoituksen nelj\u00e4lle papiston j\u00e4senelle hiippakunnassaan. Rovasti arvon metropoliitta suo pastori Martti H\u00e4nniselle Lapinlahdelta. Pastori Martti on<\/p>\n\t\t<\/div>\n\t\t\n\t\t<a class=\"elementor-post__read-more\" href=\"https:\/\/ort.fi\/kuopionjakarjalanhiippakunta\/2025\/04\/20\/metropoliitta-palkitsi-papistoa\/\" aria-label=\"Read more about Metropoliitta palkitsi papistoa\" tabindex=\"-1\" >\n\t\t\tLue lis\u00e4\u00e4 \u00bb\t\t<\/a>\n\n\t\t\t\t<\/div>\n\t\t\t\t\t<\/div>\n\t\t<\/article>\n\t\t\t\t<article class=\"elementor-post elementor-grid-item post-11533 post type-post status-publish format-standard has-post-thumbnail hentry category-piispa\" role=\"listitem\">\n\t\t\t<div class=\"elementor-post__card\">\n\t\t\t\t<a class=\"elementor-post__thumbnail__link\" href=\"https:\/\/ort.fi\/kuopionjakarjalanhiippakunta\/2025\/04\/19\/korvaamaton-lahja\/\" tabindex=\"-1\" ><div class=\"elementor-post__thumbnail\"><img loading=\"lazy\" decoding=\"async\" width=\"2040\" height=\"2286\" src=\"https:\/\/ort.fi\/kuopionjakarjalanhiippakunta\/wp-content\/uploads\/2025\/04\/Korvaamaton-lahja-19.4.2025.jpg\" class=\"attachment-full size-full wp-image-11535\" alt=\"\" srcset=\"https:\/\/ort.fi\/kuopionjakarjalanhiippakunta\/wp-content\/uploads\/2025\/04\/Korvaamaton-lahja-19.4.2025.jpg 2040w, https:\/\/ort.fi\/kuopionjakarjalanhiippakunta\/wp-content\/uploads\/2025\/04\/Korvaamaton-lahja-19.4.2025-268x300.jpg 268w, https:\/\/ort.fi\/kuopionjakarjalanhiippakunta\/wp-content\/uploads\/2025\/04\/Korvaamaton-lahja-19.4.2025-914x1024.jpg 914w, https:\/\/ort.fi\/kuopionjakarjalanhiippakunta\/wp-content\/uploads\/2025\/04\/Korvaamaton-lahja-19.4.2025-768x861.jpg 768w, https:\/\/ort.fi\/kuopionjakarjalanhiippakunta\/wp-content\/uploads\/2025\/04\/Korvaamaton-lahja-19.4.2025-1371x1536.jpg 1371w, https:\/\/ort.fi\/kuopionjakarjalanhiippakunta\/wp-content\/uploads\/2025\/04\/Korvaamaton-lahja-19.4.2025-1828x2048.jpg 1828w\" sizes=\"(max-width: 2040px) 100vw, 2040px\" \/><\/div><\/a>\n\t\t\t\t<div class=\"elementor-post__text\">\n\t\t\t\t<h3 class=\"elementor-post__title\">\n\t\t\t<a href=\"https:\/\/ort.fi\/kuopionjakarjalanhiippakunta\/2025\/04\/19\/korvaamaton-lahja\/\" >\n\t\t\t\tKorvaamaton lahja\t\t\t<\/a>\n\t\t<\/h3>\n\t\t\t\t<div class=\"elementor-post__excerpt\">\n\t\t\t<p>Suomen ortodoksisen kirkon piispainkokouksen p\u00e4\u00e4si\u00e4istervehdys 2025. Olemme saaneet j\u00e4lleen edet\u00e4 n\u00e4ihin yl\u00f6snousemusjuhlan p\u00e4iviin, joita pyh\u00e4 kirkkomme kuvailee p\u00e4\u00e4si\u00e4iskanonissa \u201djuhlien juhlaksi ja riemujen riemuksi\u201d (3. veisun<\/p>\n\t\t<\/div>\n\t\t\n\t\t<a class=\"elementor-post__read-more\" href=\"https:\/\/ort.fi\/kuopionjakarjalanhiippakunta\/2025\/04\/19\/korvaamaton-lahja\/\" aria-label=\"Read more about Korvaamaton lahja\" tabindex=\"-1\" >\n\t\t\tLue lis\u00e4\u00e4 \u00bb\t\t<\/a>\n\n\t\t\t\t<\/div>\n\t\t\t\t\t<\/div>\n\t\t<\/article>\n\t\t\t\t<article class=\"elementor-post elementor-grid-item post-10757 post type-post status-publish format-standard has-post-thumbnail hentry category-piispa\" role=\"listitem\">\n\t\t\t<div class=\"elementor-post__card\">\n\t\t\t\t<a class=\"elementor-post__thumbnail__link\" href=\"https:\/\/ort.fi\/kuopionjakarjalanhiippakunta\/2025\/03\/01\/paaston-hyvat-teot-salassa\/\" tabindex=\"-1\" ><div class=\"elementor-post__thumbnail\"><img loading=\"lazy\" decoding=\"async\" width=\"2560\" height=\"1347\" src=\"https:\/\/ort.fi\/kuopionjakarjalanhiippakunta\/wp-content\/uploads\/2025\/03\/Paaston-hyvat-teot-salassa-1.3.2025-scaled.jpg\" class=\"attachment-full size-full wp-image-10763\" alt=\"\" srcset=\"https:\/\/ort.fi\/kuopionjakarjalanhiippakunta\/wp-content\/uploads\/2025\/03\/Paaston-hyvat-teot-salassa-1.3.2025-scaled.jpg 2560w, https:\/\/ort.fi\/kuopionjakarjalanhiippakunta\/wp-content\/uploads\/2025\/03\/Paaston-hyvat-teot-salassa-1.3.2025-300x158.jpg 300w, https:\/\/ort.fi\/kuopionjakarjalanhiippakunta\/wp-content\/uploads\/2025\/03\/Paaston-hyvat-teot-salassa-1.3.2025-1024x539.jpg 1024w, https:\/\/ort.fi\/kuopionjakarjalanhiippakunta\/wp-content\/uploads\/2025\/03\/Paaston-hyvat-teot-salassa-1.3.2025-768x404.jpg 768w, https:\/\/ort.fi\/kuopionjakarjalanhiippakunta\/wp-content\/uploads\/2025\/03\/Paaston-hyvat-teot-salassa-1.3.2025-1536x808.jpg 1536w, https:\/\/ort.fi\/kuopionjakarjalanhiippakunta\/wp-content\/uploads\/2025\/03\/Paaston-hyvat-teot-salassa-1.3.2025-2048x1078.jpg 2048w\" sizes=\"(max-width: 2560px) 100vw, 2560px\" \/><\/div><\/a>\n\t\t\t\t<div class=\"elementor-post__text\">\n\t\t\t\t<h3 class=\"elementor-post__title\">\n\t\t\t<a href=\"https:\/\/ort.fi\/kuopionjakarjalanhiippakunta\/2025\/03\/01\/paaston-hyvat-teot-salassa\/\" >\n\t\t\t\t\u201dPaaston hyv\u00e4t teot salassa\u201d\t\t\t<\/a>\n\t\t<\/h3>\n\t\t\t\t<div class=\"elementor-post__excerpt\">\n\t\t\t<p>Kuopion ja Karjalan metropoliitan Arsenin paimenkirje suuren paaston alkaessa Herran vuonna 2025. Kristuksessa rakkaat is\u00e4t, veljet ja sisaret Kuopion ja Karjalan hiippakunnan seurakunnissa, pyhiss\u00e4 luostareissa<\/p>\n\t\t<\/div>\n\t\t\n\t\t<a class=\"elementor-post__read-more\" href=\"https:\/\/ort.fi\/kuopionjakarjalanhiippakunta\/2025\/03\/01\/paaston-hyvat-teot-salassa\/\" aria-label=\"Read more about \u201dPaaston hyv\u00e4t teot salassa\u201d\" tabindex=\"-1\" >\n\t\t\tLue lis\u00e4\u00e4 \u00bb\t\t<\/a>\n\n\t\t\t\t<\/div>\n\t\t\t\t\t<\/div>\n\t\t<\/article>\n\t\t\t\t<article class=\"elementor-post elementor-grid-item post-10185 post type-post status-publish format-standard has-post-thumbnail hentry category-piispa\" role=\"listitem\">\n\t\t\t<div class=\"elementor-post__card\">\n\t\t\t\t<a class=\"elementor-post__thumbnail__link\" href=\"https:\/\/ort.fi\/kuopionjakarjalanhiippakunta\/2025\/01\/28\/20-vuotta-piispallista-palvelusta\/\" tabindex=\"-1\" ><div class=\"elementor-post__thumbnail\"><img loading=\"lazy\" decoding=\"async\" width=\"2560\" height=\"1920\" src=\"https:\/\/ort.fi\/kuopionjakarjalanhiippakunta\/wp-content\/uploads\/2025\/01\/20-vuotta-piispallista-palvelusta-scaled.jpg\" class=\"attachment-full size-full wp-image-10195\" alt=\"\" srcset=\"https:\/\/ort.fi\/kuopionjakarjalanhiippakunta\/wp-content\/uploads\/2025\/01\/20-vuotta-piispallista-palvelusta-scaled.jpg 2560w, https:\/\/ort.fi\/kuopionjakarjalanhiippakunta\/wp-content\/uploads\/2025\/01\/20-vuotta-piispallista-palvelusta-300x225.jpg 300w, https:\/\/ort.fi\/kuopionjakarjalanhiippakunta\/wp-content\/uploads\/2025\/01\/20-vuotta-piispallista-palvelusta-1024x768.jpg 1024w, https:\/\/ort.fi\/kuopionjakarjalanhiippakunta\/wp-content\/uploads\/2025\/01\/20-vuotta-piispallista-palvelusta-768x576.jpg 768w, https:\/\/ort.fi\/kuopionjakarjalanhiippakunta\/wp-content\/uploads\/2025\/01\/20-vuotta-piispallista-palvelusta-1536x1152.jpg 1536w, https:\/\/ort.fi\/kuopionjakarjalanhiippakunta\/wp-content\/uploads\/2025\/01\/20-vuotta-piispallista-palvelusta-2048x1536.jpg 2048w\" sizes=\"(max-width: 2560px) 100vw, 2560px\" \/><\/div><\/a>\n\t\t\t\t<div class=\"elementor-post__text\">\n\t\t\t\t<h3 class=\"elementor-post__title\">\n\t\t\t<a href=\"https:\/\/ort.fi\/kuopionjakarjalanhiippakunta\/2025\/01\/28\/20-vuotta-piispallista-palvelusta\/\" >\n\t\t\t\t20 vuotta piispallista palvelusta\t\t\t<\/a>\n\t\t<\/h3>\n\t\t\t\t<div class=\"elementor-post__excerpt\">\n\t\t\t<p>Rovasti Bogdan Grosun puhe Pyh\u00e4n Nikolaoksen katedraalissa Kuopiossa 23. tammikuuta 2025 Korkeasti pyhitetyt is\u00e4t esipaimenet, arvoisat is\u00e4t, veljet ja sisaret. Olemme t\u00e4n\u00e4\u00e4n laulaneet kirkossa useaan<\/p>\n\t\t<\/div>\n\t\t\n\t\t<a class=\"elementor-post__read-more\" href=\"https:\/\/ort.fi\/kuopionjakarjalanhiippakunta\/2025\/01\/28\/20-vuotta-piispallista-palvelusta\/\" aria-label=\"Read more about 20 vuotta piispallista palvelusta\" tabindex=\"-1\" >\n\t\t\tLue lis\u00e4\u00e4 \u00bb\t\t<\/a>\n\n\t\t\t\t<\/div>\n\t\t\t\t\t<\/div>\n\t\t<\/article>\n\t\t\t\t<article class=\"elementor-post elementor-grid-item post-10169 post type-post status-publish format-standard has-post-thumbnail hentry category-piispa\" role=\"listitem\">\n\t\t\t<div class=\"elementor-post__card\">\n\t\t\t\t<a class=\"elementor-post__thumbnail__link\" href=\"https:\/\/ort.fi\/kuopionjakarjalanhiippakunta\/2025\/01\/28\/patriarkan-onnittelu-metropoliitta-arsenille\/\" tabindex=\"-1\" ><div class=\"elementor-post__thumbnail\"><img loading=\"lazy\" decoding=\"async\" width=\"1509\" height=\"1588\" src=\"https:\/\/ort.fi\/kuopionjakarjalanhiippakunta\/wp-content\/uploads\/2025\/01\/Patriarkan-onnittelu-metropoliitta-Arsenille_1_-22.1.2025.jpg\" class=\"attachment-full size-full wp-image-10173\" alt=\"\" srcset=\"https:\/\/ort.fi\/kuopionjakarjalanhiippakunta\/wp-content\/uploads\/2025\/01\/Patriarkan-onnittelu-metropoliitta-Arsenille_1_-22.1.2025.jpg 1509w, https:\/\/ort.fi\/kuopionjakarjalanhiippakunta\/wp-content\/uploads\/2025\/01\/Patriarkan-onnittelu-metropoliitta-Arsenille_1_-22.1.2025-285x300.jpg 285w, https:\/\/ort.fi\/kuopionjakarjalanhiippakunta\/wp-content\/uploads\/2025\/01\/Patriarkan-onnittelu-metropoliitta-Arsenille_1_-22.1.2025-973x1024.jpg 973w, https:\/\/ort.fi\/kuopionjakarjalanhiippakunta\/wp-content\/uploads\/2025\/01\/Patriarkan-onnittelu-metropoliitta-Arsenille_1_-22.1.2025-768x808.jpg 768w, https:\/\/ort.fi\/kuopionjakarjalanhiippakunta\/wp-content\/uploads\/2025\/01\/Patriarkan-onnittelu-metropoliitta-Arsenille_1_-22.1.2025-1460x1536.jpg 1460w\" sizes=\"(max-width: 1509px) 100vw, 1509px\" \/><\/div><\/a>\n\t\t\t\t<div class=\"elementor-post__text\">\n\t\t\t\t<h3 class=\"elementor-post__title\">\n\t\t\t<a href=\"https:\/\/ort.fi\/kuopionjakarjalanhiippakunta\/2025\/01\/28\/patriarkan-onnittelu-metropoliitta-arsenille\/\" >\n\t\t\t\tPatriarkan onnittelu metropoliitta Arsenille\t\t\t<\/a>\n\t\t<\/h3>\n\t\t\t\t<div class=\"elementor-post__excerpt\">\n\t\t\t<p>Kunnioitettu Kuopion ja Karjalan metropoliitta, Pyh\u00e4ss\u00e4 Hengess\u00e4 rakas veli ja meid\u00e4n n\u00f6yryytemme kanssapalvelija is\u00e4 Arseni, Jumalan armo ja rauha olkoon teid\u00e4n pyhyytenne kanssa. Jumalallisesta armosta<\/p>\n\t\t<\/div>\n\t\t\n\t\t<a class=\"elementor-post__read-more\" href=\"https:\/\/ort.fi\/kuopionjakarjalanhiippakunta\/2025\/01\/28\/patriarkan-onnittelu-metropoliitta-arsenille\/\" aria-label=\"Read more about Patriarkan onnittelu metropoliitta Arsenille\" tabindex=\"-1\" >\n\t\t\tLue lis\u00e4\u00e4 \u00bb\t\t<\/a>\n\n\t\t\t\t<\/div>\n\t\t\t\t\t<\/div>\n\t\t<\/article>\n\t\t\t\t<\/div>\n\t\t\n\t\t\t\t<div class=\"e-load-more-anchor\" data-page=\"1\" data-max-page=\"7\" data-next-page=\"https:\/\/ort.fi\/kuopionjakarjalanhiippakunta\/wp-json\/wp\/v2\/pages\/43\/page\/2\/\"><\/div>\n\t\t\t\t<nav class=\"elementor-pagination\" aria-label=\"Pagination\">\n\t\t\t<span class=\"page-numbers prev\">&laquo; Edellinen sivu<\/span>\n<span aria-current=\"page\" class=\"page-numbers current\"><span class=\"elementor-screen-only\">Page<\/span>1<\/span>\n<a class=\"page-numbers\" href=\"https:\/\/ort.fi\/kuopionjakarjalanhiippakunta\/wp-json\/wp\/v2\/pages\/43\/page\/2\/\"><span class=\"elementor-screen-only\">Page<\/span>2<\/a>\n<a class=\"page-numbers\" href=\"https:\/\/ort.fi\/kuopionjakarjalanhiippakunta\/wp-json\/wp\/v2\/pages\/43\/page\/3\/\"><span class=\"elementor-screen-only\">Page<\/span>3<\/a>\n<a class=\"page-numbers\" href=\"https:\/\/ort.fi\/kuopionjakarjalanhiippakunta\/wp-json\/wp\/v2\/pages\/43\/page\/4\/\"><span class=\"elementor-screen-only\">Page<\/span>4<\/a>\n<a class=\"page-numbers\" href=\"https:\/\/ort.fi\/kuopionjakarjalanhiippakunta\/wp-json\/wp\/v2\/pages\/43\/page\/5\/\"><span class=\"elementor-screen-only\">Page<\/span>5<\/a>\n<a class=\"page-numbers\" href=\"https:\/\/ort.fi\/kuopionjakarjalanhiippakunta\/wp-json\/wp\/v2\/pages\/43\/page\/6\/\"><span class=\"elementor-screen-only\">Page<\/span>6<\/a>\n<a class=\"page-numbers\" href=\"https:\/\/ort.fi\/kuopionjakarjalanhiippakunta\/wp-json\/wp\/v2\/pages\/43\/page\/7\/\"><span class=\"elementor-screen-only\">Page<\/span>7<\/a>\n<a class=\"page-numbers next\" href=\"https:\/\/ort.fi\/kuopionjakarjalanhiippakunta\/wp-json\/wp\/v2\/pages\/43\/page\/2\/\">Seuraava sivu &raquo;<\/a>\t\t<\/nav>\n\t\t\t\t\t\t<\/div>\n\t\t\t\t<\/div>\n\t\t\t\t\t<\/div>\n\t\t\t\t<\/div>\n\t\t\t\t<\/div>\n\t\t","protected":false},"excerpt":{"rendered":"<p>PIISPA<\/p>\n","protected":false},"author":1,"featured_media":0,"parent":0,"menu_order":0,"comment_status":"closed","ping_status":"closed","template":"","meta":{"_eb_attr":"","footnotes":""},"class_list":["post-43","page","type-page","status-publish","hentry"],"_links":{"self":[{"href":"https:\/\/ort.fi\/kuopionjakarjalanhiippakunta\/wp-json\/wp\/v2\/pages\/43","targetHints":{"allow":["GET"]}}],"collection":[{"href":"https:\/\/ort.fi\/kuopionjakarjalanhiippakunta\/wp-json\/wp\/v2\/pages"}],"about":[{"href":"https:\/\/ort.fi\/kuopionjakarjalanhiippakunta\/wp-json\/wp\/v2\/types\/page"}],"author":[{"embeddable":true,"href":"https:\/\/ort.fi\/kuopionjakarjalanhiippakunta\/wp-json\/wp\/v2\/users\/1"}],"replies":[{"embeddable":true,"href":"https:\/\/ort.fi\/kuopionjakarjalanhiippakunta\/wp-json\/wp\/v2\/comments?post=43"}],"version-history":[{"count":22,"href":"https:\/\/ort.fi\/kuopionjakarjalanhiippakunta\/wp-json\/wp\/v2\/pages\/43\/revisions"}],"predecessor-version":[{"id":9907,"href":"https:\/\/ort.fi\/kuopionjakarjalanhiippakunta\/wp-json\/wp\/v2\/pages\/43\/revisions\/9907"}],"wp:attachment":[{"href":"https:\/\/ort.fi\/kuopionjakarjalanhiippakunta\/wp-json\/wp\/v2\/media?parent=43"}],"curies":[{"name":"wp","href":"https:\/\/api.w.org\/{rel}","templated":true}]}}