{"id":39,"date":"2024-12-26T15:25:50","date_gmt":"2024-12-26T13:25:50","guid":{"rendered":"https:\/\/ort.fi\/uusikuopionjakarjalanhiippakunta\/?page_id=39"},"modified":"2025-01-15T16:24:48","modified_gmt":"2025-01-15T14:24:48","slug":"hiippakunta","status":"publish","type":"page","link":"https:\/\/ort.fi\/kuopionjakarjalanhiippakunta\/hiippakunta\/","title":{"rendered":"Hiippakunta"},"content":{"rendered":"\t\t<div data-elementor-type=\"wp-page\" data-elementor-id=\"39\" class=\"elementor elementor-39\" data-elementor-post-type=\"page\">\n\t\t\t\t<div class=\"elementor-element elementor-element-f678ced e-flex e-con-boxed e-con e-parent\" data-id=\"f678ced\" data-element_type=\"container\" data-e-type=\"container\">\n\t\t\t\t\t<div class=\"e-con-inner\">\n\t\t\t\t<div class=\"elementor-element elementor-element-e08749d elementor-widget elementor-widget-heading\" data-id=\"e08749d\" data-element_type=\"widget\" data-e-type=\"widget\" data-widget_type=\"heading.default\">\n\t\t\t\t<div class=\"elementor-widget-container\">\n\t\t\t\t\t<h1 class=\"elementor-heading-title elementor-size-default\">HIIPPAKUNTA<\/h1>\t\t\t\t<\/div>\n\t\t\t\t<\/div>\n\t\t\t\t\t<\/div>\n\t\t\t\t<\/div>\n\t\t<div class=\"elementor-element elementor-element-627ad74 e-flex e-con-boxed e-con e-parent\" data-id=\"627ad74\" data-element_type=\"container\" data-e-type=\"container\">\n\t\t\t\t\t<div class=\"e-con-inner\">\n\t\t\t\t<div class=\"elementor-element elementor-element-410a4f4 elementor-grid-3 elementor-grid-tablet-2 elementor-grid-mobile-1 elementor-posts--thumbnail-top elementor-card-shadow-yes elementor-posts__hover-gradient elementor-widget elementor-widget-posts\" data-id=\"410a4f4\" data-element_type=\"widget\" data-e-type=\"widget\" data-settings=\"{&quot;pagination_type&quot;:&quot;numbers_and_prev_next&quot;,&quot;cards_columns&quot;:&quot;3&quot;,&quot;cards_columns_tablet&quot;:&quot;2&quot;,&quot;cards_columns_mobile&quot;:&quot;1&quot;,&quot;cards_row_gap&quot;:{&quot;unit&quot;:&quot;px&quot;,&quot;size&quot;:35,&quot;sizes&quot;:[]},&quot;cards_row_gap_tablet&quot;:{&quot;unit&quot;:&quot;px&quot;,&quot;size&quot;:&quot;&quot;,&quot;sizes&quot;:[]},&quot;cards_row_gap_mobile&quot;:{&quot;unit&quot;:&quot;px&quot;,&quot;size&quot;:&quot;&quot;,&quot;sizes&quot;:[]}}\" data-widget_type=\"posts.cards\">\n\t\t\t\t<div class=\"elementor-widget-container\">\n\t\t\t\t\t\t\t<div class=\"elementor-posts-container elementor-posts elementor-posts--skin-cards elementor-grid\" role=\"list\">\n\t\t\t\t<article class=\"elementor-post elementor-grid-item post-14227 post type-post status-publish format-standard has-post-thumbnail hentry category-hiippakunta\" role=\"listitem\">\n\t\t\t<div class=\"elementor-post__card\">\n\t\t\t\t<a class=\"elementor-post__thumbnail__link\" href=\"https:\/\/ort.fi\/kuopionjakarjalanhiippakunta\/2026\/03\/23\/haku-hiippakuntasihteerin-toimeen\/\" tabindex=\"-1\" ><div class=\"elementor-post__thumbnail\"><img fetchpriority=\"high\" decoding=\"async\" width=\"1900\" height=\"1196\" src=\"https:\/\/ort.fi\/kuopionjakarjalanhiippakunta\/wp-content\/uploads\/2025\/01\/Avoinna-hiippakuntasihteerin-toimi-20.1.2025.jpg\" class=\"attachment-full size-full wp-image-10043\" alt=\"\" srcset=\"https:\/\/ort.fi\/kuopionjakarjalanhiippakunta\/wp-content\/uploads\/2025\/01\/Avoinna-hiippakuntasihteerin-toimi-20.1.2025.jpg 1900w, https:\/\/ort.fi\/kuopionjakarjalanhiippakunta\/wp-content\/uploads\/2025\/01\/Avoinna-hiippakuntasihteerin-toimi-20.1.2025-300x189.jpg 300w, https:\/\/ort.fi\/kuopionjakarjalanhiippakunta\/wp-content\/uploads\/2025\/01\/Avoinna-hiippakuntasihteerin-toimi-20.1.2025-1024x645.jpg 1024w, https:\/\/ort.fi\/kuopionjakarjalanhiippakunta\/wp-content\/uploads\/2025\/01\/Avoinna-hiippakuntasihteerin-toimi-20.1.2025-768x483.jpg 768w, https:\/\/ort.fi\/kuopionjakarjalanhiippakunta\/wp-content\/uploads\/2025\/01\/Avoinna-hiippakuntasihteerin-toimi-20.1.2025-1536x967.jpg 1536w\" sizes=\"(max-width: 1900px) 100vw, 1900px\" \/><\/div><\/a>\n\t\t\t\t<div class=\"elementor-post__text\">\n\t\t\t\t<h2 class=\"elementor-post__title\">\n\t\t\t<a href=\"https:\/\/ort.fi\/kuopionjakarjalanhiippakunta\/2026\/03\/23\/haku-hiippakuntasihteerin-toimeen\/\" >\n\t\t\t\tHaku hiippakuntasihteerin toimeen\t\t\t<\/a>\n\t\t<\/h2>\n\t\t\t\t<div class=\"elementor-post__excerpt\">\n\t\t\t<p>Hiippakuntasihteerin toimi Kuopion ja Karjalan hiippakunnassa on haettavana hiippakuntasihteerin ty\u00f6sopimussuhteinen toimi. Teht\u00e4v\u00e4ss\u00e4 olevalla tulee olla ortodoksisen teologian ylempi korkeakoulututkinto, muu teologian ylempi korkeakoulututkinto tai Suomen ortodoksisessa pappisseminaarissa suoritettu pappiskandidaatin tutkinto<\/p>\n\t\t<\/div>\n\t\t\n\t\t<a class=\"elementor-post__read-more\" href=\"https:\/\/ort.fi\/kuopionjakarjalanhiippakunta\/2026\/03\/23\/haku-hiippakuntasihteerin-toimeen\/\" aria-label=\"Read more about Haku hiippakuntasihteerin toimeen\" tabindex=\"-1\" >\n\t\t\tLue lis\u00e4\u00e4 \u00bb\t\t<\/a>\n\n\t\t\t\t<\/div>\n\t\t\t\t\t<\/div>\n\t\t<\/article>\n\t\t\t\t<article class=\"elementor-post elementor-grid-item post-13847 post type-post status-publish format-standard has-post-thumbnail hentry category-hiippakunta\" role=\"listitem\">\n\t\t\t<div class=\"elementor-post__card\">\n\t\t\t\t<a class=\"elementor-post__thumbnail__link\" href=\"https:\/\/ort.fi\/kuopionjakarjalanhiippakunta\/2026\/01\/31\/hiippakuntaneuvosto\/\" tabindex=\"-1\" ><div class=\"elementor-post__thumbnail\"><img decoding=\"async\" width=\"2560\" height=\"1631\" src=\"https:\/\/ort.fi\/kuopionjakarjalanhiippakunta\/wp-content\/uploads\/2026\/01\/Hiippakuntaneuvosto_A-scaled.jpg\" class=\"attachment-full size-full wp-image-13849\" alt=\"\" srcset=\"https:\/\/ort.fi\/kuopionjakarjalanhiippakunta\/wp-content\/uploads\/2026\/01\/Hiippakuntaneuvosto_A-scaled.jpg 2560w, https:\/\/ort.fi\/kuopionjakarjalanhiippakunta\/wp-content\/uploads\/2026\/01\/Hiippakuntaneuvosto_A-300x191.jpg 300w, https:\/\/ort.fi\/kuopionjakarjalanhiippakunta\/wp-content\/uploads\/2026\/01\/Hiippakuntaneuvosto_A-1024x652.jpg 1024w, https:\/\/ort.fi\/kuopionjakarjalanhiippakunta\/wp-content\/uploads\/2026\/01\/Hiippakuntaneuvosto_A-768x489.jpg 768w, https:\/\/ort.fi\/kuopionjakarjalanhiippakunta\/wp-content\/uploads\/2026\/01\/Hiippakuntaneuvosto_A-1536x979.jpg 1536w, https:\/\/ort.fi\/kuopionjakarjalanhiippakunta\/wp-content\/uploads\/2026\/01\/Hiippakuntaneuvosto_A-2048x1305.jpg 2048w\" sizes=\"(max-width: 2560px) 100vw, 2560px\" \/><\/div><\/a>\n\t\t\t\t<div class=\"elementor-post__text\">\n\t\t\t\t<h2 class=\"elementor-post__title\">\n\t\t\t<a href=\"https:\/\/ort.fi\/kuopionjakarjalanhiippakunta\/2026\/01\/31\/hiippakuntaneuvosto\/\" >\n\t\t\t\tHiippakuntaneuvosto\t\t\t<\/a>\n\t\t<\/h2>\n\t\t\t\t<div class=\"elementor-post__excerpt\">\n\t\t\t<p>Kuopion ja Karjalan hiippakuntaneuvosto kokoontui lauantaina 31. tammikuuta Kuopiossa. Kirkon keskustalossa pidetyn hiippakuntaneuvoston kokouksen teemana oli tiedotus. Savon Sanomien p\u00e4\u00e4toimittaja Matti Pietil\u00e4inen kertoi aiheesta \u201dJournalismi ja tiedotus\u201d ja toimitusp\u00e4\u00e4llikk\u00f6 Mauri<\/p>\n\t\t<\/div>\n\t\t\n\t\t<a class=\"elementor-post__read-more\" href=\"https:\/\/ort.fi\/kuopionjakarjalanhiippakunta\/2026\/01\/31\/hiippakuntaneuvosto\/\" aria-label=\"Read more about Hiippakuntaneuvosto\" tabindex=\"-1\" >\n\t\t\tLue lis\u00e4\u00e4 \u00bb\t\t<\/a>\n\n\t\t\t\t<\/div>\n\t\t\t\t\t<\/div>\n\t\t<\/article>\n\t\t\t\t<article class=\"elementor-post elementor-grid-item post-13411 post type-post status-publish format-standard has-post-thumbnail hentry category-hiippakunta\" role=\"listitem\">\n\t\t\t<div class=\"elementor-post__card\">\n\t\t\t\t<a class=\"elementor-post__thumbnail__link\" href=\"https:\/\/ort.fi\/kuopionjakarjalanhiippakunta\/2025\/12\/21\/joulun-jumalanpalvelukset\/\" tabindex=\"-1\" ><div class=\"elementor-post__thumbnail\"><img decoding=\"async\" width=\"2560\" height=\"2239\" src=\"https:\/\/ort.fi\/kuopionjakarjalanhiippakunta\/wp-content\/uploads\/2025\/12\/Joulun-jumalanpalvelukset_A-scaled.jpg\" class=\"attachment-full size-full wp-image-13413\" alt=\"\" srcset=\"https:\/\/ort.fi\/kuopionjakarjalanhiippakunta\/wp-content\/uploads\/2025\/12\/Joulun-jumalanpalvelukset_A-scaled.jpg 2560w, https:\/\/ort.fi\/kuopionjakarjalanhiippakunta\/wp-content\/uploads\/2025\/12\/Joulun-jumalanpalvelukset_A-300x262.jpg 300w, https:\/\/ort.fi\/kuopionjakarjalanhiippakunta\/wp-content\/uploads\/2025\/12\/Joulun-jumalanpalvelukset_A-1024x895.jpg 1024w, https:\/\/ort.fi\/kuopionjakarjalanhiippakunta\/wp-content\/uploads\/2025\/12\/Joulun-jumalanpalvelukset_A-768x672.jpg 768w, https:\/\/ort.fi\/kuopionjakarjalanhiippakunta\/wp-content\/uploads\/2025\/12\/Joulun-jumalanpalvelukset_A-1536x1343.jpg 1536w, https:\/\/ort.fi\/kuopionjakarjalanhiippakunta\/wp-content\/uploads\/2025\/12\/Joulun-jumalanpalvelukset_A-2048x1791.jpg 2048w\" sizes=\"(max-width: 2560px) 100vw, 2560px\" \/><\/div><\/a>\n\t\t\t\t<div class=\"elementor-post__text\">\n\t\t\t\t<h2 class=\"elementor-post__title\">\n\t\t\t<a href=\"https:\/\/ort.fi\/kuopionjakarjalanhiippakunta\/2025\/12\/21\/joulun-jumalanpalvelukset\/\" >\n\t\t\t\tJoulun jumalanpalvelukset\t\t\t<\/a>\n\t\t<\/h2>\n\t\t\t\t<div class=\"elementor-post__excerpt\">\n\t\t\t<p>Kuopion ja Karjalan hiippakunnan kotikirkossa (Karjalankatu 1, Kuopio) toimitetaan jouluna 2025 kolme jumalanpalvelusta. Herramme Jeesuksen Kristuksen syntym\u00e4n aattoJouluaattona keskiviikkona 24.12. palvellaan klo 8 alkaen suuri hetkipalvelus, ehtoopalvelus ja Basileios Suuren<\/p>\n\t\t<\/div>\n\t\t\n\t\t<a class=\"elementor-post__read-more\" href=\"https:\/\/ort.fi\/kuopionjakarjalanhiippakunta\/2025\/12\/21\/joulun-jumalanpalvelukset\/\" aria-label=\"Read more about Joulun jumalanpalvelukset\" tabindex=\"-1\" >\n\t\t\tLue lis\u00e4\u00e4 \u00bb\t\t<\/a>\n\n\t\t\t\t<\/div>\n\t\t\t\t\t<\/div>\n\t\t<\/article>\n\t\t\t\t<article class=\"elementor-post elementor-grid-item post-12975 post type-post status-publish format-standard has-post-thumbnail hentry category-hiippakunta\" role=\"listitem\">\n\t\t\t<div class=\"elementor-post__card\">\n\t\t\t\t<a class=\"elementor-post__thumbnail__link\" href=\"https:\/\/ort.fi\/kuopionjakarjalanhiippakunta\/2025\/11\/05\/lausunnot-toimintasuunnitelmiin\/\" tabindex=\"-1\" ><div class=\"elementor-post__thumbnail\"><img loading=\"lazy\" decoding=\"async\" width=\"2560\" height=\"1920\" src=\"https:\/\/ort.fi\/kuopionjakarjalanhiippakunta\/wp-content\/uploads\/2025\/11\/Lausunnot-toimintasuunnitelmiin_A-scaled.jpg\" class=\"attachment-full size-full wp-image-12977\" alt=\"\" srcset=\"https:\/\/ort.fi\/kuopionjakarjalanhiippakunta\/wp-content\/uploads\/2025\/11\/Lausunnot-toimintasuunnitelmiin_A-scaled.jpg 2560w, https:\/\/ort.fi\/kuopionjakarjalanhiippakunta\/wp-content\/uploads\/2025\/11\/Lausunnot-toimintasuunnitelmiin_A-300x225.jpg 300w, https:\/\/ort.fi\/kuopionjakarjalanhiippakunta\/wp-content\/uploads\/2025\/11\/Lausunnot-toimintasuunnitelmiin_A-1024x768.jpg 1024w, https:\/\/ort.fi\/kuopionjakarjalanhiippakunta\/wp-content\/uploads\/2025\/11\/Lausunnot-toimintasuunnitelmiin_A-768x576.jpg 768w, https:\/\/ort.fi\/kuopionjakarjalanhiippakunta\/wp-content\/uploads\/2025\/11\/Lausunnot-toimintasuunnitelmiin_A-1536x1152.jpg 1536w, https:\/\/ort.fi\/kuopionjakarjalanhiippakunta\/wp-content\/uploads\/2025\/11\/Lausunnot-toimintasuunnitelmiin_A-2048x1536.jpg 2048w\" sizes=\"(max-width: 2560px) 100vw, 2560px\" \/><\/div><\/a>\n\t\t\t\t<div class=\"elementor-post__text\">\n\t\t\t\t<h2 class=\"elementor-post__title\">\n\t\t\t<a href=\"https:\/\/ort.fi\/kuopionjakarjalanhiippakunta\/2025\/11\/05\/lausunnot-toimintasuunnitelmiin\/\" >\n\t\t\t\tLausunnot toimintasuunnitelmiin\t\t\t<\/a>\n\t\t<\/h2>\n\t\t\t\t<div class=\"elementor-post__excerpt\">\n\t\t\t<p>Metropoliitta Arseni on antanut 4. marraskuuta lausuntonsa Kuopion ja Karjalan hiippakunnan seurakuntien ensi vuoden talousarvioihin sek\u00e4 toiminta\u2013 ja taloussuunnitelmiin vuosille 2026\u20132028. Luostarit ja seurakunnat toimittavat vuosittain talousarviot, toiminta- ja taloussuunnitelmat<\/p>\n\t\t<\/div>\n\t\t\n\t\t<a class=\"elementor-post__read-more\" href=\"https:\/\/ort.fi\/kuopionjakarjalanhiippakunta\/2025\/11\/05\/lausunnot-toimintasuunnitelmiin\/\" aria-label=\"Read more about Lausunnot toimintasuunnitelmiin\" tabindex=\"-1\" >\n\t\t\tLue lis\u00e4\u00e4 \u00bb\t\t<\/a>\n\n\t\t\t\t<\/div>\n\t\t\t\t\t<\/div>\n\t\t<\/article>\n\t\t\t\t<article class=\"elementor-post elementor-grid-item post-12755 post type-post status-publish format-standard has-post-thumbnail hentry category-hiippakunta\" role=\"listitem\">\n\t\t\t<div class=\"elementor-post__card\">\n\t\t\t\t<a class=\"elementor-post__thumbnail__link\" href=\"https:\/\/ort.fi\/kuopionjakarjalanhiippakunta\/2025\/09\/28\/kokoaan-suurempi-pappien-liitto\/\" tabindex=\"-1\" ><div class=\"elementor-post__thumbnail\"><img loading=\"lazy\" decoding=\"async\" width=\"1998\" height=\"2560\" src=\"https:\/\/ort.fi\/kuopionjakarjalanhiippakunta\/wp-content\/uploads\/2025\/09\/3596_820-scaled.jpg\" class=\"attachment-full size-full wp-image-12773\" alt=\"\" srcset=\"https:\/\/ort.fi\/kuopionjakarjalanhiippakunta\/wp-content\/uploads\/2025\/09\/3596_820-scaled.jpg 1998w, https:\/\/ort.fi\/kuopionjakarjalanhiippakunta\/wp-content\/uploads\/2025\/09\/3596_820-234x300.jpg 234w, https:\/\/ort.fi\/kuopionjakarjalanhiippakunta\/wp-content\/uploads\/2025\/09\/3596_820-799x1024.jpg 799w, https:\/\/ort.fi\/kuopionjakarjalanhiippakunta\/wp-content\/uploads\/2025\/09\/3596_820-768x984.jpg 768w, https:\/\/ort.fi\/kuopionjakarjalanhiippakunta\/wp-content\/uploads\/2025\/09\/3596_820-1199x1536.jpg 1199w, https:\/\/ort.fi\/kuopionjakarjalanhiippakunta\/wp-content\/uploads\/2025\/09\/3596_820-1599x2048.jpg 1599w\" sizes=\"(max-width: 1998px) 100vw, 1998px\" \/><\/div><\/a>\n\t\t\t\t<div class=\"elementor-post__text\">\n\t\t\t\t<h2 class=\"elementor-post__title\">\n\t\t\t<a href=\"https:\/\/ort.fi\/kuopionjakarjalanhiippakunta\/2025\/09\/28\/kokoaan-suurempi-pappien-liitto\/\" >\n\t\t\t\tKokoaan suurempi pappien liitto\t\t\t<\/a>\n\t\t<\/h2>\n\t\t\t\t<div class=\"elementor-post__excerpt\">\n\t\t\t<p>Ortodoksisten pappien liitto on yksi Suomen kirkon vanhoista yhdistyksist\u00e4. Pappien liitto ry ei ole vain syndikaatti. Kolmannes kirkolliskokouksen j\u00e4senist\u00e4 ja kirkollishallituksen pappisj\u00e4sen tulee liiton liepeilt\u00e4. Teoriassa kirkolliskokouspapit valitaan kaikkien pappien<\/p>\n\t\t<\/div>\n\t\t\n\t\t<a class=\"elementor-post__read-more\" href=\"https:\/\/ort.fi\/kuopionjakarjalanhiippakunta\/2025\/09\/28\/kokoaan-suurempi-pappien-liitto\/\" aria-label=\"Read more about Kokoaan suurempi pappien liitto\" tabindex=\"-1\" >\n\t\t\tLue lis\u00e4\u00e4 \u00bb\t\t<\/a>\n\n\t\t\t\t<\/div>\n\t\t\t\t\t<\/div>\n\t\t<\/article>\n\t\t\t\t<article class=\"elementor-post elementor-grid-item post-12365 post type-post status-publish format-standard has-post-thumbnail hentry category-hiippakunta\" role=\"listitem\">\n\t\t\t<div class=\"elementor-post__card\">\n\t\t\t\t<a class=\"elementor-post__thumbnail__link\" href=\"https:\/\/ort.fi\/kuopionjakarjalanhiippakunta\/2025\/08\/12\/pohjois-pohjanmaan-ortodokseista\/\" tabindex=\"-1\" ><div class=\"elementor-post__thumbnail\"><img loading=\"lazy\" decoding=\"async\" width=\"1536\" height=\"1152\" src=\"https:\/\/ort.fi\/kuopionjakarjalanhiippakunta\/wp-content\/uploads\/2025\/08\/DSC03394-1536x1152-1.jpg\" class=\"attachment-full size-full wp-image-12367\" alt=\"\" srcset=\"https:\/\/ort.fi\/kuopionjakarjalanhiippakunta\/wp-content\/uploads\/2025\/08\/DSC03394-1536x1152-1.jpg 1536w, https:\/\/ort.fi\/kuopionjakarjalanhiippakunta\/wp-content\/uploads\/2025\/08\/DSC03394-1536x1152-1-300x225.jpg 300w, https:\/\/ort.fi\/kuopionjakarjalanhiippakunta\/wp-content\/uploads\/2025\/08\/DSC03394-1536x1152-1-1024x768.jpg 1024w, https:\/\/ort.fi\/kuopionjakarjalanhiippakunta\/wp-content\/uploads\/2025\/08\/DSC03394-1536x1152-1-768x576.jpg 768w\" sizes=\"(max-width: 1536px) 100vw, 1536px\" \/><\/div><\/a>\n\t\t\t\t<div class=\"elementor-post__text\">\n\t\t\t\t<h2 class=\"elementor-post__title\">\n\t\t\t<a href=\"https:\/\/ort.fi\/kuopionjakarjalanhiippakunta\/2025\/08\/12\/pohjois-pohjanmaan-ortodokseista\/\" >\n\t\t\t\tPohjois-Pohjanmaan ortodokseista\t\t\t<\/a>\n\t\t<\/h2>\n\t\t\t\t<div class=\"elementor-post__excerpt\">\n\t\t\t<p>Kuopion ortodoksisessa seurakunnassa oli 30.6.\u201331.7.2025 haettavana papin toimi, jonka vastuualueeseen kuuluu seurakunnan luoteis- ja pohjoisalueiden jumalanpalvelusel\u00e4m\u00e4 ja seurakuntaty\u00f6. Kuopion seurakunnan luoteis- ja pohjoisalueet ovat entisten Iisalmen ja Kiuruveden ortodoksisten seurakuntien<\/p>\n\t\t<\/div>\n\t\t\n\t\t<a class=\"elementor-post__read-more\" href=\"https:\/\/ort.fi\/kuopionjakarjalanhiippakunta\/2025\/08\/12\/pohjois-pohjanmaan-ortodokseista\/\" aria-label=\"Read more about Pohjois-Pohjanmaan ortodokseista\" tabindex=\"-1\" >\n\t\t\tLue lis\u00e4\u00e4 \u00bb\t\t<\/a>\n\n\t\t\t\t<\/div>\n\t\t\t\t\t<\/div>\n\t\t<\/article>\n\t\t\t\t<article class=\"elementor-post elementor-grid-item post-11829 post type-post status-publish format-standard has-post-thumbnail hentry category-hiippakunta\" role=\"listitem\">\n\t\t\t<div class=\"elementor-post__card\">\n\t\t\t\t<a class=\"elementor-post__thumbnail__link\" href=\"https:\/\/ort.fi\/kuopionjakarjalanhiippakunta\/2025\/05\/21\/sijoituskoulutuspaiva\/\" tabindex=\"-1\" ><div class=\"elementor-post__thumbnail\"><img loading=\"lazy\" decoding=\"async\" width=\"1920\" height=\"2560\" src=\"https:\/\/ort.fi\/kuopionjakarjalanhiippakunta\/wp-content\/uploads\/2025\/05\/Sijoituskoulutuspaiva_A_21.5.2025-scaled.jpg\" class=\"attachment-full size-full wp-image-11831\" alt=\"\" srcset=\"https:\/\/ort.fi\/kuopionjakarjalanhiippakunta\/wp-content\/uploads\/2025\/05\/Sijoituskoulutuspaiva_A_21.5.2025-scaled.jpg 1920w, https:\/\/ort.fi\/kuopionjakarjalanhiippakunta\/wp-content\/uploads\/2025\/05\/Sijoituskoulutuspaiva_A_21.5.2025-225x300.jpg 225w, https:\/\/ort.fi\/kuopionjakarjalanhiippakunta\/wp-content\/uploads\/2025\/05\/Sijoituskoulutuspaiva_A_21.5.2025-768x1024.jpg 768w, https:\/\/ort.fi\/kuopionjakarjalanhiippakunta\/wp-content\/uploads\/2025\/05\/Sijoituskoulutuspaiva_A_21.5.2025-1152x1536.jpg 1152w, https:\/\/ort.fi\/kuopionjakarjalanhiippakunta\/wp-content\/uploads\/2025\/05\/Sijoituskoulutuspaiva_A_21.5.2025-1536x2048.jpg 1536w\" sizes=\"(max-width: 1920px) 100vw, 1920px\" \/><\/div><\/a>\n\t\t\t\t<div class=\"elementor-post__text\">\n\t\t\t\t<h2 class=\"elementor-post__title\">\n\t\t\t<a href=\"https:\/\/ort.fi\/kuopionjakarjalanhiippakunta\/2025\/05\/21\/sijoituskoulutuspaiva\/\" >\n\t\t\t\tSijoituskoulutusp\u00e4iv\u00e4\t\t\t<\/a>\n\t\t<\/h2>\n\t\t\t\t<div class=\"elementor-post__excerpt\">\n\t\t\t<p>Hiippakunnallinen sijoituskoulutusp\u00e4iv\u00e4 kokosi Kuopioon hiippakunnan seurakuntien kirkkoherrat sek\u00e4 seurakuntien neuvostojen ja valtuustojen puheenjohtajia ja varapuheenjohtajia. Sijoituskoulutusp\u00e4iv\u00e4ss\u00e4 keskiviikkona 21. toukokuuta luennoivat Suomen evankelisluterilaisen kirkon el\u00e4kerahaston vastuullisen sijoittamisen p\u00e4\u00e4llikk\u00f6 Eeva Toivonen ja<\/p>\n\t\t<\/div>\n\t\t\n\t\t<a class=\"elementor-post__read-more\" href=\"https:\/\/ort.fi\/kuopionjakarjalanhiippakunta\/2025\/05\/21\/sijoituskoulutuspaiva\/\" aria-label=\"Read more about Sijoituskoulutusp\u00e4iv\u00e4\" tabindex=\"-1\" >\n\t\t\tLue lis\u00e4\u00e4 \u00bb\t\t<\/a>\n\n\t\t\t\t<\/div>\n\t\t\t\t\t<\/div>\n\t\t<\/article>\n\t\t\t\t<article class=\"elementor-post elementor-grid-item post-11719 post type-post status-publish format-standard has-post-thumbnail hentry category-hiippakunta category-yleinen\" role=\"listitem\">\n\t\t\t<div class=\"elementor-post__card\">\n\t\t\t\t<a class=\"elementor-post__thumbnail__link\" href=\"https:\/\/ort.fi\/kuopionjakarjalanhiippakunta\/2025\/05\/13\/haastattelu-kirkonmies\/\" tabindex=\"-1\" ><div class=\"elementor-post__thumbnail\"><img loading=\"lazy\" decoding=\"async\" width=\"2560\" height=\"1464\" src=\"https:\/\/ort.fi\/kuopionjakarjalanhiippakunta\/wp-content\/uploads\/2025\/05\/Kirkon-mies_A_13.5.2025-scaled.jpg\" class=\"attachment-full size-full wp-image-11721\" alt=\"\" srcset=\"https:\/\/ort.fi\/kuopionjakarjalanhiippakunta\/wp-content\/uploads\/2025\/05\/Kirkon-mies_A_13.5.2025-scaled.jpg 2560w, https:\/\/ort.fi\/kuopionjakarjalanhiippakunta\/wp-content\/uploads\/2025\/05\/Kirkon-mies_A_13.5.2025-300x172.jpg 300w, https:\/\/ort.fi\/kuopionjakarjalanhiippakunta\/wp-content\/uploads\/2025\/05\/Kirkon-mies_A_13.5.2025-1024x586.jpg 1024w, https:\/\/ort.fi\/kuopionjakarjalanhiippakunta\/wp-content\/uploads\/2025\/05\/Kirkon-mies_A_13.5.2025-768x439.jpg 768w, https:\/\/ort.fi\/kuopionjakarjalanhiippakunta\/wp-content\/uploads\/2025\/05\/Kirkon-mies_A_13.5.2025-1536x879.jpg 1536w, https:\/\/ort.fi\/kuopionjakarjalanhiippakunta\/wp-content\/uploads\/2025\/05\/Kirkon-mies_A_13.5.2025-2048x1172.jpg 2048w\" sizes=\"(max-width: 2560px) 100vw, 2560px\" \/><\/div><\/a>\n\t\t\t\t<div class=\"elementor-post__text\">\n\t\t\t\t<h2 class=\"elementor-post__title\">\n\t\t\t<a href=\"https:\/\/ort.fi\/kuopionjakarjalanhiippakunta\/2025\/05\/13\/haastattelu-kirkonmies\/\" >\n\t\t\t\tHaastattelu: \u201dKirkonmies\u201d\t\t\t<\/a>\n\t\t<\/h2>\n\t\t\t\t<div class=\"elementor-post__excerpt\">\n\t\t\t<p>Ipodiakoni Kaj Appelberg on ty\u00f6skennellyt kirkollishallituksessa Kuopiossa 17 vuotta. H\u00e4n on toiminut arkkipiispan sihteerin\u00e4 (2008\u20132017) ja hiippakuntasihteerin\u00e4 (2018\u20132025). Kajn ty\u00f6suhde kirkollishallituksessa p\u00e4\u00e4ttyy 13. toukokuuta 2025. Nyt julkaistava kysymys-vastaus-haastattelu on tehty<\/p>\n\t\t<\/div>\n\t\t\n\t\t<a class=\"elementor-post__read-more\" href=\"https:\/\/ort.fi\/kuopionjakarjalanhiippakunta\/2025\/05\/13\/haastattelu-kirkonmies\/\" aria-label=\"Read more about Haastattelu: \u201dKirkonmies\u201d\" tabindex=\"-1\" >\n\t\t\tLue lis\u00e4\u00e4 \u00bb\t\t<\/a>\n\n\t\t\t\t<\/div>\n\t\t\t\t\t<\/div>\n\t\t<\/article>\n\t\t\t\t<article class=\"elementor-post elementor-grid-item post-11657 post type-post status-publish format-standard has-post-thumbnail hentry category-hiippakunta\" role=\"listitem\">\n\t\t\t<div class=\"elementor-post__card\">\n\t\t\t\t<a class=\"elementor-post__thumbnail__link\" href=\"https:\/\/ort.fi\/kuopionjakarjalanhiippakunta\/2025\/05\/08\/kreikankielisia-uutisia\/\" tabindex=\"-1\" ><div class=\"elementor-post__thumbnail\"><img loading=\"lazy\" decoding=\"async\" width=\"2560\" height=\"1920\" src=\"https:\/\/ort.fi\/kuopionjakarjalanhiippakunta\/wp-content\/uploads\/2025\/05\/Saimaan-seurakunnan-tarkastus-2021-025-scaled.jpg\" class=\"attachment-full size-full wp-image-13667\" alt=\"\" srcset=\"https:\/\/ort.fi\/kuopionjakarjalanhiippakunta\/wp-content\/uploads\/2025\/05\/Saimaan-seurakunnan-tarkastus-2021-025-scaled.jpg 2560w, https:\/\/ort.fi\/kuopionjakarjalanhiippakunta\/wp-content\/uploads\/2025\/05\/Saimaan-seurakunnan-tarkastus-2021-025-300x225.jpg 300w, https:\/\/ort.fi\/kuopionjakarjalanhiippakunta\/wp-content\/uploads\/2025\/05\/Saimaan-seurakunnan-tarkastus-2021-025-1024x768.jpg 1024w, https:\/\/ort.fi\/kuopionjakarjalanhiippakunta\/wp-content\/uploads\/2025\/05\/Saimaan-seurakunnan-tarkastus-2021-025-768x576.jpg 768w, https:\/\/ort.fi\/kuopionjakarjalanhiippakunta\/wp-content\/uploads\/2025\/05\/Saimaan-seurakunnan-tarkastus-2021-025-1536x1152.jpg 1536w, https:\/\/ort.fi\/kuopionjakarjalanhiippakunta\/wp-content\/uploads\/2025\/05\/Saimaan-seurakunnan-tarkastus-2021-025-2048x1536.jpg 2048w\" sizes=\"(max-width: 2560px) 100vw, 2560px\" \/><\/div><\/a>\n\t\t\t\t<div class=\"elementor-post__text\">\n\t\t\t\t<h2 class=\"elementor-post__title\">\n\t\t\t<a href=\"https:\/\/ort.fi\/kuopionjakarjalanhiippakunta\/2025\/05\/08\/kreikankielisia-uutisia\/\" >\n\t\t\t\tKreikankielisi\u00e4 uutisia\t\t\t<\/a>\n\t\t<\/h2>\n\t\t\t\t<div class=\"elementor-post__excerpt\">\n\t\t\t<p>Kuopion ja Karjalan hiippakunta on ollut s\u00e4\u00e4nn\u00f6llisesti esill\u00e4 kreikankielisell\u00e4 Romfea-uutissivustolla. Lukijoita kreikankielisill\u00e4 uutisilla Suomesta on ollut Romfeassa 180&nbsp;000:ta 330&nbsp;000:een. Kreikankieliset uutiset Romfeaan on kirjoittanut hiippakuntasihteeri Kaj Appelberg. Hiippakunnasta kertovia uutisia<\/p>\n\t\t<\/div>\n\t\t\n\t\t<a class=\"elementor-post__read-more\" href=\"https:\/\/ort.fi\/kuopionjakarjalanhiippakunta\/2025\/05\/08\/kreikankielisia-uutisia\/\" aria-label=\"Read more about Kreikankielisi\u00e4 uutisia\" tabindex=\"-1\" >\n\t\t\tLue lis\u00e4\u00e4 \u00bb\t\t<\/a>\n\n\t\t\t\t<\/div>\n\t\t\t\t\t<\/div>\n\t\t<\/article>\n\t\t\t\t<\/div>\n\t\t\n\t\t\t\t<div class=\"e-load-more-anchor\" data-page=\"1\" data-max-page=\"6\" data-next-page=\"https:\/\/ort.fi\/kuopionjakarjalanhiippakunta\/wp-json\/wp\/v2\/pages\/39\/page\/2\/\"><\/div>\n\t\t\t\t<nav class=\"elementor-pagination\" aria-label=\"Pagination\">\n\t\t\t<span class=\"page-numbers prev\">&laquo; Edellinen sivu<\/span>\n<span aria-current=\"page\" class=\"page-numbers current\"><span class=\"elementor-screen-only\">Page<\/span>1<\/span>\n<a class=\"page-numbers\" href=\"https:\/\/ort.fi\/kuopionjakarjalanhiippakunta\/wp-json\/wp\/v2\/pages\/39\/page\/2\/\"><span class=\"elementor-screen-only\">Page<\/span>2<\/a>\n<a class=\"page-numbers\" href=\"https:\/\/ort.fi\/kuopionjakarjalanhiippakunta\/wp-json\/wp\/v2\/pages\/39\/page\/3\/\"><span class=\"elementor-screen-only\">Page<\/span>3<\/a>\n<a class=\"page-numbers\" href=\"https:\/\/ort.fi\/kuopionjakarjalanhiippakunta\/wp-json\/wp\/v2\/pages\/39\/page\/4\/\"><span class=\"elementor-screen-only\">Page<\/span>4<\/a>\n<a class=\"page-numbers\" href=\"https:\/\/ort.fi\/kuopionjakarjalanhiippakunta\/wp-json\/wp\/v2\/pages\/39\/page\/5\/\"><span class=\"elementor-screen-only\">Page<\/span>5<\/a>\n<a class=\"page-numbers\" href=\"https:\/\/ort.fi\/kuopionjakarjalanhiippakunta\/wp-json\/wp\/v2\/pages\/39\/page\/6\/\"><span class=\"elementor-screen-only\">Page<\/span>6<\/a>\n<a class=\"page-numbers next\" href=\"https:\/\/ort.fi\/kuopionjakarjalanhiippakunta\/wp-json\/wp\/v2\/pages\/39\/page\/2\/\">Seuraava sivu &raquo;<\/a>\t\t<\/nav>\n\t\t\t\t\t\t<\/div>\n\t\t\t\t<\/div>\n\t\t\t\t\t<\/div>\n\t\t\t\t<\/div>\n\t\t\t\t<\/div>\n\t\t","protected":false},"excerpt":{"rendered":"<p>HIIPPAKUNTA<\/p>\n","protected":false},"author":1,"featured_media":0,"parent":0,"menu_order":0,"comment_status":"closed","ping_status":"closed","template":"","meta":{"_eb_attr":"","footnotes":""},"class_list":["post-39","page","type-page","status-publish","hentry"],"_links":{"self":[{"href":"https:\/\/ort.fi\/kuopionjakarjalanhiippakunta\/wp-json\/wp\/v2\/pages\/39","targetHints":{"allow":["GET"]}}],"collection":[{"href":"https:\/\/ort.fi\/kuopionjakarjalanhiippakunta\/wp-json\/wp\/v2\/pages"}],"about":[{"href":"https:\/\/ort.fi\/kuopionjakarjalanhiippakunta\/wp-json\/wp\/v2\/types\/page"}],"author":[{"embeddable":true,"href":"https:\/\/ort.fi\/kuopionjakarjalanhiippakunta\/wp-json\/wp\/v2\/users\/1"}],"replies":[{"embeddable":true,"href":"https:\/\/ort.fi\/kuopionjakarjalanhiippakunta\/wp-json\/wp\/v2\/comments?post=39"}],"version-history":[{"count":56,"href":"https:\/\/ort.fi\/kuopionjakarjalanhiippakunta\/wp-json\/wp\/v2\/pages\/39\/revisions"}],"predecessor-version":[{"id":9877,"href":"https:\/\/ort.fi\/kuopionjakarjalanhiippakunta\/wp-json\/wp\/v2\/pages\/39\/revisions\/9877"}],"wp:attachment":[{"href":"https:\/\/ort.fi\/kuopionjakarjalanhiippakunta\/wp-json\/wp\/v2\/media?parent=39"}],"curies":[{"name":"wp","href":"https:\/\/api.w.org\/{rel}","templated":true}]}}