{"id":171,"date":"2024-12-26T16:45:15","date_gmt":"2024-12-26T14:45:15","guid":{"rendered":"https:\/\/ort.fi\/uusikuopionjakarjalanhiippakunta\/?page_id=171"},"modified":"2025-01-24T10:20:52","modified_gmt":"2025-01-24T08:20:52","slug":"hiippakunnan-kanttorit","status":"publish","type":"page","link":"https:\/\/ort.fi\/kuopionjakarjalanhiippakunta\/hiippakunnan-kanttorit\/","title":{"rendered":"Hiippakunnan kanttorit"},"content":{"rendered":"\t\t<div data-elementor-type=\"wp-page\" data-elementor-id=\"171\" class=\"elementor elementor-171\" data-elementor-post-type=\"page\">\n\t\t\t\t<div class=\"elementor-element elementor-element-1a7c4339 e-flex e-con-boxed e-con e-parent\" data-id=\"1a7c4339\" data-element_type=\"container\" data-e-type=\"container\">\n\t\t\t\t\t<div class=\"e-con-inner\">\n\t\t\t\t<div class=\"elementor-element elementor-element-18cf07a elementor-widget elementor-widget-text-editor\" data-id=\"18cf07a\" data-element_type=\"widget\" data-e-type=\"widget\" data-widget_type=\"text-editor.default\">\n\t\t\t\t<div class=\"elementor-widget-container\">\n\t\t\t\t\t\t\t\t\t\n<p>Kuopion ja Karjalan hiippakunnan kanttorit<\/p>\n\n<p>Ortodoksisen kirkkoj\u00e4rjestyksen 71 \u00a7:n mukaan hiippakunnan piispa pit\u00e4\u00e4 luetteloa hiippakuntansa kanttoreista. Olen Kuopion ja Karjalan hiippakunnan piispana vahvistanut 15. hein\u00e4kuuta 2024 seuraavan ajantasaisen luettelon hiippakuntani kanttoreista:<\/p>\n\n<p>Olga Grinevich<\/p>\n\n<p>Eija Honkaselk\u00e4<\/p>\n\n<p>Dir. cant. Viktor Jetsu El\u00e4kkeell\u00e4<\/p>\n\n<p>Juhani Karppanen El\u00e4kkeell\u00e4<\/p>\n\n<p>Marja-Leena Kugler<\/p>\n\n<p>Sofia Laukkanen<\/p>\n\n<p>Anita Lintu-Routavaara<\/p>\n\n<p>Paula L\u00f6fgren<\/p>\n\n<p>Dir. cant. Mauri Mahlavuori El\u00e4kkeell\u00e4<\/p>\n\n<p>Dir. cant. Aimojuhani Maksimainen El\u00e4kkeell\u00e4<\/p>\n\n<p>Maria Mentu<\/p>\n\n<p>Oili M\u00e4kirinta El\u00e4kkeell\u00e4<\/p>\n\n<p>Jouko Parviainen El\u00e4kkeell\u00e4<\/p>\n\n<p>Darja Potkonen<\/p>\n\n<p>Kaisu Potkonen El\u00e4kkeell\u00e4<\/p>\n\n<p>Valeria Ratilainen<\/p>\n\n<p>P\u00e4ivi Romppanen<\/p>\n\n<p>Tiina Sormunen<\/p>\n\n<p>Dir. cant. Aleksi Suikkanen<\/p>\n\n<p>\u00a0<\/p>\n\t\t\t\t\t\t\t\t<\/div>\n\t\t\t\t<\/div>\n\t\t\t\t\t<\/div>\n\t\t\t\t<\/div>\n\t\t\t\t<\/div>\n\t\t","protected":false},"excerpt":{"rendered":"<p>Kuopion ja Karjalan hiippakunnan kanttorit Ortodoksisen kirkkoj\u00e4rjestyksen 71 \u00a7:n mukaan hiippakunnan piispa pit\u00e4\u00e4 luetteloa hiippakuntansa kanttoreista. Olen Kuopion ja Karjalan hiippakunnan piispana vahvistanut 15. hein\u00e4kuuta 2024 seuraavan ajantasaisen luettelon hiippakuntani kanttoreista: Olga Grinevich Eija Honkaselk\u00e4 Dir. cant. Viktor Jetsu El\u00e4kkeell\u00e4 Juhani Karppanen El\u00e4kkeell\u00e4 Marja-Leena Kugler Sofia Laukkanen Anita Lintu-Routavaara Paula L\u00f6fgren Dir. cant. Mauri Mahlavuori [&hellip;]<\/p>\n","protected":false},"author":1,"featured_media":0,"parent":0,"menu_order":0,"comment_status":"closed","ping_status":"closed","template":"","meta":{"_eb_attr":"","footnotes":""},"class_list":["post-171","page","type-page","status-publish","hentry"],"_links":{"self":[{"href":"https:\/\/ort.fi\/kuopionjakarjalanhiippakunta\/wp-json\/wp\/v2\/pages\/171","targetHints":{"allow":["GET"]}}],"collection":[{"href":"https:\/\/ort.fi\/kuopionjakarjalanhiippakunta\/wp-json\/wp\/v2\/pages"}],"about":[{"href":"https:\/\/ort.fi\/kuopionjakarjalanhiippakunta\/wp-json\/wp\/v2\/types\/page"}],"author":[{"embeddable":true,"href":"https:\/\/ort.fi\/kuopionjakarjalanhiippakunta\/wp-json\/wp\/v2\/users\/1"}],"replies":[{"embeddable":true,"href":"https:\/\/ort.fi\/kuopionjakarjalanhiippakunta\/wp-json\/wp\/v2\/comments?post=171"}],"version-history":[{"count":14,"href":"https:\/\/ort.fi\/kuopionjakarjalanhiippakunta\/wp-json\/wp\/v2\/pages\/171\/revisions"}],"predecessor-version":[{"id":10031,"href":"https:\/\/ort.fi\/kuopionjakarjalanhiippakunta\/wp-json\/wp\/v2\/pages\/171\/revisions\/10031"}],"wp:attachment":[{"href":"https:\/\/ort.fi\/kuopionjakarjalanhiippakunta\/wp-json\/wp\/v2\/media?parent=171"}],"curies":[{"name":"wp","href":"https:\/\/api.w.org\/{rel}","templated":true}]}}