{"id":163,"date":"2024-12-26T16:42:18","date_gmt":"2024-12-26T14:42:18","guid":{"rendered":"https:\/\/ort.fi\/uusikuopionjakarjalanhiippakunta\/?page_id=163"},"modified":"2025-11-30T15:42:21","modified_gmt":"2025-11-30T13:42:21","slug":"hiippakunnan-papisto","status":"publish","type":"page","link":"https:\/\/ort.fi\/kuopionjakarjalanhiippakunta\/hiippakunnan-papisto\/","title":{"rendered":"Hiippakunnan papisto"},"content":{"rendered":"\n<p>Kuopion ja Karjalan hiippakunnan papisto<\/p>\n\n\n\n<p>Ortodoksisen kirkkoj\u00e4rjestyksen 71 \u00a7:n mukaan hiippakunnan piispa pit\u00e4\u00e4 luetteloa hiippakuntansa papiston j\u00e4senist\u00e4. Piispa nime\u00e4\u00e4 papiksi tai diakoniksi vihityn tietyn kirkon papistoon (2 \u00a7, 2). Kirkkoj\u00e4rjestyksen mukaan \u201dpapiston j\u00e4senen siirtyminen toiseen hiippakuntaan edellytt\u00e4\u00e4 asianomaisten hiippakuntien piispojen p\u00e4\u00e4t\u00f6st\u00e4 siirrosta\u201d (69 \u00a7).<\/p>\n\n\n\n<p>Olen Kuopion ja Karjalan hiippakunnan piispana vahvistanut 30. marraskuuta 2025 seuraavan ajantasaisen luettelon hiippakuntani papistosta:<\/p>\n\n\n\n<p>Diakoni Harri Ahponen, Pyh\u00e4n Johannes Kastajan kirkko, Taipaleen seurakunta<\/p>\n\n\n\n<p>Diakoni Risto Aikonen, Jumalan\u00e4idin Tihvin\u00e4l\u00e4isen ikonin kirkko, Taipaleen seurakunta<\/p>\n\n\n\n<p>Pastori Nemanja Balcin, Jumalansynnytt\u00e4j\u00e4n Tihvin\u00e4l\u00e4isen ikonin kirkko, Taipaleen seurakunta<\/p>\n\n\n\n<p>Rovasti Sergius Colliander, Kristuksen kirkastumisen kirkko, Kristuksen kirkastumisen luostarin avustava pappi.<\/p>\n\n\n\n<p>Rovasti Bogdan Grosu, Kristuksen taivaaseenastumisen kirkko, Saimaan seurakunta<\/p>\n\n\n\n<p>Rovasti Paul Hesse, Pyh\u00e4n Nikolaoksen katedraali, Kuopion seurakunta<\/p>\n\n\n\n<p>Diakoni Pekka Hirvonen, Pyh\u00e4n ylienkeli Mikaelin kirkko, Saimaan seurakunta<\/p>\n\n\n\n<p>Pastori Timo Hirvonen, Pyh\u00e4n Nikolaoksen katedraali, Kuopion seurakunta<\/p>\n\n\n\n<p>Rovasti Stefan Holm, Pyh\u00e4n Nikolaoksen kirkko, Joensuun seurakunta<\/p>\n\n\n\n<p>Rovasti Timo Honkaselk\u00e4, Pyh\u00e4n Nikolaoksen katedraali, Kuopion seurakunta<\/p>\n\n\n\n<p>Rovasti Elias Huurinainen, Pyh\u00e4n profeetta Elian kirkko, Kuopion seurakunta<\/p>\n\n\n\n<p>Diakoni Pasi H\u00e4m\u00e4l\u00e4inen, Pyh\u00e4n Kolminaisuuden kirkko, Nurmeksen kappeliseurakunta<\/p>\n\n\n\n<p>Rovasti Martti H\u00e4nninen, Pyh\u00e4n profeetta Elian kirkko, Kuopion seurakunta<\/p>\n\n\n\n<p>Ylidiakoni Jyrki H\u00e4rk\u00f6nen, Karjalan pyhitt\u00e4jien ja valistajien kirkko, Kuopion seurakunta<\/p>\n\n\n\n<p>Munkkidiakoni Siluan (H\u00e4rk\u00f6nen), Kristuksen kirkastumisen kirkko, Kristuksen kirkastumisen luostari<\/p>\n\n\n\n<p>Rovasti Johannes H\u00e4tinen, Karjalan pyhitt\u00e4jien ja valistajien kirkko, Kuopion seurakunta<\/p>\n\n\n\n<p>Pappismunkki Viktor (H\u00e4yrynen), Kristuksen kirkastumisen kirkko, Kristuksen kirkastumisen luostari<\/p>\n\n\n\n<p>Pastori Tapio Juntunen, Pyh\u00e4n Nikolaoksen katedraali, Kuopion seurakunta<\/p>\n\n\n\n<p>Rovasti Tuomas J\u00e4rvelin, Jumalansynnytt\u00e4j\u00e4n Tihvin\u00e4l\u00e4isen ikonin kirkko, Taipaleen seurakunta<\/p>\n\n\n\n<p>Pastori Tommi Kallinen, Pyh\u00e4n Nikolaoksen kirkko, Joensuun seurakunta<\/p>\n\n\n\n<p>Rovasti Raimo Kiiskinen, Pyh\u00e4n Nikolaoksen kirkko, Joensuun seurakunta<\/p>\n\n\n\n<p>Rovasti Kalevi Kokkonen, Pyh\u00e4n Nikolaoksen kirkko, Joensuun seurakunta<\/p>\n\n\n\n<p>Ylidiakoni Paavo Kokotti, Pyh\u00e4n Kolminaisuuden tsasouna, Kuopion seurakunta<\/p>\n\n\n\n<p>Ylidiakoni Jukka Korpela, Pyh\u00e4n Nikolaoksen kirkko, Joensuun seurakunta<\/p>\n\n\n\n<p>Diakoni Jarkko Kosonen, Pyh\u00e4n ylienkeli Mikaelin kirkko, Saimaan seurakunta<\/p>\n\n\n\n<p>Pastori Risto K\u00e4yhk\u00f6, Kristuksen yl\u00f6snousemisen kirkko, Jyv\u00e4skyl\u00e4n seurakunta<\/p>\n\n\n\n<p>Pappismunkki Rafael (Lappi), Kristuksen kirkastumisen kirkko, Kristuksen kirkastumisen luostari<\/p>\n\n\n\n<p>Arkkimandriitta Andreas (Larikka), Pyh\u00e4n Kolminaisuuden kirkko, Pyh\u00e4n Kolminaisuuden luostari<\/p>\n\n\n\n<p>Pastori Otto Laukkarinen, Pyh\u00e4n Nikolaoksen katedraali, Kuopion seurakunta<\/p>\n\n\n\n<p>Rovasti Arto Leskinen, Pyh\u00e4n Nikolaoksen kirkko, Joensuun seurakunta<\/p>\n\n\n\n<p>Diakoni Jorma Leskinen, Kristuksen kirkastumisen tsasouna, Jyv\u00e4skyl\u00e4n seurakunta<\/p>\n\n\n\n<p>Arkkimandriitta Herman (Levinen), Kristuksen kirkastumisen kirkko, Kristuksen kirkastumisen luostari<\/p>\n\n\n\n<p>Pastori Harri Linna, Pyh\u00e4n Nikolaoksen kirkko, Joensuun seurakunta<\/p>\n\n\n\n<p>Diakoni Ville L\u00f6pp\u00f6nen, Pyhien Sakariaan ja Elisabetin kirkko, Saimaan seurakunta<\/p>\n\n\n\n<p>Diakoni Ville Maahinen, Kristuksen yl\u00f6snousemisen kirkko, Jyv\u00e4skyl\u00e4n seurakunta<\/p>\n\n\n\n<p>Rovasti Olavi Matsi, Pyhien apostolien Pietarin ja Paavalin kirkko, Kuopion seurakunta<\/p>\n\n\n\n<p>Pastori Mikko Mentu, Pyh\u00e4n ylienkeli Mikaelin kirkko, Saimaan seurakunta<\/p>\n\n\n\n<p>Diakoni Jyrki Moilanen, Pyhien apostolien Pietarin ja Paavalin kirkko, Nurmeksen kappeliseurakunta<\/p>\n\n\n\n<p>Diakoni Mauri Mutanen, Pyh\u00e4n apostoli Andreaksen tsasouna, Taipaleen seurakunta<\/p>\n\n\n\n<p>Pastori Marko M\u00e4kinen, Pyh\u00e4n Nikolaoksen kirkko, Joensuun seurakunta<\/p>\n\n\n\n<p>Rovasti Timo M\u00e4kirinta, Kristuksen yl\u00f6snousemisen kirkko, Jyv\u00e4skyl\u00e4n seurakunta<\/p>\n\n\n\n<p>Rovasti Sulo Naakka, Pyhien apostolien Pietarin ja Paavalin kirkko, Nurmeksen kappeliseurakunta<\/p>\n\n\n\n<p>Arkkimandriitta Mikael (Nummela), Kristuksen kirkastumisen kirkko, Kristuksen kirkastumisen luostari<\/p>\n\n\n\n<p>Diakoni Petri Nyk\u00e4nen, Pyh\u00e4n apostoli Johannes Teologin kirkko, Joensuun seurakunta<\/p>\n\n\n\n<p>Pappismunkki Johannes (Parviainen), Kristuksen kirkastumisen kirkko, Kristuksen kirkastumisen luostari<\/p>\n\n\n\n<p>Pastori Harri Peiponen, Pyh\u00e4n Nikolaoksen katedraali, Kuopion seurakunta<\/p>\n\n\n\n<p>Rovasti Antero Petsalo, Pyh\u00e4n Nikolaoksen kirkko, Kuopion seurakunta<\/p>\n\n\n\n<p>Pastori Janne Piiroinen, Pyh\u00e4n profeetta Elian kirkko, Ilomantsin kappeliseurakunta<\/p>\n\n\n\n<p>Rovasti Rauno Pietarinen, Pyh\u00e4n profeetta Elian kirkko, Ilomantsin kappeliseurakunta<\/p>\n\n\n\n<p>Pastori Joose Pitk\u00e4nen, Pyhien Sakariaan ja Elisabetin kirkko, Saimaan seurakunta<\/p>\n\n\n\n<p>Pastori Pentti Potkonen, Pyhien apostolien Pietarin ja Paavalin kirkko, Nurmeksen kappeliseurakunta<\/p>\n\n\n\n<p>Pastori Jarmo Pylkk\u00f6nen, Kristuksen kirkastumisen kirkko, Kuopion seurakunta<\/p>\n\n\n\n<p>Diakoni Jorma P\u00f6ntinen, Pyh\u00e4n Nikolaoksen kirkko, Joensuun seurakunta<\/p>\n\n\n\n<p>Pastori Jaso P\u00f6ssi, Pyh\u00e4n profeetta Elian kirkko, Ilomantsin kappeliseurakunta<\/p>\n\n\n\n<p>Ylidiakoni Juha P\u00f6ssi, Pyh\u00e4n Nikolaoksen kirkko, Joensuun seurakunta<\/p>\n\n\n\n<p>Rovasti Paavo Ratilainen, Jumalan\u00e4idin Tihvin\u00e4l\u00e4isen ikonin kirkko, Taipaleen seurakunta<\/p>\n\n\n\n<p>Pastori Joonas Ratilainen, Kristuksen yl\u00f6snousemisen kirkko, Jyv\u00e4skyl\u00e4n seurakunta<\/p>\n\n\n\n<p>Pappismunkki Aleksanteri (Raudaskoski), Kristuksen kirkastumisen kirkko, Kristuksen kirkastumisen luostari<\/p>\n\n\n\n<p>Rovasti Aleksander Roszczenko, Pyh\u00e4n Nikolaoksen kirkko, Joensuun seurakunta<\/p>\n\n\n\n<p>Rovasti Jelisei Rotko, Pyh\u00e4n profeetta Elian kirkko, Kuopion seurakunta<\/p>\n\n\n\n<p>Rovasti Pertti Ruotsalainen, Pyh\u00e4n Hengen kirkko, Taipaleen seurakunta<\/p>\n\n\n\n<p>Rovasti Mauno R\u00f6pp\u00e4nen, Pyh\u00e4n Nikolaoksen kirkko, Joensuun seurakunta<\/p>\n\n\n\n<p>Pastori Kaarlo Saarento, Kristuksen yl\u00f6snousemisen kirkko, Jyv\u00e4skyl\u00e4n seurakunta<\/p>\n\n\n\n<p>Rovasti Leevi Saatsi, Pyh\u00e4n profeetta Elian kirkko, Joensuun seurakunta<\/p>\n\n\n\n<p>Diakoni Seppo Salmi, Kristuksen yl\u00f6snousemisen kirkko, Jyv\u00e4skyl\u00e4n seurakunta<\/p>\n\n\n\n<p>Rovasti Mikko Sidoroff, Pyh\u00e4n apostoli Johannes Teologin kirkko, Joensuun seurakunta<\/p>\n\n\n\n<p>Rovasti Raimo Sissonen, Pyh\u00e4n Nikolaoksen kirkko, Joensuun seurakunta<\/p>\n\n\n\n<p>Diakoni Heikki Suomala, Pyh\u00e4n Arseni Konevitsalaisen kirkko, Kuopion seurakunta<\/p>\n\n\n\n<p>Rovasti Iivo Suvanto, Pyh\u00e4n Nikolaoksen kirkko, Joensuun seurakunta<\/p>\n\n\n\n<p>Rovasti Vesa Takala, Pyh\u00e4n profeetta Hannan kirkko, Joensuun seurakunta<\/p>\n\n\n\n<p>Rovasti Markku Toivanen, Pyh\u00e4n Hengen kirkko, Taipaleen seurakunta<\/p>\n\n\n\n<p>Rovasti Pekka Tuppurainen, Kristuksen yl\u00f6snousemisen kirkko, Jyv\u00e4skyl\u00e4n seurakunta<\/p>\n\n\n\n<p>Rovasti Leo Tuutti, Karjalan pyhitt\u00e4jien ja valistajien kirkko, Kuopion seurakunta<\/p>\n\n\n\n<p>Arkkidiakoni Jaakob (\u017dukov), Kristuksen kirkastumisen kirkko, Kristuksen kirkastumisen luostari<\/p>\n\n\n\n<p>&nbsp;<\/p>\n","protected":false},"excerpt":{"rendered":"<p>Kuopion ja Karjalan hiippakunnan papisto Ortodoksisen kirkkoj\u00e4rjestyksen 71 \u00a7:n mukaan hiippakunnan piispa pit\u00e4\u00e4 luetteloa hiippakuntansa papiston j\u00e4senist\u00e4. Piispa nime\u00e4\u00e4 papiksi tai diakoniksi vihityn tietyn kirkon papistoon (2 \u00a7, 2). Kirkkoj\u00e4rjestyksen mukaan \u201dpapiston j\u00e4senen siirtyminen toiseen hiippakuntaan edellytt\u00e4\u00e4 asianomaisten hiippakuntien piispojen p\u00e4\u00e4t\u00f6st\u00e4 siirrosta\u201d (69 \u00a7). Olen Kuopion ja Karjalan hiippakunnan piispana vahvistanut 30. marraskuuta 2025 seuraavan [&hellip;]<\/p>\n","protected":false},"author":1,"featured_media":0,"parent":0,"menu_order":0,"comment_status":"closed","ping_status":"closed","template":"","meta":{"_eb_attr":"","footnotes":""},"class_list":["post-163","page","type-page","status-publish","hentry"],"_links":{"self":[{"href":"https:\/\/ort.fi\/kuopionjakarjalanhiippakunta\/wp-json\/wp\/v2\/pages\/163","targetHints":{"allow":["GET"]}}],"collection":[{"href":"https:\/\/ort.fi\/kuopionjakarjalanhiippakunta\/wp-json\/wp\/v2\/pages"}],"about":[{"href":"https:\/\/ort.fi\/kuopionjakarjalanhiippakunta\/wp-json\/wp\/v2\/types\/page"}],"author":[{"embeddable":true,"href":"https:\/\/ort.fi\/kuopionjakarjalanhiippakunta\/wp-json\/wp\/v2\/users\/1"}],"replies":[{"embeddable":true,"href":"https:\/\/ort.fi\/kuopionjakarjalanhiippakunta\/wp-json\/wp\/v2\/comments?post=163"}],"version-history":[{"count":20,"href":"https:\/\/ort.fi\/kuopionjakarjalanhiippakunta\/wp-json\/wp\/v2\/pages\/163\/revisions"}],"predecessor-version":[{"id":13217,"href":"https:\/\/ort.fi\/kuopionjakarjalanhiippakunta\/wp-json\/wp\/v2\/pages\/163\/revisions\/13217"}],"wp:attachment":[{"href":"https:\/\/ort.fi\/kuopionjakarjalanhiippakunta\/wp-json\/wp\/v2\/media?parent=163"}],"curies":[{"name":"wp","href":"https:\/\/api.w.org\/{rel}","templated":true}]}}