{"id":11199,"date":"2025-03-24T13:44:59","date_gmt":"2025-03-24T11:44:59","guid":{"rendered":"https:\/\/ort.fi\/kuopionjakarjalanhiippakunta\/?page_id=11199"},"modified":"2025-04-03T16:32:49","modified_gmt":"2025-04-03T13:32:49","slug":"kirkkovuosi","status":"publish","type":"page","link":"https:\/\/ort.fi\/kuopionjakarjalanhiippakunta\/kirkkovuosi\/","title":{"rendered":"Kirkkovuosi"},"content":{"rendered":"\t\t<div data-elementor-type=\"wp-page\" data-elementor-id=\"11199\" class=\"elementor elementor-11199\" data-elementor-post-type=\"page\">\n\t\t\t\t<div class=\"elementor-element elementor-element-5725062 e-flex e-con-boxed e-con e-parent\" data-id=\"5725062\" data-element_type=\"container\" data-e-type=\"container\">\n\t\t\t\t\t<div class=\"e-con-inner\">\n\t\t\t\t<div class=\"elementor-element elementor-element-138bb69 elementor-widget elementor-widget-heading\" data-id=\"138bb69\" data-element_type=\"widget\" data-e-type=\"widget\" data-widget_type=\"heading.default\">\n\t\t\t\t<div class=\"elementor-widget-container\">\n\t\t\t\t\t<h1 class=\"elementor-heading-title elementor-size-default\">KIRKKOVUOSI<\/h1>\t\t\t\t<\/div>\n\t\t\t\t<\/div>\n\t\t\t\t\t<\/div>\n\t\t\t\t<\/div>\n\t\t<div class=\"elementor-element elementor-element-d2ca227 e-flex e-con-boxed e-con e-parent\" data-id=\"d2ca227\" data-element_type=\"container\" data-e-type=\"container\">\n\t\t\t\t\t<div class=\"e-con-inner\">\n\t\t\t\t<div class=\"elementor-element elementor-element-91e98a8 elementor-grid-3 elementor-grid-tablet-2 elementor-grid-mobile-1 elementor-posts--thumbnail-top elementor-card-shadow-yes elementor-posts__hover-gradient elementor-widget elementor-widget-posts\" data-id=\"91e98a8\" data-element_type=\"widget\" data-e-type=\"widget\" data-settings=\"{&quot;pagination_type&quot;:&quot;numbers_and_prev_next&quot;,&quot;cards_columns&quot;:&quot;3&quot;,&quot;cards_columns_tablet&quot;:&quot;2&quot;,&quot;cards_columns_mobile&quot;:&quot;1&quot;,&quot;cards_row_gap&quot;:{&quot;unit&quot;:&quot;px&quot;,&quot;size&quot;:35,&quot;sizes&quot;:[]},&quot;cards_row_gap_tablet&quot;:{&quot;unit&quot;:&quot;px&quot;,&quot;size&quot;:&quot;&quot;,&quot;sizes&quot;:[]},&quot;cards_row_gap_mobile&quot;:{&quot;unit&quot;:&quot;px&quot;,&quot;size&quot;:&quot;&quot;,&quot;sizes&quot;:[]}}\" data-widget_type=\"posts.cards\">\n\t\t\t\t<div class=\"elementor-widget-container\">\n\t\t\t\t\t\t\t<div class=\"elementor-posts-container elementor-posts elementor-posts--skin-cards elementor-grid\" role=\"list\">\n\t\t\t\t<article class=\"elementor-post elementor-grid-item post-14199 post type-post status-publish format-standard has-post-thumbnail hentry category-kirkkovuosi\" role=\"listitem\">\n\t\t\t<div class=\"elementor-post__card\">\n\t\t\t\t<a class=\"elementor-post__thumbnail__link\" href=\"https:\/\/ort.fi\/kuopionjakarjalanhiippakunta\/2026\/03\/08\/neljas-paastoviikko-publikaani-samarialainen-ja-siinailainen\/\" tabindex=\"-1\" ><div class=\"elementor-post__thumbnail\"><img fetchpriority=\"high\" decoding=\"async\" width=\"1572\" height=\"2560\" src=\"https:\/\/ort.fi\/kuopionjakarjalanhiippakunta\/wp-content\/uploads\/2026\/03\/Neljas-paastoviikko_A-scaled.jpg\" class=\"attachment-full size-full wp-image-14201\" alt=\"\" srcset=\"https:\/\/ort.fi\/kuopionjakarjalanhiippakunta\/wp-content\/uploads\/2026\/03\/Neljas-paastoviikko_A-scaled.jpg 1572w, https:\/\/ort.fi\/kuopionjakarjalanhiippakunta\/wp-content\/uploads\/2026\/03\/Neljas-paastoviikko_A-184x300.jpg 184w, https:\/\/ort.fi\/kuopionjakarjalanhiippakunta\/wp-content\/uploads\/2026\/03\/Neljas-paastoviikko_A-629x1024.jpg 629w, https:\/\/ort.fi\/kuopionjakarjalanhiippakunta\/wp-content\/uploads\/2026\/03\/Neljas-paastoviikko_A-768x1251.jpg 768w, https:\/\/ort.fi\/kuopionjakarjalanhiippakunta\/wp-content\/uploads\/2026\/03\/Neljas-paastoviikko_A-943x1536.jpg 943w, https:\/\/ort.fi\/kuopionjakarjalanhiippakunta\/wp-content\/uploads\/2026\/03\/Neljas-paastoviikko_A-1258x2048.jpg 1258w\" sizes=\"(max-width: 1572px) 100vw, 1572px\" \/><\/div><\/a>\n\t\t\t\t<div class=\"elementor-post__text\">\n\t\t\t\t<h2 class=\"elementor-post__title\">\n\t\t\t<a href=\"https:\/\/ort.fi\/kuopionjakarjalanhiippakunta\/2026\/03\/08\/neljas-paastoviikko-publikaani-samarialainen-ja-siinailainen\/\" >\n\t\t\t\tNelj\u00e4s paastoviikko \u2013 publikaani, samarialainen ja siinailainen\t\t\t<\/a>\n\t\t<\/h2>\n\t\t\t\t<div class=\"elementor-post__excerpt\">\n\t\t\t<p>Nelj\u00e4nnell\u00e4 paastoviikolla on ristinkumartamisen sunnuntain ja suuren paaston puoliv\u00e4lin j\u00e4lkijuhlat. Viikon toinen teema on fariseus ja publikaani (Luuk. 18: 9\u201314). Joosef Hymnografoksen (812\u2013886) stikiiroja fariseuksesta<\/p>\n\t\t<\/div>\n\t\t\n\t\t<a class=\"elementor-post__read-more\" href=\"https:\/\/ort.fi\/kuopionjakarjalanhiippakunta\/2026\/03\/08\/neljas-paastoviikko-publikaani-samarialainen-ja-siinailainen\/\" aria-label=\"Read more about Nelj\u00e4s paastoviikko \u2013 publikaani, samarialainen ja siinailainen\" tabindex=\"-1\" >\n\t\t\tLue lis\u00e4\u00e4 \u00bb\t\t<\/a>\n\n\t\t\t\t<\/div>\n\t\t\t\t\t<\/div>\n\t\t<\/article>\n\t\t\t\t<article class=\"elementor-post elementor-grid-item post-14193 post type-post status-publish format-standard has-post-thumbnail hentry category-kirkkovuosi\" role=\"listitem\">\n\t\t\t<div class=\"elementor-post__card\">\n\t\t\t\t<a class=\"elementor-post__thumbnail__link\" href=\"https:\/\/ort.fi\/kuopionjakarjalanhiippakunta\/2026\/03\/08\/katumuskehotukset-xiii-xvi\/\" tabindex=\"-1\" ><div class=\"elementor-post__thumbnail\"><img decoding=\"async\" width=\"1116\" height=\"1128\" src=\"https:\/\/ort.fi\/kuopionjakarjalanhiippakunta\/wp-content\/uploads\/2026\/03\/1936_8.jpg\" class=\"attachment-full size-full wp-image-14195\" alt=\"\" srcset=\"https:\/\/ort.fi\/kuopionjakarjalanhiippakunta\/wp-content\/uploads\/2026\/03\/1936_8.jpg 1116w, https:\/\/ort.fi\/kuopionjakarjalanhiippakunta\/wp-content\/uploads\/2026\/03\/1936_8-297x300.jpg 297w, https:\/\/ort.fi\/kuopionjakarjalanhiippakunta\/wp-content\/uploads\/2026\/03\/1936_8-1013x1024.jpg 1013w, https:\/\/ort.fi\/kuopionjakarjalanhiippakunta\/wp-content\/uploads\/2026\/03\/1936_8-768x776.jpg 768w\" sizes=\"(max-width: 1116px) 100vw, 1116px\" \/><\/div><\/a>\n\t\t\t\t<div class=\"elementor-post__text\">\n\t\t\t\t<h2 class=\"elementor-post__title\">\n\t\t\t<a href=\"https:\/\/ort.fi\/kuopionjakarjalanhiippakunta\/2026\/03\/08\/katumuskehotukset-xiii-xvi\/\" >\n\t\t\t\tKatumuskehotukset XIII\u2013XVI\t\t\t<\/a>\n\t\t<\/h2>\n\t\t\t\t<div class=\"elementor-post__excerpt\">\n\t\t\t<p>Pyh\u00e4n is\u00e4mme Efraim Syyrialaisen katumuskehotukset. Kolmastoista katumuskehotus 1. Laupias Is\u00e4, poista syntini ja pese pois saastani iisopillasi, joka valkaisee kaiken, ja paranna haavani, jotta kiitt\u00e4isin<\/p>\n\t\t<\/div>\n\t\t\n\t\t<a class=\"elementor-post__read-more\" href=\"https:\/\/ort.fi\/kuopionjakarjalanhiippakunta\/2026\/03\/08\/katumuskehotukset-xiii-xvi\/\" aria-label=\"Read more about Katumuskehotukset XIII\u2013XVI\" tabindex=\"-1\" >\n\t\t\tLue lis\u00e4\u00e4 \u00bb\t\t<\/a>\n\n\t\t\t\t<\/div>\n\t\t\t\t\t<\/div>\n\t\t<\/article>\n\t\t\t\t<article class=\"elementor-post elementor-grid-item post-14133 post type-post status-publish format-standard has-post-thumbnail hentry category-kirkkovuosi\" role=\"listitem\">\n\t\t\t<div class=\"elementor-post__card\">\n\t\t\t\t<a class=\"elementor-post__thumbnail__link\" href=\"https:\/\/ort.fi\/kuopionjakarjalanhiippakunta\/2026\/03\/01\/kolmas-paastoviikko-tuhlaajapoika-ja-risti\/\" tabindex=\"-1\" ><div class=\"elementor-post__thumbnail\"><img decoding=\"async\" width=\"1819\" height=\"2560\" src=\"https:\/\/ort.fi\/kuopionjakarjalanhiippakunta\/wp-content\/uploads\/2026\/03\/Kolmas-paastoviikko_A-scaled.jpg\" class=\"attachment-full size-full wp-image-14135\" alt=\"\" srcset=\"https:\/\/ort.fi\/kuopionjakarjalanhiippakunta\/wp-content\/uploads\/2026\/03\/Kolmas-paastoviikko_A-scaled.jpg 1819w, https:\/\/ort.fi\/kuopionjakarjalanhiippakunta\/wp-content\/uploads\/2026\/03\/Kolmas-paastoviikko_A-213x300.jpg 213w, https:\/\/ort.fi\/kuopionjakarjalanhiippakunta\/wp-content\/uploads\/2026\/03\/Kolmas-paastoviikko_A-728x1024.jpg 728w, https:\/\/ort.fi\/kuopionjakarjalanhiippakunta\/wp-content\/uploads\/2026\/03\/Kolmas-paastoviikko_A-768x1081.jpg 768w, https:\/\/ort.fi\/kuopionjakarjalanhiippakunta\/wp-content\/uploads\/2026\/03\/Kolmas-paastoviikko_A-1091x1536.jpg 1091w, https:\/\/ort.fi\/kuopionjakarjalanhiippakunta\/wp-content\/uploads\/2026\/03\/Kolmas-paastoviikko_A-1455x2048.jpg 1455w\" sizes=\"(max-width: 1819px) 100vw, 1819px\" \/><\/div><\/a>\n\t\t\t\t<div class=\"elementor-post__text\">\n\t\t\t\t<h2 class=\"elementor-post__title\">\n\t\t\t<a href=\"https:\/\/ort.fi\/kuopionjakarjalanhiippakunta\/2026\/03\/01\/kolmas-paastoviikko-tuhlaajapoika-ja-risti\/\" >\n\t\t\t\tKolmas paastoviikko \u2013 tuhlaajapoika ja risti\t\t\t<\/a>\n\t\t<\/h2>\n\t\t\t\t<div class=\"elementor-post__excerpt\">\n\t\t\t<p>Paaston kolmannen viikon teema on tuhlaajapoika (Luuk. 15:11\u201332). Joosef Hymnografoksen (812\u2013886) kirjoittama maanantain aamupalveluksen kanoni kertoo h\u00e4nest\u00e4: \u201dKun olen tuhlannut is\u00e4ni omaisuuden haureuteen, on minut<\/p>\n\t\t<\/div>\n\t\t\n\t\t<a class=\"elementor-post__read-more\" href=\"https:\/\/ort.fi\/kuopionjakarjalanhiippakunta\/2026\/03\/01\/kolmas-paastoviikko-tuhlaajapoika-ja-risti\/\" aria-label=\"Read more about Kolmas paastoviikko \u2013 tuhlaajapoika ja risti\" tabindex=\"-1\" >\n\t\t\tLue lis\u00e4\u00e4 \u00bb\t\t<\/a>\n\n\t\t\t\t<\/div>\n\t\t\t\t\t<\/div>\n\t\t<\/article>\n\t\t\t\t<article class=\"elementor-post elementor-grid-item post-14127 post type-post status-publish format-standard has-post-thumbnail hentry category-kirkkovuosi\" role=\"listitem\">\n\t\t\t<div class=\"elementor-post__card\">\n\t\t\t\t<a class=\"elementor-post__thumbnail__link\" href=\"https:\/\/ort.fi\/kuopionjakarjalanhiippakunta\/2026\/03\/01\/katumuskehotukset-ix-xii\/\" tabindex=\"-1\" ><div class=\"elementor-post__thumbnail\"><img loading=\"lazy\" decoding=\"async\" width=\"1836\" height=\"1794\" src=\"https:\/\/ort.fi\/kuopionjakarjalanhiippakunta\/wp-content\/uploads\/2026\/03\/1936_5.jpg\" class=\"attachment-full size-full wp-image-14129\" alt=\"\" srcset=\"https:\/\/ort.fi\/kuopionjakarjalanhiippakunta\/wp-content\/uploads\/2026\/03\/1936_5.jpg 1836w, https:\/\/ort.fi\/kuopionjakarjalanhiippakunta\/wp-content\/uploads\/2026\/03\/1936_5-300x293.jpg 300w, https:\/\/ort.fi\/kuopionjakarjalanhiippakunta\/wp-content\/uploads\/2026\/03\/1936_5-1024x1001.jpg 1024w, https:\/\/ort.fi\/kuopionjakarjalanhiippakunta\/wp-content\/uploads\/2026\/03\/1936_5-768x750.jpg 768w, https:\/\/ort.fi\/kuopionjakarjalanhiippakunta\/wp-content\/uploads\/2026\/03\/1936_5-1536x1501.jpg 1536w\" sizes=\"(max-width: 1836px) 100vw, 1836px\" \/><\/div><\/a>\n\t\t\t\t<div class=\"elementor-post__text\">\n\t\t\t\t<h2 class=\"elementor-post__title\">\n\t\t\t<a href=\"https:\/\/ort.fi\/kuopionjakarjalanhiippakunta\/2026\/03\/01\/katumuskehotukset-ix-xii\/\" >\n\t\t\t\tKatumuskehotukset IX\u2013XII\t\t\t<\/a>\n\t\t<\/h2>\n\t\t\t\t<div class=\"elementor-post__excerpt\">\n\t\t\t<p>Pyh\u00e4n is\u00e4mme Efraim Syyrialaisen katumuskehotukset. Yhdeks\u00e4s katumuskehotus 1. Rakkaani, itkek\u00e4\u00e4 alastomuuttani, sill\u00e4 min\u00e4 olen loukannut Kristusta. Hyvin H\u00e4n minua johdatti ja antoi minulle vapaan tahdon,<\/p>\n\t\t<\/div>\n\t\t\n\t\t<a class=\"elementor-post__read-more\" href=\"https:\/\/ort.fi\/kuopionjakarjalanhiippakunta\/2026\/03\/01\/katumuskehotukset-ix-xii\/\" aria-label=\"Read more about Katumuskehotukset IX\u2013XII\" tabindex=\"-1\" >\n\t\t\tLue lis\u00e4\u00e4 \u00bb\t\t<\/a>\n\n\t\t\t\t<\/div>\n\t\t\t\t\t<\/div>\n\t\t<\/article>\n\t\t\t\t<article class=\"elementor-post elementor-grid-item post-14047 post type-post status-publish format-standard has-post-thumbnail hentry category-kirkkovuosi\" role=\"listitem\">\n\t\t\t<div class=\"elementor-post__card\">\n\t\t\t\t<a class=\"elementor-post__thumbnail__link\" href=\"https:\/\/ort.fi\/kuopionjakarjalanhiippakunta\/2026\/02\/22\/toinen-paastoviikko-mooses-ja-palamas\/\" tabindex=\"-1\" ><div class=\"elementor-post__thumbnail\"><img loading=\"lazy\" decoding=\"async\" width=\"1584\" height=\"2154\" src=\"https:\/\/ort.fi\/kuopionjakarjalanhiippakunta\/wp-content\/uploads\/2026\/02\/Toinen-paastoviikko_A.jpg\" class=\"attachment-full size-full wp-image-14049\" alt=\"\" srcset=\"https:\/\/ort.fi\/kuopionjakarjalanhiippakunta\/wp-content\/uploads\/2026\/02\/Toinen-paastoviikko_A.jpg 1584w, https:\/\/ort.fi\/kuopionjakarjalanhiippakunta\/wp-content\/uploads\/2026\/02\/Toinen-paastoviikko_A-221x300.jpg 221w, https:\/\/ort.fi\/kuopionjakarjalanhiippakunta\/wp-content\/uploads\/2026\/02\/Toinen-paastoviikko_A-753x1024.jpg 753w, https:\/\/ort.fi\/kuopionjakarjalanhiippakunta\/wp-content\/uploads\/2026\/02\/Toinen-paastoviikko_A-768x1044.jpg 768w, https:\/\/ort.fi\/kuopionjakarjalanhiippakunta\/wp-content\/uploads\/2026\/02\/Toinen-paastoviikko_A-1130x1536.jpg 1130w, https:\/\/ort.fi\/kuopionjakarjalanhiippakunta\/wp-content\/uploads\/2026\/02\/Toinen-paastoviikko_A-1506x2048.jpg 1506w\" sizes=\"(max-width: 1584px) 100vw, 1584px\" \/><\/div><\/a>\n\t\t\t\t<div class=\"elementor-post__text\">\n\t\t\t\t<h2 class=\"elementor-post__title\">\n\t\t\t<a href=\"https:\/\/ort.fi\/kuopionjakarjalanhiippakunta\/2026\/02\/22\/toinen-paastoviikko-mooses-ja-palamas\/\" >\n\t\t\t\tToinen paastoviikko \u2013 Mooses ja Palamas\t\t\t<\/a>\n\t\t<\/h2>\n\t\t\t\t<div class=\"elementor-post__excerpt\">\n\t\t\t<p>Suuren paaston toinen viikko alkaa ehtoopalveluksella ortodoksisuuden sunnuntain iltana. Ehtoopalveluksessa lauletaan prokimenipsalmi \u201dSin\u00e4, annat perinn\u00f6n niille, jotka Sinun nime\u00e4si pelk\u00e4\u00e4v\u00e4t\u201d (Ps. 61). T\u00e4t\u00e4 suuren paaston<\/p>\n\t\t<\/div>\n\t\t\n\t\t<a class=\"elementor-post__read-more\" href=\"https:\/\/ort.fi\/kuopionjakarjalanhiippakunta\/2026\/02\/22\/toinen-paastoviikko-mooses-ja-palamas\/\" aria-label=\"Read more about Toinen paastoviikko \u2013 Mooses ja Palamas\" tabindex=\"-1\" >\n\t\t\tLue lis\u00e4\u00e4 \u00bb\t\t<\/a>\n\n\t\t\t\t<\/div>\n\t\t\t\t\t<\/div>\n\t\t<\/article>\n\t\t\t\t<article class=\"elementor-post elementor-grid-item post-14041 post type-post status-publish format-standard has-post-thumbnail hentry category-kirkkovuosi\" role=\"listitem\">\n\t\t\t<div class=\"elementor-post__card\">\n\t\t\t\t<a class=\"elementor-post__thumbnail__link\" href=\"https:\/\/ort.fi\/kuopionjakarjalanhiippakunta\/2026\/02\/22\/katumuskehotukset-v-viii\/\" tabindex=\"-1\" ><div class=\"elementor-post__thumbnail\"><img loading=\"lazy\" decoding=\"async\" width=\"1884\" height=\"1740\" src=\"https:\/\/ort.fi\/kuopionjakarjalanhiippakunta\/wp-content\/uploads\/2026\/02\/1936_4-rotated.jpg\" class=\"attachment-full size-full wp-image-14043\" alt=\"\" srcset=\"https:\/\/ort.fi\/kuopionjakarjalanhiippakunta\/wp-content\/uploads\/2026\/02\/1936_4-rotated.jpg 1884w, https:\/\/ort.fi\/kuopionjakarjalanhiippakunta\/wp-content\/uploads\/2026\/02\/1936_4-300x277.jpg 300w, https:\/\/ort.fi\/kuopionjakarjalanhiippakunta\/wp-content\/uploads\/2026\/02\/1936_4-1024x946.jpg 1024w, https:\/\/ort.fi\/kuopionjakarjalanhiippakunta\/wp-content\/uploads\/2026\/02\/1936_4-768x709.jpg 768w, https:\/\/ort.fi\/kuopionjakarjalanhiippakunta\/wp-content\/uploads\/2026\/02\/1936_4-1536x1419.jpg 1536w\" sizes=\"(max-width: 1884px) 100vw, 1884px\" \/><\/div><\/a>\n\t\t\t\t<div class=\"elementor-post__text\">\n\t\t\t\t<h2 class=\"elementor-post__title\">\n\t\t\t<a href=\"https:\/\/ort.fi\/kuopionjakarjalanhiippakunta\/2026\/02\/22\/katumuskehotukset-v-viii\/\" >\n\t\t\t\tKatumuskehotukset V\u2013VIII\t\t\t<\/a>\n\t\t<\/h2>\n\t\t\t\t<div class=\"elementor-post__excerpt\">\n\t\t\t<p>Pyh\u00e4n is\u00e4mme Efraim Syyrialaisen katumuskehotukset. Viides katumuskehotus 1. Oi syntiin langennut sielu, vapise ja kanna esiin katumus. Niin pelastut helvetist\u00e4. Valaise lamppusi katumukselle alttiilla k\u00e4yt\u00f6ksell\u00e4si<\/p>\n\t\t<\/div>\n\t\t\n\t\t<a class=\"elementor-post__read-more\" href=\"https:\/\/ort.fi\/kuopionjakarjalanhiippakunta\/2026\/02\/22\/katumuskehotukset-v-viii\/\" aria-label=\"Read more about Katumuskehotukset V\u2013VIII\" tabindex=\"-1\" >\n\t\t\tLue lis\u00e4\u00e4 \u00bb\t\t<\/a>\n\n\t\t\t\t<\/div>\n\t\t\t\t\t<\/div>\n\t\t<\/article>\n\t\t\t\t<article class=\"elementor-post elementor-grid-item post-13981 post type-post status-publish format-standard has-post-thumbnail hentry category-kirkkovuosi\" role=\"listitem\">\n\t\t\t<div class=\"elementor-post__card\">\n\t\t\t\t<a class=\"elementor-post__thumbnail__link\" href=\"https:\/\/ort.fi\/kuopionjakarjalanhiippakunta\/2026\/02\/15\/ensimmainen-paastoviikko-profeetat\/\" tabindex=\"-1\" ><div class=\"elementor-post__thumbnail\"><img loading=\"lazy\" decoding=\"async\" width=\"1764\" height=\"2136\" src=\"https:\/\/ort.fi\/kuopionjakarjalanhiippakunta\/wp-content\/uploads\/2026\/02\/Ensimmainen-paastoviikko_A.jpg\" class=\"attachment-full size-full wp-image-13983\" alt=\"\" srcset=\"https:\/\/ort.fi\/kuopionjakarjalanhiippakunta\/wp-content\/uploads\/2026\/02\/Ensimmainen-paastoviikko_A.jpg 1764w, https:\/\/ort.fi\/kuopionjakarjalanhiippakunta\/wp-content\/uploads\/2026\/02\/Ensimmainen-paastoviikko_A-248x300.jpg 248w, https:\/\/ort.fi\/kuopionjakarjalanhiippakunta\/wp-content\/uploads\/2026\/02\/Ensimmainen-paastoviikko_A-846x1024.jpg 846w, https:\/\/ort.fi\/kuopionjakarjalanhiippakunta\/wp-content\/uploads\/2026\/02\/Ensimmainen-paastoviikko_A-768x930.jpg 768w, https:\/\/ort.fi\/kuopionjakarjalanhiippakunta\/wp-content\/uploads\/2026\/02\/Ensimmainen-paastoviikko_A-1268x1536.jpg 1268w, https:\/\/ort.fi\/kuopionjakarjalanhiippakunta\/wp-content\/uploads\/2026\/02\/Ensimmainen-paastoviikko_A-1691x2048.jpg 1691w\" sizes=\"(max-width: 1764px) 100vw, 1764px\" \/><\/div><\/a>\n\t\t\t\t<div class=\"elementor-post__text\">\n\t\t\t\t<h2 class=\"elementor-post__title\">\n\t\t\t<a href=\"https:\/\/ort.fi\/kuopionjakarjalanhiippakunta\/2026\/02\/15\/ensimmainen-paastoviikko-profeetat\/\" >\n\t\t\t\tEnsimm\u00e4inen paastoviikko \u2013 profeetat\t\t\t<\/a>\n\t\t<\/h2>\n\t\t\t\t<div class=\"elementor-post__excerpt\">\n\t\t\t<p>Suuressa paastossa on kuusi viikkoa ja viisi sunnuntaita. Ensimm\u00e4inen paastoviikko p\u00e4\u00e4ttyy ensimm\u00e4iseen paastosunnuntaihin. Kuudetta paastoviikkoa seuraa sunnuntai ennen p\u00e4\u00e4si\u00e4ist\u00e4 eli palmusunnuntai. Liturgisen j\u00e4rjestyksen osalta suuri<\/p>\n\t\t<\/div>\n\t\t\n\t\t<a class=\"elementor-post__read-more\" href=\"https:\/\/ort.fi\/kuopionjakarjalanhiippakunta\/2026\/02\/15\/ensimmainen-paastoviikko-profeetat\/\" aria-label=\"Read more about Ensimm\u00e4inen paastoviikko \u2013 profeetat\" tabindex=\"-1\" >\n\t\t\tLue lis\u00e4\u00e4 \u00bb\t\t<\/a>\n\n\t\t\t\t<\/div>\n\t\t\t\t\t<\/div>\n\t\t<\/article>\n\t\t\t\t<article class=\"elementor-post elementor-grid-item post-13973 post type-post status-publish format-standard has-post-thumbnail hentry category-kirkkovuosi\" role=\"listitem\">\n\t\t\t<div class=\"elementor-post__card\">\n\t\t\t\t<a class=\"elementor-post__thumbnail__link\" href=\"https:\/\/ort.fi\/kuopionjakarjalanhiippakunta\/2026\/02\/15\/efraim-syyrialaisen-rukous\/\" tabindex=\"-1\" ><div class=\"elementor-post__thumbnail\"><img loading=\"lazy\" decoding=\"async\" width=\"1470\" height=\"2346\" src=\"https:\/\/ort.fi\/kuopionjakarjalanhiippakunta\/wp-content\/uploads\/2026\/02\/Efraim-Syyrialaisen-rukous_A.jpg\" class=\"attachment-full size-full wp-image-13975\" alt=\"\" srcset=\"https:\/\/ort.fi\/kuopionjakarjalanhiippakunta\/wp-content\/uploads\/2026\/02\/Efraim-Syyrialaisen-rukous_A.jpg 1470w, https:\/\/ort.fi\/kuopionjakarjalanhiippakunta\/wp-content\/uploads\/2026\/02\/Efraim-Syyrialaisen-rukous_A-188x300.jpg 188w, https:\/\/ort.fi\/kuopionjakarjalanhiippakunta\/wp-content\/uploads\/2026\/02\/Efraim-Syyrialaisen-rukous_A-642x1024.jpg 642w, https:\/\/ort.fi\/kuopionjakarjalanhiippakunta\/wp-content\/uploads\/2026\/02\/Efraim-Syyrialaisen-rukous_A-768x1226.jpg 768w, https:\/\/ort.fi\/kuopionjakarjalanhiippakunta\/wp-content\/uploads\/2026\/02\/Efraim-Syyrialaisen-rukous_A-962x1536.jpg 962w, https:\/\/ort.fi\/kuopionjakarjalanhiippakunta\/wp-content\/uploads\/2026\/02\/Efraim-Syyrialaisen-rukous_A-1283x2048.jpg 1283w\" sizes=\"(max-width: 1470px) 100vw, 1470px\" \/><\/div><\/a>\n\t\t\t\t<div class=\"elementor-post__text\">\n\t\t\t\t<h2 class=\"elementor-post__title\">\n\t\t\t<a href=\"https:\/\/ort.fi\/kuopionjakarjalanhiippakunta\/2026\/02\/15\/efraim-syyrialaisen-rukous\/\" >\n\t\t\t\tEfraim Syyrialaisen rukous\t\t\t<\/a>\n\t\t<\/h2>\n\t\t\t\t<div class=\"elementor-post__excerpt\">\n\t\t\t<p>\u201dHerra, minun el\u00e4m\u00e4ni valtias! Est\u00e4 minusta laiskuuden, velttouden, vallanhimon ja turhanpuhumisen henki. Anna minulle, Sinun palvelijallesi, sielunpuhtauden, n\u00f6yryyden, k\u00e4rsiv\u00e4llisyyden ja rakkauden henki. Oi, Kuningas ja<\/p>\n\t\t<\/div>\n\t\t\n\t\t<a class=\"elementor-post__read-more\" href=\"https:\/\/ort.fi\/kuopionjakarjalanhiippakunta\/2026\/02\/15\/efraim-syyrialaisen-rukous\/\" aria-label=\"Read more about Efraim Syyrialaisen rukous\" tabindex=\"-1\" >\n\t\t\tLue lis\u00e4\u00e4 \u00bb\t\t<\/a>\n\n\t\t\t\t<\/div>\n\t\t\t\t\t<\/div>\n\t\t<\/article>\n\t\t\t\t<article class=\"elementor-post elementor-grid-item post-13947 post type-post status-publish format-standard has-post-thumbnail hentry category-kirkkovuosi\" role=\"listitem\">\n\t\t\t<div class=\"elementor-post__card\">\n\t\t\t\t<a class=\"elementor-post__thumbnail__link\" href=\"https:\/\/ort.fi\/kuopionjakarjalanhiippakunta\/2026\/02\/11\/katumuskehotukset-i-iv\/\" tabindex=\"-1\" ><div class=\"elementor-post__thumbnail\"><img loading=\"lazy\" decoding=\"async\" width=\"2216\" height=\"2292\" src=\"https:\/\/ort.fi\/kuopionjakarjalanhiippakunta\/wp-content\/uploads\/2026\/02\/3251-4.jpg\" class=\"attachment-full size-full wp-image-13949\" alt=\"\" srcset=\"https:\/\/ort.fi\/kuopionjakarjalanhiippakunta\/wp-content\/uploads\/2026\/02\/3251-4.jpg 2216w, https:\/\/ort.fi\/kuopionjakarjalanhiippakunta\/wp-content\/uploads\/2026\/02\/3251-4-290x300.jpg 290w, https:\/\/ort.fi\/kuopionjakarjalanhiippakunta\/wp-content\/uploads\/2026\/02\/3251-4-990x1024.jpg 990w, https:\/\/ort.fi\/kuopionjakarjalanhiippakunta\/wp-content\/uploads\/2026\/02\/3251-4-768x794.jpg 768w, https:\/\/ort.fi\/kuopionjakarjalanhiippakunta\/wp-content\/uploads\/2026\/02\/3251-4-1485x1536.jpg 1485w, https:\/\/ort.fi\/kuopionjakarjalanhiippakunta\/wp-content\/uploads\/2026\/02\/3251-4-1980x2048.jpg 1980w\" sizes=\"(max-width: 2216px) 100vw, 2216px\" \/><\/div><\/a>\n\t\t\t\t<div class=\"elementor-post__text\">\n\t\t\t\t<h2 class=\"elementor-post__title\">\n\t\t\t<a href=\"https:\/\/ort.fi\/kuopionjakarjalanhiippakunta\/2026\/02\/11\/katumuskehotukset-i-iv\/\" >\n\t\t\t\tKatumuskehotukset I\u2013IV\t\t\t<\/a>\n\t\t<\/h2>\n\t\t\t\t<div class=\"elementor-post__excerpt\">\n\t\t\t<p>Pyhitt\u00e4j\u00e4 Efraim Syyrialaisen katumuskehotukset ovat 1600\u20131800-lukujen kreikankielisist\u00e4 kokoelmista. Tekstit l\u00f6ytyv\u00e4t Dom Edmund Beckin vuosina 1955\u20131979 editoimina kokoelmasta Corpus Scriptorum Christianorum Orientalium. Efraim Syyrialaisen nimell\u00e4 julkaistut<\/p>\n\t\t<\/div>\n\t\t\n\t\t<a class=\"elementor-post__read-more\" href=\"https:\/\/ort.fi\/kuopionjakarjalanhiippakunta\/2026\/02\/11\/katumuskehotukset-i-iv\/\" aria-label=\"Read more about Katumuskehotukset I\u2013IV\" tabindex=\"-1\" >\n\t\t\tLue lis\u00e4\u00e4 \u00bb\t\t<\/a>\n\n\t\t\t\t<\/div>\n\t\t\t\t\t<\/div>\n\t\t<\/article>\n\t\t\t\t<\/div>\n\t\t\n\t\t\t\t<div class=\"e-load-more-anchor\" data-page=\"1\" data-max-page=\"5\" data-next-page=\"https:\/\/ort.fi\/kuopionjakarjalanhiippakunta\/wp-json\/wp\/v2\/pages\/11199\/page\/2\/\"><\/div>\n\t\t\t\t<nav class=\"elementor-pagination\" aria-label=\"Pagination\">\n\t\t\t<span class=\"page-numbers prev\">&laquo; Edellinen sivu <\/span>\n<span aria-current=\"page\" class=\"page-numbers current\"><span class=\"elementor-screen-only\">Page<\/span>1<\/span>\n<a class=\"page-numbers\" href=\"https:\/\/ort.fi\/kuopionjakarjalanhiippakunta\/wp-json\/wp\/v2\/pages\/11199\/page\/2\/\"><span class=\"elementor-screen-only\">Page<\/span>2<\/a>\n<a class=\"page-numbers\" href=\"https:\/\/ort.fi\/kuopionjakarjalanhiippakunta\/wp-json\/wp\/v2\/pages\/11199\/page\/3\/\"><span class=\"elementor-screen-only\">Page<\/span>3<\/a>\n<a class=\"page-numbers\" href=\"https:\/\/ort.fi\/kuopionjakarjalanhiippakunta\/wp-json\/wp\/v2\/pages\/11199\/page\/4\/\"><span class=\"elementor-screen-only\">Page<\/span>4<\/a>\n<a class=\"page-numbers\" href=\"https:\/\/ort.fi\/kuopionjakarjalanhiippakunta\/wp-json\/wp\/v2\/pages\/11199\/page\/5\/\"><span class=\"elementor-screen-only\">Page<\/span>5<\/a>\n<a class=\"page-numbers next\" href=\"https:\/\/ort.fi\/kuopionjakarjalanhiippakunta\/wp-json\/wp\/v2\/pages\/11199\/page\/2\/\">Seuraava sivu &raquo;<\/a>\t\t<\/nav>\n\t\t\t\t\t\t<\/div>\n\t\t\t\t<\/div>\n\t\t\t\t\t<\/div>\n\t\t\t\t<\/div>\n\t\t\t\t<\/div>\n\t\t","protected":false},"excerpt":{"rendered":"<p>KIRKKOVUOSI<\/p>\n","protected":false},"author":1,"featured_media":0,"parent":0,"menu_order":0,"comment_status":"closed","ping_status":"closed","template":"","meta":{"_eb_attr":"","footnotes":""},"class_list":["post-11199","page","type-page","status-publish","hentry"],"_links":{"self":[{"href":"https:\/\/ort.fi\/kuopionjakarjalanhiippakunta\/wp-json\/wp\/v2\/pages\/11199","targetHints":{"allow":["GET"]}}],"collection":[{"href":"https:\/\/ort.fi\/kuopionjakarjalanhiippakunta\/wp-json\/wp\/v2\/pages"}],"about":[{"href":"https:\/\/ort.fi\/kuopionjakarjalanhiippakunta\/wp-json\/wp\/v2\/types\/page"}],"author":[{"embeddable":true,"href":"https:\/\/ort.fi\/kuopionjakarjalanhiippakunta\/wp-json\/wp\/v2\/users\/1"}],"replies":[{"embeddable":true,"href":"https:\/\/ort.fi\/kuopionjakarjalanhiippakunta\/wp-json\/wp\/v2\/comments?post=11199"}],"version-history":[{"count":22,"href":"https:\/\/ort.fi\/kuopionjakarjalanhiippakunta\/wp-json\/wp\/v2\/pages\/11199\/revisions"}],"predecessor-version":[{"id":11387,"href":"https:\/\/ort.fi\/kuopionjakarjalanhiippakunta\/wp-json\/wp\/v2\/pages\/11199\/revisions\/11387"}],"wp:attachment":[{"href":"https:\/\/ort.fi\/kuopionjakarjalanhiippakunta\/wp-json\/wp\/v2\/media?parent=11199"}],"curies":[{"name":"wp","href":"https:\/\/api.w.org\/{rel}","templated":true}]}}