{"id":70,"date":"2018-10-31T22:30:20","date_gmt":"2018-10-31T20:30:20","guid":{"rendered":"https:\/\/ort.fi\/kajaani\/?page_id=70"},"modified":"2025-10-02T13:11:32","modified_gmt":"2025-10-02T10:11:32","slug":"yhteystiedot","status":"publish","type":"page","link":"https:\/\/ort.fi\/kajaani\/yhteystiedot\/","title":{"rendered":"Yhteystiedot"},"content":{"rendered":"<p><img loading=\"lazy\" decoding=\"async\" class=\"alignnone wp-image-6219 size-medium\" src=\"https:\/\/ort.fi\/kajaani\/wp-content\/uploads\/2024\/04\/KristuksenylosnousemusLH-e1711945571241-230x300.jpg\" alt=\"\" width=\"230\" height=\"300\" srcset=\"https:\/\/ort.fi\/kajaani\/wp-content\/uploads\/2024\/04\/KristuksenylosnousemusLH-e1711945571241-230x300.jpg 230w, https:\/\/ort.fi\/kajaani\/wp-content\/uploads\/2024\/04\/KristuksenylosnousemusLH-e1711945571241-785x1024.jpg 785w, https:\/\/ort.fi\/kajaani\/wp-content\/uploads\/2024\/04\/KristuksenylosnousemusLH-e1711945571241-768x1002.jpg 768w, https:\/\/ort.fi\/kajaani\/wp-content\/uploads\/2024\/04\/KristuksenylosnousemusLH-e1711945571241-1178x1536.jpg 1178w, https:\/\/ort.fi\/kajaani\/wp-content\/uploads\/2024\/04\/KristuksenylosnousemusLH-e1711945571241-1570x2048.jpg 1570w, https:\/\/ort.fi\/kajaani\/wp-content\/uploads\/2024\/04\/KristuksenylosnousemusLH-e1711945571241.jpg 1805w\" sizes=\"auto, (max-width: 230px) 100vw, 230px\" \/><\/p>\n<p><strong>Palvelupiste (kanslia) avoinna keskiviikkoisin klo 10-14<br \/>\n<\/strong>V\u00e4in\u00e4m\u00f6isenkatu 29 A 1<br \/>\n87100 KAJAANI<br \/>\npuh. 045 606 2197<br \/>\ns\u00e4hk\u00f6posti: kainuu@ort.fi<\/p>\n<p>is\u00e4 Artturi Hirvonen<br \/>\nKainuun pappi<br \/>\np. 050 358 0112<br \/>\ns\u00e4hk\u00f6posti: artturi.hirvonen@ort.fi<\/p>\n<p>kanttori Pia Koivurova<br \/>\npuh.045 324 1612<br \/>\npia.koivurova@ort.fi<\/p>\n<p><strong>KIRKKOHERRANVIRASTO, OULU<\/strong><br \/>\nTorikatu 74, 90120 Oulu<br \/>\np. 044 5115 741<br \/>\ns\u00e4hk\u00f6posti: pohjoinen@ort.fi<\/p>\n<p>&nbsp;<\/p>\n","protected":false},"excerpt":{"rendered":"<p>Palvelupiste (kanslia) avoinna keskiviikkoisin klo 10-14 V\u00e4in\u00e4m\u00f6isenkatu 29 A 1 87100 KAJAANI puh. 045 606 2197 s\u00e4hk\u00f6posti: kainuu@ort.fi is\u00e4 Artturi Hirvonen Kainuun pappi p. 050 358 0112 s\u00e4hk\u00f6posti: artturi.hirvonen@ort.fi kanttori Pia Koivurova puh.045 324 1612 pia.koivurova@ort.fi KIRKKOHERRANVIRASTO, OULU Torikatu 74, 90120 Oulu p. 044 5115 741 s\u00e4hk\u00f6posti: pohjoinen@ort.fi &nbsp;<\/p>\n","protected":false},"author":2,"featured_media":0,"parent":0,"menu_order":0,"comment_status":"closed","ping_status":"closed","template":"","meta":{"footnotes":""},"class_list":["post-70","page","type-page","status-publish"],"_links":{"self":[{"href":"https:\/\/ort.fi\/kajaani\/wp-json\/wp\/v2\/pages\/70","targetHints":{"allow":["GET"]}}],"collection":[{"href":"https:\/\/ort.fi\/kajaani\/wp-json\/wp\/v2\/pages"}],"about":[{"href":"https:\/\/ort.fi\/kajaani\/wp-json\/wp\/v2\/types\/page"}],"author":[{"embeddable":true,"href":"https:\/\/ort.fi\/kajaani\/wp-json\/wp\/v2\/users\/2"}],"replies":[{"embeddable":true,"href":"https:\/\/ort.fi\/kajaani\/wp-json\/wp\/v2\/comments?post=70"}],"version-history":[{"count":109,"href":"https:\/\/ort.fi\/kajaani\/wp-json\/wp\/v2\/pages\/70\/revisions"}],"predecessor-version":[{"id":7517,"href":"https:\/\/ort.fi\/kajaani\/wp-json\/wp\/v2\/pages\/70\/revisions\/7517"}],"wp:attachment":[{"href":"https:\/\/ort.fi\/kajaani\/wp-json\/wp\/v2\/media?parent=70"}],"curies":[{"name":"wp","href":"https:\/\/api.w.org\/{rel}","templated":true}]}}