{"id":6919,"date":"2024-12-31T05:44:00","date_gmt":"2024-12-31T03:44:00","guid":{"rendered":"https:\/\/ort.fi\/kajaani\/?page_id=6919"},"modified":"2026-01-28T10:46:40","modified_gmt":"2026-01-28T08:46:40","slug":"kirkkokuoro","status":"publish","type":"page","link":"https:\/\/ort.fi\/kajaani\/kirkkokuoro\/","title":{"rendered":"Ortodoksinen kirkkokuoro"},"content":{"rendered":"<p><img loading=\"lazy\" decoding=\"async\" class=\"alignnone wp-image-6179 size-large\" src=\"https:\/\/ort.fi\/kajaani\/wp-content\/uploads\/2024\/03\/Valvomisenvertaus-1024x479.jpg\" alt=\"\" width=\"1024\" height=\"479\" srcset=\"https:\/\/ort.fi\/kajaani\/wp-content\/uploads\/2024\/03\/Valvomisenvertaus-1024x479.jpg 1024w, https:\/\/ort.fi\/kajaani\/wp-content\/uploads\/2024\/03\/Valvomisenvertaus-300x140.jpg 300w, https:\/\/ort.fi\/kajaani\/wp-content\/uploads\/2024\/03\/Valvomisenvertaus-768x360.jpg 768w, https:\/\/ort.fi\/kajaani\/wp-content\/uploads\/2024\/03\/Valvomisenvertaus-1536x719.jpg 1536w, https:\/\/ort.fi\/kajaani\/wp-content\/uploads\/2024\/03\/Valvomisenvertaus-2048x959.jpg 2048w\" sizes=\"auto, (max-width: 1024px) 100vw, 1024px\" \/><\/p>\n<h2><strong>Kirkkokuoroon laulamaan<\/strong><\/h2>\n<p>Tervetuloa laulamaan Jumalanpalveluksiin ja seurakunnan tilaisuuksiin!<\/p>\n<p>Olet l\u00e4mpim\u00e4sti tervetullut!<\/p>\n<p><strong>Kev\u00e4tkauden seuraavat harjoitukset ovat To 29.1 klo 17<\/strong><\/p>\n<p>Suurta paastoa ja p\u00e4\u00e4si\u00e4ist\u00e4 kohti. Voit halutessasi tulla p\u00e4\u00e4si\u00e4isen harjoituksiin ja laulamaan projektin omaisesti p\u00e4\u00e4si\u00e4isy\u00f6n kuoroon.<\/p>\n<p>Kuorossa laulaminen ei edellyt\u00e4, ett\u00e4 olet ortodoksi.<\/p>\n<p><strong>Kirkkokuorossa laulaminen edellytt\u00e4\u00e4 nuottikorvaa ja taitoa laulaa harmoniassa omaa stemmaa.<\/strong> Kuorossa lauletaan neli\u00e4\u00e4nisesti eli sopraano, altto, tenori ja basso. Kuuntelemisen taito on hyv\u00e4 ominaisuus kuorolaiselle, sek\u00e4 t\u00e4rkeint\u00e4 on olla hyv\u00e4 kuorokaveri. Kannustetaan toisiamme ja luodaan positiivinen yhteishenki. T\u00e4ll\u00e4 tavoin voimme rauhallisin mielin keskitty\u00e4 rukoukseen ja laulaa Jumalalle yhdess\u00e4, yhten\u00e4isen\u00e4 instrumenttina.<\/p>\n<p><strong>Harjoitukset ovat ortodoksisella seurakuntasalilla\u00a0<\/strong><\/p>\n<p><strong>os. V\u00e4in\u00e4m\u00f6isenkatu 29 A 1<\/strong><\/p>\n<p>Paikalle saa tulla jo klo 16.30 ! Tarjolla on aina teet\u00e4 ja kahvia! Voi ottaa my\u00f6s omat ev\u00e4\u00e4t, keitti\u00f6ss\u00e4 on mikro, jos tulee suoraan t\u00f6ist\u00e4.<\/p>\n<p>Ota rohkeasti yhteytt\u00e4 kanttoriin!<\/p>\n<p>Soita ja sovi aika, niin n\u00e4hd\u00e4\u00e4n ensin kahdestaan.<br \/>\nPia Koivurova<br \/>\npia.koivurova@ort.fi<br \/>\np. +35845 324 1612<\/p>\n<p>&nbsp;<\/p>\n<p>&nbsp;<\/p>\n","protected":false},"excerpt":{"rendered":"<p>Kirkkokuoroon laulamaan Tervetuloa laulamaan Jumalanpalveluksiin ja seurakunnan tilaisuuksiin! Olet l\u00e4mpim\u00e4sti tervetullut! Kev\u00e4tkauden seuraavat harjoitukset ovat To 29.1 klo 17 Suurta paastoa ja p\u00e4\u00e4si\u00e4ist\u00e4 kohti. Voit halutessasi tulla p\u00e4\u00e4si\u00e4isen harjoituksiin ja laulamaan projektin omaisesti p\u00e4\u00e4si\u00e4isy\u00f6n kuoroon. Kuorossa laulaminen ei edellyt\u00e4, ett\u00e4 olet ortodoksi. Kirkkokuorossa laulaminen edellytt\u00e4\u00e4 nuottikorvaa ja taitoa laulaa harmoniassa omaa stemmaa. Kuorossa lauletaan neli\u00e4\u00e4nisesti &#8230; <a title=\"Ortodoksinen kirkkokuoro\" class=\"read-more\" href=\"https:\/\/ort.fi\/kajaani\/kirkkokuoro\/\" aria-label=\"Lue lis\u00e4\u00e4 aiheesta Ortodoksinen kirkkokuoro\">Lue lis\u00e4\u00e4<\/a><\/p>\n","protected":false},"author":7,"featured_media":0,"parent":0,"menu_order":0,"comment_status":"closed","ping_status":"closed","template":"","meta":{"footnotes":""},"class_list":["post-6919","page","type-page","status-publish"],"_links":{"self":[{"href":"https:\/\/ort.fi\/kajaani\/wp-json\/wp\/v2\/pages\/6919","targetHints":{"allow":["GET"]}}],"collection":[{"href":"https:\/\/ort.fi\/kajaani\/wp-json\/wp\/v2\/pages"}],"about":[{"href":"https:\/\/ort.fi\/kajaani\/wp-json\/wp\/v2\/types\/page"}],"author":[{"embeddable":true,"href":"https:\/\/ort.fi\/kajaani\/wp-json\/wp\/v2\/users\/7"}],"replies":[{"embeddable":true,"href":"https:\/\/ort.fi\/kajaani\/wp-json\/wp\/v2\/comments?post=6919"}],"version-history":[{"count":14,"href":"https:\/\/ort.fi\/kajaani\/wp-json\/wp\/v2\/pages\/6919\/revisions"}],"predecessor-version":[{"id":7605,"href":"https:\/\/ort.fi\/kajaani\/wp-json\/wp\/v2\/pages\/6919\/revisions\/7605"}],"wp:attachment":[{"href":"https:\/\/ort.fi\/kajaani\/wp-json\/wp\/v2\/media?parent=6919"}],"curies":[{"name":"wp","href":"https:\/\/api.w.org\/{rel}","templated":true}]}}