{"id":64,"date":"2018-10-31T22:30:09","date_gmt":"2018-10-31T20:30:09","guid":{"rendered":"https:\/\/ort.fi\/kajaani\/?page_id=64"},"modified":"2025-04-05T08:33:55","modified_gmt":"2025-04-05T05:33:55","slug":"pyhakot","status":"publish","type":"page","link":"https:\/\/ort.fi\/kajaani\/pyhakot\/","title":{"rendered":"Pyh\u00e4k\u00f6t"},"content":{"rendered":"<p><img loading=\"lazy\" decoding=\"async\" class=\"wp-image-92 size-medium\" src=\"https:\/\/ort.fi\/kajaani\/wp-content\/uploads\/2018\/10\/Kajaanin-kirkko-300x227.jpg\" alt=\"\" width=\"300\" height=\"227\" srcset=\"https:\/\/ort.fi\/kajaani\/wp-content\/uploads\/2018\/10\/Kajaanin-kirkko-300x227.jpg 300w, https:\/\/ort.fi\/kajaani\/wp-content\/uploads\/2018\/10\/Kajaanin-kirkko-768x582.jpg 768w, https:\/\/ort.fi\/kajaani\/wp-content\/uploads\/2018\/10\/Kajaanin-kirkko-1024x776.jpg 1024w\" sizes=\"auto, (max-width: 300px) 100vw, 300px\" \/><\/p>\n<p><img loading=\"lazy\" decoding=\"async\" class=\"alignnone wp-image-5447 size-medium\" style=\"font-size: 16px;\" src=\"https:\/\/ort.fi\/kajaani\/wp-content\/uploads\/2023\/06\/Kajaanin-ortodoksinen-kirkko2-scaled-e1694952601561-300x197.jpg\" alt=\"\" width=\"300\" height=\"197\" srcset=\"https:\/\/ort.fi\/kajaani\/wp-content\/uploads\/2023\/06\/Kajaanin-ortodoksinen-kirkko2-scaled-e1694952601561-300x197.jpg 300w, https:\/\/ort.fi\/kajaani\/wp-content\/uploads\/2023\/06\/Kajaanin-ortodoksinen-kirkko2-scaled-e1694952601561-1024x672.jpg 1024w, https:\/\/ort.fi\/kajaani\/wp-content\/uploads\/2023\/06\/Kajaanin-ortodoksinen-kirkko2-scaled-e1694952601561-768x504.jpg 768w, https:\/\/ort.fi\/kajaani\/wp-content\/uploads\/2023\/06\/Kajaanin-ortodoksinen-kirkko2-scaled-e1694952601561-1536x1009.jpg 1536w, https:\/\/ort.fi\/kajaani\/wp-content\/uploads\/2023\/06\/Kajaanin-ortodoksinen-kirkko2-scaled-e1694952601561-2048x1345.jpg 2048w\" sizes=\"auto, (max-width: 300px) 100vw, 300px\" \/><\/p>\n<p>Kristuksen kirkastumisen kirkko<br \/>\nKirkkokatu 17a KAJAANI<br \/>\nIs\u00e4nn\u00f6itsij\u00e4 Heikki M\u00e4\u00e4r\u00e4nen<br \/>\npuh. 0400 173 838<\/p>\n<p>*******************************************<\/p>\n<p><img loading=\"lazy\" decoding=\"async\" class=\"alignnone wp-image-5925 size-medium\" src=\"https:\/\/ort.fi\/kajaani\/wp-content\/uploads\/2024\/01\/Sotkamonkirkkotalvella-1-e1705060707625-290x300.jpg\" alt=\"\" width=\"290\" height=\"300\" srcset=\"https:\/\/ort.fi\/kajaani\/wp-content\/uploads\/2024\/01\/Sotkamonkirkkotalvella-1-e1705060707625-290x300.jpg 290w, https:\/\/ort.fi\/kajaani\/wp-content\/uploads\/2024\/01\/Sotkamonkirkkotalvella-1-e1705060707625-989x1024.jpg 989w, https:\/\/ort.fi\/kajaani\/wp-content\/uploads\/2024\/01\/Sotkamonkirkkotalvella-1-e1705060707625-768x796.jpg 768w, https:\/\/ort.fi\/kajaani\/wp-content\/uploads\/2024\/01\/Sotkamonkirkkotalvella-1-e1705060707625-1483x1536.jpg 1483w, https:\/\/ort.fi\/kajaani\/wp-content\/uploads\/2024\/01\/Sotkamonkirkkotalvella-1-e1705060707625.jpg 1535w\" sizes=\"auto, (max-width: 290px) 100vw, 290px\" \/><\/p>\n<p><img loading=\"lazy\" decoding=\"async\" class=\"alignnone wp-image-5929 size-medium\" src=\"https:\/\/ort.fi\/kajaani\/wp-content\/uploads\/2024\/01\/Sotkamonkirkkosisalta-300x225.jpg\" alt=\"\" width=\"300\" height=\"225\" srcset=\"https:\/\/ort.fi\/kajaani\/wp-content\/uploads\/2024\/01\/Sotkamonkirkkosisalta-300x225.jpg 300w, https:\/\/ort.fi\/kajaani\/wp-content\/uploads\/2024\/01\/Sotkamonkirkkosisalta-1024x768.jpg 1024w, https:\/\/ort.fi\/kajaani\/wp-content\/uploads\/2024\/01\/Sotkamonkirkkosisalta-768x576.jpg 768w, https:\/\/ort.fi\/kajaani\/wp-content\/uploads\/2024\/01\/Sotkamonkirkkosisalta.jpg 1080w\" sizes=\"auto, (max-width: 300px) 100vw, 300px\" \/><br \/>\nJumalansynnytt\u00e4j\u00e4n suojeluksen kirkko<br \/>\nRauhantie 13 SOTKAMO<br \/>\nIs\u00e4nn\u00f6itsij\u00e4 P\u00e4ivi R\u00e4is\u00e4nen<br \/>\np. 040 578 7044<\/p>\n<p>*****************************************<\/p>\n<p><img loading=\"lazy\" decoding=\"async\" class=\"wp-image-88 size-medium\" src=\"https:\/\/ort.fi\/kajaani\/wp-content\/uploads\/2018\/10\/kuhmo-300x200.jpg\" alt=\"\" width=\"300\" height=\"200\" srcset=\"https:\/\/ort.fi\/kajaani\/wp-content\/uploads\/2018\/10\/kuhmo-300x200.jpg 300w, https:\/\/ort.fi\/kajaani\/wp-content\/uploads\/2018\/10\/kuhmo-768x512.jpg 768w, https:\/\/ort.fi\/kajaani\/wp-content\/uploads\/2018\/10\/kuhmo-1024x683.jpg 1024w\" sizes=\"auto, (max-width: 300px) 100vw, 300px\" \/><\/p>\n<p><img loading=\"lazy\" decoding=\"async\" class=\"alignnone wp-image-5677 size-medium\" style=\"font-size: 16px;\" src=\"https:\/\/ort.fi\/kajaani\/wp-content\/uploads\/2023\/10\/IMG_6687-300x225.jpg\" alt=\"\" width=\"300\" height=\"225\" srcset=\"https:\/\/ort.fi\/kajaani\/wp-content\/uploads\/2023\/10\/IMG_6687-300x225.jpg 300w, https:\/\/ort.fi\/kajaani\/wp-content\/uploads\/2023\/10\/IMG_6687-1024x768.jpg 1024w, https:\/\/ort.fi\/kajaani\/wp-content\/uploads\/2023\/10\/IMG_6687-768x576.jpg 768w, https:\/\/ort.fi\/kajaani\/wp-content\/uploads\/2023\/10\/IMG_6687-1536x1152.jpg 1536w, https:\/\/ort.fi\/kajaani\/wp-content\/uploads\/2023\/10\/IMG_6687-2048x1536.jpg 2048w\" sizes=\"auto, (max-width: 300px) 100vw, 300px\" \/><\/p>\n<p>Karjalan valistajien kirkko<br \/>\nKoulukatu 47 KUHMO<br \/>\nIs\u00e4nn\u00f6itsij\u00e4 Eeva Pulkkinen<br \/>\npuh. 040 564 7467<\/p>\n<p>***************************************<\/p>\n<figure id=\"attachment_86\" aria-describedby=\"caption-attachment-86\" style=\"width: 290px\" class=\"wp-caption alignnone\"><img loading=\"lazy\" decoding=\"async\" class=\"wp-image-86 size-medium\" src=\"https:\/\/ort.fi\/kajaani\/wp-content\/uploads\/2018\/10\/paltamo-300x200.jpg\" alt=\"\" width=\"300\" height=\"200\" srcset=\"https:\/\/ort.fi\/kajaani\/wp-content\/uploads\/2018\/10\/paltamo-300x200.jpg 300w, https:\/\/ort.fi\/kajaani\/wp-content\/uploads\/2018\/10\/paltamo-768x512.jpg 768w, https:\/\/ort.fi\/kajaani\/wp-content\/uploads\/2018\/10\/paltamo-1024x683.jpg 1024w\" sizes=\"auto, (max-width: 300px) 100vw, 300px\" \/><figcaption id=\"caption-attachment-86\" class=\"wp-caption-text\">Jumalan\u00e4idin kuolonuneen nukkumisen rukoushuone Talonpojantie 3 PALTAMO (poistettu k\u00e4yt\u00f6st\u00e4)<\/figcaption><\/figure>\n<p>*****************************************<\/p>\n<figure id=\"attachment_84\" aria-describedby=\"caption-attachment-84\" style=\"width: 290px\" class=\"wp-caption alignnone\"><img loading=\"lazy\" decoding=\"async\" class=\"wp-image-84 size-medium\" src=\"https:\/\/ort.fi\/kajaani\/wp-content\/uploads\/2018\/10\/mnsaari-300x219.jpg\" alt=\"\" width=\"300\" height=\"219\" srcset=\"https:\/\/ort.fi\/kajaani\/wp-content\/uploads\/2018\/10\/mnsaari-300x219.jpg 300w, https:\/\/ort.fi\/kajaani\/wp-content\/uploads\/2018\/10\/mnsaari.jpg 332w\" sizes=\"auto, (max-width: 300px) 100vw, 300px\" \/><figcaption id=\"caption-attachment-84\" class=\"wp-caption-text\"><img loading=\"lazy\" decoding=\"async\" class=\"alignnone wp-image-2705 size-medium\" style=\"font-size: 16px;\" src=\"https:\/\/ort.fi\/kajaani\/wp-content\/uploads\/2020\/09\/suomussalmentsasounasis\u00e4kuva-300x225.jpg\" alt=\"\" width=\"300\" height=\"225\" srcset=\"https:\/\/ort.fi\/kajaani\/wp-content\/uploads\/2020\/09\/suomussalmentsasounasis\u00e4kuva-300x225.jpg 300w, https:\/\/ort.fi\/kajaani\/wp-content\/uploads\/2020\/09\/suomussalmentsasounasis\u00e4kuva-1024x768.jpg 1024w, https:\/\/ort.fi\/kajaani\/wp-content\/uploads\/2020\/09\/suomussalmentsasounasis\u00e4kuva-768x576.jpg 768w, https:\/\/ort.fi\/kajaani\/wp-content\/uploads\/2020\/09\/suomussalmentsasounasis\u00e4kuva-1536x1152.jpg 1536w, https:\/\/ort.fi\/kajaani\/wp-content\/uploads\/2020\/09\/suomussalmentsasounasis\u00e4kuva.jpg 2048w\" sizes=\"auto, (max-width: 300px) 100vw, 300px\" \/><\/figcaption><\/figure>\n<p>Pyh\u00e4n Ristin tsasouna<br \/>\nKeskuskatu 1 \u00c4MM\u00c4NSAARI<br \/>\nIs\u00e4nn\u00f6itsij\u00e4 Nina Sivula<br \/>\npuh. 040 536 7750<\/p>\n<p>&nbsp;<\/p>\n<figure id=\"attachment_5679\" aria-describedby=\"caption-attachment-5679\" style=\"width: 215px\" class=\"wp-caption alignnone\"><img loading=\"lazy\" decoding=\"async\" class=\"wp-image-82 size-medium\" src=\"https:\/\/ort.fi\/kajaani\/wp-content\/uploads\/2018\/10\/kuivaj-225x300.jpg\" alt=\"\" width=\"225\" height=\"300\" srcset=\"https:\/\/ort.fi\/kajaani\/wp-content\/uploads\/2018\/10\/kuivaj-225x300.jpg 225w, https:\/\/ort.fi\/kajaani\/wp-content\/uploads\/2018\/10\/kuivaj-768x1024.jpg 768w\" sizes=\"auto, (max-width: 225px) 100vw, 225px\" \/><figcaption id=\"caption-attachment-5679\" class=\"wp-caption-text\"><img loading=\"lazy\" decoding=\"async\" class=\"alignnone wp-image-5679 size-full\" style=\"font-size: 16px;\" src=\"https:\/\/ort.fi\/kajaani\/wp-content\/uploads\/2023\/10\/kuivajarventsasouna.jpg\" alt=\"\" width=\"206\" height=\"206\" srcset=\"https:\/\/ort.fi\/kajaani\/wp-content\/uploads\/2023\/10\/kuivajarventsasouna.jpg 206w, https:\/\/ort.fi\/kajaani\/wp-content\/uploads\/2023\/10\/kuivajarventsasouna-150x150.jpg 150w\" sizes=\"auto, (max-width: 206px) 100vw, 206px\" \/><\/figcaption><\/figure>\n<p>Pyh\u00e4n Nikolauksen rukoushuone<br \/>\nKuivaj\u00e4rventie 196 KUIVAJ\u00c4RVI<br \/>\nIs\u00e4nn\u00f6itsij\u00e4 Hannele Niskanen<br \/>\npuh. 040 555 3639<\/p>\n<p>&nbsp;<\/p>\n<p><img loading=\"lazy\" decoding=\"async\" class=\"wp-image-80 size-medium\" src=\"https:\/\/ort.fi\/kajaani\/wp-content\/uploads\/2018\/10\/lasari-300x200.jpg\" alt=\"\" width=\"300\" height=\"200\" srcset=\"https:\/\/ort.fi\/kajaani\/wp-content\/uploads\/2018\/10\/lasari-300x200.jpg 300w, https:\/\/ort.fi\/kajaani\/wp-content\/uploads\/2018\/10\/lasari-768x512.jpg 768w, https:\/\/ort.fi\/kajaani\/wp-content\/uploads\/2018\/10\/lasari-1024x683.jpg 1024w\" sizes=\"auto, (max-width: 300px) 100vw, 300px\" \/><\/p>\n<p><img loading=\"lazy\" decoding=\"async\" class=\"alignnone wp-image-5687 size-medium\" src=\"https:\/\/ort.fi\/kajaani\/wp-content\/uploads\/2023\/10\/IMG_7634-225x300.jpg\" alt=\"\" width=\"225\" height=\"300\" srcset=\"https:\/\/ort.fi\/kajaani\/wp-content\/uploads\/2023\/10\/IMG_7634-225x300.jpg 225w, https:\/\/ort.fi\/kajaani\/wp-content\/uploads\/2023\/10\/IMG_7634-768x1024.jpg 768w, https:\/\/ort.fi\/kajaani\/wp-content\/uploads\/2023\/10\/IMG_7634-1152x1536.jpg 1152w, https:\/\/ort.fi\/kajaani\/wp-content\/uploads\/2023\/10\/IMG_7634-1536x2048.jpg 1536w, https:\/\/ort.fi\/kajaani\/wp-content\/uploads\/2023\/10\/IMG_7634-scaled.jpg 1920w\" sizes=\"auto, (max-width: 225px) 100vw, 225px\" \/><\/p>\n<p>Pt. Lasari Muromalaisen tsasouna<br \/>\nKirkkoahontie 633 KAJAANI<br \/>\nis\u00e4nn\u00f6itsij\u00e4 Keijo Koskenharju<br \/>\np. 044 248 4351<\/p>\n","protected":false},"excerpt":{"rendered":"<p>Kristuksen kirkastumisen kirkko Kirkkokatu 17a KAJAANI Is\u00e4nn\u00f6itsij\u00e4 Heikki M\u00e4\u00e4r\u00e4nen puh. 0400 173 838 ******************************************* Jumalansynnytt\u00e4j\u00e4n suojeluksen kirkko Rauhantie 13 SOTKAMO Is\u00e4nn\u00f6itsij\u00e4 P\u00e4ivi R\u00e4is\u00e4nen p. 040 578 7044 ***************************************** Karjalan valistajien kirkko Koulukatu 47 KUHMO Is\u00e4nn\u00f6itsij\u00e4 Eeva Pulkkinen puh. 040 564 7467 *************************************** ***************************************** Pyh\u00e4n Ristin tsasouna Keskuskatu 1 \u00c4MM\u00c4NSAARI Is\u00e4nn\u00f6itsij\u00e4 Nina Sivula puh. 040 536 &#8230; <a title=\"Pyh\u00e4k\u00f6t\" class=\"read-more\" href=\"https:\/\/ort.fi\/kajaani\/pyhakot\/\" aria-label=\"Lue lis\u00e4\u00e4 aiheesta Pyh\u00e4k\u00f6t\">Lue lis\u00e4\u00e4<\/a><\/p>\n","protected":false},"author":2,"featured_media":0,"parent":0,"menu_order":0,"comment_status":"closed","ping_status":"closed","template":"","meta":{"footnotes":""},"class_list":["post-64","page","type-page","status-publish"],"_links":{"self":[{"href":"https:\/\/ort.fi\/kajaani\/wp-json\/wp\/v2\/pages\/64","targetHints":{"allow":["GET"]}}],"collection":[{"href":"https:\/\/ort.fi\/kajaani\/wp-json\/wp\/v2\/pages"}],"about":[{"href":"https:\/\/ort.fi\/kajaani\/wp-json\/wp\/v2\/types\/page"}],"author":[{"embeddable":true,"href":"https:\/\/ort.fi\/kajaani\/wp-json\/wp\/v2\/users\/2"}],"replies":[{"embeddable":true,"href":"https:\/\/ort.fi\/kajaani\/wp-json\/wp\/v2\/comments?post=64"}],"version-history":[{"count":29,"href":"https:\/\/ort.fi\/kajaani\/wp-json\/wp\/v2\/pages\/64\/revisions"}],"predecessor-version":[{"id":7259,"href":"https:\/\/ort.fi\/kajaani\/wp-json\/wp\/v2\/pages\/64\/revisions\/7259"}],"wp:attachment":[{"href":"https:\/\/ort.fi\/kajaani\/wp-json\/wp\/v2\/media?parent=64"}],"curies":[{"name":"wp","href":"https:\/\/api.w.org\/{rel}","templated":true}]}}