{"id":5837,"date":"2023-11-20T15:38:40","date_gmt":"2023-11-20T13:38:40","guid":{"rendered":"https:\/\/ort.fi\/kajaani\/?page_id=5837"},"modified":"2024-12-23T07:18:10","modified_gmt":"2024-12-23T05:18:10","slug":"yleistietoja-seurakunnasta","status":"publish","type":"page","link":"https:\/\/ort.fi\/kajaani\/yleistietoja-seurakunnasta\/","title":{"rendered":"Yleistietoja seurakunnasta"},"content":{"rendered":"<h1><img loading=\"lazy\" decoding=\"async\" class=\"alignleft wp-image-4455 size-full\" src=\"https:\/\/ort.fi\/kajaani\/wp-content\/uploads\/2022\/08\/Kainuun-logo8973.jpg\" alt=\"\" width=\"165\" height=\"161\" \/>Kainuun ortodoksinen kappeliseurakunta<\/h1>\n<p>Tammikuun 1. p\u00e4iv\u00e4n\u00e4 1950 perustettiin Kajaanin ortodoksinen seurakunta.\u00a0 Seurakunnan 71 vuotta kest\u00e4nyt toiminta itsen\u00e4isen\u00e4 seurakuntana p\u00e4\u00e4ttyi 31.12.2021. Vuoden 2022 alusta Kajaanin, Lapin ja Oulun ortodoksiset seurakunnan yhdistyiv\u00e4t uudeksi seurakunnaksi, jonka nimeksi tuli\u00a0<strong>Pohjois-Suomen ortodoksinen seurakunta<\/strong>. Entisest\u00e4 Kajaanin ortodoksisesta seurakunnasta on k\u00e4ytetty 1.1.2022 j\u00e4lkeen nime\u00e4 <strong>Kainuun ortodoksinen kappeliseurakunta<\/strong>.\u00a0 Kainuun kappeliseurakuntaan kuuluvat kaikki Kainuun kunnat ja Vaala. Seurakunnan alueella on kolme ortodoksista kirkkoa ja viisi tsasounaa, joista yksi on yksityinen. Toiminta ja jumalanpalvelusten toimittaminen Kajaanissa, Kuhmossa, Sotkamossa ja Suomussalmella jatkuu seurakuntaliitoksesta huolimatta entisenlaisena. Lis\u00e4ksi jumalanpalveluksia toimitetaan muualla Kainuussa mahdollisuuksien mukaan.<\/p>\n","protected":false},"excerpt":{"rendered":"<p>Kainuun ortodoksinen kappeliseurakunta Tammikuun 1. p\u00e4iv\u00e4n\u00e4 1950 perustettiin Kajaanin ortodoksinen seurakunta.\u00a0 Seurakunnan 71 vuotta kest\u00e4nyt toiminta itsen\u00e4isen\u00e4 seurakuntana p\u00e4\u00e4ttyi 31.12.2021. Vuoden 2022 alusta Kajaanin, Lapin ja Oulun ortodoksiset seurakunnan yhdistyiv\u00e4t uudeksi seurakunnaksi, jonka nimeksi tuli\u00a0Pohjois-Suomen ortodoksinen seurakunta. Entisest\u00e4 Kajaanin ortodoksisesta seurakunnasta on k\u00e4ytetty 1.1.2022 j\u00e4lkeen nime\u00e4 Kainuun ortodoksinen kappeliseurakunta.\u00a0 Kainuun kappeliseurakuntaan kuuluvat kaikki Kainuun kunnat &#8230; <a title=\"Yleistietoja seurakunnasta\" class=\"read-more\" href=\"https:\/\/ort.fi\/kajaani\/yleistietoja-seurakunnasta\/\" aria-label=\"Lue lis\u00e4\u00e4 aiheesta Yleistietoja seurakunnasta\">Lue lis\u00e4\u00e4<\/a><\/p>\n","protected":false},"author":7,"featured_media":0,"parent":0,"menu_order":0,"comment_status":"closed","ping_status":"closed","template":"","meta":{"footnotes":""},"class_list":["post-5837","page","type-page","status-publish"],"_links":{"self":[{"href":"https:\/\/ort.fi\/kajaani\/wp-json\/wp\/v2\/pages\/5837","targetHints":{"allow":["GET"]}}],"collection":[{"href":"https:\/\/ort.fi\/kajaani\/wp-json\/wp\/v2\/pages"}],"about":[{"href":"https:\/\/ort.fi\/kajaani\/wp-json\/wp\/v2\/types\/page"}],"author":[{"embeddable":true,"href":"https:\/\/ort.fi\/kajaani\/wp-json\/wp\/v2\/users\/7"}],"replies":[{"embeddable":true,"href":"https:\/\/ort.fi\/kajaani\/wp-json\/wp\/v2\/comments?post=5837"}],"version-history":[{"count":4,"href":"https:\/\/ort.fi\/kajaani\/wp-json\/wp\/v2\/pages\/5837\/revisions"}],"predecessor-version":[{"id":6907,"href":"https:\/\/ort.fi\/kajaani\/wp-json\/wp\/v2\/pages\/5837\/revisions\/6907"}],"wp:attachment":[{"href":"https:\/\/ort.fi\/kajaani\/wp-json\/wp\/v2\/media?parent=5837"}],"curies":[{"name":"wp","href":"https:\/\/api.w.org\/{rel}","templated":true}]}}