{"id":42,"date":"2018-10-29T11:57:36","date_gmt":"2018-10-29T09:57:36","guid":{"rendered":"https:\/\/ort.fi\/kajaani\/?page_id=42"},"modified":"2026-03-31T16:00:19","modified_gmt":"2026-03-31T13:00:19","slug":"jumalanpalvelukset","status":"publish","type":"page","link":"https:\/\/ort.fi\/kajaani\/jumalanpalvelukset\/","title":{"rendered":"Jumalanpalvelukset"},"content":{"rendered":"<p style=\"text-align: left;\"><strong><img loading=\"lazy\" decoding=\"async\" class=\"alignnone wp-image-6697 size-medium\" src=\"https:\/\/ort.fi\/kajaani\/wp-content\/uploads\/2024\/11\/Kajaaninkirkonkesakuva-300x183.jpg\" alt=\"\" width=\"300\" height=\"183\" srcset=\"https:\/\/ort.fi\/kajaani\/wp-content\/uploads\/2024\/11\/Kajaaninkirkonkesakuva-300x183.jpg 300w, https:\/\/ort.fi\/kajaani\/wp-content\/uploads\/2024\/11\/Kajaaninkirkonkesakuva-1024x625.jpg 1024w, https:\/\/ort.fi\/kajaani\/wp-content\/uploads\/2024\/11\/Kajaaninkirkonkesakuva-768x469.jpg 768w, https:\/\/ort.fi\/kajaani\/wp-content\/uploads\/2024\/11\/Kajaaninkirkonkesakuva-1536x938.jpg 1536w, https:\/\/ort.fi\/kajaani\/wp-content\/uploads\/2024\/11\/Kajaaninkirkonkesakuva.jpg 1600w\" sizes=\"auto, (max-width: 300px) 100vw, 300px\" \/><br \/>\nKAJAANI<br \/>\n<\/strong>Kristuksen kirkastumisen kirkko<strong><br \/>\n<\/strong>Kirkkokatu 17 a, Kajaani<\/p>\n<p><strong>HUHTIKUU<\/strong><br \/>\nke 1.4. klo 10 aamupalvelus (suuri keskiviikko)<br \/>\nke 1.4. klo 17 ennenpyhitettyjen lahjojen liturgia<br \/>\nto 2.4. klo 10 aamupalvelus (suuri torstai)<br \/>\nto 2.4. klo 17 ehtoopalvelus ja liturgia (ehtoollisen asettamisen muisto)<br \/>\npe 3.4. klo 9 aamupalvelus (12 evankeliumia Kristuksen k\u00e4rsimyksist\u00e4)<br \/>\npe 3.4. klo 13 ehtoopalvelus (ristilt\u00e4 otto)<br \/>\npe 3.4. klo 17 aamupalvelus (Kristuksen hautaus)<br \/>\nla 4.4. klo 10 ehtoopalvelus ja liturgia (suuri lauantai)<br \/>\nla 4.4. klo 23.30 puoliy\u00f6palvelus<br \/>\nsu 5.4. klo 00.00 ristisaatto, aamupalvelus ja liturgia (Herran p\u00e4\u00e4si\u00e4inen)<br \/>\nma 6.4. klo 10 liturgia (lasten p\u00e4\u00e4si\u00e4inen)<br \/>\nke 8.4. klo 10 koululaisliturgia<\/p>\n<p>la 11.4. klo 17 ehtoopalvelus<br \/>\nke 15.4. klo 17 ehtoopalvelus<br \/>\nto 16.4. klo 10 aamupalvelus<br \/>\nla 18.4. klo 17 ehtoopalvelus<br \/>\nke 22.4. klo 17 ehtoopalvelus<br \/>\nto 23.4. klo 10 aamupalvelus<br \/>\nsu 26.4. klo 10 liturgia (Halvaantuneen sunnuntai)<\/p>\n<p><strong>TOUKOKUU<\/strong><br \/>\nke 6.5. klo 17 ehtoopalvelus<br \/>\nla 9.5. klo 18 ehtoopalvelus<br \/>\nsu 10.5. klo 10 liturgia (Sokeana syntyneen sunnuntai, \u00e4itienp\u00e4iv\u00e4)<br \/>\nke 13.5. klo 17 vigilia (Herran taivaaseenastuminen)<br \/>\nto 14.5. klo 10 liturgia (Herran taivaaseenastuminen, helatorstai)<br \/>\nke 20.5. klo 17 ehtoopalvelus<br \/>\nto 21.5. klo 10 aamupalvelus<br \/>\nla 23.5. klo 17 vigilia (Pyh\u00e4n Kolminaisuuden p\u00e4iv\u00e4)<br \/>\nsu 24.5. klo 10 liturgia ja polvirukoukset (Pyh\u00e4n Kolminaisuuden p\u00e4iv\u00e4, helluntai)<br \/>\nke 27.5. klo 17 ehtoopalvelus<br \/>\nto 28.5. klo 10 aamupalvelus<\/p>\n<p><strong>KES\u00c4KUU<\/strong><br \/>\nke 3.6. klo 17 akatistos pyhitt\u00e4j\u00e4 Johannes Valamolaiselle<br \/>\nto 4.6. klo 17 vigilia (Pyhitt\u00e4j\u00e4 Johannes Valamolainen)<br \/>\npe 5.6. klo 10 liturgia (Pyhitt\u00e4j\u00e4 Johannes Valamolainen)<br \/>\nla 6.6. klo 17 ehtoopalvelus<br \/>\nsu 14.6. klo 10 liturgia<\/p>\n<p><strong>HEIN\u00c4KUU<\/strong><br \/>\nla 11.7. klo 17 vigilia<br \/>\nsu 12.7. klo 10 liturgia<br \/>\nsu 19.7. klo 10 liturgia (kristinoppileirin p\u00e4\u00e4t\u00f6s)<\/p>\n<p>&nbsp;<\/p>\n<p><img loading=\"lazy\" decoding=\"async\" class=\"alignnone wp-image-4113 size-medium\" src=\"https:\/\/ort.fi\/kajaani\/wp-content\/uploads\/2022\/04\/lasari-768x512-1-300x200.jpg\" alt=\"\" width=\"300\" height=\"200\" srcset=\"https:\/\/ort.fi\/kajaani\/wp-content\/uploads\/2022\/04\/lasari-768x512-1-300x200.jpg 300w, https:\/\/ort.fi\/kajaani\/wp-content\/uploads\/2022\/04\/lasari-768x512-1.jpg 768w\" sizes=\"auto, (max-width: 300px) 100vw, 300px\" \/><br \/>\nKajaanin tsasouna<br \/>\nPyhitt\u00e4j\u00e4 Lasari Muromalaisen tsasouna<br \/>\nKirkkoahontie 633 Kajaani<\/p>\n<p>&nbsp;<\/p>\n<p><strong><img loading=\"lazy\" decoding=\"async\" class=\"alignnone wp-image-3853 size-medium\" src=\"https:\/\/ort.fi\/kajaani\/wp-content\/uploads\/2022\/02\/sotkamon_kko-1-293x300.jpg\" alt=\"\" width=\"293\" height=\"300\" srcset=\"https:\/\/ort.fi\/kajaani\/wp-content\/uploads\/2022\/02\/sotkamon_kko-1-293x300.jpg 293w, https:\/\/ort.fi\/kajaani\/wp-content\/uploads\/2022\/02\/sotkamon_kko-1.jpg 450w\" sizes=\"auto, (max-width: 293px) 100vw, 293px\" \/><\/strong><\/p>\n<p><strong>SOTKAMO<br \/>\n<\/strong>Jumalansynnytt\u00e4j\u00e4n suojeluksen kirkko<br \/>\nRauhantie 13<\/p>\n<p>su 19.4. klo 10 liturgia (Mirhantuojien sunnuntai)<br \/>\nsu 31.5. klo 10 liturgia (Kaikkien pyhien sunnuntai)<\/p>\n<p>&nbsp;<\/p>\n<p><img loading=\"lazy\" decoding=\"async\" class=\"alignnone wp-image-6405 size-medium\" src=\"https:\/\/ort.fi\/kajaani\/wp-content\/uploads\/2024\/07\/Kuhmo-Karjalan-valistajan-kirkko-ulkokuva-300x225.jpg\" alt=\"\" width=\"300\" height=\"225\" srcset=\"https:\/\/ort.fi\/kajaani\/wp-content\/uploads\/2024\/07\/Kuhmo-Karjalan-valistajan-kirkko-ulkokuva-300x225.jpg 300w, https:\/\/ort.fi\/kajaani\/wp-content\/uploads\/2024\/07\/Kuhmo-Karjalan-valistajan-kirkko-ulkokuva-1024x768.jpg 1024w, https:\/\/ort.fi\/kajaani\/wp-content\/uploads\/2024\/07\/Kuhmo-Karjalan-valistajan-kirkko-ulkokuva-768x576.jpg 768w, https:\/\/ort.fi\/kajaani\/wp-content\/uploads\/2024\/07\/Kuhmo-Karjalan-valistajan-kirkko-ulkokuva-1536x1152.jpg 1536w, https:\/\/ort.fi\/kajaani\/wp-content\/uploads\/2024\/07\/Kuhmo-Karjalan-valistajan-kirkko-ulkokuva.jpg 1600w\" sizes=\"auto, (max-width: 300px) 100vw, 300px\" \/><\/p>\n<p><strong>KUHMO<br \/>\n<\/strong>Karjalanvalistajien kirkko<br \/>\nKoulukatu 47<\/p>\n<p>su 12.4 klo 10 liturgia (Tuomaan sunnuntai)<br \/>\nsu 17.5. klo 10 liturgia <\/p>\n<p>&nbsp;<\/p>\n<p><img loading=\"lazy\" decoding=\"async\" class=\"alignnone wp-image-7261 size-medium\" src=\"https:\/\/ort.fi\/kajaani\/wp-content\/uploads\/2025\/04\/UljaskanPirtti-300x200.jpg\" alt=\"\" width=\"300\" height=\"200\" srcset=\"https:\/\/ort.fi\/kajaani\/wp-content\/uploads\/2025\/04\/UljaskanPirtti-300x200.jpg 300w, https:\/\/ort.fi\/kajaani\/wp-content\/uploads\/2025\/04\/UljaskanPirtti-1024x683.jpg 1024w, https:\/\/ort.fi\/kajaani\/wp-content\/uploads\/2025\/04\/UljaskanPirtti-768x512.jpg 768w, https:\/\/ort.fi\/kajaani\/wp-content\/uploads\/2025\/04\/UljaskanPirtti-1536x1024.jpg 1536w, https:\/\/ort.fi\/kajaani\/wp-content\/uploads\/2025\/04\/UljaskanPirtti-2048x1366.jpg 2048w\" sizes=\"auto, (max-width: 300px) 100vw, 300px\" \/><\/p>\n<p>Uljaskan pirtti, profeetta Elian rukoushuone<br \/>\nKostamustie 5645, Lentiira<\/p>\n<p>la 8.8. klo 10 liturgia<\/p>\n<p>&nbsp;<\/p>\n<p><strong><img loading=\"lazy\" decoding=\"async\" class=\"alignnone wp-image-84 size-medium\" src=\"https:\/\/ort.fi\/kajaani\/wp-content\/uploads\/2018\/10\/mnsaari-300x219.jpg\" alt=\"\" width=\"300\" height=\"219\" srcset=\"https:\/\/ort.fi\/kajaani\/wp-content\/uploads\/2018\/10\/mnsaari-300x219.jpg 300w, https:\/\/ort.fi\/kajaani\/wp-content\/uploads\/2018\/10\/mnsaari.jpg 332w\" sizes=\"auto, (max-width: 300px) 100vw, 300px\" \/><\/strong><\/p>\n<p><strong>SUOMUSSALMI<br \/>\n<\/strong>Pyh\u00e4n Ristin tsasouna<br \/>\nKeskuskatu 1, \u00c4mm\u00e4nsaari<\/p>\n<p>ke 1.4. klo 17 yleinen sairaanvoitelu (ortodoksisen kirkon j\u00e4senille)<br \/>\nsu 3.5. klo 10 liturgia (Samarialaisen naisen sunnuntai)<br \/>\nsu 7.6. klo 10 liturgia <\/p>\n<p>&nbsp;<\/p>\n<p><strong><img loading=\"lazy\" decoding=\"async\" class=\"alignnone wp-image-6377 size-medium\" src=\"https:\/\/ort.fi\/kajaani\/wp-content\/uploads\/2024\/06\/Kuivajarven-kesakuva-225x300.jpg\" alt=\"\" width=\"225\" height=\"300\" srcset=\"https:\/\/ort.fi\/kajaani\/wp-content\/uploads\/2024\/06\/Kuivajarven-kesakuva-225x300.jpg 225w, https:\/\/ort.fi\/kajaani\/wp-content\/uploads\/2024\/06\/Kuivajarven-kesakuva-768x1024.jpg 768w, https:\/\/ort.fi\/kajaani\/wp-content\/uploads\/2024\/06\/Kuivajarven-kesakuva-1152x1536.jpg 1152w, https:\/\/ort.fi\/kajaani\/wp-content\/uploads\/2024\/06\/Kuivajarven-kesakuva-1536x2048.jpg 1536w, https:\/\/ort.fi\/kajaani\/wp-content\/uploads\/2024\/06\/Kuivajarven-kesakuva-scaled.jpg 1920w\" sizes=\"auto, (max-width: 225px) 100vw, 225px\" \/><br \/>\nPYH\u00c4N NIKOLAOKSEN TSASOUNA<\/strong><br \/>\nKUIVAJ\u00c4RVENTIE 196, KUIVAJ\u00c4RVI<\/p>\n<p>la 4.7. klo 17 panihida (Kuikkaniemen hautausmaa)<br \/>\nla 4.7. klo 18 ehtoopalvelus<br \/>\nsu 5.7. klo 10 liturgia <\/p>\n<p>&nbsp;<\/p>\n","protected":false},"excerpt":{"rendered":"<p>KAJAANI Kristuksen kirkastumisen kirkko Kirkkokatu 17 a, Kajaani HUHTIKUU ke 1.4. klo 10 aamupalvelus (suuri keskiviikko) ke 1.4. klo 17 ennenpyhitettyjen lahjojen liturgia to 2.4. klo 10 aamupalvelus (suuri torstai) to 2.4. klo 17 ehtoopalvelus ja liturgia (ehtoollisen asettamisen muisto) pe 3.4. klo 9 aamupalvelus (12 evankeliumia Kristuksen k\u00e4rsimyksist\u00e4) pe 3.4. klo 13 ehtoopalvelus (ristilt\u00e4 &#8230; <a title=\"Jumalanpalvelukset\" class=\"read-more\" href=\"https:\/\/ort.fi\/kajaani\/jumalanpalvelukset\/\" aria-label=\"Lue lis\u00e4\u00e4 aiheesta Jumalanpalvelukset\">Lue lis\u00e4\u00e4<\/a><\/p>\n","protected":false},"author":2,"featured_media":0,"parent":0,"menu_order":0,"comment_status":"closed","ping_status":"closed","template":"","meta":{"footnotes":""},"class_list":["post-42","page","type-page","status-publish"],"_links":{"self":[{"href":"https:\/\/ort.fi\/kajaani\/wp-json\/wp\/v2\/pages\/42","targetHints":{"allow":["GET"]}}],"collection":[{"href":"https:\/\/ort.fi\/kajaani\/wp-json\/wp\/v2\/pages"}],"about":[{"href":"https:\/\/ort.fi\/kajaani\/wp-json\/wp\/v2\/types\/page"}],"author":[{"embeddable":true,"href":"https:\/\/ort.fi\/kajaani\/wp-json\/wp\/v2\/users\/2"}],"replies":[{"embeddable":true,"href":"https:\/\/ort.fi\/kajaani\/wp-json\/wp\/v2\/comments?post=42"}],"version-history":[{"count":709,"href":"https:\/\/ort.fi\/kajaani\/wp-json\/wp\/v2\/pages\/42\/revisions"}],"predecessor-version":[{"id":7683,"href":"https:\/\/ort.fi\/kajaani\/wp-json\/wp\/v2\/pages\/42\/revisions\/7683"}],"wp:attachment":[{"href":"https:\/\/ort.fi\/kajaani\/wp-json\/wp\/v2\/media?parent=42"}],"curies":[{"name":"wp","href":"https:\/\/api.w.org\/{rel}","templated":true}]}}