{"id":4119,"date":"2022-04-26T12:20:38","date_gmt":"2022-04-26T09:20:38","guid":{"rendered":"https:\/\/ort.fi\/kajaani\/?page_id=4119"},"modified":"2025-06-26T13:00:48","modified_gmt":"2025-06-26T10:00:48","slug":"4119-2","status":"publish","type":"page","link":"https:\/\/ort.fi\/kajaani\/4119-2\/","title":{"rendered":"\u0443\u0441\u043b\u0443\u0433\u0438 \u0432 \u041a\u0430\u0439\u043d\u0443\u0443"},"content":{"rendered":"<p><img loading=\"lazy\" decoding=\"async\" class=\"alignnone wp-image-5447 size-large\" src=\"https:\/\/ort.fi\/kajaani\/wp-content\/uploads\/2023\/06\/Kajaanin-ortodoksinen-kirkko2-scaled-e1694952601561-1024x672.jpg\" alt=\"\" width=\"1024\" height=\"672\" srcset=\"https:\/\/ort.fi\/kajaani\/wp-content\/uploads\/2023\/06\/Kajaanin-ortodoksinen-kirkko2-scaled-e1694952601561-1024x672.jpg 1024w, https:\/\/ort.fi\/kajaani\/wp-content\/uploads\/2023\/06\/Kajaanin-ortodoksinen-kirkko2-scaled-e1694952601561-300x197.jpg 300w, https:\/\/ort.fi\/kajaani\/wp-content\/uploads\/2023\/06\/Kajaanin-ortodoksinen-kirkko2-scaled-e1694952601561-768x504.jpg 768w, https:\/\/ort.fi\/kajaani\/wp-content\/uploads\/2023\/06\/Kajaanin-ortodoksinen-kirkko2-scaled-e1694952601561-1536x1009.jpg 1536w, https:\/\/ort.fi\/kajaani\/wp-content\/uploads\/2023\/06\/Kajaanin-ortodoksinen-kirkko2-scaled-e1694952601561-2048x1345.jpg 2048w\" sizes=\"auto, (max-width: 1024px) 100vw, 1024px\" \/><\/p>\n<h4>\u0426\u0435\u0440\u043a\u0432\u0430 \u041a\u0430\u044f\u043d\u0456<br \/>\nKirkkokatu 17a KAJAANI<\/h4>\n<p>\u0421\u0440. 9.4. \u043e 17:00 \u2013 \u0417\u0430\u0433\u0430\u043b\u044c\u043d\u0435 \u043c\u0438\u0440\u043e\u043f\u043e\u043c\u0430\u0437\u0430\u043d\u043d\u044f, \u0412\u0435\u043b\u0438\u043a\u0430 \u0441\u0435\u0440\u0435\u0434\u0430<br \/>\n\u0421\u0431. 12.4. \u043e 17:00 \u2013 \u0412\u0441\u0435\u043d\u0456\u0447\u043d\u0435 \u0431\u0434\u0456\u043d\u043d\u044f<br \/>\n\u041d\u0434. 13.4. \u043e 10:00 \u2013 \u041b\u0456\u0442\u0443\u0440\u0433\u0456\u044f, \u0412\u0445\u0456\u0434 \u0413\u043e\u0441\u043f\u043e\u0434\u043d\u0456\u0439 \u0432 \u0404\u0440\u0443\u0441\u0430\u043b\u0438\u043c, \u0412\u0435\u0440\u0431\u043d\u0430 \u043d\u0435\u0434\u0456\u043b\u044f<br \/>\n\u0421\u0440. 16.4. \u043e 17 \u0433\u043e\u0434\u0438\u043d\u0456 \u041b\u0456\u0442\u0443\u0440\u0433\u0456\u044f \u041f\u0435\u0440\u0435\u0434\u043e\u0441\u0432\u044f\u0447\u0435\u043d\u0438\u0445 \u0414\u0430\u0440\u0456\u0432<br \/>\n\u0427\u0442. 17.4. \u043e 9:00 \u2013 \u0412\u0435\u0447\u0456\u0440\u043d\u044f \u0442\u0430 \u041b\u0456\u0442\u0443\u0440\u0433\u0456\u044f, \u0412\u0435\u043b\u0438\u043a\u0438\u0439 \u0427\u0435\u0442\u0432\u0435\u0440<br \/>\n\u041f\u0442. 18.4. \u043e 9:00 \u2013 \u0423\u0442\u0440\u0435\u043d\u044f, 12 \u0421\u0442\u0440\u0430\u0441\u043d\u0438\u0445 \u0404\u0432\u0430\u043d\u0433\u0435\u043b\u0456\u0439, \u0421\u0442\u0440\u0430\u0441\u043d\u0430 \u041f&#8217;\u044f\u0442\u043d\u0438\u0446\u044f<br \/>\n\u041f\u0442. 18.4. \u043e 14:00 \u2013 \u0412\u0435\u0447\u0456\u0440\u043d\u044f, \u0412\u0438\u043d\u0435\u0441\u0435\u043d\u043d\u044f \u041f\u043b\u0430\u0449\u0430\u043d\u0438\u0446\u0456, \u0421\u0442\u0440\u0430\u0441\u043d\u0430 \u041f&#8217;\u044f\u0442\u043d\u0438\u0446\u044f<br \/>\n\u041f\u0442. 18.4. \u043e 17:00 \u2013 \u0423\u0442\u0440\u0435\u043d\u044f \u0442\u0430 \u0445\u0440\u0435\u0441\u043d\u0438\u0439 \u0445\u0456\u0434, \u0427\u0438\u043d \u043f\u043e\u0433\u0440\u0435\u0431\u0456\u043d\u043d\u044f \u041f\u043b\u0430\u0449\u0430\u043d\u0438\u0446\u0456, \u0412\u0435\u043b\u0438\u043a\u0430 \u0421\u0443\u0431\u043e\u0442\u0430<br \/>\n\u0421\u0431. 19.4. \u043e 9:00 \u2013 \u0412\u0435\u0447\u0456\u0440\u043d\u044f \u0442\u0430 \u041b\u0456\u0442\u0443\u0440\u0433\u0456\u044f, \u0412\u0435\u043b\u0438\u043a\u0430 \u0421\u0443\u0431\u043e\u0442\u0430<br \/>\n\u0421\u0431. 19.4. \u043e 23:30 \u2013 \u041f\u0430\u0441\u0445\u0430\u043b\u044c\u043d\u0435 \u043d\u0456\u0447\u043d\u0435 \u0431\u043e\u0433\u043e\u0441\u043b\u0443\u0436\u0456\u043d\u043d\u044f<br \/>\n\u041d\u0434. 20.4. \u043e 0:00 \u2013 \u0425\u0440\u0435\u0441\u043d\u0438\u0439 \u0445\u0456\u0434, \u0423\u0442\u0440\u0435\u043d\u044f \u0442\u0430 \u041b\u0456\u0442\u0443\u0440\u0433\u0456\u044f, \u0413\u043e\u0441\u043f\u043e\u0434\u043d\u044f \u041f\u0430\u0441\u0445\u0430, \u0412\u043e\u0441\u043a\u0440\u0435\u0441\u0456\u043d\u043d\u044f \u0425\u0440\u0438\u0441\u0442\u043e\u0432\u0435<br \/>\n\u041f\u043d. 21.4. \u043e 10 \u0433\u043e\u0434\u0438\u043d\u0456 \u041b\u0456\u0442\u0443\u0440\u0433\u0456\u044f, \u0434\u0438\u0442\u044f\u0447\u0435 \u043f\u0430\u0441\u0445\u0430\u043b\u044c\u043d\u0435 \u0431\u043e\u0433\u043e\u0441\u043b\u0443\u0436\u0456\u043d\u043d\u044f<\/p>\n<h2 class=\"wsite-content-title\"><strong><span style=\"color: #8d2424;\">\u0424\u0456\u043d\u043e-\u0443\u043a\u0440\u0430\u0457\u043d\u0441\u044c\u043a\u0456 \u0446\u0435\u0440\u043a\u043e\u0432\u043d\u0456 \u0442\u0435\u0440\u043c\u0456\u043d\u0438:<\/span><\/strong><\/h2>\n<div class=\"paragraph\"><strong>Ehtoopalvelus<\/strong>\u00a0=\u00a0\u00a0\u0412\u0435\u0447\u0456\u0440\u043d\u044f<br \/>\n<strong>Aamupalvelus<\/strong>\u00a0\u0437\u0430\u0443\u0301\u0442\u0440\u0435\u043d\u044f\u00a0 = \u0423\u0442\u0440\u0435\u043d\u044f<br \/>\n<strong>Vigilia<\/strong>\u00a0= \u0412\u0435\u0447\u0456\u0440\u043d\u044f \u0441 \u0443\u0442\u0440\u0435\u043d\u0435\u044e (\u043f\u043e\u043b\u0456\u044d\u043b\u0435\u0439) \u0412\u0441\u0435\u043d\u043e\u0448\u043d\u0430<br \/>\n<strong>Jumalallinen liturgia<\/strong>\u00a0=\u00a0 \u0411\u043e\u0436\u0435\u0441\u0442\u0432\u0435\u043d\u043d\u0430 \u041b\u0456\u0442\u0443\u0440\u0433\u0456\u044f\u00a0 \u0411\u043e\u0436\u0435\u0441\u0442\u0432\u0435\u043d\u043d\u0430 \u041b\u0456\u0442\u0443\u0440\u0433\u0456\u044f<br \/>\n<strong>Yleinen panihida<\/strong>\u00a0 =\u00a0 \u00a0\u0417\u0430\u0433\u0430\u043b\u044c\u043d\u0430 \u043f\u0430\u043d\u0430\u0445\u0438\u0434\u0430<br \/>\n<strong>Vainajien p\u00e4\u00e4si\u00e4inen<\/strong>\u00a0<strong>(Tuomaan tiistaina)<\/strong>\u00a0 =\u00a0 \u00a0\u041f\u0430\u043d\u0430\u0445\u0438\u0434\u0430, \u0420\u0430\u0434\u043e\u043d\u0438\u0446\u044f<br \/>\n<strong>Muistelulitaniat haudoilla (esim. Sielujen lauantaina)<\/strong> =\u00a0 \u00a0 \u00a0\u0417\u0430\u0443\u043f\u043e\u043a\u043e\u0439\u043d\u0456 \u043b\u0456\u0442\u0456\u0457 \u043d\u0430 \u0446\u0432\u0438\u043d\u0442\u0430\u0440\u0456<br \/>\n<strong>Temppelijuhla, praasniekka\u00a0\u00a0<\/strong>=\u00a0 \u0425\u0440\u0430\u043c\u043e\u0432\u0435 \u0441\u0432\u044f\u0442\u043e, \u043f\u0440\u0430\u0437\u043d\u0438\u043a<br \/>\n<strong>Vedenpyhitys<\/strong>\u00a0 = \u041e\u0441\u0432\u044f\u0447\u0435\u043d\u043d\u044f \u0432\u043e\u0434\u0438<br \/>\n<strong>Yleinen sairaanvoitelu<\/strong>\u00a0 \u00a0=\u00a0 \u00a0\u0404\u043b\u0435\u043e\u043f\u043e\u043c\u0430\u0301\u0437\u0430\u043d\u043d\u044f, \u0430\u0431\u043e \u0441\u043e\u0431\u043e\u0440\u0443\u0432\u0430\u0301\u043d\u043d\u044f<\/div>\n<pre class=\"tw-data-text tw-text-large tw-ta\" dir=\"ltr\" data-placeholder=\"K\u00e4\u00e4nn\u00f6s\" aria-label=\"K\u00e4\u00e4nnetty teksti\" data-ved=\"2ahUKEwigy4b8rpGFAxWZHBAIHUl-B7sQ3ewLegQIBRAU\"><\/pre>\n<p><a href=\"https:\/\/ort.fi\/ua\/\">\u0424\u0406\u041d\u041b\u042f\u041d\u0414\u0421\u042c\u041a\u0410 \u041f\u0420\u0410\u0412\u041e\u0421\u041b\u0410\u0412\u041d\u0410 \u0426\u0415\u0420\u041a\u0412\u0410 \u2013 Suomen ortodoksinen kirkko<\/a><\/p>\n<p><a href=\"https:\/\/www.ort.fi\/ru\/\">\u0424\u0438\u043d\u043b\u044f\u043d\u0434\u0441\u043a\u0430\u044f \u041f\u0440\u0430\u0432\u043e\u0441\u043b\u0430\u0432\u043d\u0430\u044f \u0446\u0435\u0440\u043a\u043e\u0432\u044c \u2014 Suomen ortodoksinen kirkko<\/a><\/p>\n<p>&nbsp;<\/p>\n<p>&nbsp;<\/p>\n","protected":false},"excerpt":{"rendered":"<p>\u0426\u0435\u0440\u043a\u0432\u0430 \u041a\u0430\u044f\u043d\u0456 Kirkkokatu 17a KAJAANI \u0421\u0440. 9.4. \u043e 17:00 \u2013 \u0417\u0430\u0433\u0430\u043b\u044c\u043d\u0435 \u043c\u0438\u0440\u043e\u043f\u043e\u043c\u0430\u0437\u0430\u043d\u043d\u044f, \u0412\u0435\u043b\u0438\u043a\u0430 \u0441\u0435\u0440\u0435\u0434\u0430 \u0421\u0431. 12.4. \u043e 17:00 \u2013 \u0412\u0441\u0435\u043d\u0456\u0447\u043d\u0435 \u0431\u0434\u0456\u043d\u043d\u044f \u041d\u0434. 13.4. \u043e 10:00 \u2013 \u041b\u0456\u0442\u0443\u0440\u0433\u0456\u044f, \u0412\u0445\u0456\u0434 \u0413\u043e\u0441\u043f\u043e\u0434\u043d\u0456\u0439 \u0432 \u0404\u0440\u0443\u0441\u0430\u043b\u0438\u043c, \u0412\u0435\u0440\u0431\u043d\u0430 \u043d\u0435\u0434\u0456\u043b\u044f \u0421\u0440. 16.4. \u043e 17 \u0433\u043e\u0434\u0438\u043d\u0456 \u041b\u0456\u0442\u0443\u0440\u0433\u0456\u044f \u041f\u0435\u0440\u0435\u0434\u043e\u0441\u0432\u044f\u0447\u0435\u043d\u0438\u0445 \u0414\u0430\u0440\u0456\u0432 \u0427\u0442. 17.4. \u043e 9:00 \u2013 \u0412\u0435\u0447\u0456\u0440\u043d\u044f \u0442\u0430 \u041b\u0456\u0442\u0443\u0440\u0433\u0456\u044f, \u0412\u0435\u043b\u0438\u043a\u0438\u0439 \u0427\u0435\u0442\u0432\u0435\u0440 \u041f\u0442. 18.4. \u043e 9:00 &#8230; <a title=\"\u0443\u0441\u043b\u0443\u0433\u0438 \u0432 \u041a\u0430\u0439\u043d\u0443\u0443\" class=\"read-more\" href=\"https:\/\/ort.fi\/kajaani\/4119-2\/\" aria-label=\"Lue lis\u00e4\u00e4 aiheesta \u0443\u0441\u043b\u0443\u0433\u0438 \u0432 \u041a\u0430\u0439\u043d\u0443\u0443\">Lue lis\u00e4\u00e4<\/a><\/p>\n","protected":false},"author":9,"featured_media":0,"parent":0,"menu_order":0,"comment_status":"closed","ping_status":"closed","template":"","meta":{"footnotes":""},"class_list":["post-4119","page","type-page","status-publish"],"_links":{"self":[{"href":"https:\/\/ort.fi\/kajaani\/wp-json\/wp\/v2\/pages\/4119","targetHints":{"allow":["GET"]}}],"collection":[{"href":"https:\/\/ort.fi\/kajaani\/wp-json\/wp\/v2\/pages"}],"about":[{"href":"https:\/\/ort.fi\/kajaani\/wp-json\/wp\/v2\/types\/page"}],"author":[{"embeddable":true,"href":"https:\/\/ort.fi\/kajaani\/wp-json\/wp\/v2\/users\/9"}],"replies":[{"embeddable":true,"href":"https:\/\/ort.fi\/kajaani\/wp-json\/wp\/v2\/comments?post=4119"}],"version-history":[{"count":162,"href":"https:\/\/ort.fi\/kajaani\/wp-json\/wp\/v2\/pages\/4119\/revisions"}],"predecessor-version":[{"id":7291,"href":"https:\/\/ort.fi\/kajaani\/wp-json\/wp\/v2\/pages\/4119\/revisions\/7291"}],"wp:attachment":[{"href":"https:\/\/ort.fi\/kajaani\/wp-json\/wp\/v2\/media?parent=4119"}],"curies":[{"name":"wp","href":"https:\/\/api.w.org\/{rel}","templated":true}]}}