{"id":311,"date":"2019-02-08T12:53:41","date_gmt":"2019-02-08T10:53:41","guid":{"rendered":"https:\/\/ort.fi\/kajaani\/?page_id=311"},"modified":"2024-03-09T07:34:55","modified_gmt":"2024-03-09T05:34:55","slug":"luottamushenkilot","status":"publish","type":"page","link":"https:\/\/ort.fi\/kajaani\/luottamushenkilot\/","title":{"rendered":"Luottamushenkil\u00f6t ja pyh\u00e4kk\u00f6jen is\u00e4nn\u00f6itsij\u00e4t"},"content":{"rendered":"<h3>Kainuun ortodoksinen kappeliseurakunnan edustajat Pohjois-Suomen ortodoksisen seurakunnan valtuustossa 2024-2027<\/h3>\n<p>Susanna Myrskykari<\/p>\n<p>Keijo Koskenharju<\/p>\n<p>Kalle Lehto<\/p>\n<p>Ulla Kyll\u00f6nen<\/p>\n<p>Eeva Pulkkinen<\/p>\n<p>&nbsp;<\/p>\n<h3>Kainuun ortodoksinen kappeliseurakunnan edustajat Pohjois-Suomen ortodoksisen seurakunnan neuvostossa 2024-2027<\/h3>\n<p>Reijo Marjomaa<\/p>\n<p>Risto Lappalainen<\/p>\n<p>&nbsp;<\/p>\n<p><strong>Kainuun ortodoksisen kappeliseurakunnan neuvosto 2024-<\/strong><\/p>\n<p>Reijo Marjomaa<\/p>\n<p>Keijo Koskenharju<\/p>\n<p>Ulla Kyll\u00f6nen<\/p>\n<p>Seija M\u00e4kiaho<\/p>\n<p>Martti Taurovaara<\/p>\n<p>&nbsp;<\/p>\n<p><strong>Kirkkojen ja rukoushuoneiden is\u00e4nn\u00f6itsij\u00e4t:<\/strong><\/p>\n<p>Kajaani, Kristuksen kirkastumisen kirkko<br \/>\nHeikki M\u00e4\u00e4r\u00e4nen puh. 0400 173 838<\/p>\n<p>Kajaani, Lasari Muromalaisen tsasouna<br \/>\nKeijo Koskenharju puh.<\/p>\n<p>Kuhmo, Karjalan valistajien kirkko<br \/>\nEeva Pulkkinen puh.040 564 7467<\/p>\n<p>Sotkamo, Jumalansynnytt\u00e4j\u00e4n suojeluksen kirkko<br \/>\nP\u00e4ivi R\u00e4is\u00e4nen puh.<\/p>\n<p>\u00c4mm\u00e4nsaari, Pyh\u00e4n ristin rukoushuone<br \/>\nNina Sivula puh. 040 536 7750<\/p>\n<p>Suomussalmi, Kuivaj\u00e4rven tsasouna<br \/>\nHannele ja Tommi Niskanen puh. 040 555 3639<\/p>\n<p>&nbsp;<\/p>\n<p><strong>Kainuun kappeliseurakunnan edustajat Pohjois-Suomen seurakunnan kiinteist\u00f6lautakunnassa 2022-<\/strong><\/p>\n<p>Pekka Myllyl\u00e4<\/p>\n<p>Heikki M\u00e4\u00e4r\u00e4nen<\/p>\n<p>&nbsp;<\/p>\n<p><strong>Kainuun kappeliseurakunnan edustajat Pohjois-Suomen seurakunnan vaalilautakunnassa 2022-<\/strong><\/p>\n<p>Tuija Toivonen<\/p>\n","protected":false},"excerpt":{"rendered":"<p>Kainuun ortodoksinen kappeliseurakunnan edustajat Pohjois-Suomen ortodoksisen seurakunnan valtuustossa 2024-2027 Susanna Myrskykari Keijo Koskenharju Kalle Lehto Ulla Kyll\u00f6nen Eeva Pulkkinen &nbsp; Kainuun ortodoksinen kappeliseurakunnan edustajat Pohjois-Suomen ortodoksisen seurakunnan neuvostossa 2024-2027 Reijo Marjomaa Risto Lappalainen &nbsp; Kainuun ortodoksisen kappeliseurakunnan neuvosto 2024- Reijo Marjomaa Keijo Koskenharju Ulla Kyll\u00f6nen Seija M\u00e4kiaho Martti Taurovaara &nbsp; Kirkkojen ja rukoushuoneiden is\u00e4nn\u00f6itsij\u00e4t: Kajaani, &#8230; <a title=\"Luottamushenkil\u00f6t ja pyh\u00e4kk\u00f6jen is\u00e4nn\u00f6itsij\u00e4t\" class=\"read-more\" href=\"https:\/\/ort.fi\/kajaani\/luottamushenkilot\/\" aria-label=\"Lue lis\u00e4\u00e4 aiheesta Luottamushenkil\u00f6t ja pyh\u00e4kk\u00f6jen is\u00e4nn\u00f6itsij\u00e4t\">Lue lis\u00e4\u00e4<\/a><\/p>\n","protected":false},"author":6,"featured_media":0,"parent":0,"menu_order":0,"comment_status":"closed","ping_status":"closed","template":"","meta":{"footnotes":""},"class_list":["post-311","page","type-page","status-publish"],"_links":{"self":[{"href":"https:\/\/ort.fi\/kajaani\/wp-json\/wp\/v2\/pages\/311","targetHints":{"allow":["GET"]}}],"collection":[{"href":"https:\/\/ort.fi\/kajaani\/wp-json\/wp\/v2\/pages"}],"about":[{"href":"https:\/\/ort.fi\/kajaani\/wp-json\/wp\/v2\/types\/page"}],"author":[{"embeddable":true,"href":"https:\/\/ort.fi\/kajaani\/wp-json\/wp\/v2\/users\/6"}],"replies":[{"embeddable":true,"href":"https:\/\/ort.fi\/kajaani\/wp-json\/wp\/v2\/comments?post=311"}],"version-history":[{"count":36,"href":"https:\/\/ort.fi\/kajaani\/wp-json\/wp\/v2\/pages\/311\/revisions"}],"predecessor-version":[{"id":6119,"href":"https:\/\/ort.fi\/kajaani\/wp-json\/wp\/v2\/pages\/311\/revisions\/6119"}],"wp:attachment":[{"href":"https:\/\/ort.fi\/kajaani\/wp-json\/wp\/v2\/media?parent=311"}],"curies":[{"name":"wp","href":"https:\/\/api.w.org\/{rel}","templated":true}]}}