{"id":225,"date":"2019-01-26T09:26:24","date_gmt":"2019-01-26T07:26:24","guid":{"rendered":"https:\/\/ort.fi\/kajaani\/?page_id=225"},"modified":"2026-01-28T10:41:31","modified_gmt":"2026-01-28T08:41:31","slug":"tapahtumat","status":"publish","type":"page","link":"https:\/\/ort.fi\/kajaani\/tapahtumat\/","title":{"rendered":"Ikonimaalarit ja k\u00e4sity\u00f6piiri"},"content":{"rendered":"<h2><img loading=\"lazy\" decoding=\"async\" class=\"alignnone wp-image-2507 size-medium\" src=\"https:\/\/ort.fi\/kajaani\/wp-content\/uploads\/2020\/05\/Pyh\u00e4Kolminaisuus-235x300.jpg\" alt=\"\" width=\"235\" height=\"300\" srcset=\"https:\/\/ort.fi\/kajaani\/wp-content\/uploads\/2020\/05\/Pyh\u00e4Kolminaisuus-235x300.jpg 235w, https:\/\/ort.fi\/kajaani\/wp-content\/uploads\/2020\/05\/Pyh\u00e4Kolminaisuus-801x1024.jpg 801w, https:\/\/ort.fi\/kajaani\/wp-content\/uploads\/2020\/05\/Pyh\u00e4Kolminaisuus-768x982.jpg 768w, https:\/\/ort.fi\/kajaani\/wp-content\/uploads\/2020\/05\/Pyh\u00e4Kolminaisuus-1201x1536.jpg 1201w, https:\/\/ort.fi\/kajaani\/wp-content\/uploads\/2020\/05\/Pyh\u00e4Kolminaisuus.jpg 1587w\" sizes=\"auto, (max-width: 235px) 100vw, 235px\" \/><\/h2>\n<h4><strong>KAJAANIN IKONIMAALARIT\u00a0<\/strong><\/h4>\n<p><strong>Aloitamme maanantaina 8.9 klo 17<\/strong><\/p>\n<p>Kokoontumiset maanantaisin seurakuntasalissa klo 17<\/p>\n<p>Ohjaajana Leena Konttinen p. 040 913 9096<\/p>\n<p>Tervetuloa mukaan kaikki ikonimaalauksesta kiinnostuneet.<\/p>\n<p>&nbsp;<\/p>\n<p><img loading=\"lazy\" decoding=\"async\" class=\"alignnone size-medium wp-image-4003\" src=\"https:\/\/ort.fi\/kajaani\/wp-content\/uploads\/2022\/03\/20220316_103702-225x300.jpg\" alt=\"\" width=\"225\" height=\"300\" srcset=\"https:\/\/ort.fi\/kajaani\/wp-content\/uploads\/2022\/03\/20220316_103702-225x300.jpg 225w, https:\/\/ort.fi\/kajaani\/wp-content\/uploads\/2022\/03\/20220316_103702-768x1024.jpg 768w, https:\/\/ort.fi\/kajaani\/wp-content\/uploads\/2022\/03\/20220316_103702-1152x1536.jpg 1152w, https:\/\/ort.fi\/kajaani\/wp-content\/uploads\/2022\/03\/20220316_103702-1536x2048.jpg 1536w, https:\/\/ort.fi\/kajaani\/wp-content\/uploads\/2022\/03\/20220316_103702-scaled.jpg 1920w\" sizes=\"auto, (max-width: 225px) 100vw, 225px\" \/><\/p>\n<p><strong>K\u00c4SPAIKKA-PIIRI\u00a0<\/strong><\/p>\n<h3><strong>Kev\u00e4tkausi<\/strong><\/h3>\n<p><strong>Kokoonnumme perjantaisin<\/strong><\/p>\n<p><strong>6.2\u00a0 klo 11.00-15<\/strong><\/p>\n<p><strong>22.2 klo 11.00-15<\/strong><\/p>\n<p><strong>20.3 klo 11 Virpomakukkien askartelua<\/strong><\/p>\n<p><strong>Seija <\/strong><strong>p. 050 402 70 89\u00a0<\/strong><\/p>\n<p><strong>Voi tehd\u00e4 my\u00f6s omaa k\u00e4sity\u00f6t\u00e4 ja tulla tapaamaan toisia seurakuntalaisia.<\/strong><\/p>\n<p>Kahvia ja teet\u00e4 on tarjolla<\/p>\n<p>Voi halutessaan tehd\u00e4 my\u00f6s helmikirjonta ikonia<\/p>\n<p>Kokoonnumme seurakuntasalissa kerran kuussa perjantaisin klo 11.00-15<\/p>\n<p>osoitteessa V\u00e4in\u00e4m\u00f6isenkatu 29 A 1<\/p>\n<p><strong>Olet tervetullut my\u00f6s oman k\u00e4sity\u00f6si kanssa.<\/strong><\/p>\n<p>Lis\u00e4tietoa\u00a0 Seija M\u00e4kiaho p. 050 4027089<\/p>\n<p>&nbsp;<\/p>\n<p><strong>\u00a0 \u00a0 \u00a0 \u00a0 \u00a0 \u00a0 \u00a0 \u00a0 \u00a0 \u00a0 \u00a0 \u00a0 \u00a0 \u00a0 \u00a0 \u00a0 \u00a0 \u00a0 \u00a0 \u00a0 \u00a0 \u00a0 \u00a0\u00a0<\/strong><\/p>\n<p>&nbsp;<\/p>\n<p>&nbsp;<\/p>\n<p>&nbsp;<\/p>\n<p>&nbsp;<\/p>\n<p>&nbsp;<\/p>\n<p>&nbsp;<\/p>\n<p>&nbsp;<\/p>\n<p>&nbsp;<\/p>\n<p>&nbsp;<\/p>\n<p>&nbsp;<\/p>\n<p>&nbsp;<\/p>\n<p>&nbsp;<\/p>\n","protected":false},"excerpt":{"rendered":"<p>KAJAANIN IKONIMAALARIT\u00a0 Aloitamme maanantaina 8.9 klo 17 Kokoontumiset maanantaisin seurakuntasalissa klo 17 Ohjaajana Leena Konttinen p. 040 913 9096 Tervetuloa mukaan kaikki ikonimaalauksesta kiinnostuneet. &nbsp; K\u00c4SPAIKKA-PIIRI\u00a0 Kev\u00e4tkausi Kokoonnumme perjantaisin 6.2\u00a0 klo 11.00-15 22.2 klo 11.00-15 20.3 klo 11 Virpomakukkien askartelua Seija p. 050 402 70 89\u00a0 Voi tehd\u00e4 my\u00f6s omaa k\u00e4sity\u00f6t\u00e4 ja tulla tapaamaan toisia &#8230; <a title=\"Ikonimaalarit ja k\u00e4sity\u00f6piiri\" class=\"read-more\" href=\"https:\/\/ort.fi\/kajaani\/tapahtumat\/\" aria-label=\"Lue lis\u00e4\u00e4 aiheesta Ikonimaalarit ja k\u00e4sity\u00f6piiri\">Lue lis\u00e4\u00e4<\/a><\/p>\n","protected":false},"author":6,"featured_media":0,"parent":0,"menu_order":0,"comment_status":"closed","ping_status":"closed","template":"","meta":{"footnotes":""},"class_list":["post-225","page","type-page","status-publish"],"_links":{"self":[{"href":"https:\/\/ort.fi\/kajaani\/wp-json\/wp\/v2\/pages\/225","targetHints":{"allow":["GET"]}}],"collection":[{"href":"https:\/\/ort.fi\/kajaani\/wp-json\/wp\/v2\/pages"}],"about":[{"href":"https:\/\/ort.fi\/kajaani\/wp-json\/wp\/v2\/types\/page"}],"author":[{"embeddable":true,"href":"https:\/\/ort.fi\/kajaani\/wp-json\/wp\/v2\/users\/6"}],"replies":[{"embeddable":true,"href":"https:\/\/ort.fi\/kajaani\/wp-json\/wp\/v2\/comments?post=225"}],"version-history":[{"count":300,"href":"https:\/\/ort.fi\/kajaani\/wp-json\/wp\/v2\/pages\/225\/revisions"}],"predecessor-version":[{"id":7603,"href":"https:\/\/ort.fi\/kajaani\/wp-json\/wp\/v2\/pages\/225\/revisions\/7603"}],"wp:attachment":[{"href":"https:\/\/ort.fi\/kajaani\/wp-json\/wp\/v2\/media?parent=225"}],"curies":[{"name":"wp","href":"https:\/\/api.w.org\/{rel}","templated":true}]}}