{"id":10,"date":"2018-10-29T11:35:44","date_gmt":"2018-10-29T09:35:44","guid":{"rendered":"https:\/\/ort.fi\/kajaani\/?page_id=10"},"modified":"2026-03-31T22:49:24","modified_gmt":"2026-03-31T19:49:24","slug":"kajaanin-ortodoksinen-seurakunta","status":"publish","type":"page","link":"https:\/\/ort.fi\/kajaani\/","title":{"rendered":"Kainuun ortodoksinen kappeliseurakunta"},"content":{"rendered":"<figure id=\"attachment_7387\" aria-describedby=\"caption-attachment-7387\" style=\"width: 1014px\" class=\"wp-caption aligncenter\"><img loading=\"lazy\" decoding=\"async\" class=\"size-large wp-image-7387\" src=\"https:\/\/ort.fi\/kajaani\/wp-content\/uploads\/2025\/06\/IMG20250612121208-1024x459.jpg\" alt=\"\" width=\"1024\" height=\"459\" srcset=\"https:\/\/ort.fi\/kajaani\/wp-content\/uploads\/2025\/06\/IMG20250612121208-1024x459.jpg 1024w, https:\/\/ort.fi\/kajaani\/wp-content\/uploads\/2025\/06\/IMG20250612121208-300x134.jpg 300w, https:\/\/ort.fi\/kajaani\/wp-content\/uploads\/2025\/06\/IMG20250612121208-768x344.jpg 768w, https:\/\/ort.fi\/kajaani\/wp-content\/uploads\/2025\/06\/IMG20250612121208-1536x688.jpg 1536w, https:\/\/ort.fi\/kajaani\/wp-content\/uploads\/2025\/06\/IMG20250612121208-2048x918.jpg 2048w\" sizes=\"auto, (max-width: 1024px) 100vw, 1024px\" \/><figcaption id=\"caption-attachment-7387\" class=\"wp-caption-text\">Vastavalmistunut Kajaanin kirkon uusi kattomaalaus<\/figcaption><\/figure>\n<p>&nbsp;<\/p>\n<p><strong>Kajaanin palvelupiste (kanslia) ja seurakuntasali<br \/>\n<\/strong>V\u00e4in\u00e4m\u00f6isenkatu 29 A 1\u00a0 87100 Kajaani<br \/>\nS\u00e4hk\u00f6postiosoite: kainuu@ort.fi<br \/>\nAvoinna keskiviikkoisin klo 10-13<\/p>\n<p><strong>Kajaanin kanslian poikkeusaukioloajat suurella ja kirkkaalla viikolla:<br \/>\nSuuren viikon keskiviikkona 1.4. kanslia poikkeuksellisesti avoinna klo 12-13<br \/>\nKirkkaan viikon keskiviikkona 8.4.<br \/>\nKanslia suljettu<\/p>\n<p>Kiireelliset yhteydenotot: Kainuun pappi, is\u00e4 Artturi, p. 050 358 0112<\/p>\n<p>Muissa asioissa pyyd\u00e4mme laittamaan viestin tai l\u00e4hett\u00e4m\u00e4\u00e4n s\u00e4hk\u00f6postia kainuu@ort.fi<\/strong><\/p>\n<p>&nbsp;<\/p>\n<p><strong>Puhelinyhteystiedot Kajaani:<br \/>\n<\/strong>Kainuun pappi, is\u00e4 Artturi Hirvonen<br \/>\np. 050 358 0112<\/p>\n<p>Kainuun kanttori Pia Koivurova<br \/>\np. 045 324 1612<\/p>\n<p>Kainuun\u00a0 seurakunnan kanslia, Kajaani<br \/>\np. 045 606 2197<\/p>\n<p><strong>Puhelinyhteystiedot Oulu:<\/strong><br \/>\nPohjois-Suomen seurakunnan kirkkoherranvirasto, Oulu p. 044 5115 741<br \/>\nPohjois-Suomen seurakunnan kirkkoherra Marko Patronen, Oulu p. 044 5115 742<\/p>\n<p><strong>S\u00e4hk\u00f6postit:<\/strong><br \/>\netunimi.sukunimi@ort.fi<br \/>\nkainuu@ort.fi<\/p>\n<p><strong>Oulun hiippakunnan p\u00e4ivyst\u00e4v\u00e4 pappi<br \/>\n<\/strong><strong>puh. 045 225 7002\u00a0 <\/strong>(vain puhelut)<\/p>\n<div class=\"entry-content\">\n<p>Virkatodistusten tilaukset tehd\u00e4\u00e4n s\u00e4hk\u00f6isell\u00e4 lomakkeella<br \/>\n<a href=\"https:\/\/ort.fi\/kirkon-keskusrekisteri\/tilattavat-asiakirjat\/\">https:\/\/ort.fi\/kirkon-keskusrekisteri\/tilattavat-asiakirjat\/<\/a><br \/>\ntai <strong>puhelimitse<\/strong> 040 3583625\u00a0 (ma ja to \u00a0klo 9\u201312)<br \/>\ntai <strong>s\u00e4hk\u00f6postilla<\/strong> keskusrekisteri@ort.fi<br \/>\ntai <strong>faxilla<\/strong> 0206 100 202<\/p>\n<\/div>\n<h3><\/h3>\n<h2>Linkit<\/h2>\n<pre><a href=\"https:\/\/ort.fi\/\">Suomen ortodoksinen kirkko<\/a><\/pre>\n<p><a href=\"https:\/\/ort.fi\/oulunhiippakunta\/\">Oulun ortodoksinen hiippakunta <\/a><\/p>\n<p><a href=\"https:\/\/pohjoissuomenortodoksinenseurakunta.fi\/\">Pohjois-Suomen ortodoksinen seurakunta <\/a><\/p>\n<p><a href=\"https:\/\/www.ortlappi.fi\/\">Lapin ortodoksinen seurakunta<\/a><\/p>\n<p><a href=\"https:\/\/filantropia.fi\/lahjoita\/\">Lahjoita \u2013 Filantropia ry<\/a><\/p>\n<p>&nbsp;<\/p>\n<h4><a href=\"https:\/\/www.facebook.com\/kainuun.ortodoksit\">Seurakunnan Facebook-ryhm\u00e4<\/a> \u00a0 &gt;&gt;&gt;<\/h4>\n<p><a href=\"https:\/\/www.facebook.com\/pages\/category\/Religious-Organization\/Ortodoksit-Kainuussa-545032753102246\/\">Ortodoksit Kainuussa &#8211; Etusivu | Facebook<\/a><\/p>\n","protected":false},"excerpt":{"rendered":"<p>&nbsp; Kajaanin palvelupiste (kanslia) ja seurakuntasali V\u00e4in\u00e4m\u00f6isenkatu 29 A 1\u00a0 87100 Kajaani S\u00e4hk\u00f6postiosoite: kainuu@ort.fi Avoinna keskiviikkoisin klo 10-13 Kajaanin kanslian poikkeusaukioloajat suurella ja kirkkaalla viikolla: Suuren viikon keskiviikkona 1.4. kanslia poikkeuksellisesti avoinna klo 12-13 Kirkkaan viikon keskiviikkona 8.4. Kanslia suljettu Kiireelliset yhteydenotot: Kainuun pappi, is\u00e4 Artturi, p. 050 358 0112 Muissa asioissa pyyd\u00e4mme laittamaan viestin &#8230; <a title=\"Kainuun ortodoksinen kappeliseurakunta\" class=\"read-more\" href=\"https:\/\/ort.fi\/kajaani\/\" aria-label=\"Lue lis\u00e4\u00e4 aiheesta Kainuun ortodoksinen kappeliseurakunta\">Lue lis\u00e4\u00e4<\/a><\/p>\n","protected":false},"author":2,"featured_media":0,"parent":0,"menu_order":0,"comment_status":"closed","ping_status":"closed","template":"","meta":{"footnotes":""},"class_list":["post-10","page","type-page","status-publish"],"_links":{"self":[{"href":"https:\/\/ort.fi\/kajaani\/wp-json\/wp\/v2\/pages\/10","targetHints":{"allow":["GET"]}}],"collection":[{"href":"https:\/\/ort.fi\/kajaani\/wp-json\/wp\/v2\/pages"}],"about":[{"href":"https:\/\/ort.fi\/kajaani\/wp-json\/wp\/v2\/types\/page"}],"author":[{"embeddable":true,"href":"https:\/\/ort.fi\/kajaani\/wp-json\/wp\/v2\/users\/2"}],"replies":[{"embeddable":true,"href":"https:\/\/ort.fi\/kajaani\/wp-json\/wp\/v2\/comments?post=10"}],"version-history":[{"count":473,"href":"https:\/\/ort.fi\/kajaani\/wp-json\/wp\/v2\/pages\/10\/revisions"}],"predecessor-version":[{"id":7355,"href":"https:\/\/ort.fi\/kajaani\/wp-json\/wp\/v2\/pages\/10\/revisions\/7355"}],"wp:attachment":[{"href":"https:\/\/ort.fi\/kajaani\/wp-json\/wp\/v2\/media?parent=10"}],"curies":[{"name":"wp","href":"https:\/\/api.w.org\/{rel}","templated":true}]}}