{"id":277,"date":"2023-08-21T12:13:41","date_gmt":"2023-08-21T09:13:41","guid":{"rendered":"https:\/\/ort.fi\/juhlavuosi\/?page_id=277"},"modified":"2023-09-13T18:30:49","modified_gmt":"2023-09-13T15:30:49","slug":"konsertit","status":"publish","type":"page","link":"https:\/\/ort.fi\/juhlavuosi\/konsertit\/","title":{"rendered":"Konsertit"},"content":{"rendered":"<!-- RS_MODULE_CODE_2.5.1 --><div id=\"readspeaker_button277\" class=\"rs_skip rsbtn rs_preserve\"><a class=\"rsbtn_play\" title=\"Kuuntele ReadSpeakerilla\" href=\"https:\/\/app-eu.readspeaker.com\/cgi-bin\/rsent?customerid=11543&amp;lang=fi_fi&amp;readid=rspeak_read_277&amp;url=https%3A%2F%2Fort.fi%2Fjuhlavuosi%2Fwp-json%2Fwp%2Fv2%2Fpages%2F277\"><span class=\"rsbtn_left rsimg rspart\"><span class=\"rsbtn_text\"><span>Kuuntele<\/span><\/span><\/span><span class=\"rsbtn_right rsimg rsplay rspart\"><\/span><\/a><\/div><div id=\"rspeak_read_277\">\t\t<div data-elementor-type=\"wp-page\" data-elementor-id=\"277\" class=\"elementor elementor-277\" data-elementor-post-type=\"page\">\n\t\t\t\t\t\t<section class=\"elementor-section elementor-top-section elementor-element elementor-element-1a499f0 elementor-section-boxed elementor-section-height-default elementor-section-height-default\" data-id=\"1a499f0\" data-element_type=\"section\" data-e-type=\"section\">\n\t\t\t\t\t\t<div class=\"elementor-container elementor-column-gap-default\">\n\t\t\t\t\t<div class=\"elementor-column elementor-col-100 elementor-top-column elementor-element elementor-element-ad31f69\" data-id=\"ad31f69\" data-element_type=\"column\" data-e-type=\"column\">\n\t\t\t<div class=\"elementor-widget-wrap elementor-element-populated\">\n\t\t\t\t\t\t<div class=\"elementor-element elementor-element-3404bef elementor-widget elementor-widget-spacer\" data-id=\"3404bef\" data-element_type=\"widget\" data-e-type=\"widget\" data-widget_type=\"spacer.default\">\n\t\t\t\t<div class=\"elementor-widget-container\">\n\t\t\t\t\t\t\t<div class=\"elementor-spacer\">\n\t\t\t<div class=\"elementor-spacer-inner\"><\/div>\n\t\t<\/div>\n\t\t\t\t\t\t<\/div>\n\t\t\t\t<\/div>\n\t\t\t\t\t<\/div>\n\t\t<\/div>\n\t\t\t\t\t<\/div>\n\t\t<\/section>\n\t\t\t\t<section class=\"elementor-section elementor-top-section elementor-element elementor-element-67d1cb3 elementor-section-boxed elementor-section-height-default elementor-section-height-default\" data-id=\"67d1cb3\" data-element_type=\"section\" data-e-type=\"section\">\n\t\t\t\t\t\t<div class=\"elementor-container elementor-column-gap-default\">\n\t\t\t\t\t<div class=\"elementor-column elementor-col-100 elementor-top-column elementor-element elementor-element-be7b07b\" data-id=\"be7b07b\" data-element_type=\"column\" data-e-type=\"column\">\n\t\t\t<div class=\"elementor-widget-wrap elementor-element-populated\">\n\t\t\t\t\t\t<div class=\"elementor-element elementor-element-777453f elementor-widget elementor-widget-heading\" data-id=\"777453f\" data-element_type=\"widget\" data-e-type=\"widget\" data-widget_type=\"heading.default\">\n\t\t\t\t<div class=\"elementor-widget-container\">\n\t\t\t\t\t<h1 class=\"elementor-heading-title elementor-size-default\">Suomen ortodoksisen kanttorikuoron juhlakonsertti perjantaina 8.9. klo 19.00 Uspenskin katedraalissa (Kanavakatu 1)<\/h1>\t\t\t\t<\/div>\n\t\t\t\t<\/div>\n\t\t\t\t\t<\/div>\n\t\t<\/div>\n\t\t\t\t\t<\/div>\n\t\t<\/section>\n\t\t\t\t<section class=\"elementor-section elementor-top-section elementor-element elementor-element-e4e5f47 elementor-section-boxed elementor-section-height-default elementor-section-height-default\" data-id=\"e4e5f47\" data-element_type=\"section\" data-e-type=\"section\">\n\t\t\t\t\t\t<div class=\"elementor-container elementor-column-gap-default\">\n\t\t\t\t\t<div class=\"elementor-column elementor-col-100 elementor-top-column elementor-element elementor-element-b9a0187\" data-id=\"b9a0187\" data-element_type=\"column\" data-e-type=\"column\">\n\t\t\t<div class=\"elementor-widget-wrap elementor-element-populated\">\n\t\t\t\t\t\t<div class=\"elementor-element elementor-element-9a773e0 elementor-widget elementor-widget-text-editor\" data-id=\"9a773e0\" data-element_type=\"widget\" data-e-type=\"widget\" data-widget_type=\"text-editor.default\">\n\t\t\t\t<div class=\"elementor-widget-container\">\n\t\t\t\t\t\t\t\t\t<p>Suomen ortodoksinen kanttorikuoro juhlistaa kirkon merkkivuotta juhlakonsertilla, jossa kuullaan kanttorikuoron uuden, vuoden 2023 lopulla julkaistavan levyn ohjelmistoa. \u00c4\u00e4nite itsess\u00e4\u00e4n kunnioittaa Ortodoksisten kanttorien liiton viime vuonna vietetty\u00e4 90-juhlavuotta.<\/p><p>Konsertissa kuullaan harvinaisempaa ortodoksista kirkkomusiikkia \u2013 illan s\u00e4velt\u00e4j\u00e4nimi\u00e4 ovat muun muassa <b>Alfred Schnittke<\/b>, <b>Arvo P\u00e4rt<\/b>, <b>Cyrillus Kreek<\/b>, <b>Andrei Bondarenko<\/b>, <b>Leonid Bashmakov<\/b>, <b>Boris Jakubov <\/b>ja <b>Tatyana Yashvili<\/b>.\u00a0<\/p><p>Tatyana Yashvili on ukrainalainen, t\u00e4ll\u00e4 hetkell\u00e4 It\u00e4vallan Grazissa sotaa paossa oleva s\u00e4velt\u00e4j\u00e4, jolta kanttorikuoro tilasi teoksen &#8221;Ylist\u00e4k\u00e4\u00e4 Herraa taivaissa&#8221; nimenomaan uutta levy\u00e4 varten. T\u00e4m\u00e4n s\u00e4vellyksen lis\u00e4ksi Yashvilin omaleimaisesta tuotannosta kuullaan kerubiveisu sek\u00e4 Pyh\u00e4 Jumala -veisu. Nuoria suomalaiss\u00e4velt\u00e4ji\u00e4 edustavat ohjelmistossa <b>Aleksi Suikkanen<\/b> sek\u00e4 <b>Heikki Hattunen<\/b>.<\/p><p>Juhlakonserttiin on vapaa p\u00e4\u00e4sy, k\u00e4siohjelmamaksu on vapaaehtoinen. Kuoroa johtaa diplomikuoronjohtaja <b>Rita Varonen<\/b>.<\/p><p>Konserttia voi seurata my\u00f6s suorana verkkol\u00e4hetyksen\u00e4 Helsingin ortodoksisen seurakunnan <a href=\"https:\/\/www.youtube.com\/watch?v=EAfEcinD-dE\" target=\"_blank\" rel=\"noopener\"><span style=\"text-decoration: underline;\">YouTube<\/span><\/a> -kanavalta.<\/p>\t\t\t\t\t\t\t\t<\/div>\n\t\t\t\t<\/div>\n\t\t\t\t\t<\/div>\n\t\t<\/div>\n\t\t\t\t\t<\/div>\n\t\t<\/section>\n\t\t\t\t<section class=\"elementor-section elementor-top-section elementor-element elementor-element-361be93 elementor-section-boxed elementor-section-height-default elementor-section-height-default\" data-id=\"361be93\" data-element_type=\"section\" data-e-type=\"section\">\n\t\t\t\t\t\t<div class=\"elementor-container elementor-column-gap-default\">\n\t\t\t\t\t<div class=\"elementor-column elementor-col-100 elementor-top-column elementor-element elementor-element-62f6036\" data-id=\"62f6036\" data-element_type=\"column\" data-e-type=\"column\">\n\t\t\t<div class=\"elementor-widget-wrap elementor-element-populated\">\n\t\t\t\t\t\t<div class=\"elementor-element elementor-element-6b1e113 elementor-widget elementor-widget-video\" data-id=\"6b1e113\" data-element_type=\"widget\" data-e-type=\"widget\" data-settings=\"{&quot;youtube_url&quot;:&quot;https:\\\/\\\/www.youtube.com\\\/watch?v=EAfEcinD-dE&quot;,&quot;video_type&quot;:&quot;youtube&quot;,&quot;controls&quot;:&quot;yes&quot;}\" data-widget_type=\"video.default\">\n\t\t\t\t<div class=\"elementor-widget-container\">\n\t\t\t\t\t\t\t<div class=\"elementor-wrapper elementor-open-inline\">\n\t\t\t<div class=\"elementor-video\"><\/div>\t\t<\/div>\n\t\t\t\t\t\t<\/div>\n\t\t\t\t<\/div>\n\t\t\t\t\t<\/div>\n\t\t<\/div>\n\t\t\t\t\t<\/div>\n\t\t<\/section>\n\t\t\t\t<section class=\"elementor-section elementor-top-section elementor-element elementor-element-26b5d0c elementor-section-boxed elementor-section-height-default elementor-section-height-default\" data-id=\"26b5d0c\" data-element_type=\"section\" data-e-type=\"section\">\n\t\t\t\t\t\t<div class=\"elementor-container elementor-column-gap-default\">\n\t\t\t\t\t<div class=\"elementor-column elementor-col-100 elementor-top-column elementor-element elementor-element-27c26ef\" data-id=\"27c26ef\" data-element_type=\"column\" data-e-type=\"column\">\n\t\t\t<div class=\"elementor-widget-wrap elementor-element-populated\">\n\t\t\t\t\t\t<div class=\"elementor-element elementor-element-bf7f640 elementor-widget elementor-widget-heading\" data-id=\"bf7f640\" data-element_type=\"widget\" data-e-type=\"widget\" data-widget_type=\"heading.default\">\n\t\t\t\t<div class=\"elementor-widget-container\">\n\t\t\t\t\t<h2 class=\"elementor-heading-title elementor-size-default\">Ortodoksinen kamarikuoro: Tomos 100 -konsertti lauantaina 9.9. klo 19.00 Kallion kirkossa (Papinkatu 2)<\/h2>\t\t\t\t<\/div>\n\t\t\t\t<\/div>\n\t\t\t\t\t<\/div>\n\t\t<\/div>\n\t\t\t\t\t<\/div>\n\t\t<\/section>\n\t\t\t\t<section class=\"elementor-section elementor-top-section elementor-element elementor-element-e823687 elementor-section-boxed elementor-section-height-default elementor-section-height-default\" data-id=\"e823687\" data-element_type=\"section\" data-e-type=\"section\">\n\t\t\t\t\t\t<div class=\"elementor-container elementor-column-gap-default\">\n\t\t\t\t\t<div class=\"elementor-column elementor-col-100 elementor-top-column elementor-element elementor-element-4b4f565\" data-id=\"4b4f565\" data-element_type=\"column\" data-e-type=\"column\">\n\t\t\t<div class=\"elementor-widget-wrap elementor-element-populated\">\n\t\t\t\t\t\t<div class=\"elementor-element elementor-element-96ce42f elementor-widget elementor-widget-text-editor\" data-id=\"96ce42f\" data-element_type=\"widget\" data-e-type=\"widget\" data-widget_type=\"text-editor.default\">\n\t\t\t\t<div class=\"elementor-widget-container\">\n\t\t\t\t\t\t\t\t\t<p>Ortodoksinen kamarikuoro juhlistaa Suomen ortodoksisen kirkon sataa autonomista vuotta musiikillisella matkalla kirkkomme autonomian alkuvuosista nykyp\u00e4iv\u00e4\u00e4n.\u00a0<\/p><p>Ortodoksisen kirkon ja kirkkomusiikin juuret ovat perinteess\u00e4. Eri aikakausien s\u00e4velt\u00e4j\u00e4t ovat vuoroin ottaneet et\u00e4isyytt\u00e4 slaavilaiseen ja bysanttilaiseen traditioon, vuoroin l\u00e4hestyneet sit\u00e4. Konsertissa kuullaan jumalanpalvelusveisuja eri vuosikymmenilt\u00e4. Konsertin juonnon on laatinut professori <b>Maria Takala-Roszczenko<\/b>.<\/p><p>Itsen\u00e4isyyden alkuvuosikymmenin\u00e4 Suomen ortodoksinen kirkko pyrki vakiinnuttamaan asemaansa ja kehitt\u00e4m\u00e4\u00e4n omaa musiikillista perinnett\u00e4\u00e4n. Ortodoksista kirkkomusiikkia k\u00e4\u00e4nnettiin ja sovitettiin suomen kielelle kirkkoslaavinkielisist\u00e4 veisuista. My\u00f6s uutta s\u00e4vellettiin jonkin verran \u2013 p\u00e4\u00e4asiassa ven\u00e4l\u00e4iseen tyyliin it\u00e4isen ortodoksisen musiikin perinteit\u00e4 heijastaen. Merkitt\u00e4vi\u00e4 t\u00e4m\u00e4n aikakauden s\u00e4velt\u00e4ji\u00e4 olivat <b>Aleksei Krasnostovski <\/b>(1880-1967), <b>Peter Akimov <\/b>(1885-1956) ja <b> Boris Jakubov<\/b> (1894-1923).\u00a0<\/p><p>Itsen\u00e4isyyden alkuvuosikymmenin\u00e4 oli Suomen evankelis-luterilaisen kirkon k\u00e4yt\u00e4nn\u00f6ill\u00e4 jonkin verran vaikutusta: kansallisen yhten\u00e4isyyden nimiss\u00e4 etsittiin jopa yhteist\u00e4 s\u00e4velkielt\u00e4 molemmille kansankirkoille. Valamon luostarissa oli k\u00e4yt\u00f6ss\u00e4 rikas valamolainen s\u00e4velmist\u00f6. Slaavinkieliset veisut adoptoitiin suomennettuina osaksi Suomen kansallista kulttuuria. Monet valamolaiset veisut ovat edelleen aktiivik\u00e4yt\u00f6ss\u00e4 ja niit\u00e4 voi kuulla miss\u00e4 tahansa ortodoksisessa pyh\u00e4k\u00f6ss\u00e4.<\/p><p>Arkkipiispa <b>Paavali<\/b> teki ennen piispaksi vihkimist\u00e4\u00e4n suuren ty\u00f6n sovittaessaan ja nuotintaessaan Valamon ja Ven\u00e4j\u00e4n kirkon veisuja suomen kielelle. Kaikkien kirkkokuorojen tuntema \u201dHomevigilia\u201d vuodelta 1942 onkin melkoinen kokoelma juhlavia vigilian veisuja. My\u00f6hemmin arkkipiispa Paavali kallistui yksinkertaisemman ja arkaaisemman s\u00e4velilmaisun kannalle, joka haki innoitusta ennemmin Bysantista ja Kreikasta kuin Ven\u00e4j\u00e4lt\u00e4.<\/p><p>Kirkkomusiikilla on aina ollut suhde my\u00f6s taidemusiikkiin, toisinaan kompleksinen. Monet jumalanpalvelusveisut sis\u00e4lt\u00e4v\u00e4t musiikillisia ja esteettisi\u00e4 arvoja ja sopivat esitett\u00e4viksi konserteissakin. Jotkin s\u00e4vellykset on alun perinkin s\u00e4velletty vain konserttik\u00e4ytt\u00f6\u00f6n, vaikka niiden nimet ja tekstit liittyv\u00e4tkin jumalanpalveluksiin. <b>Einojuhani Rautavaaran<\/b> (1928-2016) <i> Vigilia<\/i> lienee n\u00e4ist\u00e4 tunnetuin. <b>Peter Mirolybov<\/b> (1918-2004) s\u00e4velsi sek\u00e4 taiteellisesti kunnianhimoisia jumalanpalvelusveisuja ett\u00e4 konserttikappaleita. <b>Virpi Lepp\u00e4nen<\/b> k\u00e4ytti taitavasti vanhoja melodia-aiheita s\u00e4vellystens\u00e4 pohjana.<\/p><p>Viime vuosikymmenin\u00e4 ovat kirkkomme piiriss\u00e4 toimineet s\u00e4velt\u00e4j\u00e4t tuottaneet uusia ja tuoreita teoksia Suomen ortodoksisen kirkon k\u00e4ytt\u00f6\u00f6n. <b>Leonid Bashmakov<\/b> (1927-2016), <b> Timo Ruottinen<\/b>, <b>Mikko Sidoroff<\/b> ja monet muut ovat rikastuttaneet k\u00e4yt\u00f6ss\u00e4mme olevaa kirkkomusiikkia uutta luoden, mutta traditiota kunnioittaen.<\/p>\t\t\t\t\t\t\t\t<\/div>\n\t\t\t\t<\/div>\n\t\t\t\t\t<\/div>\n\t\t<\/div>\n\t\t\t\t\t<\/div>\n\t\t<\/section>\n\t\t\t\t<section class=\"elementor-section elementor-top-section elementor-element elementor-element-9d00338 elementor-section-boxed elementor-section-height-default elementor-section-height-default\" data-id=\"9d00338\" data-element_type=\"section\" data-e-type=\"section\">\n\t\t\t\t\t\t<div class=\"elementor-container elementor-column-gap-default\">\n\t\t\t\t\t<div class=\"elementor-column elementor-col-100 elementor-top-column elementor-element elementor-element-ec071f3\" data-id=\"ec071f3\" data-element_type=\"column\" data-e-type=\"column\">\n\t\t\t<div class=\"elementor-widget-wrap elementor-element-populated\">\n\t\t\t\t\t\t<div class=\"elementor-element elementor-element-4944c78 elementor-widget elementor-widget-video\" data-id=\"4944c78\" data-element_type=\"widget\" data-e-type=\"widget\" data-settings=\"{&quot;youtube_url&quot;:&quot;https:\\\/\\\/youtu.be\\\/ecvr8Tcnsyw&quot;,&quot;video_type&quot;:&quot;youtube&quot;,&quot;controls&quot;:&quot;yes&quot;}\" data-widget_type=\"video.default\">\n\t\t\t\t<div class=\"elementor-widget-container\">\n\t\t\t\t\t\t\t<div class=\"elementor-wrapper elementor-open-inline\">\n\t\t\t<div class=\"elementor-video\"><\/div>\t\t<\/div>\n\t\t\t\t\t\t<\/div>\n\t\t\t\t<\/div>\n\t\t\t\t\t<\/div>\n\t\t<\/div>\n\t\t\t\t\t<\/div>\n\t\t<\/section>\n\t\t\t\t<\/div>\n\t\t<\/div>","protected":false},"excerpt":{"rendered":"<p><!-- RS_MODULE_CODE_2.5.1 --><\/p>\n<div id=\"readspeaker_button277\" class=\"rs_skip rsbtn rs_preserve\"><a class=\"rsbtn_play\" title=\"Kuuntele ReadSpeakerilla\" href=\"https:\/\/app-eu.readspeaker.com\/cgi-bin\/rsent?customerid=11543&amp;lang=fi_fi&amp;readid=rspeak_read_277&amp;url=https%3A%2F%2Fort.fi%2Fjuhlavuosi%2Fwp-json%2Fwp%2Fv2%2Fpages%2F277\"><span class=\"rsbtn_left rsimg rspart\"><span class=\"rsbtn_text\"><span>Kuuntele<\/span><\/span><\/span><span class=\"rsbtn_right rsimg rsplay rspart\"><\/span><\/a><\/div>\n<div id=\"rspeak_read_277\"> Suomen ortodoksisen kanttorikuoron juhlakonsertti perjantaina 8.9. klo 19.00 Uspenskin katedraalissa (Kanavakatu 1) Suomen ortodoksinen kanttorikuoro juhlistaa kirkon merkkivuotta juhlakonsertilla, jossa kuullaan kanttorikuoron uuden, vuoden 2023 lopulla julkaistavan levyn ohjelmistoa. \u00c4\u00e4nite itsess\u00e4\u00e4n kunnioittaa Ortodoksisten kanttorien liiton viime vuonna vietetty\u00e4 90-juhlavuotta. Konsertissa kuullaan harvinaisempaa ortodoksista kirkkomusiikkia \u2013 illan s\u00e4velt\u00e4j\u00e4nimi\u00e4 ovat muun muassa Alfred Schnittke, Arvo P\u00e4rt, [&hellip;]<\/div>\n","protected":false},"author":1,"featured_media":0,"parent":0,"menu_order":0,"comment_status":"closed","ping_status":"closed","template":"","meta":{"footnotes":""},"class_list":["post-277","page","type-page","status-publish","hentry"],"_links":{"self":[{"href":"https:\/\/ort.fi\/juhlavuosi\/wp-json\/wp\/v2\/pages\/277","targetHints":{"allow":["GET"]}}],"collection":[{"href":"https:\/\/ort.fi\/juhlavuosi\/wp-json\/wp\/v2\/pages"}],"about":[{"href":"https:\/\/ort.fi\/juhlavuosi\/wp-json\/wp\/v2\/types\/page"}],"author":[{"embeddable":true,"href":"https:\/\/ort.fi\/juhlavuosi\/wp-json\/wp\/v2\/users\/1"}],"replies":[{"embeddable":true,"href":"https:\/\/ort.fi\/juhlavuosi\/wp-json\/wp\/v2\/comments?post=277"}],"version-history":[{"count":40,"href":"https:\/\/ort.fi\/juhlavuosi\/wp-json\/wp\/v2\/pages\/277\/revisions"}],"predecessor-version":[{"id":2885,"href":"https:\/\/ort.fi\/juhlavuosi\/wp-json\/wp\/v2\/pages\/277\/revisions\/2885"}],"wp:attachment":[{"href":"https:\/\/ort.fi\/juhlavuosi\/wp-json\/wp\/v2\/media?parent=277"}],"curies":[{"name":"wp","href":"https:\/\/api.w.org\/{rel}","templated":true}]}}