{"id":15,"date":"2022-12-30T09:40:38","date_gmt":"2022-12-30T07:40:38","guid":{"rendered":"https:\/\/ort.fi\/juhlavuosi\/?page_id=15"},"modified":"2023-09-05T14:21:56","modified_gmt":"2023-09-05T11:21:56","slug":"ortodoksisen-kirkon-juhlavuosi-2023","status":"publish","type":"page","link":"https:\/\/ort.fi\/juhlavuosi\/","title":{"rendered":"Ortodoksisen kirkon juhlavuosi 2023"},"content":{"rendered":"<!-- RS_MODULE_CODE_2.5.1 --><div id=\"readspeaker_button15\" class=\"rs_skip rsbtn rs_preserve\"><a class=\"rsbtn_play\" title=\"Kuuntele ReadSpeakerilla\" href=\"https:\/\/app-eu.readspeaker.com\/cgi-bin\/rsent?customerid=11543&amp;lang=fi_fi&amp;readid=rspeak_read_15&amp;url=https%3A%2F%2Fort.fi%2Fjuhlavuosi%2Fwp-json%2Fwp%2Fv2%2Fpages%2F15\"><span class=\"rsbtn_left rsimg rspart\"><span class=\"rsbtn_text\"><span>Kuuntele<\/span><\/span><\/span><span class=\"rsbtn_right rsimg rsplay rspart\"><\/span><\/a><\/div><div id=\"rspeak_read_15\">\t\t<div data-elementor-type=\"wp-post\" data-elementor-id=\"15\" class=\"elementor elementor-15\" data-elementor-post-type=\"page\">\n\t\t\t\t\t\t<section class=\"elementor-section elementor-top-section elementor-element elementor-element-cd68510 elementor-section-boxed elementor-section-height-default elementor-section-height-default\" data-id=\"cd68510\" data-element_type=\"section\" data-e-type=\"section\">\n\t\t\t\t\t\t<div class=\"elementor-container elementor-column-gap-default\">\n\t\t\t\t\t<div class=\"elementor-column elementor-col-100 elementor-top-column elementor-element elementor-element-cbcc4a5\" data-id=\"cbcc4a5\" data-element_type=\"column\" data-e-type=\"column\">\n\t\t\t<div class=\"elementor-widget-wrap elementor-element-populated\">\n\t\t\t\t\t\t<div class=\"elementor-element elementor-element-68d9a22 elementor-widget elementor-widget-spacer\" data-id=\"68d9a22\" data-element_type=\"widget\" data-e-type=\"widget\" data-widget_type=\"spacer.default\">\n\t\t\t\t<div class=\"elementor-widget-container\">\n\t\t\t\t\t\t\t<div class=\"elementor-spacer\">\n\t\t\t<div class=\"elementor-spacer-inner\"><\/div>\n\t\t<\/div>\n\t\t\t\t\t\t<\/div>\n\t\t\t\t<\/div>\n\t\t\t\t\t<\/div>\n\t\t<\/div>\n\t\t\t\t\t<\/div>\n\t\t<\/section>\n\t\t\t\t<section class=\"elementor-section elementor-top-section elementor-element elementor-element-fc1f051 elementor-section-boxed elementor-section-height-default elementor-section-height-default\" data-id=\"fc1f051\" data-element_type=\"section\" data-e-type=\"section\">\n\t\t\t\t\t\t<div class=\"elementor-container elementor-column-gap-default\">\n\t\t\t\t\t<div class=\"elementor-column elementor-col-50 elementor-top-column elementor-element elementor-element-5152dd0\" data-id=\"5152dd0\" data-element_type=\"column\" data-e-type=\"column\">\n\t\t\t<div class=\"elementor-widget-wrap elementor-element-populated\">\n\t\t\t\t\t\t<div class=\"elementor-element elementor-element-78749a0 elementor-widget elementor-widget-image\" data-id=\"78749a0\" data-element_type=\"widget\" data-e-type=\"widget\" data-widget_type=\"image.default\">\n\t\t\t\t<div class=\"elementor-widget-container\">\n\t\t\t\t\t\t\t\t\t\t\t\t\t\t\t<img fetchpriority=\"high\" decoding=\"async\" width=\"640\" height=\"800\" src=\"https:\/\/ort.fi\/juhlavuosi\/wp-content\/uploads\/2023\/08\/Bartolomeos-hymyilee-ja-tervehtii.jpeg\" class=\"attachment-large size-large wp-image-371\" alt=\"Bartolomeos hymyilee ja tervehtii\" srcset=\"https:\/\/ort.fi\/juhlavuosi\/wp-content\/uploads\/2023\/08\/Bartolomeos-hymyilee-ja-tervehtii.jpeg 640w, https:\/\/ort.fi\/juhlavuosi\/wp-content\/uploads\/2023\/08\/Bartolomeos-hymyilee-ja-tervehtii-240x300.jpeg 240w\" sizes=\"(max-width: 640px) 100vw, 640px\" \/>\t\t\t\t\t\t\t\t\t\t\t\t\t\t\t<\/div>\n\t\t\t\t<\/div>\n\t\t\t\t<div class=\"elementor-element elementor-element-6ca8f32 elementor-widget elementor-widget-text-editor\" data-id=\"6ca8f32\" data-element_type=\"widget\" data-e-type=\"widget\" data-widget_type=\"text-editor.default\">\n\t\t\t\t<div class=\"elementor-widget-container\">\n\t\t\t\t\t\t\t\t\t<p>Kuva: Jukka Alava<\/p><div>\u00a0<\/div>\t\t\t\t\t\t\t\t<\/div>\n\t\t\t\t<\/div>\n\t\t\t\t\t<\/div>\n\t\t<\/div>\n\t\t\t\t<div class=\"elementor-column elementor-col-50 elementor-top-column elementor-element elementor-element-080eb3c\" data-id=\"080eb3c\" data-element_type=\"column\" data-e-type=\"column\">\n\t\t\t<div class=\"elementor-widget-wrap elementor-element-populated\">\n\t\t\t\t\t\t<div class=\"elementor-element elementor-element-8e087cb elementor-widget elementor-widget-text-editor\" data-id=\"8e087cb\" data-element_type=\"widget\" data-e-type=\"widget\" data-widget_type=\"text-editor.default\">\n\t\t\t\t<div class=\"elementor-widget-container\">\n\t\t\t\t\t\t\t\t\t<div><strong>Tervetuloa juhlimaan Suomen ortodoksisen kirkon autonomian 100-vuotisjuhlaa yhdess\u00e4 H\u00e4nen Kaikkipyhyytens\u00e4, Ekumeenisen patriarkka Bartolomeoksen kanssa 8.\u201312.9.2023!<\/strong><\/div><div>\u00a0<\/div><div>Suomen ortodoksinen kirkko juhlii ensimm\u00e4ist\u00e4 sataa vuottaan Ekumeenisen patriarkaatin yhteydess\u00e4. Juhlavuoden p\u00e4\u00e4tapahtuma on H\u00e4nen Kaikkipyhyytens\u00e4 Konstantinopolin Ekumeenisen patriarkka Bartolomeoksen vierailu.<\/div><div>\u00a0<\/div><div><p>Patriarkan mukana Suomeen saapuvat Kydoniaian metropoliitta <b>Athenagoras<\/b>, Peristerionin metropoliitta <b>Grigorios<\/b>, Espanjan ja Portugalin metropoliitta <b>Vissarion<\/b>, patriarkan henkil\u00f6kohtaisen kanslian johtaja, arkkimandriitta <b> Aetios<\/b>, patriarkan toinen diakoni ja patriarkaatin kirjastonhoitaja <b>Alexandros<\/b>, patriarkaatin englanninkielisen kanslian johtaja, arkkimandriitta <b>Iakovos<\/b>, patriarkaatin vastaava tiedottaja <b>Nicholas-Georgios Papachristou<\/b> sek\u00e4 patriarkaatin sihteeri <b>Petros Bazgkarlo<\/b>. Juhlaan saapuvat vieraaksi my\u00f6s Ruotsin ja koko Skandinavian metropoliitta <b>Kleopas<\/b> sek\u00e4 Viron apostolista ortodoksista kirkkoa edustavat P\u00e4rnun ja Saarenmaan piispa <b>Aleksanteri<\/b> ja rovasti\u00a0<b>Aleksander Sarapik<\/b>.<\/p><\/div><div>\u00a0<\/div><div>T\u00e4lt\u00e4 sivustolta l\u00f6yd\u00e4t jo nyt tietoa vierailun <a href=\"https:\/\/ort.fi\/juhlavuosi\/patriarkan-vierailuohjelma\/\"><span style=\"text-decoration: underline;\">kulusta<\/span><\/a>, <a href=\"https:\/\/ort.fi\/juhlavuosi\/2023\/08\/30\/kaytannon-ohjeita-kirkon-autonomian-100-vuotisjuhlaan-saapuville\/\"><span style=\"text-decoration: underline;\">k\u00e4yt\u00e4nn\u00f6n j\u00e4rjestelyist\u00e4<\/span><\/a>, juhlaan liittyvist\u00e4 <a href=\"https:\/\/ort.fi\/juhlavuosi\/konsertit\/\"><span style=\"text-decoration: underline;\">konserteista<\/span><\/a> ja muusta <a href=\"https:\/\/ort.fi\/juhlavuosi\/treffit-troitsassa-9-9\/\"><span style=\"text-decoration: underline;\">ohjelmatarjonnasta<\/span><\/a> sek\u00e4 siit\u00e4, mill\u00e4 kanavilla voit seurata juhlatapahtumia, jos et ole itse paikalla. Vierailun aikana sivuilla julkaistaan mm. keskeisimm\u00e4t <a href=\"https:\/\/ort.fi\/juhlavuosi\/puheet-ja-tervehdykset\/\"><span style=\"text-decoration: underline;\">puheet ja tervehdykset<\/span><\/a> sek\u00e4 <a href=\"https:\/\/ort.fi\/juhlavuosi\/uutiset\/\"><span style=\"text-decoration: underline;\">uutisia<\/span><\/a> vierailusta. L\u00f6yd\u00e4t sivustolta my\u00f6s <a href=\"https:\/\/ort.fi\/juhlavuosi\/valokuvat-ja-videot\/\"><span style=\"text-decoration: underline;\">valokuvia, videoita ja verkkol\u00e4hetyksi\u00e4 <\/span><\/a>tapahtumista.<\/div><div>\u00a0<\/div><div>L\u00e4mpim\u00e4sti tervetuloa!<\/div>\t\t\t\t\t\t\t\t<\/div>\n\t\t\t\t<\/div>\n\t\t\t\t<div class=\"elementor-element elementor-element-2b7626d elementor-widget elementor-widget-text-editor\" data-id=\"2b7626d\" data-element_type=\"widget\" data-e-type=\"widget\" data-widget_type=\"text-editor.default\">\n\t\t\t\t<div class=\"elementor-widget-container\">\n\t\t\t\t\t\t\t\t\t<div>Lis\u00e4tiedot ja median yhteydenotot:<\/div><div>\u00a0<\/div><div><div>Maria Hattunen<br \/><a href=\"mailto:maria.hattunen@ort.fi\" target=\"_blank\" rel=\"noopener\"><span style=\"text-decoration: underline;\">maria.hattunen@ort.fi<\/span><\/a><\/div><div>040 481 9240 (vain tekstiviestit vierailun aikana)<\/div><\/div><div>Vastaava tiedottaja<br \/>Suomen ortodoksinen kirkko<\/div><div><div>\u00a0<\/div><div><p>Vlada Wahlst\u00e9n<br \/><span style=\"text-decoration: underline;\">vlada.wahlsten@ort.fi<\/span><br \/>0400 882 042<br \/>Tiedottaja<br \/>Helsingin ortodoksinen seurakunta<\/p><\/div><\/div><div>\u00a0<\/div><div><div>Seurakuntaryhmien aikatauluista ja ohjelmasta vastaavat matkanjohtajat.<\/div><\/div>\t\t\t\t\t\t\t\t<\/div>\n\t\t\t\t<\/div>\n\t\t\t\t\t<\/div>\n\t\t<\/div>\n\t\t\t\t\t<\/div>\n\t\t<\/section>\n\t\t\t\t<section class=\"elementor-section elementor-top-section elementor-element elementor-element-2e6a744 elementor-section-boxed elementor-section-height-default elementor-section-height-default\" data-id=\"2e6a744\" data-element_type=\"section\" data-e-type=\"section\">\n\t\t\t\t\t\t<div class=\"elementor-container elementor-column-gap-default\">\n\t\t\t\t\t<div class=\"elementor-column elementor-col-100 elementor-top-column elementor-element elementor-element-699ec9f\" data-id=\"699ec9f\" data-element_type=\"column\" data-e-type=\"column\">\n\t\t\t<div class=\"elementor-widget-wrap elementor-element-populated\">\n\t\t\t\t\t\t\t<\/div>\n\t\t<\/div>\n\t\t\t\t\t<\/div>\n\t\t<\/section>\n\t\t\t\t<section class=\"elementor-section elementor-top-section elementor-element elementor-element-1b5b0aa elementor-section-boxed elementor-section-height-default elementor-section-height-default\" data-id=\"1b5b0aa\" data-element_type=\"section\" data-e-type=\"section\">\n\t\t\t\t\t\t<div class=\"elementor-container elementor-column-gap-default\">\n\t\t\t\t\t<div class=\"elementor-column elementor-col-100 elementor-top-column elementor-element elementor-element-334dd13\" data-id=\"334dd13\" data-element_type=\"column\" data-e-type=\"column\">\n\t\t\t<div class=\"elementor-widget-wrap elementor-element-populated\">\n\t\t\t\t\t\t\t<\/div>\n\t\t<\/div>\n\t\t\t\t\t<\/div>\n\t\t<\/section>\n\t\t\t\t<\/div>\n\t\t<\/div>","protected":false},"excerpt":{"rendered":"<p><!-- RS_MODULE_CODE_2.5.1 --><\/p>\n<div id=\"readspeaker_button15\" class=\"rs_skip rsbtn rs_preserve\"><a class=\"rsbtn_play\" title=\"Kuuntele ReadSpeakerilla\" href=\"https:\/\/app-eu.readspeaker.com\/cgi-bin\/rsent?customerid=11543&amp;lang=fi_fi&amp;readid=rspeak_read_15&amp;url=https%3A%2F%2Fort.fi%2Fjuhlavuosi%2Fwp-json%2Fwp%2Fv2%2Fpages%2F15\"><span class=\"rsbtn_left rsimg rspart\"><span class=\"rsbtn_text\"><span>Kuuntele<\/span><\/span><\/span><span class=\"rsbtn_right rsimg rsplay rspart\"><\/span><\/a><\/div>\n<div id=\"rspeak_read_15\"> Kuva: Jukka Alava \u00a0Tervetuloa juhlimaan Suomen ortodoksisen kirkon autonomian 100-vuotisjuhlaa yhdess\u00e4 H\u00e4nen Kaikkipyhyytens\u00e4, Ekumeenisen patriarkka Bartolomeoksen kanssa 8.\u201312.9.2023!\u00a0Suomen ortodoksinen kirkko juhlii ensimm\u00e4ist\u00e4 sataa vuottaan Ekumeenisen patriarkaatin yhteydess\u00e4. Juhlavuoden p\u00e4\u00e4tapahtuma on H\u00e4nen Kaikkipyhyytens\u00e4 Konstantinopolin Ekumeenisen patriarkka Bartolomeoksen vierailu.\u00a0 Patriarkan mukana Suomeen saapuvat Kydoniaian metropoliitta Athenagoras, Peristerionin metropoliitta Grigorios, Espanjan ja Portugalin metropoliitta Vissarion, patriarkan henkil\u00f6kohtaisen [&hellip;]<\/div>\n","protected":false},"author":1,"featured_media":0,"parent":0,"menu_order":0,"comment_status":"closed","ping_status":"closed","template":"","meta":{"footnotes":""},"class_list":["post-15","page","type-page","status-publish","hentry"],"_links":{"self":[{"href":"https:\/\/ort.fi\/juhlavuosi\/wp-json\/wp\/v2\/pages\/15","targetHints":{"allow":["GET"]}}],"collection":[{"href":"https:\/\/ort.fi\/juhlavuosi\/wp-json\/wp\/v2\/pages"}],"about":[{"href":"https:\/\/ort.fi\/juhlavuosi\/wp-json\/wp\/v2\/types\/page"}],"author":[{"embeddable":true,"href":"https:\/\/ort.fi\/juhlavuosi\/wp-json\/wp\/v2\/users\/1"}],"replies":[{"embeddable":true,"href":"https:\/\/ort.fi\/juhlavuosi\/wp-json\/wp\/v2\/comments?post=15"}],"version-history":[{"count":151,"href":"https:\/\/ort.fi\/juhlavuosi\/wp-json\/wp\/v2\/pages\/15\/revisions"}],"predecessor-version":[{"id":1629,"href":"https:\/\/ort.fi\/juhlavuosi\/wp-json\/wp\/v2\/pages\/15\/revisions\/1629"}],"wp:attachment":[{"href":"https:\/\/ort.fi\/juhlavuosi\/wp-json\/wp\/v2\/media?parent=15"}],"curies":[{"name":"wp","href":"https:\/\/api.w.org\/{rel}","templated":true}]}}