{"id":123,"date":"2023-01-05T11:58:20","date_gmt":"2023-01-05T09:58:20","guid":{"rendered":"https:\/\/ort.fi\/juhlavuosi\/?page_id=123"},"modified":"2023-09-12T14:13:00","modified_gmt":"2023-09-12T11:13:00","slug":"puheet-ja-tervehdykset","status":"publish","type":"page","link":"https:\/\/ort.fi\/juhlavuosi\/puheet-ja-tervehdykset\/","title":{"rendered":"Puheet ja tervehdykset"},"content":{"rendered":"<!-- RS_MODULE_CODE_2.5.1 --><div id=\"readspeaker_button123\" class=\"rs_skip rsbtn rs_preserve\"><a class=\"rsbtn_play\" title=\"Kuuntele ReadSpeakerilla\" href=\"https:\/\/app-eu.readspeaker.com\/cgi-bin\/rsent?customerid=11543&amp;lang=fi_fi&amp;readid=rspeak_read_123&amp;url=https%3A%2F%2Fort.fi%2Fjuhlavuosi%2Fwp-json%2Fwp%2Fv2%2Fpages%2F123\"><span class=\"rsbtn_left rsimg rspart\"><span class=\"rsbtn_text\"><span>Kuuntele<\/span><\/span><\/span><span class=\"rsbtn_right rsimg rsplay rspart\"><\/span><\/a><\/div><div id=\"rspeak_read_123\">\t\t<div data-elementor-type=\"wp-page\" data-elementor-id=\"123\" class=\"elementor elementor-123\" data-elementor-post-type=\"page\">\n\t\t\t\t\t\t<section class=\"elementor-section elementor-top-section elementor-element elementor-element-ee57bc3 elementor-section-boxed elementor-section-height-default elementor-section-height-default\" data-id=\"ee57bc3\" data-element_type=\"section\" data-e-type=\"section\">\n\t\t\t\t\t\t<div class=\"elementor-container elementor-column-gap-default\">\n\t\t\t\t\t<div class=\"elementor-column elementor-col-100 elementor-top-column elementor-element elementor-element-9681669\" data-id=\"9681669\" data-element_type=\"column\" data-e-type=\"column\">\n\t\t\t<div class=\"elementor-widget-wrap elementor-element-populated\">\n\t\t\t\t\t\t\t<\/div>\n\t\t<\/div>\n\t\t\t\t\t<\/div>\n\t\t<\/section>\n\t\t\t\t<section class=\"elementor-section elementor-top-section elementor-element elementor-element-f3e8dea elementor-section-boxed elementor-section-height-default elementor-section-height-default\" data-id=\"f3e8dea\" data-element_type=\"section\" data-e-type=\"section\">\n\t\t\t\t\t\t<div class=\"elementor-container elementor-column-gap-default\">\n\t\t\t\t\t<div class=\"elementor-column elementor-col-100 elementor-top-column elementor-element elementor-element-4d7baf8\" data-id=\"4d7baf8\" data-element_type=\"column\" data-e-type=\"column\">\n\t\t\t<div class=\"elementor-widget-wrap elementor-element-populated\">\n\t\t\t\t\t\t<div class=\"elementor-element elementor-element-3dfa58e elementor-widget elementor-widget-text-editor\" data-id=\"3dfa58e\" data-element_type=\"widget\" data-e-type=\"widget\" data-widget_type=\"text-editor.default\">\n\t\t\t\t<div class=\"elementor-widget-container\">\n\t\t\t\t\t\t\t\t\t<div>T\u00e4lt\u00e4 sivulta l\u00f6yd\u00e4t vierailun aikana pidett\u00e4v\u00e4t puheet, tervehdykset suomeksi. Puheet julkaistaan mahdollisimman pienell\u00e4 viiveell\u00e4.\u00a0<\/div><div>\u00a0<\/div><div>Arkkipiispa <a href=\"https:\/\/ort.fi\/juhlavuosi\/2023\/09\/09\/arkkipiispa-leon-puhe-hanen-kaikkipyhyytensa-ekumeenisen-patriarkka-bartolomeoksen-kunniaksi-jarjestetylla-tervetulopaivallisella-hotelli-kampissa-8-syyskuuta-2023\/\"><span style=\"text-decoration: underline;\"><strong>Leon<\/strong> puhe<\/span><\/a> H\u00e4nen Kaikkipyhyytens\u00e4, Ekumeenisen patriarkka Bartolomeoksen kunniaksi j\u00e4rjestetyll\u00e4 tervetulop\u00e4iv\u00e4llisell\u00e4<br \/>hotelli K\u00e4mpiss\u00e4 8.9.2023<\/div><div>\u00a0<\/div><div>Patriarkka <span style=\"text-decoration: underline;\"><a href=\"https:\/\/ort.fi\/juhlavuosi\/2023\/09\/09\/patriarkan-puhe-kiitosrukoushetkessa\/\"><strong>Bartolomeoksen<\/strong> puhe<\/a><\/span> kiitosrukoushetkess\u00e4 Uspenskin katedraalissa 9.9.2023<\/div><div>\u00a0<\/div><div>Patriarkka <a href=\"https:\/\/ort.fi\/juhlavuosi\/2023\/09\/11\/patriarkka-bartolomeoksen-luento-suomen-luontokeskus-haltiassa-11-9-2023\/\"><span style=\"text-decoration: underline;\">Bartolomeoksen luento<\/span><\/a> Nuorten planeetta -seminaarissa Luontokeskus Haltiassa 11.9.2023<\/div><div>\u00a0<\/div><div>Arkkipiispa <a href=\"https:\/\/ort.fi\/juhlavuosi\/2023\/09\/09\/arkkipiispa-leon-tervetulopuhe-autonomian-satavuotisjuhlapaivallisella-ravintola-sipulissa-9-syyskuuta-2023\/\"><span style=\"text-decoration: underline;\">Leon tervetuliaispuhe<\/span><\/a> Suomen ortodoksisen kirkon autonomian 100-vuotisillallisilla 9.9.2023<\/div><div>\u00a0<\/div><div>Arkkipiispa <span style=\"text-decoration: underline;\"><a href=\"https:\/\/ort.fi\/juhlavuosi\/2023\/09\/09\/suomen-evankelis-luterilaisen-kirkon-arkkipiispa-tapio-luoman-tervehdyspuhe-ravintola-sipulissa-9-9-2023\/\"><strong>Tapio Luoman<\/strong> puhe<\/a>\u00a0<\/span>Suomen ortodoksisen kirkon autonomian 100-vuotisillallisilla 9.9.2023<\/div><div>\u00a0<\/div><div>Katolisen kirkon edustajan emeritus-piispa <a href=\"https:\/\/ort.fi\/juhlavuosi\/2023\/09\/10\/emeritus-piispa-teemu-sipon-puhe-ravintola-sipulissa-9-9-2023\/\"><span style=\"text-decoration: underline;\"><strong>Teemu Sipon<\/strong> puhe<\/span><\/a> Suomen ortodoksisen kirkon autonomian 100-vuotisillallisilla 9.9.2023<\/div><div>\u00a0<\/div><div><p>Patriarkka <a href=\"https:\/\/ort.fi\/juhlavuosi\/2023\/09\/10\/hanen-kaikkipyhyytensa-ekumeenisen-patriarkan-bartolomeoksen-saarna-liturgiassa-uspenskin-katedraalissa-10-9-2023\/\"><span style=\"text-decoration: underline;\">Bartolomeoksen opetuspuhe<\/span><\/a> Uspenskin katedraalissa 10.9.2023<\/p><\/div><p>Arkkipiispa <a href=\"https:\/\/ort.fi\/juhlavuosi\/2023\/09\/10\/arkkipiispa-leon-puhe-patriarkaalisessa-liturgiassa-10-syyskuuta-uspenskin-katedraalissa\/\"><span style=\"text-decoration: underline;\">Leon puhe<\/span><\/a> patriarkaalisessa liturgiassa 10. syyskuuta Uspenskin katedraalissa.<\/p><p>Arkontti <a href=\"https:\/\/ort.fi\/juhlavuosi\/2023\/09\/10\/arkontti-risto-nordellin-kiitospuhe-uspenskin-katedraalissa-10-9-2023\/\"><span style=\"text-decoration: underline;\"><strong>Risto Nordellin<\/strong> kiitospuhe<\/span><\/a> Uspenskin katedraalissa 10.9.2023<\/p><p>Arkontti <a href=\"https:\/\/ort.fi\/juhlavuosi\/2023\/09\/11\/arkontti-aleksi-harkosen-kiitospuhe-uspenskin-katedraalissa-10-9-2023\/\"><span style=\"text-decoration: underline;\"><strong>Aleksi H\u00e4rk\u00f6sen<\/strong> kiitospuhe<\/span><\/a> Uspenskin katedraalissa 10.9.2023<\/p><p>Kolttien luottamusmies <a href=\"https:\/\/ort.fi\/juhlavuosi\/2023\/09\/11\/kolttien-luottamusmies-veikko-feodoroffin-puhe-liturgian-jalkeisella-lounaalla-10-9-2023\/\"><span style=\"text-decoration: underline;\"><strong>Veikko Feodoroffin<\/strong> puhe<\/span><\/a> liturgian j\u00e4lkeisell\u00e4 lounaalla 10.9.2023<\/p><div>H\u00e4nen Kaikkipyhyytens\u00e4, Ekumeenisen patriarkan <a href=\"https:\/\/ort.fi\/juhlavuosi\/2023\/09\/11\/hanen-kaikkipyhyytensa-ekumeenisen-patriarkan-bartolomeoksen-puheenvuoro-uskontojohtajien-aamiaisella-11-9-2023\/\"><span style=\"text-decoration: underline;\">Bartolomeoksen puheenvuoro<\/span> <\/a>uskontojohtajien aamiaisella 11.9.2023<\/div><div>\u00a0<\/div><div>Suomen juutalaisten seurakuntien keskusneuvoston puheenjohtaja <a href=\"https:\/\/ort.fi\/juhlavuosi\/2023\/09\/12\/suomen-juutalaisten-seurakuntien-keskusneuvoston-puheenjohtaja-yaron-nadbornikin-puhe-uskontojohtajien-aamiaisella-11-9-2023\/\"><span style=\"text-decoration: underline;\"><strong>Yaron Nadbornikin<\/strong> puhe<\/span><\/a> uskontojohtajien aamiaisella 11.9.2023<\/div><div>\u00a0<\/div><div>Professori <a href=\"https:\/\/ort.fi\/juhlavuosi\/2023\/09\/12\/professori-eeva-furmanin-esitelma-suomen-luontokeskus-haltiassa-11-9-2023\/\"><span style=\"text-decoration: underline;\"><strong>Eeva Furmanin<\/strong> esitelm\u00e4<\/span><\/a> Nuorten planeetta -seminaarissa Luontokeskus Haltiassa 11.9.2023<\/div><div>\u00a0<\/div><div>Kolttien luottamusmies <a href=\"https:\/\/ort.fi\/juhlavuosi\/2023\/09\/11\/kolttien-luottamusmies-veikko-feodoroffin-puhe-nuorten-planeetta-seminaarissa-luontokeskus-haltiassa-11-9-2023\/\"><span style=\"text-decoration: underline;\">Veikko Feodoroffin puhe<\/span><\/a>\u00a0Nuorten planeetta -seminaarissa Luontokeskus Haltiassa 11.9.2023<\/div><div>\u00a0<\/div><div>Valamon luostarin johtajan, arkkimandriitta <a href=\"https:\/\/ort.fi\/juhlavuosi\/2023\/09\/11\/valamon-luostarin-johtajan-arkkimandriitta-mikaelin-puhe-nuorten-planeetta-seminaarissa-luontokeskus-haltiassa-11-9-2023\/\"><span style=\"text-decoration: underline;\"><strong>Mikaelin<\/strong> puhe<\/span><\/a>\u00a0Nuorten planeetta -seminaarissa Luontokeskus Haltiassa 11.9.2023<\/div><div>\u00a0<\/div><div>Ortodoksisten pappien liiton puheenjohtajan, pastori <a href=\"https:\/\/ort.fi\/juhlavuosi\/2023\/09\/11\/ortodoksisten-pappien-liiton-puheenjohtajan-pastori-jaakko-vainion-puhe-luontokeskus-haltiassa-11-9-2023\/\"><span style=\"text-decoration: underline;\"><strong>Jaakko Vainion<\/strong> puhe<\/span><\/a>\u00a0Luontokeskus Haltiassa 11.9.2023<\/div>\t\t\t\t\t\t\t\t<\/div>\n\t\t\t\t<\/div>\n\t\t\t\t\t<\/div>\n\t\t<\/div>\n\t\t\t\t\t<\/div>\n\t\t<\/section>\n\t\t\t\t<\/div>\n\t\t<\/div>","protected":false},"excerpt":{"rendered":"<p><!-- RS_MODULE_CODE_2.5.1 --><\/p>\n<div id=\"readspeaker_button123\" class=\"rs_skip rsbtn rs_preserve\"><a class=\"rsbtn_play\" title=\"Kuuntele ReadSpeakerilla\" href=\"https:\/\/app-eu.readspeaker.com\/cgi-bin\/rsent?customerid=11543&amp;lang=fi_fi&amp;readid=rspeak_read_123&amp;url=https%3A%2F%2Fort.fi%2Fjuhlavuosi%2Fwp-json%2Fwp%2Fv2%2Fpages%2F123\"><span class=\"rsbtn_left rsimg rspart\"><span class=\"rsbtn_text\"><span>Kuuntele<\/span><\/span><\/span><span class=\"rsbtn_right rsimg rsplay rspart\"><\/span><\/a><\/div>\n<div id=\"rspeak_read_123\"> T\u00e4lt\u00e4 sivulta l\u00f6yd\u00e4t vierailun aikana pidett\u00e4v\u00e4t puheet, tervehdykset suomeksi. Puheet julkaistaan mahdollisimman pienell\u00e4 viiveell\u00e4.\u00a0\u00a0Arkkipiispa Leon puhe H\u00e4nen Kaikkipyhyytens\u00e4, Ekumeenisen patriarkka Bartolomeoksen kunniaksi j\u00e4rjestetyll\u00e4 tervetulop\u00e4iv\u00e4llisell\u00e4hotelli K\u00e4mpiss\u00e4 8.9.2023\u00a0Patriarkka Bartolomeoksen puhe kiitosrukoushetkess\u00e4 Uspenskin katedraalissa 9.9.2023\u00a0Patriarkka Bartolomeoksen luento Nuorten planeetta -seminaarissa Luontokeskus Haltiassa 11.9.2023\u00a0Arkkipiispa Leon tervetuliaispuhe Suomen ortodoksisen kirkon autonomian 100-vuotisillallisilla 9.9.2023\u00a0Arkkipiispa Tapio Luoman puhe\u00a0Suomen ortodoksisen kirkon autonomian [&hellip;]<\/div>\n","protected":false},"author":1,"featured_media":0,"parent":0,"menu_order":0,"comment_status":"closed","ping_status":"closed","template":"","meta":{"footnotes":""},"class_list":["post-123","page","type-page","status-publish","hentry"],"_links":{"self":[{"href":"https:\/\/ort.fi\/juhlavuosi\/wp-json\/wp\/v2\/pages\/123","targetHints":{"allow":["GET"]}}],"collection":[{"href":"https:\/\/ort.fi\/juhlavuosi\/wp-json\/wp\/v2\/pages"}],"about":[{"href":"https:\/\/ort.fi\/juhlavuosi\/wp-json\/wp\/v2\/types\/page"}],"author":[{"embeddable":true,"href":"https:\/\/ort.fi\/juhlavuosi\/wp-json\/wp\/v2\/users\/1"}],"replies":[{"embeddable":true,"href":"https:\/\/ort.fi\/juhlavuosi\/wp-json\/wp\/v2\/comments?post=123"}],"version-history":[{"count":118,"href":"https:\/\/ort.fi\/juhlavuosi\/wp-json\/wp\/v2\/pages\/123\/revisions"}],"predecessor-version":[{"id":2773,"href":"https:\/\/ort.fi\/juhlavuosi\/wp-json\/wp\/v2\/pages\/123\/revisions\/2773"}],"wp:attachment":[{"href":"https:\/\/ort.fi\/juhlavuosi\/wp-json\/wp\/v2\/media?parent=123"}],"curies":[{"name":"wp","href":"https:\/\/api.w.org\/{rel}","templated":true}]}}