{"id":103,"date":"2023-01-05T11:54:07","date_gmt":"2023-01-05T09:54:07","guid":{"rendered":"https:\/\/ort.fi\/juhlavuosi\/?page_id=103"},"modified":"2023-08-24T21:53:43","modified_gmt":"2023-08-24T18:53:43","slug":"patriarkan-vierailuohjelma","status":"publish","type":"page","link":"https:\/\/ort.fi\/juhlavuosi\/patriarkan-vierailuohjelma\/","title":{"rendered":"Patriarkan vierailuohjelma"},"content":{"rendered":"<!-- RS_MODULE_CODE_2.5.1 --><div id=\"readspeaker_button103\" class=\"rs_skip rsbtn rs_preserve\"><a class=\"rsbtn_play\" title=\"Kuuntele ReadSpeakerilla\" href=\"https:\/\/app-eu.readspeaker.com\/cgi-bin\/rsent?customerid=11543&amp;lang=fi_fi&amp;readid=rspeak_read_103&amp;url=https%3A%2F%2Fort.fi%2Fjuhlavuosi%2Fwp-json%2Fwp%2Fv2%2Fpages%2F103\"><span class=\"rsbtn_left rsimg rspart\"><span class=\"rsbtn_text\"><span>Kuuntele<\/span><\/span><\/span><span class=\"rsbtn_right rsimg rsplay rspart\"><\/span><\/a><\/div><div id=\"rspeak_read_103\">\t\t<div data-elementor-type=\"wp-page\" data-elementor-id=\"103\" class=\"elementor elementor-103\" data-elementor-post-type=\"page\">\n\t\t\t\t\t\t<section class=\"elementor-section elementor-top-section elementor-element elementor-element-1f29a1a elementor-section-boxed elementor-section-height-default elementor-section-height-default\" data-id=\"1f29a1a\" data-element_type=\"section\" data-e-type=\"section\">\n\t\t\t\t\t\t<div class=\"elementor-container elementor-column-gap-default\">\n\t\t\t\t\t<div class=\"elementor-column elementor-col-100 elementor-top-column elementor-element elementor-element-5b9f3ff\" data-id=\"5b9f3ff\" data-element_type=\"column\" data-e-type=\"column\">\n\t\t\t<div class=\"elementor-widget-wrap elementor-element-populated\">\n\t\t\t\t\t\t<div class=\"elementor-element elementor-element-6a4e679 elementor-widget elementor-widget-spacer\" data-id=\"6a4e679\" data-element_type=\"widget\" data-e-type=\"widget\" data-widget_type=\"spacer.default\">\n\t\t\t\t<div class=\"elementor-widget-container\">\n\t\t\t\t\t\t\t<div class=\"elementor-spacer\">\n\t\t\t<div class=\"elementor-spacer-inner\"><\/div>\n\t\t<\/div>\n\t\t\t\t\t\t<\/div>\n\t\t\t\t<\/div>\n\t\t\t\t\t<\/div>\n\t\t<\/div>\n\t\t\t\t\t<\/div>\n\t\t<\/section>\n\t\t\t\t<section class=\"elementor-section elementor-top-section elementor-element elementor-element-706672f elementor-section-boxed elementor-section-height-default elementor-section-height-default\" data-id=\"706672f\" data-element_type=\"section\" data-e-type=\"section\">\n\t\t\t\t\t\t<div class=\"elementor-container elementor-column-gap-default\">\n\t\t\t\t\t<div class=\"elementor-column elementor-col-50 elementor-top-column elementor-element elementor-element-bebf987\" data-id=\"bebf987\" data-element_type=\"column\" data-e-type=\"column\">\n\t\t\t<div class=\"elementor-widget-wrap elementor-element-populated\">\n\t\t\t\t\t\t<div class=\"elementor-element elementor-element-48d3f86 elementor-widget elementor-widget-image\" data-id=\"48d3f86\" data-element_type=\"widget\" data-e-type=\"widget\" data-widget_type=\"image.default\">\n\t\t\t\t<div class=\"elementor-widget-container\">\n\t\t\t\t\t\t\t\t\t\t\t\t\t\t\t<img fetchpriority=\"high\" decoding=\"async\" width=\"800\" height=\"500\" src=\"https:\/\/ort.fi\/juhlavuosi\/wp-content\/uploads\/2023\/08\/Patriarkka-suitsuttaa-1024x640.jpeg\" class=\"attachment-large size-large wp-image-381\" alt=\"Patriarkka suitsuttaa\" srcset=\"https:\/\/ort.fi\/juhlavuosi\/wp-content\/uploads\/2023\/08\/Patriarkka-suitsuttaa-1024x640.jpeg 1024w, https:\/\/ort.fi\/juhlavuosi\/wp-content\/uploads\/2023\/08\/Patriarkka-suitsuttaa-300x188.jpeg 300w, https:\/\/ort.fi\/juhlavuosi\/wp-content\/uploads\/2023\/08\/Patriarkka-suitsuttaa-768x480.jpeg 768w, https:\/\/ort.fi\/juhlavuosi\/wp-content\/uploads\/2023\/08\/Patriarkka-suitsuttaa-1536x960.jpeg 1536w, https:\/\/ort.fi\/juhlavuosi\/wp-content\/uploads\/2023\/08\/Patriarkka-suitsuttaa-2048x1280.jpeg 2048w\" sizes=\"(max-width: 800px) 100vw, 800px\" \/>\t\t\t\t\t\t\t\t\t\t\t\t\t\t\t<\/div>\n\t\t\t\t<\/div>\n\t\t\t\t<div class=\"elementor-element elementor-element-2864ada elementor-widget elementor-widget-text-editor\" data-id=\"2864ada\" data-element_type=\"widget\" data-e-type=\"widget\" data-widget_type=\"text-editor.default\">\n\t\t\t\t<div class=\"elementor-widget-container\">\n\t\t\t\t\t\t\t\t\t<p>Kuva: Nikos Papachristou<\/p>\t\t\t\t\t\t\t\t<\/div>\n\t\t\t\t<\/div>\n\t\t\t\t\t<\/div>\n\t\t<\/div>\n\t\t\t\t<div class=\"elementor-column elementor-col-50 elementor-top-column elementor-element elementor-element-555bff4\" data-id=\"555bff4\" data-element_type=\"column\" data-e-type=\"column\">\n\t\t\t<div class=\"elementor-widget-wrap elementor-element-populated\">\n\t\t\t\t\t\t<div class=\"elementor-element elementor-element-5ce74a3 elementor-widget elementor-widget-text-editor\" data-id=\"5ce74a3\" data-element_type=\"widget\" data-e-type=\"widget\" data-widget_type=\"text-editor.default\">\n\t\t\t\t<div class=\"elementor-widget-container\">\n\t\t\t\t\t\t\t\t\t<p>Vierailun virallisen ohjelman kellonajoin ilmoitetut osiot ovat kaikille avoimia tilaisuuksia \u2013 l\u00e4mpim\u00e4sti tervetuloa!<\/p><p>Muista my\u00f6s muu juhlaohjelma: Suomen ortodoksisen kanttorikuoron ja Ortodoksisen kamarikuoron <a href=\"https:\/\/ort.fi\/juhlavuosi\/konsertit\/\"><span style=\"text-decoration: underline;\">konsertit<\/span><\/a> ja Pyh\u00e4n Kolminaisuuden kirkon <span style=\"text-decoration: underline;\"><a href=\"https:\/\/ort.fi\/juhlavuosi\/treffit-troitsassa-9-9\/\">kohtaamispaikan<\/a><\/span> ohjelma sek\u00e4 Pyh\u00e4n Kolminaisuuden kirkolta lauantaina 9.9. kello 16 Uspenskin katedraalille kulkeva ristisaatto.<\/p><p>Lauantain kiitosrukoushetke\u00e4 ja sunnuntain liturgiaa on mahdollista seurata my\u00f6s suorina verkkol\u00e4hetyksen\u00e4 Helsingin ortodoksisen seurakunnan <a href=\"https:\/\/www.youtube.com\/@helsinginortodoksinenseura6511\" target=\"_blank\" rel=\"noopener\"><span style=\"text-decoration: underline;\">YouTube<\/span><\/a> -kanavalta ja kirkon sivuilta (<span style=\"text-decoration: underline;\"><a id=\"m_-5800943986843398259OWA7f6c55c2-8c11-3606-a159-2a7491a7bc0b\" href=\"https:\/\/ort.fi\" target=\"_blank\" rel=\"noopener\" data-saferedirecturl=\"https:\/\/www.google.com\/url?q=http:\/\/ort.fi&amp;source=gmail&amp;ust=1692694717843000&amp;usg=AOvVaw3LMFv3R8m77R_G1IZmFdNF\">ort.fi<\/a><\/span>).\u00a0Lis\u00e4ksi Yleisradio televisioi Uspenskin katedraalissa lauantaina 9.9. toimitettavan kiitosrukoushetken ja l\u00e4hett\u00e4\u00e4 sen Yle TV 1 -kanavalla 8.10.2023.<\/p>\t\t\t\t\t\t\t\t<\/div>\n\t\t\t\t<\/div>\n\t\t\t\t\t<\/div>\n\t\t<\/div>\n\t\t\t\t\t<\/div>\n\t\t<\/section>\n\t\t\t\t<section class=\"elementor-section elementor-top-section elementor-element elementor-element-17ebb3c elementor-section-boxed elementor-section-height-default elementor-section-height-default\" data-id=\"17ebb3c\" data-element_type=\"section\" data-e-type=\"section\">\n\t\t\t\t\t\t<div class=\"elementor-container elementor-column-gap-default\">\n\t\t\t\t\t<div class=\"elementor-column elementor-col-50 elementor-top-column elementor-element elementor-element-52fcfb7\" data-id=\"52fcfb7\" data-element_type=\"column\" data-e-type=\"column\">\n\t\t\t<div class=\"elementor-widget-wrap elementor-element-populated\">\n\t\t\t\t\t\t<div class=\"elementor-element elementor-element-0be3fb5 elementor-widget elementor-widget-text-editor\" data-id=\"0be3fb5\" data-element_type=\"widget\" data-e-type=\"widget\" data-widget_type=\"text-editor.default\">\n\t\t\t\t<div class=\"elementor-widget-container\">\n\t\t\t\t\t\t\t\t\t<p><b>Perjantai 8.9.<\/b><\/p><p>Saapuminen Helsinkiin<\/p><p>Majoittuminen<\/p><p><b>Lauantai 9.9.<\/b><\/p><p>9.45 Tutustuminen Pyh\u00e4n Nektarios Eginalaisen kirkkoon Klaukkalassa (Kuonom\u00e4entie 80, Klaukkala)<\/p><p>\u00a0<\/p><p>11.30\u201313.30 Vierailu Helsingin ortodoksisen seurakunnan leirikeskuksessa Kaunisniemess\u00e4 (Kaunisniementie 18, L\u00e4yli\u00e4inen)<\/p><ul><li>Rukoushetki Ukrainan sodan uhreille<br \/>Ukrainan suurl\u00e4hettil\u00e4\u00e4n tervehdys<\/li><li>Leirikeskukseen tutustuminen ja kirkkokansan (erityisesti nuorten) tapaaminen<\/li><li>Lounas, kahvit j\u00e4rven rannalla<\/li><\/ul><p>\u00a0<\/p><p>17.00 Kiitosrukoushetki Uspenskin katedraalissa (Kanavakatu 1)<br \/>Patriarkka <strong>Bartolomeoksen<\/strong> puhe<\/p><ul><li>Palvelusta voi seurata verkkol\u00e4hetyksen\u00e4 Helsingin ortodoksisen seurakunnan <a href=\"https:\/\/www.youtube.com\/@helsinginortodoksinenseura6511\" target=\"_blank\" rel=\"noopener\"><span style=\"text-decoration: underline;\">YouTube<\/span><\/a> -kanavalta ja kirkon sivuilta<\/li><li>Kutsuvierasillallinen, Suomen ortodoksisen kirkon autonomian 100-vuotisjuhla<\/li><\/ul>\t\t\t\t\t\t\t\t<\/div>\n\t\t\t\t<\/div>\n\t\t\t\t\t<\/div>\n\t\t<\/div>\n\t\t\t\t<div class=\"elementor-column elementor-col-50 elementor-top-column elementor-element elementor-element-0002623\" data-id=\"0002623\" data-element_type=\"column\" data-e-type=\"column\">\n\t\t\t<div class=\"elementor-widget-wrap elementor-element-populated\">\n\t\t\t\t\t\t<div class=\"elementor-element elementor-element-df0cb0b elementor-widget elementor-widget-text-editor\" data-id=\"df0cb0b\" data-element_type=\"widget\" data-e-type=\"widget\" data-widget_type=\"text-editor.default\">\n\t\t\t\t<div class=\"elementor-widget-container\">\n\t\t\t\t\t\t\t\t\t<p><b>Sunnuntai 10.9.<\/b><\/p><p>9.30 Patriarkaalinen liturgia Uspenskin katedraalissa (Kanavakatu 1)<\/p><ul><li>Patriarkka Bartolomeos saarnaa<\/li><\/ul><p>\u00a0<\/p><p>n. 13.00 Kaikille yhteinen lounas ravintola Sipulissa (Kanavaranta 7)<\/p><p>Vierailu S\u00f6rn\u00e4isten vankilassa<\/p><ul><li>Tutustuminen ortodoksiseen vankilaty\u00f6h\u00f6n Suomessa<\/li><\/ul><p>\u00a0<\/p><p>Kreikan suurl\u00e4hettil\u00e4\u00e4n tapaaminen<\/p><p><b>Maanantai 11.9.<\/b><\/p><p>Uskontojohtajien aamiaistapaaminen<\/p><ul><li>Arkkipiispa <strong>Leon<\/strong> tervehdyssanat<\/li><li>Ajankohtaispuheenvuorot: patriarkka Bartolomeos, <strong>Yaron Nadbornik<\/strong><\/li><\/ul><p>\u00a0<\/p><p>11.00\u201312.30 Nuorten planeetta -seminaari Luontokeskus Haltiassa (Nuuksiontie 84, Espoo)<\/p><ul><li>Keynote -puhujana patriarkka Bartolomeos<\/li><li>Muut puhujat: Suomen kest\u00e4v\u00e4n kehityksen toimikunnan p\u00e4\u00e4sihteeri, professori <strong>Eeva Furman<\/strong>, kolttien luottamusmies <strong>Veikko Feodoroff<\/strong> ja arkkimandriitta <strong>Mikael<\/strong><\/li><\/ul><p>\u00a0<\/p><p>Papiston tapaaminen, pieni vedenpyhitys ja lounas (Suomen ortodoksisten pappien liitto)<\/p><p>Piispainkokouksen ja patriarkan tapaaminen<\/p><p>Helsingin seurakunnan tarjoama kutsuvierasillallinen<\/p><p><b>Tiistai 12.9.<\/b><\/p><p>Turkin suurl\u00e4hettil\u00e4\u00e4n tapaaminen<\/p><p>Tasavallan presidentti <strong>Sauli Niinist\u00f6n<\/strong> tapaaminen M\u00e4ntyniemess\u00e4<\/p><p>L\u00e4ht\u00f6 Tallinnaan Viron apostolisen ortodoksisen kirkon autonomian 100-vuotisjuhlaan<\/p>\t\t\t\t\t\t\t\t<\/div>\n\t\t\t\t<\/div>\n\t\t\t\t\t<\/div>\n\t\t<\/div>\n\t\t\t\t\t<\/div>\n\t\t<\/section>\n\t\t\t\t<\/div>\n\t\t<\/div>","protected":false},"excerpt":{"rendered":"<p><!-- RS_MODULE_CODE_2.5.1 --><\/p>\n<div id=\"readspeaker_button103\" class=\"rs_skip rsbtn rs_preserve\"><a class=\"rsbtn_play\" title=\"Kuuntele ReadSpeakerilla\" href=\"https:\/\/app-eu.readspeaker.com\/cgi-bin\/rsent?customerid=11543&amp;lang=fi_fi&amp;readid=rspeak_read_103&amp;url=https%3A%2F%2Fort.fi%2Fjuhlavuosi%2Fwp-json%2Fwp%2Fv2%2Fpages%2F103\"><span class=\"rsbtn_left rsimg rspart\"><span class=\"rsbtn_text\"><span>Kuuntele<\/span><\/span><\/span><span class=\"rsbtn_right rsimg rsplay rspart\"><\/span><\/a><\/div>\n<div id=\"rspeak_read_103\"> Kuva: Nikos Papachristou Vierailun virallisen ohjelman kellonajoin ilmoitetut osiot ovat kaikille avoimia tilaisuuksia \u2013 l\u00e4mpim\u00e4sti tervetuloa! Muista my\u00f6s muu juhlaohjelma: Suomen ortodoksisen kanttorikuoron ja Ortodoksisen kamarikuoron konsertit ja Pyh\u00e4n Kolminaisuuden kirkon kohtaamispaikan ohjelma sek\u00e4 Pyh\u00e4n Kolminaisuuden kirkolta lauantaina 9.9. kello 16 Uspenskin katedraalille kulkeva ristisaatto. Lauantain kiitosrukoushetke\u00e4 ja sunnuntain liturgiaa on mahdollista seurata my\u00f6s [&hellip;]<\/div>\n","protected":false},"author":1,"featured_media":0,"parent":0,"menu_order":0,"comment_status":"closed","ping_status":"closed","template":"","meta":{"footnotes":""},"class_list":["post-103","page","type-page","status-publish","hentry"],"_links":{"self":[{"href":"https:\/\/ort.fi\/juhlavuosi\/wp-json\/wp\/v2\/pages\/103","targetHints":{"allow":["GET"]}}],"collection":[{"href":"https:\/\/ort.fi\/juhlavuosi\/wp-json\/wp\/v2\/pages"}],"about":[{"href":"https:\/\/ort.fi\/juhlavuosi\/wp-json\/wp\/v2\/types\/page"}],"author":[{"embeddable":true,"href":"https:\/\/ort.fi\/juhlavuosi\/wp-json\/wp\/v2\/users\/1"}],"replies":[{"embeddable":true,"href":"https:\/\/ort.fi\/juhlavuosi\/wp-json\/wp\/v2\/comments?post=103"}],"version-history":[{"count":130,"href":"https:\/\/ort.fi\/juhlavuosi\/wp-json\/wp\/v2\/pages\/103\/revisions"}],"predecessor-version":[{"id":1511,"href":"https:\/\/ort.fi\/juhlavuosi\/wp-json\/wp\/v2\/pages\/103\/revisions\/1511"}],"wp:attachment":[{"href":"https:\/\/ort.fi\/juhlavuosi\/wp-json\/wp\/v2\/media?parent=103"}],"curies":[{"name":"wp","href":"https:\/\/api.w.org\/{rel}","templated":true}]}}