{"id":92,"date":"2018-11-04T11:34:23","date_gmt":"2018-11-04T09:34:23","guid":{"rendered":"https:\/\/ort.fi\/ilomantsi\/?page_id=92"},"modified":"2021-11-13T14:14:58","modified_gmt":"2021-11-13T12:14:58","slug":"pyhakot","status":"publish","type":"page","link":"https:\/\/ort.fi\/ilomantsi\/pyhakot\/","title":{"rendered":"Pyh\u00e4k\u00f6t"},"content":{"rendered":"\n<figure><iframe loading=\"lazy\" src=\"https:\/\/www.google.com\/maps\/d\/embed?mid=1v15Rd7dkY_pjePLG7i4yILuQOd9YNFnE\" width=\"700\" height=\"480\"><\/iframe><\/figure>\n\n\n\n<hr class=\"wp-block-separator is-style-default\"\/>\n\n\n\n<h2 class=\"wp-block-heading\">Pyh\u00e4n Profeetta Elian kirkko<\/h2>\n\n\n\n<p><strong>Osoite: <\/strong>Kirkkotie 15, 82900 Ilomantsi ( <a href=\"https:\/\/goo.gl\/maps\/cDGBj9VTeBm\" target=\"_blank\" rel=\"noreferrer noopener\">avaa kartta<\/a> )<strong><br>Praasniekka:<\/strong>&nbsp;Pyh\u00e4n Profeetta Elian p\u00e4iv\u00e4n\u00e4 20.7.<\/p>\n\n\n\n<div class=\"wp-block-image\"><figure class=\"alignright is-resized\"><img loading=\"lazy\" decoding=\"async\" src=\"https:\/\/ort.fi\/ilomantsi\/wp-content\/uploads\/2018\/11\/Ilomantsin_ortodoksinen_kirkko_4-300x226.jpeg\" alt=\"\" class=\"wp-image-340\" width=\"332\" height=\"250\" srcset=\"https:\/\/ort.fi\/ilomantsi\/wp-content\/uploads\/2018\/11\/Ilomantsin_ortodoksinen_kirkko_4-300x226.jpeg 300w, https:\/\/ort.fi\/ilomantsi\/wp-content\/uploads\/2018\/11\/Ilomantsin_ortodoksinen_kirkko_4-768x578.jpeg 768w, https:\/\/ort.fi\/ilomantsi\/wp-content\/uploads\/2018\/11\/Ilomantsin_ortodoksinen_kirkko_4-1024x771.jpeg 1024w\" sizes=\"auto, (max-width: 332px) 100vw, 332px\" \/><\/figure><\/div>\n\n\n\n<p>Kappeliseurakunnan p\u00e4\u00e4pyh\u00e4kk\u00f6 \u2013 profeetta Elialle pyhitetty temppeli \u2013 on&nbsp;j\u00e4rjestyksess\u00e4\u00e4n jo kuudes ortodoksinen kirkko Ilomantsissa.Pietarilaisen arkkitehti Dimitrij Sadovnikovin suunnittelema kirkko vihittiin k\u00e4ytt\u00f6\u00f6n 1892. Pohjaratkaisultaan Elian kirkko on ristinmuotoinen keskuskupolikirkko ja edustaa rakennustyylilt\u00e4\u00e4n my\u00f6h\u00e4ist\u00e4 uusklassismia. Suomen ortodoksisista puupyh\u00e4k\u00f6ist\u00e4 se on kooltaan suurin.<br>Kirkkohanke oli koko seurakunnan yhteinen voimainponnistus. Sit\u00e4 varten oli otettava rakennuslainaa keisarilliselta senaatilta 40.000 markkaa, jonka seurakuntalaiset maksoivat takaisin vuosien ajan. Edellinen Elian kirkko purettiin huonokuntoisena 1917.<br>Ikonostaasi eli kuvasein\u00e4 on valmistettu Pietarissa.<\/p>\n\n\n\n<p>Katso videot: <a rel=\"noreferrer noopener\" aria-label=\"Profeetta Elian kirkon esittely (avautuu uudessa v\u00e4lilehdess\u00e4)\" href=\"https:\/\/www.youtube.com\/watch?v=_YzuM2SFA7c\" target=\"_blank\">Profeetta Elian kirkon esittely<\/a> sek\u00e4 <a rel=\"noreferrer noopener\" aria-label=\" (avautuu uudessa v\u00e4lilehdess\u00e4)\" href=\"https:\/\/www.youtube.com\/watch?v=rUmYizEniwI\" target=\"_blank\">Profeetta Elian kirkko ylh\u00e4\u00e4lt\u00e4p\u00e4in<\/a><\/p>\n\n\n\n<p>Katso Elian kirkon ja sen ymp\u00e4rist\u00f6n virtuaaliesittely <a href=\"https:\/\/360panorama.fi\/360Ilomantsi\/360Ilomantsi.html?startscene=pano30\" target=\"_blank\" rel=\"noreferrer noopener\" aria-label=\"t\u00e4st\u00e4  (avautuu uudessa v\u00e4lilehdess\u00e4)\">t\u00e4st\u00e4 <\/a><\/p>\n\n\n\n<div class=\"wp-block-image\"><figure class=\"aligncenter is-resized\"><img loading=\"lazy\" decoding=\"async\" src=\"https:\/\/ort.fi\/ilomantsi\/wp-content\/uploads\/2018\/11\/Ilomantsin_ikonostasi_1-300x199.jpg\" alt=\"\" class=\"wp-image-14\" width=\"623\" height=\"413\" srcset=\"https:\/\/ort.fi\/ilomantsi\/wp-content\/uploads\/2018\/11\/Ilomantsin_ikonostasi_1-300x199.jpg 300w, https:\/\/ort.fi\/ilomantsi\/wp-content\/uploads\/2018\/11\/Ilomantsin_ikonostasi_1-768x510.jpg 768w, https:\/\/ort.fi\/ilomantsi\/wp-content\/uploads\/2018\/11\/Ilomantsin_ikonostasi_1-1024x680.jpg 1024w, https:\/\/ort.fi\/ilomantsi\/wp-content\/uploads\/2018\/11\/Ilomantsin_ikonostasi_1.jpg 1288w\" sizes=\"auto, (max-width: 623px) 100vw, 623px\" \/><\/figure><\/div>\n\n\n\n<h2 class=\"wp-block-heading\">Hattuvaaran tsasouna<\/h2>\n\n\n\n<p><strong>Osoite:<\/strong> Hattuj\u00e4rventie 1, 82967 Ilomantsi ( <a rel=\"noreferrer noopener\" aria-label=\" (avautuu uudessa v\u00e4lilehdess\u00e4)\" href=\"https:\/\/goo.gl\/maps\/W1uz2T9NjTr\" target=\"_blank\">avaa kartta<\/a> )<br><strong>Praasniekka:<\/strong>&nbsp;Pyhien Apostolien Pietarin ja Paavalin p\u00e4iv\u00e4n\u00e4 29.6.<\/p>\n\n\n\n<div class=\"wp-block-image\"><figure class=\"alignright is-resized\"><img loading=\"lazy\" decoding=\"async\" src=\"https:\/\/ort.fi\/ilomantsi\/wp-content\/uploads\/2018\/11\/vxLrE5PmS52KQdA0tgtZ0w_thumb_1b000-300x225.jpg\" alt=\"\" class=\"wp-image-342\" width=\"352\" height=\"264\" srcset=\"https:\/\/ort.fi\/ilomantsi\/wp-content\/uploads\/2018\/11\/vxLrE5PmS52KQdA0tgtZ0w_thumb_1b000-300x225.jpg 300w, https:\/\/ort.fi\/ilomantsi\/wp-content\/uploads\/2018\/11\/vxLrE5PmS52KQdA0tgtZ0w_thumb_1b000-768x576.jpg 768w, https:\/\/ort.fi\/ilomantsi\/wp-content\/uploads\/2018\/11\/vxLrE5PmS52KQdA0tgtZ0w_thumb_1b000.jpg 1024w\" sizes=\"auto, (max-width: 352px) 100vw, 352px\" \/><\/figure><\/div>\n\n\n\n<p>Ilomantsin kunnan it\u00e4isimm\u00e4ss\u00e4 osassa sijaitsevan Hattuvaaran tsasouna on Suomen vanhin karjalaista arkkitehtuuria edustava kyl\u00e4kappeli. Paikallisen perim\u00e4tiedon mukaan \u201dtsasouna on ollut aina\u201d. Nykyarvioiden mukaan kappeli on rakennettu 1792.<\/p>\n\n\n\n<p>Tsasounan suuret ikonit on maalattu 1800-luvun lopussa ja tuotu Terijoelta. Nimikkoikonin \u201dapostolit Pietari ja Paavali\u201d on maalannut tunnettu ikonimaalari Petros Sasaki 1980-luvulla.<\/p>\n\n\n\n<p>Tsasounan vieress\u00e4 on museorakennuksia ja kyl\u00e4n kuuluisimman runonlaulajan Arhippa Buruskaisen (1781\u20131846) muistokivi.<\/p>\n\n\n\n<p>Kyl\u00e4n vanha kalmisto sijaitsee l\u00e4heisess\u00e4 tunnelmallisessa ikikuusikossa.<\/p>\n\n\n\n<div class=\"wp-block-image\"><figure class=\"aligncenter is-resized\"><img loading=\"lazy\" decoding=\"async\" src=\"https:\/\/ort.fi\/ilomantsi\/wp-content\/uploads\/2019\/01\/HattuvaaraSisalta-1024x755.jpeg\" alt=\"\" class=\"wp-image-2394\" width=\"648\" height=\"478\" srcset=\"https:\/\/ort.fi\/ilomantsi\/wp-content\/uploads\/2019\/01\/HattuvaaraSisalta-1024x755.jpeg 1024w, https:\/\/ort.fi\/ilomantsi\/wp-content\/uploads\/2019\/01\/HattuvaaraSisalta-300x221.jpeg 300w, https:\/\/ort.fi\/ilomantsi\/wp-content\/uploads\/2019\/01\/HattuvaaraSisalta-768x566.jpeg 768w, https:\/\/ort.fi\/ilomantsi\/wp-content\/uploads\/2019\/01\/HattuvaaraSisalta.jpeg 1084w\" sizes=\"auto, (max-width: 648px) 100vw, 648px\" \/><\/figure><\/div>\n\n\n\n<h2 class=\"wp-block-heading\">Mutalahden tsasouna<\/h2>\n\n\n\n<p><strong>Osoite:&nbsp;<\/strong>Mutalahdentie 238, 82900 Ilomantsi ( <a href=\"https:\/\/goo.gl\/maps\/CPQECiEPs1m\" target=\"_blank\" rel=\"noreferrer noopener\" aria-label=\" (avautuu uudessa v\u00e4lilehdess\u00e4)\">avaa kartta<\/a> )<strong><br>Praasniekka:<\/strong> Jumalan\u00e4idin syntym\u00e4n juhla 8.9.<\/p>\n\n\n\n<div class=\"wp-block-image\"><figure class=\"alignright is-resized\"><img loading=\"lazy\" decoding=\"async\" src=\"https:\/\/ort.fi\/ilomantsi\/wp-content\/uploads\/2018\/11\/gVGkj27HTVq5dlFSxO1RMw_thumb_1b003-300x225.jpg\" alt=\"\" class=\"wp-image-346\" width=\"354\" height=\"266\" srcset=\"https:\/\/ort.fi\/ilomantsi\/wp-content\/uploads\/2018\/11\/gVGkj27HTVq5dlFSxO1RMw_thumb_1b003-300x225.jpg 300w, https:\/\/ort.fi\/ilomantsi\/wp-content\/uploads\/2018\/11\/gVGkj27HTVq5dlFSxO1RMw_thumb_1b003-768x576.jpg 768w, https:\/\/ort.fi\/ilomantsi\/wp-content\/uploads\/2018\/11\/gVGkj27HTVq5dlFSxO1RMw_thumb_1b003.jpg 1024w\" sizes=\"auto, (max-width: 354px) 100vw, 354px\" \/><\/figure><\/div>\n\n\n\n<p>Mutalahti on osa ikivanhaa ja suurta ortodoksista Melasel\u00e4n kyl\u00e4\u00e4. P\u00e4\u00e4kyl\u00e4 j\u00e4i toisen maailmansodan rajanvedossa Neuvostoliiton puolelle. Melaselk\u00e4l\u00e4isten oli aloitettava uusi el\u00e4m\u00e4 muutama kilometri l\u00e4nnemp\u00e4n\u00e4 Mutalahdessa ja Nehvonniemess\u00e4.<\/p>\n\n\n\n<p>Melasel\u00e4n Jumalan\u00e4idin syntym\u00e4n muistolle pyhitetty tsasouna tuhoutui jatkosodassa. J\u00e4lkipolville muistona s\u00e4ilyi vain Tihvin\u00e4n Jumalan\u00e4idin ikoni, joka on nykyisin Elian kirkossa&nbsp;Ilomantsissa.<\/p>\n\n\n\n<p>Entisen Melasel\u00e4n tsasounan arvokasta perint\u00f6\u00e4 jatkamaan rakennettiin Mutalahteen Jumalan\u00e4idin kappeli 1961. Se oli Suomen valtion rahoittamista j\u00e4lleenrakennuskappeleista viimeinen.<\/p>\n\n\n\n<p>Mutalahden pyh\u00e4k\u00f6n suunnitteli Selim Salonius ja ikonit maalasi Martha Neiglick-Platonoff.<\/p>\n\n\n\n<div class=\"wp-block-image\"><figure class=\"aligncenter is-resized\"><img loading=\"lazy\" decoding=\"async\" src=\"https:\/\/ort.fi\/ilomantsi\/wp-content\/uploads\/2018\/11\/AaxRrZLqTpaDWDAVHqKQQ_thumb_1b004-300x200.jpg\" alt=\"\" class=\"wp-image-348\" width=\"591\" height=\"394\" srcset=\"https:\/\/ort.fi\/ilomantsi\/wp-content\/uploads\/2018\/11\/AaxRrZLqTpaDWDAVHqKQQ_thumb_1b004-300x200.jpg 300w, https:\/\/ort.fi\/ilomantsi\/wp-content\/uploads\/2018\/11\/AaxRrZLqTpaDWDAVHqKQQ_thumb_1b004-768x511.jpg 768w, https:\/\/ort.fi\/ilomantsi\/wp-content\/uploads\/2018\/11\/AaxRrZLqTpaDWDAVHqKQQ_thumb_1b004-1024x681.jpg 1024w, https:\/\/ort.fi\/ilomantsi\/wp-content\/uploads\/2018\/11\/AaxRrZLqTpaDWDAVHqKQQ_thumb_1b004.jpg 1087w\" sizes=\"auto, (max-width: 591px) 100vw, 591px\" \/><\/figure><\/div>\n\n\n\n<h2 class=\"wp-block-heading\">Sonkajan Tsasouna<\/h2>\n\n\n\n<p><strong>Osoite:&nbsp;<\/strong>Issakantie 115, 82900 Ilomantsi ( <a href=\"https:\/\/goo.gl\/maps\/iffncDcG16r\" target=\"_blank\" rel=\"noreferrer noopener\" aria-label=\" (avautuu uudessa v\u00e4lilehdess\u00e4)\">avaa kartta<\/a> )<br><strong>Praasniekka:<\/strong> Pyh\u00e4n Ristin p\u00e4iv\u00e4n\u00e4 14.9.<\/p>\n\n\n\n<div class=\"wp-block-image\"><figure class=\"alignright is-resized\"><img loading=\"lazy\" decoding=\"async\" src=\"https:\/\/ort.fi\/ilomantsi\/wp-content\/uploads\/2018\/11\/LYdHTQhOQzGv7253VlU5OA_thumb_19f7a-300x241.jpg\" alt=\"\" class=\"wp-image-364\" width=\"398\" height=\"321\" srcset=\"https:\/\/ort.fi\/ilomantsi\/wp-content\/uploads\/2018\/11\/LYdHTQhOQzGv7253VlU5OA_thumb_19f7a-300x241.jpg 300w, https:\/\/ort.fi\/ilomantsi\/wp-content\/uploads\/2018\/11\/LYdHTQhOQzGv7253VlU5OA_thumb_19f7a-768x618.jpg 768w, https:\/\/ort.fi\/ilomantsi\/wp-content\/uploads\/2018\/11\/LYdHTQhOQzGv7253VlU5OA_thumb_19f7a.jpg 1024w\" sizes=\"auto, (max-width: 398px) 100vw, 398px\" \/><\/figure><\/div>\n\n\n\n<p>Tsasounahanke sai kyl\u00e4l\u00e4iset liikkeelle. Talkoilla rakennetun tsasounan rakennustarvikkeet ja maapohja ovat kyl\u00e4l\u00e4isten lahjoittamia. Kappeli valmistui 1998 ja Sonkajan kyl\u00e4yhdistys lahjoitti sen Ilomantsin ortodoksiselle seurakunnalle 1999.<\/p>\n\n\n\n<p>Poikkeuksellisen kauniilla paikalla sijaitseva tsasouna edustaa perinteist\u00e4 karjalaista puuarkkitehtuuria.Vanha ortodoksinen Sonkajan kyl\u00e4 vaalii ekumeniaa. Vuodesta 1988 l\u00e4htien ortodoksit ja luterilaiset ovat j\u00e4rjest\u00e4neet yhteisi\u00e4 kyl\u00e4iltoja. 1996 syntyi ajatus rakentaa kyl\u00e4\u00e4n ekumeeninen tsasouna.<\/p>\n\n\n\n<p>Tsasounan ekumeenista luonnetta korostaa se, ett\u00e4 samalla paikalla syntyi kuuluisa luterilainen pappi ja Karjalan her\u00e4nn\u00e4isyyden perustaja Henrik Renqvist (1789\u20131866). H\u00e4nen muistokseen on pystytetty muistolaatta kappelin edustalle.<\/p>\n\n\n\n<div class=\"wp-block-image\"><figure class=\"aligncenter is-resized\"><img loading=\"lazy\" decoding=\"async\" src=\"https:\/\/ort.fi\/ilomantsi\/wp-content\/uploads\/2018\/11\/Z4EACwxTvPDEQ8Jqjrw_thumb_19f7c-300x225.jpg\" alt=\"\" class=\"wp-image-366\" width=\"609\" height=\"456\" srcset=\"https:\/\/ort.fi\/ilomantsi\/wp-content\/uploads\/2018\/11\/Z4EACwxTvPDEQ8Jqjrw_thumb_19f7c-300x225.jpg 300w, https:\/\/ort.fi\/ilomantsi\/wp-content\/uploads\/2018\/11\/Z4EACwxTvPDEQ8Jqjrw_thumb_19f7c-768x576.jpg 768w, https:\/\/ort.fi\/ilomantsi\/wp-content\/uploads\/2018\/11\/Z4EACwxTvPDEQ8Jqjrw_thumb_19f7c.jpg 1024w\" sizes=\"auto, (max-width: 609px) 100vw, 609px\" \/><\/figure><\/div>\n\n\n\n<h2 class=\"wp-block-heading\">Huhuksen Tsasouna<\/h2>\n\n\n\n<p><strong>Osoite:&nbsp;<\/strong>Huhuksentie 33, 82900 Ilomantsi ( <a href=\"https:\/\/goo.gl\/maps\/AJ4gr1GgT7R2\" target=\"_blank\" rel=\"noreferrer noopener\" aria-label=\" (avautuu uudessa v\u00e4lilehdess\u00e4)\">avaa kartta<\/a> )<br><strong>Praasniekka:<\/strong> Kristuksen taivaaseen astumisen juhlana (helatorstai)<\/p>\n\n\n\n<div class=\"wp-block-image\"><figure class=\"alignright is-resized\"><img loading=\"lazy\" decoding=\"async\" src=\"https:\/\/ort.fi\/ilomantsi\/wp-content\/uploads\/2018\/11\/Huhus_JormaSavinainen-300x212.jpeg\" alt=\"\" class=\"wp-image-370\" width=\"416\" height=\"294\" srcset=\"https:\/\/ort.fi\/ilomantsi\/wp-content\/uploads\/2018\/11\/Huhus_JormaSavinainen-300x212.jpeg 300w, https:\/\/ort.fi\/ilomantsi\/wp-content\/uploads\/2018\/11\/Huhus_JormaSavinainen-768x542.jpeg 768w, https:\/\/ort.fi\/ilomantsi\/wp-content\/uploads\/2018\/11\/Huhus_JormaSavinainen-1024x723.jpeg 1024w\" sizes=\"auto, (max-width: 416px) 100vw, 416px\" \/><\/figure><\/div>\n\n\n\n<p>Ilomantsin kunnan it\u00e4isimm\u00e4t kyl\u00e4t j\u00e4iv\u00e4t sodassa Neuvostoliitolle. Liusvaaralaisia ja kuolismaalaisia perheit\u00e4 sijoitettiin paljon Huhuksen kyl\u00e4\u00e4n Koitereen rannalle. Kyl\u00e4n uudet ortodoksiasukkaat toivoivat tsasounaa. Rakentamisen aloitti Kirkkojen Maailmanneuvoston ja Ortodoksisten Nuorten Liiton (ONL) j\u00e4rjest\u00e4m\u00e4 kansainv\u00e4linen nuorten ty\u00f6leiri kes\u00e4ll\u00e4 1954.<\/p>\n\n\n\n<p>Ty\u00f6t\u00e4 jatkettiin paikallisin voimin, mutta rahapula pitkitti hanketta. Ortodoksisten kirkkojen j\u00e4lleenrakennusrahaston, ONL:n ja ortodoksisen seurakunnan yhteisrahoituksella kappeli valmistui lopulta 1964.<\/p>\n\n\n\n<p>Kappelin on suunnitellut Uuno Korhonen ja nimikkoikonin maalannut Martha Neiglick-Platonoff.<\/p>\n\n\n\n<p>Liusvaaran tsasounan esikuvan mukaisesti kappeli pyhitettiin Kristuksen taivaaseen astumisen muistolle.<\/p>\n\n\n\n<div class=\"wp-block-image\"><figure class=\"aligncenter is-resized\"><img loading=\"lazy\" decoding=\"async\" src=\"https:\/\/ort.fi\/ilomantsi\/wp-content\/uploads\/2018\/11\/IMG_6895-300x182.jpeg\" alt=\"\" class=\"wp-image-372\" width=\"619\" height=\"375\" srcset=\"https:\/\/ort.fi\/ilomantsi\/wp-content\/uploads\/2018\/11\/IMG_6895-300x182.jpeg 300w, https:\/\/ort.fi\/ilomantsi\/wp-content\/uploads\/2018\/11\/IMG_6895-768x467.jpeg 768w, https:\/\/ort.fi\/ilomantsi\/wp-content\/uploads\/2018\/11\/IMG_6895-1024x622.jpeg 1024w\" sizes=\"auto, (max-width: 619px) 100vw, 619px\" \/><\/figure><\/div>\n\n\n\n<h2 class=\"wp-block-heading\">Kaikkien pyhien tsasouna Parppeinvaaralla<\/h2>\n\n\n\n<p><strong>Osoite:&nbsp;<\/strong>Parppeintie 4c, 82900 Ilomantsi ( <a href=\"https:\/\/goo.gl\/maps\/uSCzvnUAvL32\" target=\"_blank\" rel=\"noreferrer noopener\" aria-label=\" (avautuu uudessa v\u00e4lilehdess\u00e4)\">avaa kartta<\/a> )<br><strong>Praasniekka:<\/strong> Kaikkien pyhien sunnuntai (viikon p\u00e4\u00e4st\u00e4 helluntaista)<\/p>\n\n\n\n<div class=\"wp-block-image\"><figure class=\"alignright is-resized\"><img loading=\"lazy\" decoding=\"async\" src=\"https:\/\/ort.fi\/ilomantsi\/wp-content\/uploads\/2019\/01\/parppein_5_IoannisLampropoulos-768x1024.jpeg\" alt=\"\" class=\"wp-image-2884\" width=\"304\" height=\"404\" srcset=\"https:\/\/ort.fi\/ilomantsi\/wp-content\/uploads\/2019\/01\/parppein_5_IoannisLampropoulos-768x1024.jpeg 768w, https:\/\/ort.fi\/ilomantsi\/wp-content\/uploads\/2019\/01\/parppein_5_IoannisLampropoulos-225x300.jpeg 225w, https:\/\/ort.fi\/ilomantsi\/wp-content\/uploads\/2019\/01\/parppein_5_IoannisLampropoulos.jpeg 1944w\" sizes=\"auto, (max-width: 304px) 100vw, 304px\" \/><\/figure><\/div>\n\n\n\n<p>Parppeinvaaran runokyl\u00e4 on sikerm\u00e4 karjalaisia ja kalevalaisia perinnerakennuksia. Karjalaiseen kyl\u00e4kuvaan luonnollisena osana kuuluva tsasouna rakennettiin 1980. Sen esikuvana on sodassa tuhoutunut Korpisel\u00e4n Tolvaj\u00e4rven tsasouna.<\/p>\n\n\n\n<p>Jo 1970-luvulta saakka esill\u00e4 ollut tsasounahanke toteutui, kun yhteisty\u00f6kumppaniksi Karjalaisen Kulttuurin Edist\u00e4miss\u00e4\u00e4ti\u00f6lle ja ortodoksiselle seurakunnalle tuli \u2013 hieman yll\u00e4tt\u00e4en \u2013 Yleisradio. Se tarvitsi karjalaista kappelia runonlaulaja Larin Paraskesta (1833\u20131904) kertovaa dokumenttielokuvaa varten.<\/p>\n\n\n\n<p>Tsasounan rakensi hirsirakentamisen ammattilainen Eelis Purmonen. Kelopuut kustansi seurakunta. Monet kappelin yksityiskohdat \u2013 kuten risti ja ovi \u2013 valmistettiin TV 2:n ty\u00f6pajoissa. Ikonit maalasi ilomantsilainen ikonimaalausryhm\u00e4.<\/p>\n\n\n\n<div class=\"wp-block-image\"><figure class=\"aligncenter is-resized\"><img loading=\"lazy\" decoding=\"async\" src=\"https:\/\/ort.fi\/ilomantsi\/wp-content\/uploads\/2019\/01\/parppein_3_IoannisLampropoulos-1024x768.jpeg\" alt=\"\" class=\"wp-image-2882\" width=\"631\" height=\"473\" srcset=\"https:\/\/ort.fi\/ilomantsi\/wp-content\/uploads\/2019\/01\/parppein_3_IoannisLampropoulos-1024x768.jpeg 1024w, https:\/\/ort.fi\/ilomantsi\/wp-content\/uploads\/2019\/01\/parppein_3_IoannisLampropoulos-300x225.jpeg 300w, https:\/\/ort.fi\/ilomantsi\/wp-content\/uploads\/2019\/01\/parppein_3_IoannisLampropoulos-768x576.jpeg 768w\" sizes=\"auto, (max-width: 631px) 100vw, 631px\" \/><\/figure><\/div>\n\n\n\n<h2 class=\"wp-block-heading\">P\u00f6t\u00f6nkankaan hautausmaa ja kappeli<\/h2>\n\n\n\n<p><strong>Osoite:\u00a0<\/strong>Enontie 8, 82900 Ilomantsi ( <a rel=\"noreferrer noopener\" aria-label=\" (avautuu uudessa v\u00e4lilehdess\u00e4)\" href=\"https:\/\/goo.gl\/maps\/5j1sEFpWDK72\" target=\"_blank\">avaa kartta<\/a> )<\/p>\n\n\n\n<p>1890-luvulla Ilomantsin evankelisluterilaisen seurakunnan oli perustettava uusi hautausmaan P\u00f6t\u00f6nkankaalle. Edellisest\u00e4 Varisvaaran hautausmaasta oli luovuttava l\u00e4\u00e4ninl\u00e4\u00e4k\u00e4rin kehotuksesta. H\u00e4nen mielest\u00e4\u00e4n se oli liian l\u00e4hell\u00e4 asutusta. Luterilaisen hautausmaan kupeeseen P\u00f6t\u00f6nkankaalle perustettu uusi ortodoksinen hautausmaa otettiin k\u00e4ytt\u00f6\u00f6n 1920.<\/p>\n\n\n\n<p>Ortodoksisen hautausmaan\nkeskelle rakennettiin pieni siunauskappeli. Sill\u00e4 on erityinen historiansa. <\/p>\n\n\n\n<p>Kappelin rakentamiseen\nk\u00e4ytettiin edellisen, vuonna 1798 rakennetun Elian kirkon parhaiten s\u00e4ilyneit\u00e4\nhirsi\u00e4. Joissakin kohdin kappelia hirret on koottu paloista. Tuohon kiinnitti\nhuomiota jo professori Lars Petterson, joka tutki Ilomantsin vanhoja tsasounia.\nTutkimus julkaistiin aikakauskirjassa \u201dSuomen museo LII\u201d (1945). (Helsinki 1946).<\/p>\n\n\n\n<p>Nykyist\u00e4 edelt\u00e4nyt Elian\nkirkko rakennettiin 1798 nykyiselle sankarihautausmaan paikalle. Tuo Elian\nkirkko oli kuitenkin tarkoitettu vain v\u00e4liaikaiseksi. Uutta, nykyist\u00e4 Elian\nkirkkoa jouduttiin odottamaan aina vuoteen 1891 saakka. Vanha kirkko purettiin\n1917, mutta sen el\u00e4m\u00e4 tavallaan siis jatkuu P\u00f6t\u00f6nkankaan kappelissa.<\/p>\n\n\n\n<p>Nykyisin vainajat\nsiunataan p\u00e4\u00e4s\u00e4\u00e4nt\u00f6isesti Elian kirkossa. Joitakin palveluksia pidet\u00e4\u00e4n\nhautausmaan kappelissa vuoden aikana, erityisesti vainajien muistelup\u00e4ivin\u00e4. Pelkistetty\nvalkoinen kappeli luo kaunista ja i\u00e4t\u00f6nt\u00e4 arvokkuutta keskell\u00e4 hautausmaata.\nViime vuosina ortodoksisen seurakunnan miestenpiiri on kunnostanut kappelia. Se\nsai mm. uuden peltikaton ja maalipinnan. <\/p>\n","protected":false},"excerpt":{"rendered":"<p>Pyh\u00e4n Profeetta Elian kirkko Osoite: Kirkkotie 15, 82900 Ilomantsi ( avaa kartta )Praasniekka:&nbsp;Pyh\u00e4n Profeetta Elian p\u00e4iv\u00e4n\u00e4 20.7. Kappeliseurakunnan p\u00e4\u00e4pyh\u00e4kk\u00f6 \u2013 profeetta Elialle pyhitetty temppeli \u2013 on&nbsp;j\u00e4rjestyksess\u00e4\u00e4n jo kuudes ortodoksinen kirkko &#8230; <a title=\"Pyh\u00e4k\u00f6t\" class=\"read-more\" href=\"https:\/\/ort.fi\/ilomantsi\/pyhakot\/\" aria-label=\"Lue lis\u00e4\u00e4 aiheesta Pyh\u00e4k\u00f6t\">Lue lis\u00e4\u00e4<\/a><\/p>\n","protected":false},"author":6,"featured_media":0,"parent":0,"menu_order":0,"comment_status":"closed","ping_status":"closed","template":"","meta":{"ngg_post_thumbnail":0,"footnotes":""},"class_list":["post-92","page","type-page","status-publish"],"_links":{"self":[{"href":"https:\/\/ort.fi\/ilomantsi\/wp-json\/wp\/v2\/pages\/92","targetHints":{"allow":["GET"]}}],"collection":[{"href":"https:\/\/ort.fi\/ilomantsi\/wp-json\/wp\/v2\/pages"}],"about":[{"href":"https:\/\/ort.fi\/ilomantsi\/wp-json\/wp\/v2\/types\/page"}],"author":[{"embeddable":true,"href":"https:\/\/ort.fi\/ilomantsi\/wp-json\/wp\/v2\/users\/6"}],"replies":[{"embeddable":true,"href":"https:\/\/ort.fi\/ilomantsi\/wp-json\/wp\/v2\/comments?post=92"}],"version-history":[{"count":34,"href":"https:\/\/ort.fi\/ilomantsi\/wp-json\/wp\/v2\/pages\/92\/revisions"}],"predecessor-version":[{"id":8757,"href":"https:\/\/ort.fi\/ilomantsi\/wp-json\/wp\/v2\/pages\/92\/revisions\/8757"}],"wp:attachment":[{"href":"https:\/\/ort.fi\/ilomantsi\/wp-json\/wp\/v2\/media?parent=92"}],"curies":[{"name":"wp","href":"https:\/\/api.w.org\/{rel}","templated":true}]}}