{"id":880,"date":"2018-11-22T20:04:49","date_gmt":"2018-11-22T18:04:49","guid":{"rendered":"https:\/\/ort.fi\/ilomantsi\/?page_id=880"},"modified":"2024-01-15T12:25:24","modified_gmt":"2024-01-15T10:25:24","slug":"luottamushenkilot","status":"publish","type":"page","link":"https:\/\/ort.fi\/ilomantsi\/yhteystiedot\/luottamushenkilot\/","title":{"rendered":"Kappelineuvoston j\u00e4senet"},"content":{"rendered":"<h2>Kappelineuvosto 2024-2027<\/h2>\n<p>Jaso P\u00f6ssi, kappeliseurakunnan pappi, pj.<br \/>\nAleksander Roszczenko, kirkkoherra<br \/>\nJanne Piiroinen, seurakunnanneuvoston j\u00e4sen<br \/>\nDarja Potkonen, kappeliseurakunnan kanttori<\/p>\n<p>Oiva puruskainen, Elian kirkon is\u00e4nn\u00f6itsij\u00e4<\/p>\n<p>Eija Jeska<br \/>\nLea Karhap\u00e4\u00e4<br \/>\nEija Laitila<br \/>\nKirsti Mustonen<br \/>\nJorma Savinainen<\/p>\n<p>Kappelineuvoston kokouksiin osallistuvat my\u00f6s seurakunnanvaltuuston j\u00e4senet<br \/>\nVeli Jeskanen<br \/>\nPetter Martiskainen<br \/>\nMaire K\u00e4rkk\u00e4inen<\/p>\n<p>Joensuun ortodoksisen seurakunnan hallintoasioihin, voit tutusta t\u00e4st\u00e4 linkist\u00e4&nbsp;<\/p>\n<p>https:\/\/ort.fi\/joensuu\/etusivu\/siun-seurakunta\/hallinto\/&nbsp;<\/p>\n","protected":false},"excerpt":{"rendered":"<p>Kappelineuvosto 2024-2027 Jaso P\u00f6ssi, kappeliseurakunnan pappi, pj. Aleksander Roszczenko, kirkkoherra Janne Piiroinen, seurakunnanneuvoston j\u00e4sen Darja Potkonen, kappeliseurakunnan kanttori Oiva puruskainen, Elian kirkon is\u00e4nn\u00f6itsij\u00e4 Eija Jeska Lea Karhap\u00e4\u00e4 Eija Laitila Kirsti &#8230; <a title=\"Kappelineuvoston j\u00e4senet\" class=\"read-more\" href=\"https:\/\/ort.fi\/ilomantsi\/yhteystiedot\/luottamushenkilot\/\" aria-label=\"Lue lis\u00e4\u00e4 aiheesta Kappelineuvoston j\u00e4senet\">Lue lis\u00e4\u00e4<\/a><\/p>\n","protected":false},"author":4,"featured_media":0,"parent":96,"menu_order":0,"comment_status":"closed","ping_status":"closed","template":"","meta":{"ngg_post_thumbnail":0,"footnotes":""},"class_list":["post-880","page","type-page","status-publish"],"_links":{"self":[{"href":"https:\/\/ort.fi\/ilomantsi\/wp-json\/wp\/v2\/pages\/880","targetHints":{"allow":["GET"]}}],"collection":[{"href":"https:\/\/ort.fi\/ilomantsi\/wp-json\/wp\/v2\/pages"}],"about":[{"href":"https:\/\/ort.fi\/ilomantsi\/wp-json\/wp\/v2\/types\/page"}],"author":[{"embeddable":true,"href":"https:\/\/ort.fi\/ilomantsi\/wp-json\/wp\/v2\/users\/4"}],"replies":[{"embeddable":true,"href":"https:\/\/ort.fi\/ilomantsi\/wp-json\/wp\/v2\/comments?post=880"}],"version-history":[{"count":17,"href":"https:\/\/ort.fi\/ilomantsi\/wp-json\/wp\/v2\/pages\/880\/revisions"}],"predecessor-version":[{"id":10299,"href":"https:\/\/ort.fi\/ilomantsi\/wp-json\/wp\/v2\/pages\/880\/revisions\/10299"}],"up":[{"embeddable":true,"href":"https:\/\/ort.fi\/ilomantsi\/wp-json\/wp\/v2\/pages\/96"}],"wp:attachment":[{"href":"https:\/\/ort.fi\/ilomantsi\/wp-json\/wp\/v2\/media?parent=880"}],"curies":[{"name":"wp","href":"https:\/\/api.w.org\/{rel}","templated":true}]}}