{"id":88,"date":"2018-11-04T11:34:10","date_gmt":"2018-11-04T09:34:10","guid":{"rendered":"https:\/\/ort.fi\/ilomantsi\/?page_id=88"},"modified":"2025-12-22T12:02:06","modified_gmt":"2025-12-22T10:02:06","slug":"kirkkomusiikki","status":"publish","type":"page","link":"https:\/\/ort.fi\/ilomantsi\/kirkkomusiikki\/","title":{"rendered":"Kirkkomusiikki"},"content":{"rendered":"\n<h2 class=\"wp-block-heading\">Kirkkokuoromme Ilomantsin Profeetta Elian kirkon kuoro<\/h2>\n\n\n\n<p>&#8221;Osana suurempaa perinnett\u00e4&#8221;<\/p>\n\n\n\n<p>Profeetta Elian kirkon kuoro on aktiivinen, noin 14 laulajan joukko, joka harjoittelee viikoittain, ja kantaa vastuun&nbsp;seurakunnan jumalanpalveluksien laulamisesta.<\/p>\n\n\n\n<p>Kuoro my\u00f6s esiintyy, j\u00e4rjest\u00e4\u00e4 s\u00e4velhartauksia ja tekee&nbsp;laulumatkoja, aikaisempina vuosina mm. Kreikkaan ja Viroon. Kuoro tekee yhteisty\u00f6t\u00e4 Taipaleen kirkkokuoron&nbsp;kanssa, sek\u00e4 Ilomantsin muitten kuorojen kanssa mm. joulun hyv\u00e4ntekev\u00e4isyyskonsertin ja yhteisen&nbsp;laulukoulutuksen merkeiss\u00e4. Pyh\u00e4n Elian kirkon kuoro on tullut Ilomantsissa tunnetuksi mm. It\u00e4\u2010slaavilaisten&nbsp;joululaulujen esitt\u00e4j\u00e4n\u00e4 Parppeinvaaralla vuosittain j\u00e4rjestetyss\u00e4 s\u00e4velhartaudessa.<\/p>\n\n\n\n<p>Kirkkokuorolaisten kokemuksen mukaan &#8221;laulamalla kirkkokuorossa on osa arvokasta ja pitk\u00e4\u00e4 perinnett\u00e4&#8221;.&nbsp;Er\u00e4\u00e4n laulajan mukaan &#8221;kirkkokuorossa laulaminen opettaa n\u00f6yr\u00e4\u00e4 asennetta. Koskaan ei voi tulla niin hyv\u00e4ksi,&nbsp;etteik\u00f6 voisi oppia jotain uutta.&#8221; Kirkossa laulamalla on osa my\u00f6s laajempaan yhteist\u00e4 traditiota. Yksi laulaja&nbsp;totesikin, ett\u00e4 &#8221;Menitp\u00e4 l\u00e4hialueilla mihin tahansa, esimerkiksi Viroon tai Ven\u00e4j\u00e4lle, k\u00e4yt\u00f6ss\u00e4 kirkossa ovat samat&nbsp;s\u00e4velm\u00e4t, vaikka eri kieli&#8221;.<\/p>\n\n\n\n<p><strong>Pyh\u00e4n Elian kirkon kuoro<\/strong>&nbsp;harjoittelee tiistaisin klo 17.30\u201319 Elian kirkossa.<\/p>\n\n\n\n<p>Kev\u00e4\u00e4n harjoituskausi k\u00e4ynnistyy ti 13.1.2026.<\/p>\n\n\n\n<h2 class=\"wp-block-heading\">Kirkkolaulupiiri<\/h2>\n\n\n<div class=\"wp-block-image\">\n<figure class=\"alignright size-medium\"><img loading=\"lazy\" decoding=\"async\" width=\"300\" height=\"169\" src=\"https:\/\/ort.fi\/ilomantsi\/wp-content\/uploads\/2022\/08\/20220828_145810-300x169.jpg\" alt=\"\" class=\"wp-image-9641\" srcset=\"https:\/\/ort.fi\/ilomantsi\/wp-content\/uploads\/2022\/08\/20220828_145810-300x169.jpg 300w, https:\/\/ort.fi\/ilomantsi\/wp-content\/uploads\/2022\/08\/20220828_145810-1024x577.jpg 1024w, https:\/\/ort.fi\/ilomantsi\/wp-content\/uploads\/2022\/08\/20220828_145810-768x432.jpg 768w, https:\/\/ort.fi\/ilomantsi\/wp-content\/uploads\/2022\/08\/20220828_145810-1536x865.jpg 1536w, https:\/\/ort.fi\/ilomantsi\/wp-content\/uploads\/2022\/08\/20220828_145810-2048x1153.jpg 2048w\" sizes=\"auto, (max-width: 300px) 100vw, 300px\" \/><figcaption class=\"wp-element-caption\">Kirkkolaulupiiri M\u00f6hk\u00f6ss\u00e4 28.8.2022<\/figcaption><\/figure>\n<\/div>\n\n\n<p>Seurakunnassa toimii my\u00f6s yksi\u00e4\u00e4nisesti laulava kirkkolaulupiiri.&nbsp;<br><strong>Kirkkolaulupiiri&nbsp;<\/strong>kokoontuu joka toinen maanantai klo 15-16 Elian kirkossa.&nbsp; &nbsp;<\/p>\n\n\n\n<p>Kev\u00e4\u00e4n harjoituskausi k\u00e4ynnistyy ma 12.1.2026.<\/p>\n\n\n\n<p>Ota yhteytt\u00e4, jos laulaminen kiinnostaa! &nbsp;<br>Kysy lis\u00e4\u00e4: kanttori Darja Potkonen, (p. 0400526304)<\/p>\n","protected":false},"excerpt":{"rendered":"<p>Kirkkokuoromme Ilomantsin Profeetta Elian kirkon kuoro &#8221;Osana suurempaa perinnett\u00e4&#8221; Profeetta Elian kirkon kuoro on aktiivinen, noin 14 laulajan joukko, joka harjoittelee viikoittain, ja kantaa vastuun&nbsp;seurakunnan jumalanpalveluksien laulamisesta. Kuoro my\u00f6s esiintyy, &#8230; <a title=\"Kirkkomusiikki\" class=\"read-more\" href=\"https:\/\/ort.fi\/ilomantsi\/kirkkomusiikki\/\" aria-label=\"Lue lis\u00e4\u00e4 aiheesta Kirkkomusiikki\">Lue lis\u00e4\u00e4<\/a><\/p>\n","protected":false},"author":4,"featured_media":0,"parent":0,"menu_order":0,"comment_status":"closed","ping_status":"closed","template":"","meta":{"ngg_post_thumbnail":0,"footnotes":""},"class_list":["post-88","page","type-page","status-publish"],"_links":{"self":[{"href":"https:\/\/ort.fi\/ilomantsi\/wp-json\/wp\/v2\/pages\/88","targetHints":{"allow":["GET"]}}],"collection":[{"href":"https:\/\/ort.fi\/ilomantsi\/wp-json\/wp\/v2\/pages"}],"about":[{"href":"https:\/\/ort.fi\/ilomantsi\/wp-json\/wp\/v2\/types\/page"}],"author":[{"embeddable":true,"href":"https:\/\/ort.fi\/ilomantsi\/wp-json\/wp\/v2\/users\/4"}],"replies":[{"embeddable":true,"href":"https:\/\/ort.fi\/ilomantsi\/wp-json\/wp\/v2\/comments?post=88"}],"version-history":[{"count":18,"href":"https:\/\/ort.fi\/ilomantsi\/wp-json\/wp\/v2\/pages\/88\/revisions"}],"predecessor-version":[{"id":11045,"href":"https:\/\/ort.fi\/ilomantsi\/wp-json\/wp\/v2\/pages\/88\/revisions\/11045"}],"wp:attachment":[{"href":"https:\/\/ort.fi\/ilomantsi\/wp-json\/wp\/v2\/media?parent=88"}],"curies":[{"name":"wp","href":"https:\/\/api.w.org\/{rel}","templated":true}]}}