{"id":7127,"date":"2021-02-11T13:00:29","date_gmt":"2021-02-11T11:00:29","guid":{"rendered":"https:\/\/ort.fi\/ilomantsi\/?page_id=7127"},"modified":"2026-01-26T12:00:00","modified_gmt":"2026-01-26T10:00:00","slug":"aikuistyon-toimintapiirit","status":"publish","type":"page","link":"https:\/\/ort.fi\/ilomantsi\/aikuistyon-toimintapiirit\/","title":{"rendered":"Aikuisty\u00f6n toimintapiirit"},"content":{"rendered":"\n<div class=\"wp-block-columns is-layout-flex wp-container-core-columns-is-layout-9d6595d7 wp-block-columns-is-layout-flex\">\n<div class=\"wp-block-column is-layout-flow wp-block-column-is-layout-flow\">\n<h2 class=\"wp-block-heading\">Naistenpiiri<\/h2>\n\n\n\n<p>Piiri kokoontuu ep\u00e4s\u00e4\u00e4nn\u00f6llisesti. Kysy lis\u00e4\u00e4: Maire K\u00e4rkk\u00e4inen (p.0405115948).&nbsp;&nbsp;&nbsp;<\/p>\n\n\n\n<p>Tervetuloa mukaan!<\/p>\n<\/div>\n\n\n\n<div class=\"wp-block-column is-layout-flow wp-block-column-is-layout-flow\">\n<h2 class=\"wp-block-heading\">Miestenpiiri<\/h2>\n\n\n\n<p>Piiri kokoontuu ep\u00e4s\u00e4\u00e4nn\u00f6llisesti. Piirin vet\u00e4j\u00e4t: Pekka Jeskanen (p.0407290437) ja Reijo Palviainen (p.0400809449).&nbsp;&nbsp;&nbsp;<\/p>\n\n\n\n<p>Tervetuloa mukaan!<\/p>\n<\/div>\n<\/div>\n\n\n\n<hr class=\"wp-block-separator has-css-opacity is-style-wide\"\/>\n\n\n\n<h2 class=\"wp-block-heading\">Tiistaiseurat<\/h2>\n\n\n\n<p>Ilomantsin tiistaiseura kokoontuu kerran kuussa p\u00e4\u00e4s\u00e4\u00e4nt\u00f6isesti tiistaisin klo 12 Seurakuntakeskus Eliassa.<\/p>\n\n\n\n<p><strong>Kev\u00e4tkausi k\u00e4ynnistyy 13.1.2026<\/strong><\/p>\n\n\n\n<p>Seuraavat kokoontumiset:<\/p>\n\n\n\n<ul class=\"wp-block-list\">\n<li><strong>La-su 14-15.2<\/strong>. Blinijuhlien talkoot, varsinainen juhla su 15.2. klo 11.30 <\/li>\n<\/ul>\n\n\n\n<ul class=\"wp-block-list\">\n<li><strong>Su 1.3. klo 7.40 <\/strong>Seurakuntaretki Nurmeksen kappeliseurakuntaan (edellytt\u00e4\u00e4 erillist\u00e4 ilmoittautumista)<\/li>\n<\/ul>\n\n\n\n<ul class=\"wp-block-list\">\n<li><strong>Ti 10.3.<\/strong> Vuosikokous ja virpomavitsatalkoot (tilaisuudessa keittolounas) <\/li>\n<\/ul>\n\n\n\n<ul class=\"wp-block-list\">\n<li><strong>Ti 14.4.  <\/strong><\/li>\n<\/ul>\n\n\n\n<ul class=\"wp-block-list\">\n<li><strong>Ti 12.5.<\/strong><\/li>\n<\/ul>\n\n\n\n<p>Tiistaiseuratoimintaa my\u00f6s Mutalahdessa ja Hattuvaarassa, ilmoitetaan Pogostan Sanomissa.<\/p>\n\n\n\n<p>Tervetuloa mukaan!<\/p>\n\n\n\n<hr class=\"wp-block-separator has-css-opacity is-style-wide\"\/>\n\n\n\n<h2 class=\"wp-block-heading\">Seurakuntapiiri<\/h2>\n\n\n\n<p>Seurakuntapiiri kokoontuu joka kuukauden viimeisen\u00e4 sunnuntaina klo 15.45 seurakuntakeskus Eliassa ja M\u00f6hk\u00f6ss\u00e4 Maire K\u00e4rkk\u00e4isen kotona. <\/p>\n\n\n\n<p>Seurakuntapiirien yhteyshenkil\u00f6 on Filantropian Milja Sarlin (0403537948), M\u00f6hk\u00f6n piirin vet\u00e4j\u00e4 Maire K\u00e4rkk\u00e4inen (0405115948) ja kirkonkyl\u00e4n Auli Martiskainen (0505148416). Juha Riikonen vastaa Valamon kokoontumisista.<\/p>\n\n\n\n<p>Ohjelma: Ehtoopalvelus, opetuspuhe, Filantropian kuulumiset ja kuulumisten vaihto kaikkien piirien kanssa ymp\u00e4ri Suomea (Teams). Lopuksi kahvittelemme oman piirin kesken. Piireihin osallistuvilla on my\u00f6s mahdollisuus halutessaan osallistua pienien Filantropian hyv\u00e4ksi teht\u00e4vien tapahtumien kuten kirkkokahvien j\u00e4rjest\u00e4miseen. T\u00e4rke\u00e4t\u00e4 on my\u00f6s vain olla l\u00e4sn\u00e4 ja tietoinen Filantropian eri avustuskohteista ja akuuteimmista tarpeista eri puolilla maailmaa.<\/p>\n\n\n\n<p>Jos jollakin toisella kyl\u00e4ll\u00e4 olisi halua perustaa oma piiri, ottakaa yhteytt\u00e4 Auliin tai Maireen niin annetaan toimintaohjeet. Yksi tai kaksi osallistujaakin riitt\u00e4\u00e4.<\/p>\n\n\n\n<p>Tervetuloa kaikki!<\/p>\n\n\n\n<hr class=\"wp-block-separator has-css-opacity\"\/>\n\n\n\n<div class=\"wp-block-columns is-layout-flex wp-container-core-columns-is-layout-9d6595d7 wp-block-columns-is-layout-flex\">\n<div class=\"wp-block-column is-layout-flow wp-block-column-is-layout-flow\">\n<h2 class=\"wp-block-heading\">Ikonimaalauspiiri I<\/h2>\n\n\n\n<p>kokoontuu maanantaisin seurakuntakeskus Eliassa klo 9.30 -12.30. Opettajana toimii&nbsp;<strong>Anu Koivuniemi&nbsp;<\/strong> (p. 040 525 8545)<\/p>\n\n\n\n<p>Materiaalimaksu 30\u20ac<\/p>\n\n\n\n<p>Kev\u00e4tkausi k\u00e4ynnistyy 19.1.2026<\/p>\n\n\n\n<p>Syksyn kurssi on t\u00e4ynn\u00e4.<\/p>\n\n\n\n<h2 class=\"wp-block-heading\">Ikonimaalauspiiri II<\/h2>\n\n\n\n<p>kokoontuu maanantaisin seurakuntakeskus Eliassa klo 15-18. Opettajana toimii&nbsp;<strong>Anu Koivuniemi&nbsp;<\/strong> (p. 040 525 8545)<\/p>\n\n\n\n<p>Materiaalimaksu 30\u20ac<\/p>\n\n\n\n<p>Kev\u00e4tkausi k\u00e4ynnistyy 19.1.2026<\/p>\n\n\n\n<p><strong>Uusien ikonimaalareiden ilmoittautumiset tekstiviestiviestill\u00e4:<\/strong><\/p>\n\n\n\n<p>Anu Koivuniemi&nbsp; (p. 040 525 8545)<\/p>\n\n\n\n<p><\/p>\n<\/div>\n\n\n\n<div class=\"wp-block-column is-layout-flow wp-block-column-is-layout-flow\">\n<h2 class=\"wp-block-heading\">Kansalaisopiston ikonimaalauskurssi<\/h2>\n\n\n\n<p>Ilomantsin kansalaisopisto tarjoaa ikonimaalauksen opetusta<br>opettajana&nbsp;<strong>Anu Koivuniemi&nbsp;<\/strong> (p. 040 525 8545)<\/p>\n<\/div>\n<\/div>\n","protected":false},"excerpt":{"rendered":"<p>Naistenpiiri Piiri kokoontuu ep\u00e4s\u00e4\u00e4nn\u00f6llisesti. Kysy lis\u00e4\u00e4: Maire K\u00e4rkk\u00e4inen (p.0405115948).&nbsp;&nbsp;&nbsp; Tervetuloa mukaan! Miestenpiiri Piiri kokoontuu ep\u00e4s\u00e4\u00e4nn\u00f6llisesti. Piirin vet\u00e4j\u00e4t: Pekka Jeskanen (p.0407290437) ja Reijo Palviainen (p.0400809449).&nbsp;&nbsp;&nbsp; Tervetuloa mukaan! Tiistaiseurat Ilomantsin tiistaiseura kokoontuu &#8230; <a title=\"Aikuisty\u00f6n toimintapiirit\" class=\"read-more\" href=\"https:\/\/ort.fi\/ilomantsi\/aikuistyon-toimintapiirit\/\" aria-label=\"Lue lis\u00e4\u00e4 aiheesta Aikuisty\u00f6n toimintapiirit\">Lue lis\u00e4\u00e4<\/a><\/p>\n","protected":false},"author":6,"featured_media":0,"parent":0,"menu_order":0,"comment_status":"closed","ping_status":"closed","template":"","meta":{"ngg_post_thumbnail":0,"footnotes":""},"class_list":["post-7127","page","type-page","status-publish"],"_links":{"self":[{"href":"https:\/\/ort.fi\/ilomantsi\/wp-json\/wp\/v2\/pages\/7127","targetHints":{"allow":["GET"]}}],"collection":[{"href":"https:\/\/ort.fi\/ilomantsi\/wp-json\/wp\/v2\/pages"}],"about":[{"href":"https:\/\/ort.fi\/ilomantsi\/wp-json\/wp\/v2\/types\/page"}],"author":[{"embeddable":true,"href":"https:\/\/ort.fi\/ilomantsi\/wp-json\/wp\/v2\/users\/6"}],"replies":[{"embeddable":true,"href":"https:\/\/ort.fi\/ilomantsi\/wp-json\/wp\/v2\/comments?post=7127"}],"version-history":[{"count":33,"href":"https:\/\/ort.fi\/ilomantsi\/wp-json\/wp\/v2\/pages\/7127\/revisions"}],"predecessor-version":[{"id":11081,"href":"https:\/\/ort.fi\/ilomantsi\/wp-json\/wp\/v2\/pages\/7127\/revisions\/11081"}],"wp:attachment":[{"href":"https:\/\/ort.fi\/ilomantsi\/wp-json\/wp\/v2\/media?parent=7127"}],"curies":[{"name":"wp","href":"https:\/\/api.w.org\/{rel}","templated":true}]}}