{"id":70,"date":"2018-11-04T11:32:11","date_gmt":"2018-11-04T09:32:11","guid":{"rendered":"https:\/\/ort.fi\/ilomantsi\/?page_id=70"},"modified":"2025-12-22T13:01:29","modified_gmt":"2025-12-22T11:01:29","slug":"lapsi-ja-nuorisotyo","status":"publish","type":"page","link":"https:\/\/ort.fi\/ilomantsi\/toiminta\/lapsi-ja-nuorisotyo\/","title":{"rendered":"Lapsi- ja nuorisoty\u00f6"},"content":{"rendered":"\n<h1 class=\"wp-block-heading\">Kerhotoimintaa<\/h1>\n\n\n\n<h2 class=\"wp-block-heading\">Sinapinsiemenkerho<\/h2>\n\n\n\n<div class=\"wp-block-columns is-layout-flex wp-container-core-columns-is-layout-9d6595d7 wp-block-columns-is-layout-flex\">\n<div class=\"wp-block-column is-layout-flow wp-block-column-is-layout-flow\">\n<figure class=\"wp-block-image size-large\"><img loading=\"lazy\" decoding=\"async\" width=\"724\" height=\"1024\" src=\"https:\/\/ort.fi\/ilomantsi\/wp-content\/uploads\/2025\/07\/tervetuloa-3-724x1024.png\" alt=\"\" class=\"wp-image-10929\" srcset=\"https:\/\/ort.fi\/ilomantsi\/wp-content\/uploads\/2025\/07\/tervetuloa-3-724x1024.png 724w, https:\/\/ort.fi\/ilomantsi\/wp-content\/uploads\/2025\/07\/tervetuloa-3-212x300.png 212w, https:\/\/ort.fi\/ilomantsi\/wp-content\/uploads\/2025\/07\/tervetuloa-3-768x1086.png 768w, https:\/\/ort.fi\/ilomantsi\/wp-content\/uploads\/2025\/07\/tervetuloa-3-1086x1536.png 1086w, https:\/\/ort.fi\/ilomantsi\/wp-content\/uploads\/2025\/07\/tervetuloa-3-1448x2048.png 1448w, https:\/\/ort.fi\/ilomantsi\/wp-content\/uploads\/2025\/07\/tervetuloa-3.png 1587w\" sizes=\"auto, (max-width: 724px) 100vw, 724px\" \/><\/figure>\n<\/div>\n\n\n\n<div class=\"wp-block-column is-layout-flow wp-block-column-is-layout-flow\">\n<p><\/p>\n\n\n\n<p>Sinapinsiemenkerho kokoontuu parittomien viikkojen sunnuntaisin seurakuntakeskus Eliassa klo 9 alkaen ja huipentuu Elian kirkossa toimitettavaan liturgiaan.<br>Vanhemmat voivat osallistua liturgiaan lastensa kanssa.<\/p>\n\n\n\n<p>Kerhoon ovat tervetulleita kaikenik\u00e4iset lapset! Kivaa tekemist\u00e4 l\u00f6ytyy jokaiselle! \ud83d\ude42<\/p>\n\n\n\n<p>Syyskausi k\u00e4ynnistyy 31.8.2025<\/p>\n\n\n\n<p>Kysy lis\u00e4\u00e4: <b>Maire K\u00e4rkk\u00e4inen<\/b> (p. 040 511 5948) ja <b>Eija Jeska<\/b>.<\/p>\n<\/div>\n<\/div>\n\n\n\n<p>&nbsp;<\/p>\n\n\n\n<h2 class=\"wp-block-heading\">Nuorten ja ikonimaalauspiiri&nbsp;<\/h2>\n\n\n\n<p><b>Torstaisin seurakuntakeskus Eliassa klo 15.30-17.30&nbsp;<br><\/b>Ikonipohjat, v\u00e4rit, siveltimet ym. ovat kerhon puolesta, omia hankintoja ei tarvitse tehd\u00e4, jos ei halua. Ik\u00e4suositus yli 10 v.<\/p>\n\n\n\n<p>Materiaalimaksu on 25 \u20ac lukukaudessa.<\/p>\n\n\n\n<p>Kev\u00e4tkausi k\u00e4ynnistyy\u00a0 22.1.2026<\/p>\n\n\n\n<p>Toteutumisen edellytys: minim. kolme osallistujaa<\/p>\n\n\n\n<p>Ilmoittautumiset tekstiviestill\u00e4: <b>Anu Koivuniemi<\/b> (p. 040 525 8545)<\/p>\n\n\n\n<hr class=\"wp-block-separator has-alpha-channel-opacity\"\/>\n\n\n\n<figure class=\"wp-block-embed is-type-video is-provider-youtube wp-block-embed-youtube wp-embed-aspect-16-9 wp-has-aspect-ratio\"><div class=\"wp-block-embed__wrapper\">\n<div class=\"epyt-video-wrapper\"><iframe loading=\"lazy\"  style=\"display: block; margin: 0px auto;\"  id=\"_ytid_85445\"  width=\"825\" height=\"464\"  data-origwidth=\"825\" data-origheight=\"464\"  data-relstop=\"1\" src=\"https:\/\/www.youtube.com\/embed\/xxR55L5nj1g?enablejsapi=1&#038;autoplay=0&#038;cc_load_policy=0&#038;cc_lang_pref=&#038;iv_load_policy=1&#038;loop=0&#038;rel=0&#038;fs=1&#038;playsinline=1&#038;autohide=2&#038;hl=fi&#038;theme=dark&#038;color=red&#038;controls=1&#038;disablekb=0&#038;\" class=\"__youtube_prefs__  epyt-is-override  no-lazyload\" title=\"Perheleiri Sikrenvaarassa 2019\"  allow=\"fullscreen; accelerometer; autoplay; clipboard-write; encrypted-media; gyroscope; picture-in-picture; web-share\" referrerpolicy=\"strict-origin-when-cross-origin\" allowfullscreen data-no-lazy=\"1\" data-skipgform_ajax_framebjll=\"\"><\/iframe><\/div>\n<\/div><\/figure>\n\n\n\n<p>Sinapinsiemenkerho on kokoontunut jo viisi vuotta joka toinen sunnuntai alkaen aamulla yhdeks\u00e4lt\u00e4. N\u00e4in vanhemmilla, kummeilla ja isovanhemmilla on ollut helpommin mahdollisuus osallistua jumalanpalvelukseen. Lasten kanssa menemme palvelukseen my\u00f6hemmin ja k\u00e4ymme ehtoollisella.<\/p>\n\n\n\n<p>Matkan varrella on opittu monta asiaa. Taivaallinen kuningas kuuluu jo jokaisen lapsen laulamana kerhon alussa. Samoin kirkkoon meneminen ja siell\u00e4 oleminen on muuttunut luontevaksi osaksi sunnuntaiaamua. On hienoa seurata sivusta, kun lapset tekev\u00e4t kirkon ovella ristinmerkin ja menev\u00e4t rauhassa sytytt\u00e4m\u00e4\u00e4n tuohusta vilkuillen kuitenkin silm\u00e4nurkastaan n\u00e4kev\u00e4tk\u00f6h\u00e4n vanhemmat kuinka hienosti tullaan.<\/p>\n\n\n\n<p>Sinapinsiemenkerho on oiva esimerkki siit\u00e4, kuinka pitk\u00e4j\u00e4nnitteisyys palkitaan. Kaikki vaatii aikaa ja kerholaisten m\u00e4\u00e4r\u00e4 on kasvanut reippaasti alkuajoista. Joskus k\u00e4vi niinkin, ettei ollut yht\u00e4\u00e4n kerholaista. Nyky\u00e4\u00e4n kirjoilla on 12 lasta ja lis\u00e4ksi pari joensuulaista vahvistusta. Se on huikea m\u00e4\u00e4r\u00e4 pienelle paikkakunnalle.<\/p>\n\n\n\n<p>T\u00e4n\u00e4 syksyn\u00e4 olemme siirtyneet pit\u00e4m\u00e4\u00e4n kerhoa seurakuntatalolta vanhaan pappilaan. Siirtyminen toi helpotusta monessa mieless\u00e4, nyt kirkko on vieress\u00e4 ja lapsilla on lyhyt matka pyr\u00e4ht\u00e4\u00e4 kirkkoon eik\u00e4 tarvitse pohtia kuljetuksia. Kerholaisille on oma tila varattuna ja kaappi kerhotarvikkeille. Vanhassa rakennuksessa on oma arvokas tunnelmansa, joka viritt\u00e4\u00e4 osallistujien mielen. Pappilan piha tuo oivat puitteet ulkoleikeille. Kukaties pihaan nousee lumiukkovartio t\u00e4hyilem\u00e4\u00e4n Ilomantsin j\u00e4rvelle tai suuntaa katseensa Pyh\u00e4n Elian kirkon suuntaan.<\/p>\n\n\n\n<p>Toivon ja uskon, ett\u00e4 kerholaisille j\u00e4\u00e4 it\u00e4m\u00e4\u00e4n se sinapinsiemen, joka kasvaa ja tuo turvaa el\u00e4m\u00e4n eri k\u00e4\u00e4nteiss\u00e4 matkalla aikuisuuteen.<\/p>\n\n\n\n<p><em style=\"background-color: transparent;\">Maire K\u00e4rkk\u00e4inen&nbsp;<\/em><\/p>\n\n\n\n<p>Nuorille ty\u00f6 ja sen tekemisen arvostus on yksi suurista etapeista ennen aikuistumista, ja usein nuori voi saadaensimm\u00e4iset ty\u00f6kokemuksensa juuri seurakunnalta. Esimerkiksi&nbsp;kristinoppileireille etsit\u00e4\u00e4n jatkuvasti nuoria leirin ohjaajiksi tukemaan ja innoittamaan 15-vuotta t\u00e4ytt\u00e4neiden p\u00e4\u00e4semist\u00e4 syvemm\u00e4lle kirkon mysteereihin. My\u00f6s useat kerhot, kuten nuortenpiirit, voivat olla itse nuorten vet\u00e4mi\u00e4! N\u00e4iss\u00e4 kerhoissa tekemisen suunnitteluun voi vaikuttaa itse, mik\u00e4 tekee yhdess\u00e4 olosta mielek\u00e4st\u00e4 ja hauskaa. Kerhojen kautta nuoret voivat saada ty\u00f6kokemusta, uusia yst\u00e4vi\u00e4 ja innostua jopa harrastamaan uutta.<\/p>\n\n\n\n<p>Kaikesta hauskuudesta huolimatta nuoren voi olla vaikea l\u00e4hte\u00e4 seurakunnan toimintaan mukaan: nuori saattaa ajatella joutuvansa keskelle jonkinlaista &#8221;ep\u00e4mukavaa kierrett\u00e4&#8221; josta ei p\u00e4\u00e4se pois n\u00e4ytt\u00e4m\u00e4tt\u00e4 huonolta ihmiselt\u00e4. Joskus nuori saattaa pel\u00e4t\u00e4 n\u00e4ytt\u00e4v\u00e4ns\u00e4 oudolta esimerkiksi kavereidensa silmiss\u00e4, nuorten keskuudessa kirkko n\u00e4hd\u00e4\u00e4n toisinaan valitettavan huonossa valossa. N\u00e4iden asioiden takia nuorisoty\u00f6ll\u00e4 on suuri merkitys seurakunnassa &#8211; n\u00e4in muut nuoret n\u00e4kev\u00e4t ett\u00e4 seurakunnassa voi pit\u00e4\u00e4 hauskaa ja olla oma itsens\u00e4 ihan samalla tavalla kuin muulloinkin vaikka kirkko olisikin l\u00e4sn\u00e4.<\/p>\n\n\n\n<p>Seurakunnan ja nuorisoty\u00f6n kautta nuoret voivat oppia arvostamaan omaa kulttuuriaan ja kirkkoa uudella tavalla. Samalla alkaa huomata kuinka erilaisia me kaikki olemme, ja kuinka kirkko silti hyv\u00e4ksyy meid\u00e4t juuri sellaisina &#8211; erilaisina. Pian seurakuntaan kuuluminen ei olekaan h\u00e4pe\u00e4 vaan enemm\u00e4nkin helpotus. El\u00e4m\u00e4 jatkuu samalla lailla, vaikka kirkko onkin nyt l\u00e4hemp\u00e4n\u00e4 mit\u00e4 se on aiemmin ollut. Seurakunta antaa nuorille mahdollisuuden tehd\u00e4 ja kokea enemm\u00e4n kirkon luomassa yhten\u00e4isess\u00e4 ja turvallisessa ilmapiiriss\u00e4 &#8211; ja minusta se on rikkautta.<\/p>\n\n\n\n<p><em>Tuulia Riikonen, seurakunnan nuori&nbsp;<\/em><\/p>\n","protected":false},"excerpt":{"rendered":"<p>Kerhotoimintaa Sinapinsiemenkerho Sinapinsiemenkerho kokoontuu parittomien viikkojen sunnuntaisin seurakuntakeskus Eliassa klo 9 alkaen ja huipentuu Elian kirkossa toimitettavaan liturgiaan.Vanhemmat voivat osallistua liturgiaan lastensa kanssa. Kerhoon ovat tervetulleita kaikenik\u00e4iset lapset! Kivaa tekemist\u00e4 &#8230; <a title=\"Lapsi- ja nuorisoty\u00f6\" class=\"read-more\" href=\"https:\/\/ort.fi\/ilomantsi\/toiminta\/lapsi-ja-nuorisotyo\/\" aria-label=\"Lue lis\u00e4\u00e4 aiheesta Lapsi- ja nuorisoty\u00f6\">Lue lis\u00e4\u00e4<\/a><\/p>\n","protected":false},"author":7,"featured_media":0,"parent":58,"menu_order":0,"comment_status":"closed","ping_status":"closed","template":"","meta":{"ngg_post_thumbnail":0,"footnotes":""},"class_list":["post-70","page","type-page","status-publish"],"_links":{"self":[{"href":"https:\/\/ort.fi\/ilomantsi\/wp-json\/wp\/v2\/pages\/70","targetHints":{"allow":["GET"]}}],"collection":[{"href":"https:\/\/ort.fi\/ilomantsi\/wp-json\/wp\/v2\/pages"}],"about":[{"href":"https:\/\/ort.fi\/ilomantsi\/wp-json\/wp\/v2\/types\/page"}],"author":[{"embeddable":true,"href":"https:\/\/ort.fi\/ilomantsi\/wp-json\/wp\/v2\/users\/7"}],"replies":[{"embeddable":true,"href":"https:\/\/ort.fi\/ilomantsi\/wp-json\/wp\/v2\/comments?post=70"}],"version-history":[{"count":51,"href":"https:\/\/ort.fi\/ilomantsi\/wp-json\/wp\/v2\/pages\/70\/revisions"}],"predecessor-version":[{"id":11053,"href":"https:\/\/ort.fi\/ilomantsi\/wp-json\/wp\/v2\/pages\/70\/revisions\/11053"}],"up":[{"embeddable":true,"href":"https:\/\/ort.fi\/ilomantsi\/wp-json\/wp\/v2\/pages\/58"}],"wp:attachment":[{"href":"https:\/\/ort.fi\/ilomantsi\/wp-json\/wp\/v2\/media?parent=70"}],"curies":[{"name":"wp","href":"https:\/\/api.w.org\/{rel}","templated":true}]}}